{"id":1879,"date":"2026-01-20T18:22:24","date_gmt":"2026-01-20T17:22:24","guid":{"rendered":"https:\/\/esblaucdq.com\/contacte\/"},"modified":"2026-02-17T15:45:58","modified_gmt":"2026-02-17T14:45:58","slug":"contacte","status":"publish","type":"page","link":"https:\/\/esblaucdq.com\/ca\/contacte\/","title":{"rendered":"Contacte"},"content":{"rendered":"\n<div class=\"gb-element-f89779bd\">\n<div class=\"gb-element-f52c920e\">\n<h1 class=\"gb-text gb-text-8423117b\">Contacte i ubicaci\u00f3 a Cadaqu\u00e9s<\/h1>\n\n\n\n<div class=\"gb-element-1d03b122\">\n<div class=\"gb-element-e7a81962\">\n<h2 class=\"gb-text gb-text-04db5f02\">INFORMACI\u00d3 DE<\/h2>\n\n\n\n<h3 class=\"gb-text gb-text-03a91bba\">CONTACTE<\/h3>\n\n\n\n<p class=\"gb-text gb-text-56dd62cb\">Hotel Boutique Es Blau es troba al centre hist\u00f2ric de Cadaqu\u00e9s, en una ubicaci\u00f3 tranquil\u00b7la i ben comunicada, ideal per moure&#8217;s a peu i gaudir del poble amb comoditat.<\/p>\n\n\n\n<div class=\"gb-element-c943e986\">\n<p class=\"gb-text-9457a9bb\"><span class=\"gb-shape\"><svg aria-hidden=\"true\" role=\"img\" height=\"1em\" width=\"1em\" viewBox=\"0 0 384 512\" xmlns=\"http:\/\/www.w3.org\/2000\/svg\"><path fill=\"currentColor\" d=\"M172.268 501.67C26.97 291.031 0 269.413 0 192 0 85.961 85.961 0 192 0s192 85.961 192 192c0 77.413-26.97 99.031-172.268 309.67-9.535 13.774-29.93 13.773-39.464 0zM192 272c44.183 0 80-35.817 80-80s-35.817-80-80-80-80 35.817-80 80 35.817 80 80 80z\"><\/path><\/svg><\/span><span class=\"gb-text\"><strong><a href=\"https:\/\/maps.app.goo.gl\/xiPSAWAyDSJZJdTC6\" target=\"_blank\" rel=\"noreferrer noopener\">Calle Vigilant, 12 &#8211; 17488 Cadaqu\u00e9s<\/a><\/strong><\/span><\/p>\n\n\n\n<p class=\"gb-text-040878db\"><span class=\"gb-shape\"><svg aria-hidden=\"true\" role=\"img\" height=\"1em\" width=\"1em\" viewBox=\"0 0 512 512\" xmlns=\"http:\/\/www.w3.org\/2000\/svg\"><path fill=\"currentColor\" d=\"M440 6.5L24 246.4c-34.4 19.9-31.1 70.8 5.7 85.9L144 379.6V464c0 46.4 59.2 65.5 86.6 28.6l43.8-59.1 111.9 46.2c5.9 2.4 12.1 3.6 18.3 3.6 8.2 0 16.3-2.1 23.6-6.2 12.8-7.2 21.6-20 23.9-34.5l59.4-387.2c6.1-40.1-36.9-68.8-71.5-48.9zM192 464v-64.6l36.6 15.1L192 464zm212.6-28.7l-153.8-63.5L391 169.5c10.7-15.5-9.5-33.5-23.7-21.2L155.8 332.6 48 288 464 48l-59.4 387.3z\"><\/path><\/svg><\/span><span class=\"gb-text\"><strong><a href=\"mailto:hola@esblaucdq.com\">hola@esblaucdq.com<\/a><\/strong><\/span><\/p>\n\n\n\n<p class=\"gb-text-64d27bce\"><span class=\"gb-shape\"><svg aria-hidden=\"true\" role=\"img\" height=\"1em\" width=\"1em\" viewBox=\"0 0 512 512\" xmlns=\"http:\/\/www.w3.org\/2000\/svg\"><path fill=\"currentColor\" d=\"M493.4 24.6l-104-24c-11.3-2.6-22.9 3.3-27.5 13.9l-48 112c-4.2 9.8-1.4 21.3 6.9 28l60.6 49.6c-36 76.7-98.9 140.5-177.2 177.2l-49.6-60.6c-6.8-8.3-18.2-11.1-28-6.9l-112 48C3.9 366.5-2 378.1.6 389.4l24 104C27.1 504.2 36.7 512 48 512c256.1 0 464-207.5 464-464 0-11.2-7.7-20.9-18.6-23.4z\"><\/path><\/svg><\/span><span class=\"gb-text\"><strong>+34 621 660 981<\/strong><\/span><\/p>\n<\/div>\n<\/div>\n\n\n\n<div class=\"gb-element-0e8cd33f\">\n<iframe src=\"https:\/\/www.google.com\/maps\/embed?pb=!1m14!1m8!1m3!1d184.46977638812626!2d3.276678!3d42.288845!3m2!1i1024!2i768!4f13.1!3m3!1m2!1s0x12ba6f6a90431f6f%3A0xad8c17c2cac6a151!2sCarrer%20Vigilant%2C%2012%2C%2017488%20Cadaqu%C3%A9s%2C%20Girona%2C%20Spagna!5e0!3m2!1sit!2sit!4v1768844303342!5m2!1sit!2sit\" width=\"100%\" height=\"100%\" style=\"border:0;\" allowfullscreen=\"\" loading=\"lazy\" referrerpolicy=\"no-referrer-when-downgrade\"><\/iframe>\n<\/div>\n<\/div>\n<\/div>\n<\/div>\n\n\n\n<section class=\"gb-element-a50f4693\" style=\"u002du002dinline-bg-image: url(https:\/\/esblaucdq.com\/wp-content\/uploads\/2026\/01\/azulu002du002dscaled.png)\" id=\"form-contacto\">\n<div class=\"gb-element-4c6c58dc\">\n<div class=\"gb-element-16fa21bc\">\n<div class=\"gb-element-33341bfd\">\n<h2 class=\"gb-text gb-text-52376c6b\">Planifica el teu <mark style=\"background-color:rgba(0, 0, 0, 0)\" class=\"has-inline-color has-accent-color\">viatge<\/mark> i demana informaci\u00f3.<\/h2>\n\n\n\n<p class=\"gb-text gb-text-22be62c8\">Si preferiu escriure&#8217;ns, podeu utilitzar el formulari de contacte disponible en aquesta p\u00e0gina. Et respondrem de forma clara i r\u00e0pida per ajudar-te a resoldre qualsevol dubte abans de la teva arribada o durant el proc\u00e9s de reserva. <\/p>\n<\/div>\n\n\n\n<div class=\"gb-element-94ee275b\">\n<iframe\n    src=\"https:\/\/updates.ecoseo.net\/widget\/form\/f5OmsEPARgvWnQ5kHsbA\"\n    style=\"width:100%;height:100%;border:none;border-radius:3px\"\n    id=\"inline-f5OmsEPARgvWnQ5kHsbA\" \n    data-layout=\"{'id':'INLINE'}\"\n    data-trigger-type=\"alwaysShow\"\n    data-trigger-value=\"\"\n    data-activation-type=\"alwaysActivated\"\n    data-activation-value=\"\"\n    data-deactivation-type=\"neverDeactivate\"\n    data-deactivation-value=\"\"\n    data-form-name=\"Form Contacto CAT\"\n    data-height=\"498\"\n    data-layout-iframe-id=\"inline-f5OmsEPARgvWnQ5kHsbA\"\n    data-form-id=\"f5OmsEPARgvWnQ5kHsbA\"\n    title=\"Form Contacto CAT\"\n        >\n<\/iframe>\n<script src=\"https:\/\/updates.ecoseo.net\/js\/form_embed.js\"><\/script>\n<\/div>\n<\/div>\n<\/div>\n<\/section>\n\n\n\n<section class=\"gb-element-553c4718\">\n<div class=\"gb-element-8e7e0fbd\">\n<h2 class=\"gb-text gb-text-47cfedd0\">Preguntes freq\u00fcents de contacte<\/h2>\n\n\n<div id=\"rank-math-faq\" class=\"rank-math-block\">\n<div class=\"rank-math-list \">\n<div id=\"faq-question-1768934677365\" class=\"rank-math-list-item\">\n<h3 class=\"rank-math-question \">Puc deixar les maletes abans del check-in?<\/h3>\n<div class=\"rank-math-answer \">\n\n<p>\u00c9s possible deixar l&#8217;equipatge abans del check-in sempre subjecte a disponibilitat. Recomanem contactar amb l\u00b4hotel amb antelaci\u00f3 per confirmar-ho. <\/p>\n\n<\/div>\n<\/div>\n<div id=\"faq-question-1768934679070\" class=\"rank-math-list-item\">\n<h3 class=\"rank-math-question \">\u00c9s possible fer early check-in o batega check-out?<\/h3>\n<div class=\"rank-math-answer \">\n\n<p>Aquestes opcions estan subjectes a disponibilitat. Si necessiteu flexibilitat en els horaris, podeu consultar-ho directament amb l&#8217;hotel abans de la vostra arribada. <\/p>\n\n<\/div>\n<\/div>\n<div id=\"faq-question-1768934679822\" class=\"rank-math-list-item\">\n<h3 class=\"rank-math-question \">Com puc contactar amb l&#8217;hotel si necessito ajuda?<\/h3>\n<div class=\"rank-math-answer \">\n\n<p>Podeu contactar amb l&#8217;hotel per tel\u00e8fon o correu electr\u00f2nic. El servei d\u00b4atenci\u00f3 telef\u00f2nica est\u00e0 disponible les 24 hores per resoldre qualsevol incid\u00e8ncia o consulta durant l\u00b4estada. <\/p>\n\n<\/div>\n<\/div>\n<div id=\"faq-question-1768934680862\" class=\"rank-math-list-item\">\n<h3 class=\"rank-math-question \">On puc trobar el meu codi d&#8217;acc\u00e9s?<\/h3>\n<div class=\"rank-math-answer \">\n\n<p>El codi d&#8217;acc\u00e9s es troba a l&#8217;enlla\u00e7 que rebr\u00e0s en completar el check-in online. \u00c9s un PIN personal v\u00e0lid per a la porta principal i la teva habitaci\u00f3. <\/p>\n\n<\/div>\n<\/div>\n<div id=\"faq-question-1769153264537\" class=\"rank-math-list-item\">\n<h3 class=\"rank-math-question \">Com puc modificar o cancel\u00b7lar una reserva feta a trav\u00e9s de Booking?<\/h3>\n<div class=\"rank-math-answer \">\n\n<p>Les reserves realitzades a trav\u00e9s de Booking s&#8217;han de gestionar directament des de la plataforma. L&#8217;hotel no pot fer modificacions manuals. <\/p>\n\n<\/div>\n<\/div>\n<div id=\"faq-question-1769153689978\" class=\"rank-math-list-item\">\n<h3 class=\"rank-math-question \">L&#8217;hotel disposa d&#8217;espai per fer bicicletes?<\/h3>\n<div class=\"rank-math-answer \">\n\n<p>Actualment l&#8217;hotel no disposa d&#8217;una zona habilitada per emmagatzemar bicicletes.<\/p>\n\n<\/div>\n<\/div>\n<\/div>\n<\/div><\/div>\n<\/section>\n\n\n\n<section class=\"gb-element-577b9472\">\n<div class=\"gb-element-11c4ceec\">\n<h2 class=\"gb-text gb-text-00c40cb8\">Tens cap dubte abans de reservar?<\/h2>\n\n\n\n<p class=\"gb-text gb-text-61fa70f6\">Si necessites m\u00e9s informaci\u00f3 o vols resoldre qualsevol detall abans de confirmar la teva estada, no dubtis a posar-te en contacte amb nosaltres. Estarem encantats d&#8217;ajudar-te perqu\u00e8 la teva experi\u00e8ncia a Cadaqu\u00e9s comenci amb tranquil\u00b7litat i confian\u00e7a. <\/p>\n\n\n\n<a class=\"gb-text gb-text-c8060458\" href=\"#form-contacto\">Contactar ara <\/a>\n<\/div>\n<\/section>\n","protected":false},"excerpt":{"rendered":"<p>Contacte i ubicaci\u00f3 a Cadaqu\u00e9s INFORMACI\u00d3 DE CONTACTE Hotel Boutique Es Blau es troba al centre hist\u00f2ric de Cadaqu\u00e9s, en una ubicaci\u00f3 tranquil\u00b7la i ben comunicada, ideal per moure&#8217;s a peu i gaudir del poble amb comoditat. Calle Vigilant, 12 &#8211; 17488 Cadaqu\u00e9s hola@esblaucdq.com +34 621 660 981 Planifica el teu viatge i demana informaci\u00f3. &#8230; <a title=\"Contacte\" class=\"read-more\" href=\"https:\/\/esblaucdq.com\/ca\/contacte\/\" aria-label=\"M\u00e9s informaci\u00f3 sobre Contacte\">Read more<\/a><\/p>\n","protected":false},"author":1,"featured_media":0,"parent":0,"menu_order":0,"comment_status":"closed","ping_status":"closed","template":"","meta":{"footnotes":""},"class_list":["post-1879","page","type-page","status-publish"],"_links":{"self":[{"href":"https:\/\/esblaucdq.com\/ca\/wp-json\/wp\/v2\/pages\/1879","targetHints":{"allow":["GET"]}}],"collection":[{"href":"https:\/\/esblaucdq.com\/ca\/wp-json\/wp\/v2\/pages"}],"about":[{"href":"https:\/\/esblaucdq.com\/ca\/wp-json\/wp\/v2\/types\/page"}],"author":[{"embeddable":true,"href":"https:\/\/esblaucdq.com\/ca\/wp-json\/wp\/v2\/users\/1"}],"replies":[{"embeddable":true,"href":"https:\/\/esblaucdq.com\/ca\/wp-json\/wp\/v2\/comments?post=1879"}],"version-history":[{"count":3,"href":"https:\/\/esblaucdq.com\/ca\/wp-json\/wp\/v2\/pages\/1879\/revisions"}],"predecessor-version":[{"id":2298,"href":"https:\/\/esblaucdq.com\/ca\/wp-json\/wp\/v2\/pages\/1879\/revisions\/2298"}],"wp:attachment":[{"href":"https:\/\/esblaucdq.com\/ca\/wp-json\/wp\/v2\/media?parent=1879"}],"curies":[{"name":"wp","href":"https:\/\/api.w.org\/{rel}","templated":true}]}}