{"id":1887,"date":"2026-01-21T19:42:11","date_gmt":"2026-01-21T18:42:11","guid":{"rendered":"https:\/\/esblaucdq.com\/esblau-suite-con-piscina-privada-en-cadaques\/"},"modified":"2026-03-17T18:45:47","modified_gmt":"2026-03-17T17:45:47","slug":"esblau-suite-con-piscina-privada-en-cadaques","status":"publish","type":"page","link":"https:\/\/esblaucdq.com\/ca\/esblau-suite-con-piscina-privada-en-cadaques\/","title":{"rendered":"Esblau Suite"},"content":{"rendered":"\n<section class=\"gb-element-32b8c4b6\">\n<div class=\"gb-element-7c94dd90\">\n<div class=\"gb-element-bf6b7bb5\">\n<p class=\"gb-text gb-text-7301b670\">Esblau Suite<\/p>\n\n\n\n<h1 class=\"gb-text gb-text-40be5fc1\">Suite amb piscina privada a Cadaqu\u00e9s<\/h1>\n\n\n\n<p class=\"gb-text gb-text-10241348\">L\u00b4Esblau Suite \u00e9s l\u00b4expressi\u00f3 m\u00e9s exclusiva de l\u00b4experi\u00e8ncia Es Blau. Un espai dissenyat per viure Cadaqu\u00e9s amb calma, privadesa i total llibertat, pensat per a parelles i viatgers adults que busquen alguna cosa m\u00e9s que una estada convencional. <\/p>\n<\/div>\n<\/div>\n<\/section>\n\n\n\n<section class=\"gb-element-a50f4693\" style=\"--inline-bg-image: url(https:\/\/esblaucdq.com\/wp-content\/uploads\/2026\/01\/azul--scaled.png)\">\n<div class=\"gb-element-4c6c58dc\">\n<div class=\"gb-element-16fa21bc\">\n<div class=\"gb-element-33341bfd\">\n<h2 class=\"gb-text gb-text-50dc27c1\">Una suite amb piscina privada a Cadaqu\u00e9s pensada per gaudir sense interrupcions<\/h2>\n\n\n\n<h3 class=\"gb-text gb-text-52376c6b\">L&#8217;experi\u00e8ncia d&#8217;allotjar-se <mark style=\"background-color:rgba(0, 0, 0, 0)\" class=\"has-inline-color has-accent-color\">a l&#8217;Esblau Suite<\/mark><\/h3>\n\n\n\n<p class=\"gb-text gb-text-22be62c8\">Allotjar-se a l&#8217;Esblau Suite \u00e9s gaudir de Cadaqu\u00e9s des d&#8217;un espai propi, on la privadesa i la tranquil\u00b7litat marquen el ritme de l&#8217;estada.<\/p>\n\n\n\n<p class=\"gb-text gb-text-ad6ca1c5\">Des del primer moment, la sensaci\u00f3 \u00e9s haver arribat a un lloc reservat nom\u00e9s per a vosaltres, lluny de zones comunes concorregudes i de qualsevol distracci\u00f3.<\/p>\n\n\n\n<p class=\"gb-text gb-text-e0337eef\">Aquesta suite \u00e9s ideal per a parelles que volen celebrar una ocasi\u00f3 especial o viure una escapada on cada instant s&#8217;assaboreix amb calma.<\/p>\n<\/div>\n\n\n\n<div class=\"gb-element-947a8505\" style=\"--inline-bg-image: url(https:\/\/esblaucdq.com\/wp-content\/uploads\/2026\/01\/habitacion-suite-cadaques-06.jpg)\"><\/div>\n<\/div>\n<\/div>\n<\/section>\n\n\n\n<section class=\"gb-element-a4480639\" style=\"--inline-bg-image: url(https:\/\/esblaucdq.com\/wp-content\/uploads\/2026\/01\/azul--scaled.png)\">\n<div class=\"gb-element-6e1c5c3a\">\n<div class=\"gb-element-113d1611\">\n<div class=\"gb-element-72ba179b\" style=\"--inline-bg-image: url(https:\/\/esblaucdq.com\/wp-content\/uploads\/2026\/01\/PiscinaEsBlauSuite.jpg)\"><\/div>\n\n\n\n<div class=\"gb-element-47f5b564\">\n<h2 class=\"gb-text gb-text-73835583\">Terrassa privada i piscina nom\u00e9s per a vosaltres<\/h2>\n\n\n\n<h3 class=\"gb-text gb-text-b1b51fb2\"><mark style=\"background-color:rgba(0, 0, 0, 0)\" class=\"has-inline-color has-contrast-2-color\">El valor d&#8217;un<\/mark> espai \u00edntim a Cadaqu\u00e9s<\/h3>\n\n\n\n<p class=\"gb-text gb-text-25fcc8af\">La terrassa privada de l&#8217;Esblau Suite n&#8217;\u00e9s un dels grans valors diferencials. <\/p>\n\n\n\n<p class=\"gb-text gb-text-0dd289f9\">Un espai exterior amb 12m\u00b2 d\u00b4\u00fas exclusiu on la piscina privada es converteix en el centre de l\u00b4experi\u00e8ncia, permetent gaudir de Cadaqu\u00e9s des de la intimitat i sense horaris.<\/p>\n\n\n\n<p class=\"gb-text gb-text-29e6f5fa\">La piscina privada, disponible de juny a setembre, convida a relaxar-vos a qualsevol moment del dia: en despertar, despr\u00e9s d&#8217;una jornada de platja o en tornar d&#8217;un passeig pel poble. <\/p>\n<\/div>\n<\/div>\n<\/div>\n<\/section>\n\n\n\n<section class=\"gb-element-167a77a4\">\n<div class=\"gb-element-bed356c0\">\n<div class=\"gb-element-ce114000\">\n<h2 class=\"gb-text gb-text-72d5a162\">Disseny, confort i calma interior<\/h2>\n\n\n\n<h3 class=\"gb-text gb-text-aabe7efb\">Un espai <mark style=\"background-color:rgba(0, 0, 0, 0)\" class=\"has-inline-color has-accent-color\">pensat per al descans<\/mark><\/h3>\n\n\n\n<p class=\"gb-text gb-text-1be5d47a\">L&#8217;interior de l&#8217;Esblau Suite ha estat concebut amb una est\u00e8tica contempor\u00e0nia, lluminosa i serena, inspirada en la llum i els tons de la Mediterr\u00e0nia.<\/p>\n\n\n\n<p class=\"gb-text gb-text-6b0e86e3\">Amb una superf\u00edcie interior de 24m\u00b2, l&#8217;espai ofereix amplitud i equilibri sense perdre&#8217;n el car\u00e0cter \u00edntim.<\/p>\n\n\n\n<p class=\"gb-text gb-text-5acf47bd\">Cada detall est\u00e0 orientat a crear una atmosfera equilibrada, acollidora i propicia pel descans.<\/p>\n\n\n\n<p class=\"gb-text gb-text-c9fa7f95\">La distribuci\u00f3 de l&#8217;espai, els materials i l&#8217;equipament reforcen la sensaci\u00f3 de privadesa i benestar. L\u00b4experi\u00e8ncia digital de l\u00b4hotel permet al\u00b4hoste moure\u00b4s amb total autonomia, sense esperes ni horaris, ampliant la sensaci\u00f3 de llibertat durant tota l\u00b4estada. <\/p>\n<\/div>\n<\/div>\n<\/section>\n\n\n\n<section class=\"gb-element-7d4560e9\">\n<h2 class=\"gb-text gb-text-9d178d64\">Per qu\u00e8 escollir l&#8217;Esblau Suite?<\/h2>\n\n\n\n<div class=\"gb-element-e84f0331\">\n<div class=\"gb-element-468c2f8d\" style=\"--inline-bg-image: url(https:\/\/esblaucdq.com\/wp-content\/uploads\/2026\/01\/habitacion-suite-cadaques-06.jpg)\"><\/div>\n\n\n\n<div class=\"gb-element-9649d28a\">\n<p class=\"gb-text-30751573\"><span class=\"gb-shape\"><svg viewBox=\"0 0 16 16\" class=\"bi bi-check2-square\" height=\"16\" width=\"16\" xmlns=\"http:\/\/www.w3.org\/2000\/svg\">   <path d=\"M3 14.5A1.5 1.5 0 0 1 1.5 13V3A1.5 1.5 0 0 1 3 1.5h8a.5.5 0 0 1 0 1H3a.5.5 0 0 0-.5.5v10a.5.5 0 0 0 .5.5h10a.5.5 0 0 0 .5-.5V8a.5.5 0 0 1 1 0v5a1.5 1.5 0 0 1-1.5 1.5H3z\"><\/path>   <path d=\"m8.354 10.354 7-7a.5.5 0 0 0-.708-.708L8 9.293 5.354 6.646a.5.5 0 1 0-.708.708l3 3a.5.5 0 0 0 .708 0z\"><\/path> <\/svg><\/span><span class=\"gb-text\"><strong>Suite amb piscina privada al centre de Cadaqu\u00e9s<\/strong><br>Gaudeix d&#8217;una piscina privada a la teva pr\u00f2pia terrassa, un privilegi poc habitual al nucli hist\u00f2ric, sense renunciar a una ubicaci\u00f3 c\u00e8ntrica i c\u00f2moda.<\/span><\/p>\n\n\n\n<p class=\"gb-text-ba9cf32d\"><span class=\"gb-shape\"><svg viewBox=\"0 0 16 16\" class=\"bi bi-check2-square\" height=\"16\" width=\"16\" xmlns=\"http:\/\/www.w3.org\/2000\/svg\">   <path d=\"M3 14.5A1.5 1.5 0 0 1 1.5 13V3A1.5 1.5 0 0 1 3 1.5h8a.5.5 0 0 1 0 1H3a.5.5 0 0 0-.5.5v10a.5.5 0 0 0 .5.5h10a.5.5 0 0 0 .5-.5V8a.5.5 0 0 1 1 0v5a1.5 1.5 0 0 1-1.5 1.5H3z\"><\/path>   <path d=\"m8.354 10.354 7-7a.5.5 0 0 0-.708-.708L8 9.293 5.354 6.646a.5.5 0 1 0-.708.708l3 3a.5.5 0 0 0 .708 0z\"><\/path> <\/svg><\/span><span class=\"gb-text\"><strong>Exclusivitat i privadesa total<\/strong><br>Un espai concebut per garantir intimitat absoluta, sense sorolls ni zones compartides, ideal per a parelles que busquen tranquil\u00b7litat real.<\/span><\/p>\n\n\n\n<p class=\"gb-text-ff117220\"><span class=\"gb-shape\"><svg viewBox=\"0 0 16 16\" class=\"bi bi-check2-square\" height=\"16\" width=\"16\" xmlns=\"http:\/\/www.w3.org\/2000\/svg\">   <path d=\"M3 14.5A1.5 1.5 0 0 1 1.5 13V3A1.5 1.5 0 0 1 3 1.5h8a.5.5 0 0 1 0 1H3a.5.5 0 0 0-.5.5v10a.5.5 0 0 0 .5.5h10a.5.5 0 0 0 .5-.5V8a.5.5 0 0 1 1 0v5a1.5 1.5 0 0 1-1.5 1.5H3z\"><\/path>   <path d=\"m8.354 10.354 7-7a.5.5 0 0 0-.708-.708L8 9.293 5.354 6.646a.5.5 0 1 0-.708.708l3 3a.5.5 0 0 0 .708 0z\"><\/path> <\/svg><\/span><span class=\"gb-text\"><strong>Hotel boutique nom\u00e9s adults<\/strong><br>Un entorn ser\u00e8, sense nens ni grups, pensat per al descans, el silenci i una experi\u00e8ncia acurada de principi a fi.<\/span><\/p>\n\n\n\n<p class=\"gb-text-6592243b\"><span class=\"gb-shape\"><svg viewBox=\"0 0 16 16\" class=\"bi bi-check2-square\" height=\"16\" width=\"16\" xmlns=\"http:\/\/www.w3.org\/2000\/svg\">   <path d=\"M3 14.5A1.5 1.5 0 0 1 1.5 13V3A1.5 1.5 0 0 1 3 1.5h8a.5.5 0 0 1 0 1H3a.5.5 0 0 0-.5.5v10a.5.5 0 0 0 .5.5h10a.5.5 0 0 0 .5-.5V8a.5.5 0 0 1 1 0v5a1.5 1.5 0 0 1-1.5 1.5H3z\"><\/path>   <path d=\"m8.354 10.354 7-7a.5.5 0 0 0-.708-.708L8 9.293 5.354 6.646a.5.5 0 1 0-.708.708l3 3a.5.5 0 0 0 .708 0z\"><\/path> <\/svg><\/span><span class=\"gb-text\"><strong>Disseny contemporani i ambient relaxat<\/strong><br>Una suite on el disseny i la funcionalitat s&#8217;integren per crear una atmosfera c\u00e0lida, equilibrada i confortable.<\/span><\/p>\n\n\n\n<p class=\"gb-text-c035d3bf\"><span class=\"gb-shape\"><svg viewBox=\"0 0 16 16\" class=\"bi bi-check2-square\" height=\"16\" width=\"16\" xmlns=\"http:\/\/www.w3.org\/2000\/svg\">   <path d=\"M3 14.5A1.5 1.5 0 0 1 1.5 13V3A1.5 1.5 0 0 1 3 1.5h8a.5.5 0 0 1 0 1H3a.5.5 0 0 0-.5.5v10a.5.5 0 0 0 .5.5h10a.5.5 0 0 0 .5-.5V8a.5.5 0 0 1 1 0v5a1.5 1.5 0 0 1-1.5 1.5H3z\"><\/path>   <path d=\"m8.354 10.354 7-7a.5.5 0 0 0-.708-.708L8 9.293 5.354 6.646a.5.5 0 1 0-.708.708l3 3a.5.5 0 0 0 .708 0z\"><\/path> <\/svg><\/span><span class=\"gb-text\"><strong>Experi\u00e8ncia digital sense complicacions<\/strong><br>Acc\u00e9s aut\u00f2nom, gesti\u00f3 senzilla i llibertat total d&#8217;horaris per viure l&#8217;estada al vostre ritme.<\/span><\/p>\n<\/div>\n<\/div>\n<\/section>\n\n\n\n<section class=\"gb-element-13914584\">\n<div class=\"gb-element-2ecc7401\">\n<div class=\"gb-element-2385b9f1\">\n<div class=\"gb-element-5de5c6ee\">\n<h2 class=\"gb-text gb-text-f70dd55a\">Reserva la teva estada i submergeix-te a la bellesa i l&#8217;encant de Cadaqu\u00e9s<\/h2>\n<\/div>\n\n\n\n<div class=\"gb-element-ded87f2f\">\n<figure class=\"wp-block-image size-full is-resized\"><img loading=\"lazy\" decoding=\"async\" width=\"416\" height=\"344\" src=\"https:\/\/esblaucdq.com\/wp-content\/uploads\/2026\/01\/yellow-hearts.png\" alt=\"\" class=\"wp-image-1240\" style=\"width:120px\" srcset=\"https:\/\/esblaucdq.com\/wp-content\/uploads\/2026\/01\/yellow-hearts.png 416w, https:\/\/esblaucdq.com\/wp-content\/uploads\/2026\/01\/yellow-hearts-300x248.png 300w\" sizes=\"auto, (max-width: 416px) 100vw, 416px\" \/><\/figure>\n<\/div>\n<\/div>\n\n\n\n<div class=\"gb-element-c8185b16\">\n<div class=\"gb-element-10891cf6\">\n<script type=\"text\/javascript\" src=\"https:\/\/booking.hotelgest.com\/v4\/assets\/js\/main.js\"><\/script><style>div#hgContainer_1234{\n  width: 100%;\n}\n  \n  button.btn.trn.btn-success.col-hg-xs-12.button-hg {\n    background: #F9AC19!important;\n    text-transform: uppercase;\n    font-family: Montserrat, sans-serif;\n    font-weight: bold;\n  }\n  \n  .hgContainer .button-hg{\n    background: #F9AC19!important;\n  }\n  .hgContainer .container-hg {\n    width:auto;\n  }\n  section.bar-search {\n    background: #050228 !important;\n    \/*background-color: #050228 !important;*\/\n  }\n  \n  .hgContainer .form-control {\n  font-size: 16px;\nfont-family: Montserrat, sans-serif;\n}\n  \n.hgContainer .row-custom {\n  width: 100%;\n  margin: 0;\n  padding: 0;\n}\n<\/style><div id=\"hgContainer_1234\" style=\" width: 90%;margin: 0 auto;\" class=\"container-fluid hgContainer\"><\/div><script>var optionsHG = {\n                pcode: '1823', \/\/pon el c\u00f3digo de tu hotel\n                typo: 'calendar', \/\/required\n                lang: 'ca', \/\/required\n                index: 1234, \/\/required id container\n                min_occupancy:  1,\/\/required\n                max_occupancy: 6,\/\/required\n                target: '_blank' , \/* optional *\/\n                analitics: 'UA-26990615-2',\n                redirect_url: 'https:\/\/booking.hotelgest.com\/v4\/?pcode=1823' \n            };\n            \n            iniHG();\n<\/script>\n<\/div>\n\n\n\n<div class=\"gb-element-d033ff64\">\n<p class=\"gb-text gb-text-a3ef39c9\"><strong>10% de descompte<\/strong> al restaurant La Sal.<\/p>\n<\/div>\n<\/div>\n<\/div>\n<\/section>\n\n\n\n<section class=\"gb-element-553c4718\">\n<div class=\"gb-element-8e7e0fbd\">\n<h2 class=\"gb-text gb-text-47cfedd0\">Preguntes freq\u00fcents sobre l&#8217;Esblau Suite<\/h2>\n\n\n<div id=\"rank-math-faq\" class=\"rank-math-block\">\n<div class=\"rank-math-list \">\n<div id=\"faq-question-1768934677365\" class=\"rank-math-list-item\">\n<h3 class=\"rank-math-question \">La piscina privada est\u00e0 disponible tot l\u00b4any?<\/h3>\n<div class=\"rank-math-answer \">\n\n<p>La piscina privada de l\u00b4Esblau Suite est\u00e0 disponible durant la temporada d\u00b4estiu. Fora d&#8217;aquest per\u00edode, la terrassa continua sent un espai exclusiu per gaudir de l&#8217;exterior amb privadesa total. <\/p>\n\n<\/div>\n<\/div>\n<div id=\"faq-question-1768934679070\" class=\"rank-math-list-item\">\n<h3 class=\"rank-math-question \">La terrassa \u00e9s completament privada?<\/h3>\n<div class=\"rank-math-answer \">\n\n<p>S\u00ed. La terrassa \u00e9s d&#8217;\u00fas exclusiu per als hostes de l&#8217;Esblau Suite, garantint intimitat, tranquil\u00b7litat i una experi\u00e8ncia sense interfer\u00e8ncies. <\/p>\n\n<\/div>\n<\/div>\n<div id=\"faq-question-1768934679822\" class=\"rank-math-list-item\">\n<h3 class=\"rank-math-question \">Per a quines estades est\u00e0 pensada aquesta suite?<\/h3>\n<div class=\"rank-math-answer \">\n\n<p>L&#8217;Esblau Suite \u00e9s ideal per a parelles, celebracions especials, aniversaris o escapades rom\u00e0ntiques en qu\u00e8 es busca privadesa, confort i una experi\u00e8ncia diferenciada.<\/p>\n\n<\/div>\n<\/div>\n<div id=\"faq-question-1768934680862\" class=\"rank-math-list-item\">\n<h3 class=\"rank-math-question \">En qu\u00e8 es diferencia d&#8217;altres suites de l&#8217;hotel?<\/h3>\n<div class=\"rank-math-answer \">\n\n<p>L&#8217;Esblau Suite \u00e9s l&#8217;\u00fanica habitaci\u00f3 de l&#8217;hotel que disposa de piscina privada a la terrassa, cosa que la converteix en l&#8217;opci\u00f3 m\u00e9s exclusiva del Blau.<\/p>\n\n<\/div>\n<\/div>\n<div id=\"faq-question-1769021460726\" class=\"rank-math-list-item\">\n<h3 class=\"rank-math-question \">Com funciona l&#8217;acc\u00e9s a la suite?<\/h3>\n<div class=\"rank-math-answer \">\n\n<p>L&#8217;acc\u00e9s \u00e9s completament digital. Despr\u00e9s de la reserva, rebr\u00e0s les instruccions per accedir a l&#8217;hotel i la suite de manera aut\u00f2noma, sense recepci\u00f3 f\u00edsica ni esperes. <\/p>\n\n<\/div>\n<\/div>\n<div id=\"faq-question-1769021461448\" class=\"rank-math-list-item\">\n<h3 class=\"rank-math-question \">Quina \u00e9s la pol\u00edtica de cancel\u00b7laci\u00f3 de l&#8217;Esblau Suite?<\/h3>\n<div class=\"rank-math-answer \">\n\n<p>L\u00b4Esblau Suite ofereix una pol\u00edtica de cancel\u00b7laci\u00f3 flexible, que permet cancel\u00b7lar la reserva sense cost fins a 24 hores abans del dia d\u00b4entrada, aportant tranquil\u00b7litat i flexibilitat en planificar la vostra estada.<br \/>L&#8217;acc\u00e9s \u00e9s completament digital. Despr\u00e9s de la reserva, rebr\u00e0s les instruccions per accedir a l&#8217;hotel i la suite de manera aut\u00f2noma, sense recepci\u00f3 f\u00edsica ni esperes. <\/p>\n\n<\/div>\n<\/div>\n<\/div>\n<\/div><\/div>\n<\/section>\n\n\n\n<section class=\"gb-element-577b9472\">\n<div class=\"gb-element-11c4ceec\">\n<div class=\"gb-element-d18bc750\">\n<div class=\"gb-element-6f9e9e50\">\n<h2 class=\"gb-text gb-text-00c40cb8\">Reserva l&#8217;Esblau Suite i viu Cadaqu\u00e9s des del teu propi refugi<\/h2>\n\n\n\n<p class=\"gb-text gb-text-61fa70f6\">L&#8217;Esblau Suite \u00e9s una suite \u00fanica a Cadaqu\u00e9s, pensada per als qui valoren la privadesa, l&#8217;exclusivitat i una manera diferent d&#8217;allotjar-se. <\/p>\n\n\n\n<p class=\"gb-text gb-text-ad888ffc\">Consulta disponibilitat i reserva directament per assegurar la teva estada en aquest espai singular, dissenyat per gaudir del temps, la calma i l&#8217;encant del poble al teu ritme.<\/p>\n\n\n\n<div class=\"gb-element-c943e986\">\n<p class=\"gb-text-9457a9bb\"><span class=\"gb-shape\"><svg xmlns=\"http:\/\/www.w3.org\/2000\/svg\" aria-hidden=\"true\" role=\"img\" height=\"1em\" width=\"1em\" viewBox=\"0 0 384 512\"><path fill=\"currentColor\" d=\"M172.268 501.67C26.97 291.031 0 269.413 0 192 0 85.961 85.961 0 192 0s192 85.961 192 192c0 77.413-26.97 99.031-172.268 309.67-9.535 13.774-29.93 13.773-39.464 0zM192 272c44.183 0 80-35.817 80-80s-35.817-80-80-80-80 35.817-80 80 35.817 80 80 80z\"><\/path><\/svg><\/span><span class=\"gb-text\"><strong><a href=\"https:\/\/maps.app.goo.gl\/xiPSAWAyDSJZJdTC6\" target=\"_blank\" rel=\"noreferrer noopener\">Calle Vigilant, 12 &#8211; 17488 Cadaqu\u00e9s<\/a><\/strong><\/span><\/p>\n\n\n\n<p class=\"gb-text-040878db\"><span class=\"gb-shape\"><svg xmlns=\"http:\/\/www.w3.org\/2000\/svg\" aria-hidden=\"true\" role=\"img\" height=\"1em\" width=\"1em\" viewBox=\"0 0 512 512\"><path fill=\"currentColor\" d=\"M440 6.5L24 246.4c-34.4 19.9-31.1 70.8 5.7 85.9L144 379.6V464c0 46.4 59.2 65.5 86.6 28.6l43.8-59.1 111.9 46.2c5.9 2.4 12.1 3.6 18.3 3.6 8.2 0 16.3-2.1 23.6-6.2 12.8-7.2 21.6-20 23.9-34.5l59.4-387.2c6.1-40.1-36.9-68.8-71.5-48.9zM192 464v-64.6l36.6 15.1L192 464zm212.6-28.7l-153.8-63.5L391 169.5c10.7-15.5-9.5-33.5-23.7-21.2L155.8 332.6 48 288 464 48l-59.4 387.3z\"><\/path><\/svg><\/span><span class=\"gb-text\"><strong><a href=\"mailto:hola@esblaucdq.com\">hola@esblaucdq.com<\/a><\/strong><\/span><\/p>\n\n\n\n<p class=\"gb-text-64d27bce\"><span class=\"gb-shape\"><svg xmlns=\"http:\/\/www.w3.org\/2000\/svg\" aria-hidden=\"true\" role=\"img\" height=\"1em\" width=\"1em\" viewBox=\"0 0 512 512\"><path fill=\"currentColor\" d=\"M493.4 24.6l-104-24c-11.3-2.6-22.9 3.3-27.5 13.9l-48 112c-4.2 9.8-1.4 21.3 6.9 28l60.6 49.6c-36 76.7-98.9 140.5-177.2 177.2l-49.6-60.6c-6.8-8.3-18.2-11.1-28-6.9l-112 48C3.9 366.5-2 378.1.6 389.4l24 104C27.1 504.2 36.7 512 48 512c256.1 0 464-207.5 464-464 0-11.2-7.7-20.9-18.6-23.4z\"><\/path><\/svg><\/span><span class=\"gb-text\"><strong>+34 621 660 981<\/strong><\/span><\/p>\n<\/div>\n<\/div>\n\n\n\n<div class=\"gb-element-0d2f571d\">\n<iframe src=\"https:\/\/www.google.com\/maps\/embed?pb=!1m14!1m8!1m3!1d184.46977638812626!2d3.276678!3d42.288845!3m2!1i1024!2i768!4f13.1!3m3!1m2!1s0x12ba6f6a90431f6f%3A0xad8c17c2cac6a151!2sCarrer%20Vigilant%2C%2012%2C%2017488%20Cadaqu%C3%A9s%2C%20Girona%2C%20Spagna!5e0!3m2!1sit!2sit!4v1768844303342!5m2!1sit!2sit\" width=\"100%\" height=\"100%\" style=\"border:0;\" allowfullscreen=\"\" loading=\"lazy\" referrerpolicy=\"no-referrer-when-downgrade\"><\/iframe>\n<\/div>\n<\/div>\n<\/div>\n<\/section>\n\n\n\n<section class=\"gb-element-6f76327f\">\n<div class=\"gb-element-c492a87b\">\n<h2 class=\"gb-text gb-text-c174bad4\">Tens cap dubte abans de reservar?<\/h2>\n\n\n\n<p class=\"gb-text gb-text-d39b8f84\">Si necessites m\u00e9s informaci\u00f3 o vols resoldre qualsevol detall abans de confirmar la teva estada, no dubtis a posar-te en contacte amb nosaltres. Estarem encantats d&#8217;ajudar-te perqu\u00e8 la teva experi\u00e8ncia a Cadaqu\u00e9s comenci amb tranquil\u00b7litat i confian\u00e7a. <\/p>\n\n\n\n<a class=\"gb-text gb-text-c8060458\" href=\"https:\/\/esblaucdq.com\/ca\/contacte\/\">Contactar ara <\/a>\n<\/div>\n<\/section>\n","protected":false},"excerpt":{"rendered":"<p>Esblau Suite Suite amb piscina privada a Cadaqu\u00e9s L\u00b4Esblau Suite \u00e9s l\u00b4expressi\u00f3 m\u00e9s exclusiva de l\u00b4experi\u00e8ncia Es Blau. Un espai dissenyat per viure Cadaqu\u00e9s amb calma, privadesa i total llibertat, pensat per a parelles i viatgers adults que busquen alguna cosa m\u00e9s que una estada convencional. Una suite amb piscina privada a Cadaqu\u00e9s pensada per &#8230; <a title=\"Esblau Suite\" class=\"read-more\" href=\"https:\/\/esblaucdq.com\/ca\/esblau-suite-con-piscina-privada-en-cadaques\/\" aria-label=\"M\u00e9s informaci\u00f3 sobre Esblau Suite\">Read more<\/a><\/p>\n","protected":false},"author":1,"featured_media":0,"parent":0,"menu_order":0,"comment_status":"closed","ping_status":"closed","template":"","meta":{"footnotes":""},"class_list":["post-1887","page","type-page","status-publish"],"_links":{"self":[{"href":"https:\/\/esblaucdq.com\/ca\/wp-json\/wp\/v2\/pages\/1887","targetHints":{"allow":["GET"]}}],"collection":[{"href":"https:\/\/esblaucdq.com\/ca\/wp-json\/wp\/v2\/pages"}],"about":[{"href":"https:\/\/esblaucdq.com\/ca\/wp-json\/wp\/v2\/types\/page"}],"author":[{"embeddable":true,"href":"https:\/\/esblaucdq.com\/ca\/wp-json\/wp\/v2\/users\/1"}],"replies":[{"embeddable":true,"href":"https:\/\/esblaucdq.com\/ca\/wp-json\/wp\/v2\/comments?post=1887"}],"version-history":[{"count":8,"href":"https:\/\/esblaucdq.com\/ca\/wp-json\/wp\/v2\/pages\/1887\/revisions"}],"predecessor-version":[{"id":2418,"href":"https:\/\/esblaucdq.com\/ca\/wp-json\/wp\/v2\/pages\/1887\/revisions\/2418"}],"wp:attachment":[{"href":"https:\/\/esblaucdq.com\/ca\/wp-json\/wp\/v2\/media?parent=1887"}],"curies":[{"name":"wp","href":"https:\/\/api.w.org\/{rel}","templated":true}]}}