{"id":1919,"date":"2026-01-21T17:33:38","date_gmt":"2026-01-21T16:33:38","guid":{"rendered":"https:\/\/esblaucdq.com\/habitaciones-en-cadaques\/"},"modified":"2026-03-17T18:46:15","modified_gmt":"2026-03-17T17:46:15","slug":"habitaciones-en-cadaques","status":"publish","type":"page","link":"https:\/\/esblaucdq.com\/ca\/habitaciones-en-cadaques\/","title":{"rendered":"Habitacions"},"content":{"rendered":"\n<section class=\"gb-element-32b8c4b6\">\n<div class=\"gb-element-7c94dd90\">\n<div class=\"gb-element-bf6b7bb5\">\n<h1 class=\"gb-text gb-text-8423117b\">Habitacions a Cadaqu\u00e9s dissenyades per gaudir amb calma<\/h1>\n\n\n\n<p class=\"gb-text gb-text-10241348\">Les habitacions de l&#8217;Hotel Boutique Es Blau han estat concebudes com a espais de descans, privadesa i equilibri. <\/p>\n\n\n\n<p class=\"gb-text gb-text-e472f84b\">Cadascuna proposa una manera diferent de viure l&#8217;estada, mantenint sempre una mateixa ess\u00e8ncia: tranquil\u00b7litat, disseny contemporani i una experi\u00e8ncia pensada exclusivament per a adults.<\/p>\n\n\n\n<p class=\"gb-text gb-text-47a84c00\">Totes les estances comparteixen una est\u00e8tica cuidada, funcional i lluminosa, inspirada en la llum i car\u00e0cter de Cadaqu\u00e9s. <\/p>\n\n\n\n<p class=\"gb-text gb-text-4a1919c1\">Sense sorolls, sense presses i sense elements innecessaris, les habitacions conviden a desconnectar i triar l&#8217;espai que millor encaixi amb la teva manera de viatjar.<\/p>\n<\/div>\n<\/div>\n<\/section>\n\n\n\n<section class=\"gb-element-13914584\">\n<div class=\"gb-element-2ecc7401\">\n<div class=\"gb-element-2385b9f1\">\n<div class=\"gb-element-5de5c6ee\">\n<h2 class=\"gb-text gb-text-f70dd55a\">Reserva la teva estada i submergeix-te a la bellesa i l&#8217;encant de Cadaqu\u00e9s<\/h2>\n<\/div>\n\n\n\n<div class=\"gb-element-ded87f2f\">\n<figure class=\"wp-block-image size-full is-resized\"><img loading=\"lazy\" decoding=\"async\" width=\"416\" height=\"344\" src=\"https:\/\/esblaucdq.com\/wp-content\/uploads\/2026\/01\/yellow-hearts.png\" alt=\"\" class=\"wp-image-1240\" style=\"width:120px\" srcset=\"https:\/\/esblaucdq.com\/wp-content\/uploads\/2026\/01\/yellow-hearts.png 416w, https:\/\/esblaucdq.com\/wp-content\/uploads\/2026\/01\/yellow-hearts-300x248.png 300w\" sizes=\"auto, (max-width: 416px) 100vw, 416px\" \/><\/figure>\n<\/div>\n<\/div>\n\n\n\n<div class=\"gb-element-c8185b16\">\n<div class=\"gb-element-10891cf6\">\n<script type=\"text\/javascript\" src=\"https:\/\/booking.hotelgest.com\/v4\/assets\/js\/main.js\"><\/script><style>div#hgContainer_1234{\n  width: 100%;\n}\n  \n  button.btn.trn.btn-success.col-hg-xs-12.button-hg {\n    background: #F9AC19!important;\n    text-transform: uppercase;\n    font-family: Montserrat, sans-serif;\n    font-weight: bold;\n  }\n  \n  .hgContainer .button-hg{\n    background: #F9AC19!important;\n  }\n  .hgContainer .container-hg {\n    width:auto;\n  }\n  section.bar-search {\n    background: #050228 !important;\n    \/*background-color: #050228 !important;*\/\n  }\n  \n  .hgContainer .form-control {\n  font-size: 16px;\nfont-family: Montserrat, sans-serif;\n}\n  \n.hgContainer .row-custom {\n  width: 100%;\n  margin: 0;\n  padding: 0;\n}\n<\/style><div id=\"hgContainer_1234\" style=\" width: 90%;margin: 0 auto;\" class=\"container-fluid hgContainer\"><\/div><script>var optionsHG = {\n                pcode: '1823', \/\/pon el c\u00f3digo de tu hotel\n                typo: 'calendar', \/\/required\n                lang: 'ca', \/\/required\n                index: 1234, \/\/required id container\n                min_occupancy:  1,\/\/required\n                max_occupancy: 6,\/\/required\n                target: '_blank' , \/* optional *\/\n                analitics: 'UA-26990615-2',\n                redirect_url: 'https:\/\/booking.hotelgest.com\/v4\/?pcode=1823' \n            };\n            \n            iniHG();\n<\/script>\n<\/div>\n\n\n\n<div class=\"gb-element-d033ff64\">\n<p class=\"gb-text gb-text-a3ef39c9\"><strong>10% de descompte<\/strong> al restaurant La Sal.<\/p>\n<\/div>\n<\/div>\n<\/div>\n<\/section>\n\n\n\n<section class=\"gb-element-079b511d\">\n<div class=\"gb-element-afad9bd5\">\n<h2 class=\"gb-text gb-text-c2b466ab\">Les nostres habitacions<\/h2>\n\n\n\n<div class=\"gb-element-20f724e1\"><\/div>\n\n\n\n<!-- EsBlau Rooms Section -->\n<section class=\"esblau-rooms\" id=\"esblau-rooms\">\n  <div class=\"esblau-rooms__wrap\">\n\n    <!-- Columna izquierda: listado -->\n    <nav class=\"esblau-rooms__list\" aria-label=\"Habitaciones\">\n      <a class=\"esblau-room-card is-active\" href=\"#\" data-target=\"habitacion-basica\">\n        <h3 class=\"esblau-room-card__title\">B\u00e0sica<\/h3>\n        <p class=\"esblau-room-card__excerpt\">\n Aquesta acollidora habitaci\u00f3 de 12m2 est\u00e0 dissenyada per als que busquen un espai funcional i confortable.\n        <\/p>\n      <\/a>\n\n      <a class=\"esblau-room-card\" href=\"#\" data-target=\"habitacion-standard-room\">\n        <h3 class=\"esblau-room-card__title\">Standard Room<\/h3>\n        <p class=\"esblau-room-card__excerpt\">\n Una opci\u00f3 acollidora i funcional, ideal per a parelles que busquen comoditat i descans al centre de Cadaqu\u00e9s.\n        <\/p>\n      <\/a>\n\n      <a class=\"esblau-room-card\" href=\"#\" data-target=\"habitacion-superior-room\">\n        <h3 class=\"esblau-room-card__title\">Superior Room<\/h3>\n        <p class=\"esblau-room-card__excerpt\">\n Amb un plus d&#8217;amplitud i disseny, l&#8217;habitaci\u00f3 superior ofereix una experi\u00e8ncia m\u00e9s espaiosa sense perdre l&#8217;ambient \u00edntim i tranquil de l&#8217;hotel.\n        <\/p>\n      <\/a>\n\n      <a class=\"esblau-room-card\" href=\"#\" data-target=\"habitacion-junior-suite\">\n        <h3 class=\"esblau-room-card__title\">Junior Suite<\/h3>\n        <p class=\"esblau-room-card__excerpt\">\n La Junior Suite aporta un extra de privadesa i confort gr\u00e0cies al seu espai m\u00e9s ampli i la terrassa privada.\n        <\/p>\n      <\/a>\n\n      <a class=\"esblau-room-card\" href=\"#\" data-target=\"habitacion-esblau-suite\">\n        <h3 class=\"esblau-room-card__title\">EsBlau Suite<\/h3>\n        <p class=\"esblau-room-card__excerpt\">\n L&#8217;opci\u00f3 m\u00e9s exclusiva de l&#8217;hotel, dissenyada per als que volen una estada especial a Cadaqu\u00e9s.\n        <\/p>\n      <\/a>\n    <\/nav>\n\n    <!-- Columna derecha: paneles -->\n    <div class=\"esblau-rooms__panels\">\n\n      <article class=\"esblau-room-panel is-active\" id=\"habitacion-basica\" style=\"--bg: url('\/wp-content\/uploads\/2026\/01\/habitacion-basica.jpeg');\" aria-label=\"Habitaci\u00f3n b\u00e1sica\">\n        <div class=\"esblau-room-panel__overlay\"><\/div>\n        <div class=\"esblau-room-panel__content\">\n          <h2 class=\"esblau-room-panel__title\">Habitaci\u00f3 b\u00e0sica<\/h2>\n          <p class=\"esblau-room-panel__text\">\n Aquesta acollidora habitaci\u00f3 de 12m2 est\u00e0 dissenyada per als que busquen un espai funcional i confortable, ideal per descansar despr\u00e9s d\u00b4un dia explorant Cadaqu\u00e9s. Compte amb bany privat, un petit armari amb prestatgeries, cafetera, TV, roba de llit i tovalloles, tot pensat per oferir comoditat en un entorn minimalista i pr\u00e0ctic. \n          <\/p>\n          <a class=\"esblau-room-panel__cta\" href=\"https:\/\/esblaucdq.com\/ca\/habitacion-en-cadaques-basica\/\">Veure m\u00e9s informaci\u00f3<\/a>\n        <\/div>\n      <\/article>\n\n      <article class=\"esblau-room-panel\" id=\"habitacion-standard-room\" style=\"--bg: url('\/wp-content\/uploads\/2026\/01\/habitacion-standard-room.jpg');\" aria-label=\"Standard Room\">\n        <div class=\"esblau-room-panel__overlay\"><\/div>\n        <div class=\"esblau-room-panel__content\">\n          <h2 class=\"esblau-room-panel__title\">Standard Room<\/h2>\n          <p class=\"esblau-room-panel__text\">\n El seu disseny senzill i ben aprofitat crea un ambient relaxat, perfecte per desconnectar despr\u00e9s d\u00b4un dia de passejades, platja o descobriment del poble. Una habitaci\u00f3 pensada per als que valoren la ubicaci\u00f3, el silenci i un espai cuidat, sense necessitat d&#8217;extres. \n          <\/p>\n          <a class=\"esblau-room-panel__cta\" href=\"https:\/\/esblaucdq.com\/ca\/habitacion-romantica-en-cadaques-standard-room\/\">Descobreix tots els detalls d\u00b4aquesta habitaci\u00f3<\/a>\n        <\/div>\n      <\/article>\n\n      <article class=\"esblau-room-panel\" id=\"habitacion-superior-room\" style=\"--bg: url('\/wp-content\/uploads\/2026\/01\/habitacion-superior-room.jpg');\" aria-label=\"Superior Room\">\n        <div class=\"esblau-room-panel__overlay\"><\/div>\n        <div class=\"esblau-room-panel__content\">\n          <h2 class=\"esblau-room-panel__title\">Superior Room<\/h2>\n          <p class=\"esblau-room-panel__text\">\n \u00c9s ideal per a parelles que volen m\u00e9s comoditat i un entorn encara m\u00e9s relaxat durant la seva estada. Una opci\u00f3 equilibrada entre estil, confort i calma, pensada per a estades on el descans \u00e9s el veritable protagonista. \n          <\/p>\n          <a class=\"esblau-room-panel__cta\" href=\"https:\/\/esblaucdq.com\/ca\/habitacion-superior-room\/\">Veure m\u00e9s informaci\u00f3 i disponibilitat<\/a>\n        <\/div>\n      <\/article>\n\n      <article class=\"esblau-room-panel\" id=\"habitacion-junior-suite\" style=\"--bg: url('\/wp-content\/uploads\/2026\/01\/habitacion-junior-suite.jpg');\" aria-label=\"Junior Suite\">\n        <div class=\"esblau-room-panel__overlay\"><\/div>\n        <div class=\"esblau-room-panel__content\">\n          <h2 class=\"esblau-room-panel__title\">Junior Suite<\/h2>\n          <p class=\"esblau-room-panel__text\">\n \u00c9s perfecta per a escapades rom\u00e0ntiques o estades on gaudir de l&#8217;exterior amb tranquil\u00b7litat, sense sortir de l&#8217;habitaci\u00f3. Una elecci\u00f3 pensada per als que busquen un ambient m\u00e9s exclusiu i un espai on relaxar-se a qualsevol hora del dia. \n          <\/p>\n          <a class=\"esblau-room-panel__cta\" href=\"https:\/\/esblaucdq.com\/ca\/junior-suite-hotel-con-terraza-en-cadaques\/\">Descobreix tots els detalls d\u00b4aquesta habitaci\u00f3<\/a>\n        <\/div>\n      <\/article>\n\n      <article class=\"esblau-room-panel\" id=\"habitacion-esblau-suite\" style=\"--bg: url('\/wp-content\/uploads\/2026\/01\/habitacion-esblau-suite.jpg');\" aria-label=\"EsBlau Suite\">\n        <div class=\"esblau-room-panel__overlay\"><\/div>\n        <div class=\"esblau-room-panel__content\">\n          <h2 class=\"esblau-room-panel__title\">EsBlau Suite<\/h2>\n          <p class=\"esblau-room-panel__text\">\n La seva amplitud i terrassa privada converteixen aquesta suite en un espai pensat per gaudir del temps sense interrupcions. Ideal per a celebracions, escapades \u00faniques o simplement per viure l&#8217;hotel de manera m\u00e9s \u00edntima i diferenciada. \n          <\/p>\n          <a class=\"esblau-room-panel__cta\" href=\"https:\/\/esblaucdq.com\/ca\/esblau-suite-con-piscina-privada-en-cadaques\/\">Veure m\u00e9s informaci\u00f3<\/a>\n        <\/div>\n      <\/article>\n\n    <\/div>\n  <\/div>\n<\/section>\n<\/div>\n<\/section>\n\n\n\n<div class=\"gb-element-c9236973\">\n<div class=\"gb-element-38c98869\">\n<div class=\"gb-element-9961c397\">\n<h2 class=\"gb-text gb-text-a2a0e3ee\">Serveis<\/h2>\n<\/div>\n\n\n\n<div class=\"gb-element-36b3e328\">\n<div class=\"gb-element-9ee77c3c\">\n<p class=\"gb-text-ead5d0e9\"><span class=\"gb-shape\"><svg xmlns=\"http:\/\/www.w3.org\/2000\/svg\" viewBox=\"0 0 16 16\" class=\"bi bi-check2-square\" height=\"16\" width=\"16\">   <path d=\"M3 14.5A1.5 1.5 0 0 1 1.5 13V3A1.5 1.5 0 0 1 3 1.5h8a.5.5 0 0 1 0 1H3a.5.5 0 0 0-.5.5v10a.5.5 0 0 0 .5.5h10a.5.5 0 0 0 .5-.5V8a.5.5 0 0 1 1 0v5a1.5 1.5 0 0 1-1.5 1.5H3z\"><\/path>   <path d=\"m8.354 10.354 7-7a.5.5 0 0 0-.708-.708L8 9.293 5.354 6.646a.5.5 0 1 0-.708.708l3 3a.5.5 0 0 0 .708 0z\"><\/path> <\/svg><\/span><span class=\"gb-text\">Tovalloles<\/span><\/p>\n\n\n\n<p class=\"gb-text-9ef9a2f8\"><span class=\"gb-shape\"><svg xmlns=\"http:\/\/www.w3.org\/2000\/svg\" viewBox=\"0 0 16 16\" class=\"bi bi-check2-square\" height=\"16\" width=\"16\">   <path d=\"M3 14.5A1.5 1.5 0 0 1 1.5 13V3A1.5 1.5 0 0 1 3 1.5h8a.5.5 0 0 1 0 1H3a.5.5 0 0 0-.5.5v10a.5.5 0 0 0 .5.5h10a.5.5 0 0 0 .5-.5V8a.5.5 0 0 1 1 0v5a1.5 1.5 0 0 1-1.5 1.5H3z\"><\/path>   <path d=\"m8.354 10.354 7-7a.5.5 0 0 0-.708-.708L8 9.293 5.354 6.646a.5.5 0 1 0-.708.708l3 3a.5.5 0 0 0 .708 0z\"><\/path> <\/svg><\/span><span class=\"gb-text\">TV<\/span><\/p>\n\n\n\n<p class=\"gb-text-8e717516\"><span class=\"gb-shape\"><svg xmlns=\"http:\/\/www.w3.org\/2000\/svg\" viewBox=\"0 0 16 16\" class=\"bi bi-check2-square\" height=\"16\" width=\"16\">   <path d=\"M3 14.5A1.5 1.5 0 0 1 1.5 13V3A1.5 1.5 0 0 1 3 1.5h8a.5.5 0 0 1 0 1H3a.5.5 0 0 0-.5.5v10a.5.5 0 0 0 .5.5h10a.5.5 0 0 0 .5-.5V8a.5.5 0 0 1 1 0v5a1.5 1.5 0 0 1-1.5 1.5H3z\"><\/path>   <path d=\"m8.354 10.354 7-7a.5.5 0 0 0-.708-.708L8 9.293 5.354 6.646a.5.5 0 1 0-.708.708l3 3a.5.5 0 0 0 .708 0z\"><\/path> <\/svg><\/span><span class=\"gb-text\">Caixa de seguretat<\/span><\/p>\n\n\n\n<p class=\"gb-text-84575769\"><span class=\"gb-shape\"><svg xmlns=\"http:\/\/www.w3.org\/2000\/svg\" viewBox=\"0 0 16 16\" class=\"bi bi-check2-square\" height=\"16\" width=\"16\">   <path d=\"M3 14.5A1.5 1.5 0 0 1 1.5 13V3A1.5 1.5 0 0 1 3 1.5h8a.5.5 0 0 1 0 1H3a.5.5 0 0 0-.5.5v10a.5.5 0 0 0 .5.5h10a.5.5 0 0 0 .5-.5V8a.5.5 0 0 1 1 0v5a1.5 1.5 0 0 1-1.5 1.5H3z\"><\/path>   <path d=\"m8.354 10.354 7-7a.5.5 0 0 0-.708-.708L8 9.293 5.354 6.646a.5.5 0 1 0-.708.708l3 3a.5.5 0 0 0 .708 0z\"><\/path> <\/svg><\/span><span class=\"gb-text\">Balc\u00f3\/Terrassa<\/span><\/p>\n\n\n\n<p class=\"gb-text-f0566235\"><span class=\"gb-shape\"><svg xmlns=\"http:\/\/www.w3.org\/2000\/svg\" viewBox=\"0 0 16 16\" class=\"bi bi-check2-square\" height=\"16\" width=\"16\">   <path d=\"M3 14.5A1.5 1.5 0 0 1 1.5 13V3A1.5 1.5 0 0 1 3 1.5h8a.5.5 0 0 1 0 1H3a.5.5 0 0 0-.5.5v10a.5.5 0 0 0 .5.5h10a.5.5 0 0 0 .5-.5V8a.5.5 0 0 1 1 0v5a1.5 1.5 0 0 1-1.5 1.5H3z\"><\/path>   <path d=\"m8.354 10.354 7-7a.5.5 0 0 0-.708-.708L8 9.293 5.354 6.646a.5.5 0 1 0-.708.708l3 3a.5.5 0 0 0 .708 0z\"><\/path> <\/svg><\/span><span class=\"gb-text\">Lavabo amb dutxa<\/span><\/p>\n<\/div>\n\n\n\n<div class=\"gb-element-b03ecb84\">\n<p class=\"gb-text-8d45c337\"><span class=\"gb-shape\"><svg xmlns=\"http:\/\/www.w3.org\/2000\/svg\" viewBox=\"0 0 16 16\" class=\"bi bi-check2-square\" height=\"16\" width=\"16\">   <path d=\"M3 14.5A1.5 1.5 0 0 1 1.5 13V3A1.5 1.5 0 0 1 3 1.5h8a.5.5 0 0 1 0 1H3a.5.5 0 0 0-.5.5v10a.5.5 0 0 0 .5.5h10a.5.5 0 0 0 .5-.5V8a.5.5 0 0 1 1 0v5a1.5 1.5 0 0 1-1.5 1.5H3z\"><\/path>   <path d=\"m8.354 10.354 7-7a.5.5 0 0 0-.708-.708L8 9.293 5.354 6.646a.5.5 0 1 0-.708.708l3 3a.5.5 0 0 0 .708 0z\"><\/path> <\/svg><\/span><span class=\"gb-text\">Assecador de cabell<\/span><\/p>\n\n\n\n<p class=\"gb-text-73ef6d9d\"><span class=\"gb-shape\"><svg xmlns=\"http:\/\/www.w3.org\/2000\/svg\" viewBox=\"0 0 16 16\" class=\"bi bi-check2-square\" height=\"16\" width=\"16\">   <path d=\"M3 14.5A1.5 1.5 0 0 1 1.5 13V3A1.5 1.5 0 0 1 3 1.5h8a.5.5 0 0 1 0 1H3a.5.5 0 0 0-.5.5v10a.5.5 0 0 0 .5.5h10a.5.5 0 0 0 .5-.5V8a.5.5 0 0 1 1 0v5a1.5 1.5 0 0 1-1.5 1.5H3z\"><\/path>   <path d=\"m8.354 10.354 7-7a.5.5 0 0 0-.708-.708L8 9.293 5.354 6.646a.5.5 0 1 0-.708.708l3 3a.5.5 0 0 0 .708 0z\"><\/path> <\/svg><\/span><span class=\"gb-text\">Planxa de cabell<\/span><\/p>\n\n\n\n<p class=\"gb-text-9b7ddf7c\"><span class=\"gb-shape\"><svg xmlns=\"http:\/\/www.w3.org\/2000\/svg\" viewBox=\"0 0 16 16\" class=\"bi bi-check2-square\" height=\"16\" width=\"16\">   <path d=\"M3 14.5A1.5 1.5 0 0 1 1.5 13V3A1.5 1.5 0 0 1 3 1.5h8a.5.5 0 0 1 0 1H3a.5.5 0 0 0-.5.5v10a.5.5 0 0 0 .5.5h10a.5.5 0 0 0 .5-.5V8a.5.5 0 0 1 1 0v5a1.5 1.5 0 0 1-1.5 1.5H3z\"><\/path>   <path d=\"m8.354 10.354 7-7a.5.5 0 0 0-.708-.708L8 9.293 5.354 6.646a.5.5 0 1 0-.708.708l3 3a.5.5 0 0 0 .708 0z\"><\/path> <\/svg><\/span><span class=\"gb-text\">Cafetera<\/span><\/p>\n\n\n\n<p class=\"gb-text-6178dfee\"><span class=\"gb-shape\"><svg xmlns=\"http:\/\/www.w3.org\/2000\/svg\" viewBox=\"0 0 16 16\" class=\"bi bi-check2-square\" height=\"16\" width=\"16\">   <path d=\"M3 14.5A1.5 1.5 0 0 1 1.5 13V3A1.5 1.5 0 0 1 3 1.5h8a.5.5 0 0 1 0 1H3a.5.5 0 0 0-.5.5v10a.5.5 0 0 0 .5.5h10a.5.5 0 0 0 .5-.5V8a.5.5 0 0 1 1 0v5a1.5 1.5 0 0 1-1.5 1.5H3z\"><\/path>   <path d=\"m8.354 10.354 7-7a.5.5 0 0 0-.708-.708L8 9.293 5.354 6.646a.5.5 0 1 0-.708.708l3 3a.5.5 0 0 0 .708 0z\"><\/path> <\/svg><\/span><span class=\"gb-text\">Connexi\u00f3 wifi gratu\u00efta<\/span><\/p>\n\n\n\n<p class=\"gb-text-d128d673\"><span class=\"gb-shape\"><svg xmlns=\"http:\/\/www.w3.org\/2000\/svg\" viewBox=\"0 0 16 16\" class=\"bi bi-check2-square\" height=\"16\" width=\"16\">   <path d=\"M3 14.5A1.5 1.5 0 0 1 1.5 13V3A1.5 1.5 0 0 1 3 1.5h8a.5.5 0 0 1 0 1H3a.5.5 0 0 0-.5.5v10a.5.5 0 0 0 .5.5h10a.5.5 0 0 0 .5-.5V8a.5.5 0 0 1 1 0v5a1.5 1.5 0 0 1-1.5 1.5H3z\"><\/path>   <path d=\"m8.354 10.354 7-7a.5.5 0 0 0-.708-.708L8 9.293 5.354 6.646a.5.5 0 1 0-.708.708l3 3a.5.5 0 0 0 .708 0z\"><\/path> <\/svg><\/span><span class=\"gb-text\">Aire condicionat<\/span><\/p>\n<\/div>\n<\/div>\n\n\n\n<div class=\"gb-element-c4ea3928\">\n<p class=\"gb-text gb-text-5cc5598b\">Les fotografies de les habitacions s\u00f3n orientatives per a cada categoria. Podeu canviar el color o algun detall. <\/p>\n<\/div>\n<\/div>\n<\/div>\n\n\n\n<section class=\"gb-element-553c4718\">\n<div class=\"gb-element-8e7e0fbd\">\n<h2 class=\"gb-text gb-text-47cfedd0\">Preguntes freq\u00fcents sobre les habitacions<\/h2>\n\n\n<div id=\"rank-math-faq\" class=\"rank-math-block\">\n<div class=\"rank-math-list \">\n<div id=\"faq-question-1768934677365\" class=\"rank-math-list-item\">\n<h3 class=\"rank-math-question \">Quines vistes tenen les habitacions?<\/h3>\n<div class=\"rank-math-answer \">\n\n<p>La majoria de les habitacions tenen vista sobre el nucli antic de Cadaqu\u00e9s i els carrers empedrats. Nom\u00e9s des de la terrassa de l&#8217;Esblau Suite es gaudeixen de vistes parcials al mar. <\/p>\n\n<\/div>\n<\/div>\n<div id=\"faq-question-1768934679070\" class=\"rank-math-list-item\">\n<h3 class=\"rank-math-question \">Les habitacions tenen minibar?<\/h3>\n<div class=\"rank-math-answer \">\n\n<p>S\u00ed. Totes les habitacions disposen de minibar disponible com a cortesia per als hostes. <\/p>\n\n<\/div>\n<\/div>\n<div id=\"faq-question-1768934679822\" class=\"rank-math-list-item\">\n<h3 class=\"rank-math-question \">Hi ha WiFi a les habitacions?<\/h3>\n<div class=\"rank-math-answer \">\n\n<p>S\u00ed. L&#8217;hotel disposa de WiFi gratu\u00eft a totes les habitacions. <\/p>\n\n<\/div>\n<\/div>\n<\/div>\n<\/div><\/div>\n<\/section>\n\n\n\n<section class=\"gb-element-6f76327f\">\n<div class=\"gb-element-c492a87b\">\n<h2 class=\"gb-text gb-text-c174bad4\">Tens cap dubte abans de reservar?<\/h2>\n\n\n\n<p class=\"gb-text gb-text-d39b8f84\">Si necessites m\u00e9s informaci\u00f3 o vols resoldre qualsevol detall abans de confirmar la teva estada, no dubtis a posar-te en contacte amb nosaltres. Estarem encantats d&#8217;ajudar-te perqu\u00e8 la teva experi\u00e8ncia a Cadaqu\u00e9s comenci amb tranquil\u00b7litat i confian\u00e7a. <\/p>\n\n\n\n<a class=\"gb-text gb-text-c8060458\" href=\"https:\/\/esblaucdq.com\/ca\/contacte\/\">Contactar ara <\/a>\n<\/div>\n<\/section>\n","protected":false},"excerpt":{"rendered":"<p>Habitacions a Cadaqu\u00e9s dissenyades per gaudir amb calma Les habitacions de l&#8217;Hotel Boutique Es Blau han estat concebudes com a espais de descans, privadesa i equilibri. Cadascuna proposa una manera diferent de viure l&#8217;estada, mantenint sempre una mateixa ess\u00e8ncia: tranquil\u00b7litat, disseny contemporani i una experi\u00e8ncia pensada exclusivament per a adults. Totes les estances comparteixen una &#8230; <a title=\"Habitacions\" class=\"read-more\" href=\"https:\/\/esblaucdq.com\/ca\/habitaciones-en-cadaques\/\" aria-label=\"M\u00e9s informaci\u00f3 sobre Habitacions\">Read more<\/a><\/p>\n","protected":false},"author":1,"featured_media":0,"parent":0,"menu_order":0,"comment_status":"closed","ping_status":"closed","template":"","meta":{"footnotes":""},"class_list":["post-1919","page","type-page","status-publish"],"_links":{"self":[{"href":"https:\/\/esblaucdq.com\/ca\/wp-json\/wp\/v2\/pages\/1919","targetHints":{"allow":["GET"]}}],"collection":[{"href":"https:\/\/esblaucdq.com\/ca\/wp-json\/wp\/v2\/pages"}],"about":[{"href":"https:\/\/esblaucdq.com\/ca\/wp-json\/wp\/v2\/types\/page"}],"author":[{"embeddable":true,"href":"https:\/\/esblaucdq.com\/ca\/wp-json\/wp\/v2\/users\/1"}],"replies":[{"embeddable":true,"href":"https:\/\/esblaucdq.com\/ca\/wp-json\/wp\/v2\/comments?post=1919"}],"version-history":[{"count":6,"href":"https:\/\/esblaucdq.com\/ca\/wp-json\/wp\/v2\/pages\/1919\/revisions"}],"predecessor-version":[{"id":2419,"href":"https:\/\/esblaucdq.com\/ca\/wp-json\/wp\/v2\/pages\/1919\/revisions\/2419"}],"wp:attachment":[{"href":"https:\/\/esblaucdq.com\/ca\/wp-json\/wp\/v2\/media?parent=1919"}],"curies":[{"name":"wp","href":"https:\/\/api.w.org\/{rel}","templated":true}]}}