{"id":1923,"date":"2026-01-21T20:13:46","date_gmt":"2026-01-21T19:13:46","guid":{"rendered":"https:\/\/esblaucdq.com\/habitacion-superior-room\/"},"modified":"2026-03-17T18:47:21","modified_gmt":"2026-03-17T17:47:21","slug":"habitacion-superior-room","status":"publish","type":"page","link":"https:\/\/esblaucdq.com\/ca\/habitacion-superior-room\/","title":{"rendered":"Superior Room"},"content":{"rendered":"\n<section class=\"gb-element-32b8c4b6\">\n<div class=\"gb-element-7c94dd90\">\n<div class=\"gb-element-bf6b7bb5\">\n<p class=\"gb-text gb-text-37e5db61\">Superior Room<\/p>\n\n\n\n<h1 class=\"gb-text gb-text-40be5fc1\">Habitaci\u00f3 amb encant a Cadaqu\u00e9s<\/h1>\n\n\n\n<p class=\"gb-text gb-text-10241348\">La Superior Room est\u00e0 pensada per als que busquen descans, comoditat i una atmosfera cuidada a Cadaqu\u00e9s. Un espai acollidor i equilibrat, ideal per a parelles i viatgers adults que valoren la tranquil\u00b7litat, el disseny contemporani i la sensaci\u00f3 de sentir-se a gust des del primer moment. <\/p>\n<\/div>\n<\/div>\n<\/section>\n\n\n\n<section class=\"gb-element-a50f4693\" style=\"--inline-bg-image: url(https:\/\/esblaucdq.com\/wp-content\/uploads\/2026\/01\/azul--scaled.png)\">\n<div class=\"gb-element-4c6c58dc\">\n<div class=\"gb-element-16fa21bc\">\n<div class=\"gb-element-33341bfd\">\n<h2 class=\"gb-text gb-text-50dc27c1\">Una habitaci\u00f3 amb encant a Cadaqu\u00e9s pensada per descansar<\/h2>\n\n\n\n<h3 class=\"gb-text gb-text-52376c6b\">Espai ben distribu\u00eft per gaudir amb calma<\/h3>\n\n\n\n<p class=\"gb-text gb-text-22be62c8\">L&#8217;experi\u00e8ncia d&#8217;allotjar-se a la Superior Room es defineix per l&#8217;equilibri entre el confort i la senzillesa. <\/p>\n\n\n\n<p class=\"gb-text gb-text-ad6ca1c5\">Els seus 18 m\u00b2 han estat dissenyats per crear un espai llumin\u00f3s i funcional on cada element compleix una funci\u00f3 clara i contribueix a una sensaci\u00f3 general de benestar.<\/p>\n\n\n\n<p class=\"gb-text gb-text-e0337eef\">\u00c9s una habitaci\u00f3 ideal per a escapades tranquil\u00b7les en parella, caps de setmana de desconnexi\u00f3 o estades de diversos dies en qu\u00e8 el descans \u00e9s prioritari. <\/p>\n<\/div>\n\n\n\n<div class=\"gb-element-947a8505\" style=\"--inline-bg-image: url(https:\/\/esblaucdq.com\/wp-content\/uploads\/2026\/01\/habitacion-superior-room.jpg)\"><\/div>\n<\/div>\n<\/div>\n<\/section>\n\n\n\n<section class=\"gb-element-a4480639\" style=\"--inline-bg-image: url(https:\/\/esblaucdq.com\/wp-content\/uploads\/2026\/01\/azul--scaled.png)\">\n<div class=\"gb-element-6e1c5c3a\">\n<div class=\"gb-element-113d1611\">\n<div class=\"gb-element-a42cc32b\">\n<img loading=\"lazy\" decoding=\"async\" width=\"1400\" height=\"933\" class=\"gb-media-5f3adbf7\" alt=\"habitaci\u00f3 amb encant a Cadaqu\u00e9s\" title=\"DSCF0153-Modifica\" src=\"https:\/\/esblaucdq.com\/wp-content\/uploads\/2026\/01\/DSCF0153-Modifica.jpg\" srcset=\"https:\/\/esblaucdq.com\/wp-content\/uploads\/2026\/01\/DSCF0153-Modifica.jpg 1400w, https:\/\/esblaucdq.com\/wp-content\/uploads\/2026\/01\/DSCF0153-Modifica-300x200.jpg 300w, https:\/\/esblaucdq.com\/wp-content\/uploads\/2026\/01\/DSCF0153-Modifica-1024x682.jpg 1024w, https:\/\/esblaucdq.com\/wp-content\/uploads\/2026\/01\/DSCF0153-Modifica-768x512.jpg 768w\" sizes=\"auto, (max-width: 1400px) 100vw, 1400px\" \/>\n<\/div>\n\n\n\n<div class=\"gb-element-47f5b564\">\n<h2 class=\"gb-text gb-text-73835583\">Disseny i confort<\/h2>\n\n\n\n<h3 class=\"gb-text gb-text-b1b51fb2\">Un <mark style=\"background-color:rgba(0, 0, 0, 0)\" class=\"has-inline-color has-accent-color\">interior amb encant<\/mark> i personalitat<\/h3>\n\n\n\n<p class=\"gb-text gb-text-25fcc8af\">El disseny de Superior Room combina l\u00ednies contempor\u00e0nies amb una est\u00e8tica c\u00e0lida i equilibrada, inspirada en la llum i el car\u00e0cter mediterrani de Cadaqu\u00e9s.<\/p>\n\n\n\n<p class=\"gb-text gb-text-0dd289f9\"> La entrada de luz natural y una paleta de colores suaves ayudan a crear una atm\u00f3sfera acogedora, ordenada y agradable.<\/p>\n\n\n\n<p class=\"gb-text gb-text-29e6f5fa\">Els materials i els acabats han estat seleccionats per transmetre calma i harmonia, refor\u00e7ant la sensaci\u00f3 d&#8217;estar en un espai cuidat i ben pensat. <\/p>\n<\/div>\n<\/div>\n<\/div>\n<\/section>\n\n\n\n<section class=\"gb-element-167a77a4\">\n<div class=\"gb-element-bed356c0\">\n<div class=\"gb-element-ce114000\">\n<h2 class=\"gb-text gb-text-72d5a162\">Equipament i experi\u00e8ncia digital<\/h2>\n\n\n\n<h3 class=\"gb-text gb-text-aabe7efb\"><mark style=\"background-color:rgba(0, 0, 0, 0)\" class=\"has-inline-color has-accent-color\">Comoditat<\/mark> moderna sense complicacions<\/h3>\n\n\n\n<p class=\"gb-text gb-text-1be5d47a\">La Superior Room ofereix les comoditats necess\u00e0ries per a una estada fluida i confortable, integrades de forma discreta a l&#8217;espai per no trencar la sensaci\u00f3 de calma.<\/p>\n\n\n\n<p class=\"gb-text gb-text-6b0e86e3\">Tot est\u00e0 pensat per facilitar el descans i el benestar de l&#8217;hoste.<\/p>\n\n\n\n<p class=\"gb-text gb-text-5acf47bd\">L\u00b4experi\u00e8ncia digital de l\u00b4hotel permet accedir i gestionar l\u00b4estada de forma aut\u00f2noma, sense horaris r\u00edgids ni recepci\u00f3 f\u00edsica. <\/p>\n\n\n\n<p class=\"gb-text gb-text-c9fa7f95\">Aquesta forma d&#8217;allotjament aporta llibertat, privadesa i una relaci\u00f3 m\u00e9s directa amb el ritme de viatge propi.<\/p>\n<\/div>\n<\/div>\n<\/section>\n\n\n\n<section class=\"gb-element-7d4560e9\">\n<h2 class=\"gb-text gb-text-9d178d64\">Per qu\u00e8 escollir la Superior Room?<\/h2>\n\n\n\n<div class=\"gb-element-e84f0331\">\n<div class=\"gb-element-468c2f8d\" style=\"--inline-bg-image: url(https:\/\/esblaucdq.com\/wp-content\/uploads\/2026\/01\/IMG_5122.jpg)\"><\/div>\n\n\n\n<div class=\"gb-element-9649d28a\">\n<p class=\"gb-text-30751573\"><span class=\"gb-shape\"><svg viewBox=\"0 0 16 16\" class=\"bi bi-check2-square\" height=\"16\" width=\"16\" xmlns=\"http:\/\/www.w3.org\/2000\/svg\">   <path d=\"M3 14.5A1.5 1.5 0 0 1 1.5 13V3A1.5 1.5 0 0 1 3 1.5h8a.5.5 0 0 1 0 1H3a.5.5 0 0 0-.5.5v10a.5.5 0 0 0 .5.5h10a.5.5 0 0 0 .5-.5V8a.5.5 0 0 1 1 0v5a1.5 1.5 0 0 1-1.5 1.5H3z\"><\/path>   <path d=\"m8.354 10.354 7-7a.5.5 0 0 0-.708-.708L8 9.293 5.354 6.646a.5.5 0 1 0-.708.708l3 3a.5.5 0 0 0 .708 0z\"><\/path> <\/svg><\/span><span class=\"gb-text\"><strong>Habitaci\u00f3 de 18 m\u00b2 amb encant i bona distribuci\u00f3<\/strong><br>Un espai ben aprofitat que ofereix confort, ordre i una sensaci\u00f3 d&#8217;amplitud agradable.<\/span><\/p>\n\n\n\n<p class=\"gb-text-ba9cf32d\"><span class=\"gb-shape\"><svg viewBox=\"0 0 16 16\" class=\"bi bi-check2-square\" height=\"16\" width=\"16\" xmlns=\"http:\/\/www.w3.org\/2000\/svg\">   <path d=\"M3 14.5A1.5 1.5 0 0 1 1.5 13V3A1.5 1.5 0 0 1 3 1.5h8a.5.5 0 0 1 0 1H3a.5.5 0 0 0-.5.5v10a.5.5 0 0 0 .5.5h10a.5.5 0 0 0 .5-.5V8a.5.5 0 0 1 1 0v5a1.5 1.5 0 0 1-1.5 1.5H3z\"><\/path>   <path d=\"m8.354 10.354 7-7a.5.5 0 0 0-.708-.708L8 9.293 5.354 6.646a.5.5 0 1 0-.708.708l3 3a.5.5 0 0 0 .708 0z\"><\/path> <\/svg><\/span><span class=\"gb-text\"><strong>Disseny cura i ambient acollidor<\/strong><br>Una est\u00e8tica contempor\u00e0nia i c\u00e0lida que transmet calma i benestar des del primer moment.<\/span><\/p>\n\n\n\n<p class=\"gb-text-ff117220\"><span class=\"gb-shape\"><svg viewBox=\"0 0 16 16\" class=\"bi bi-check2-square\" height=\"16\" width=\"16\" xmlns=\"http:\/\/www.w3.org\/2000\/svg\">   <path d=\"M3 14.5A1.5 1.5 0 0 1 1.5 13V3A1.5 1.5 0 0 1 3 1.5h8a.5.5 0 0 1 0 1H3a.5.5 0 0 0-.5.5v10a.5.5 0 0 0 .5.5h10a.5.5 0 0 0 .5-.5V8a.5.5 0 0 1 1 0v5a1.5 1.5 0 0 1-1.5 1.5H3z\"><\/path>   <path d=\"m8.354 10.354 7-7a.5.5 0 0 0-.708-.708L8 9.293 5.354 6.646a.5.5 0 1 0-.708.708l3 3a.5.5 0 0 0 .708 0z\"><\/path> <\/svg><\/span><span class=\"gb-text\"><strong>Ideal per a parelles i viatgers adults<\/strong><br>Pensada per als que busquen tranquil\u00b7litat, silenci i una estada sense interrupcions.<\/span><\/p>\n\n\n\n<p class=\"gb-text-6592243b\"><span class=\"gb-shape\"><svg viewBox=\"0 0 16 16\" class=\"bi bi-check2-square\" height=\"16\" width=\"16\" xmlns=\"http:\/\/www.w3.org\/2000\/svg\">   <path d=\"M3 14.5A1.5 1.5 0 0 1 1.5 13V3A1.5 1.5 0 0 1 3 1.5h8a.5.5 0 0 1 0 1H3a.5.5 0 0 0-.5.5v10a.5.5 0 0 0 .5.5h10a.5.5 0 0 0 .5-.5V8a.5.5 0 0 1 1 0v5a1.5 1.5 0 0 1-1.5 1.5H3z\"><\/path>   <path d=\"m8.354 10.354 7-7a.5.5 0 0 0-.708-.708L8 9.293 5.354 6.646a.5.5 0 1 0-.708.708l3 3a.5.5 0 0 0 .708 0z\"><\/path> <\/svg><\/span><span class=\"gb-text\"><strong>Hotel boutique nom\u00e9s adults<\/strong><br>Un entorn ser\u00e8, dissenyat per garantir descans i una experi\u00e8ncia relaxada.<\/span><\/p>\n\n\n\n<p class=\"gb-text-c035d3bf\"><span class=\"gb-shape\"><svg viewBox=\"0 0 16 16\" class=\"bi bi-check2-square\" height=\"16\" width=\"16\" xmlns=\"http:\/\/www.w3.org\/2000\/svg\">   <path d=\"M3 14.5A1.5 1.5 0 0 1 1.5 13V3A1.5 1.5 0 0 1 3 1.5h8a.5.5 0 0 1 0 1H3a.5.5 0 0 0-.5.5v10a.5.5 0 0 0 .5.5h10a.5.5 0 0 0 .5-.5V8a.5.5 0 0 1 1 0v5a1.5 1.5 0 0 1-1.5 1.5H3z\"><\/path>   <path d=\"m8.354 10.354 7-7a.5.5 0 0 0-.708-.708L8 9.293 5.354 6.646a.5.5 0 1 0-.708.708l3 3a.5.5 0 0 0 .708 0z\"><\/path> <\/svg><\/span><span class=\"gb-text\"><strong>Ubicaci\u00f3 c\u00e8ntrica i tranquil\u00b7la a Cadaqu\u00e9s<\/strong><br>Al nucli hist\u00f2ric, permet descobrir el poble a peu i tornar a un espai silenci\u00f3s al final del dia.<\/span><\/p>\n<\/div>\n<\/div>\n<\/section>\n\n\n\n<section class=\"gb-element-13914584\">\n<div class=\"gb-element-2ecc7401\">\n<div class=\"gb-element-2385b9f1\">\n<div class=\"gb-element-5de5c6ee\">\n<h2 class=\"gb-text gb-text-f70dd55a\">Reserva la teva estada i submergeix-te a la bellesa i l&#8217;encant de Cadaqu\u00e9s<\/h2>\n<\/div>\n\n\n\n<div class=\"gb-element-ded87f2f\">\n<figure class=\"wp-block-image size-full is-resized\"><img loading=\"lazy\" decoding=\"async\" width=\"416\" height=\"344\" src=\"https:\/\/esblaucdq.com\/wp-content\/uploads\/2026\/01\/yellow-hearts.png\" alt=\"\" class=\"wp-image-1240\" style=\"width:120px\" srcset=\"https:\/\/esblaucdq.com\/wp-content\/uploads\/2026\/01\/yellow-hearts.png 416w, https:\/\/esblaucdq.com\/wp-content\/uploads\/2026\/01\/yellow-hearts-300x248.png 300w\" sizes=\"auto, (max-width: 416px) 100vw, 416px\" \/><\/figure>\n<\/div>\n<\/div>\n\n\n\n<div class=\"gb-element-c8185b16\">\n<div class=\"gb-element-10891cf6\">\n<script type=\"text\/javascript\" src=\"https:\/\/booking.hotelgest.com\/v4\/assets\/js\/main.js\"><\/script><style>div#hgContainer_1234{\n  width: 100%;\n}\n  \n  button.btn.trn.btn-success.col-hg-xs-12.button-hg {\n    background: #F9AC19!important;\n    text-transform: uppercase;\n    font-family: Montserrat, sans-serif;\n    font-weight: bold;\n  }\n  \n  .hgContainer .button-hg{\n    background: #F9AC19!important;\n  }\n  .hgContainer .container-hg {\n    width:auto;\n  }\n  section.bar-search {\n    background: #050228 !important;\n    \/*background-color: #050228 !important;*\/\n  }\n  \n  .hgContainer .form-control {\n  font-size: 16px;\nfont-family: Montserrat, sans-serif;\n}\n  \n.hgContainer .row-custom {\n  width: 100%;\n  margin: 0;\n  padding: 0;\n}\n<\/style><div id=\"hgContainer_1234\" style=\" width: 90%;margin: 0 auto;\" class=\"container-fluid hgContainer\"><\/div><script>var optionsHG = {\n                pcode: '1823', \/\/pon el c\u00f3digo de tu hotel\n                typo: 'calendar', \/\/required\n                lang: 'ca', \/\/required\n                index: 1234, \/\/required id container\n                min_occupancy:  1,\/\/required\n                max_occupancy: 6,\/\/required\n                target: '_blank' , \/* optional *\/\n                analitics: 'UA-26990615-2',\n                redirect_url: 'https:\/\/booking.hotelgest.com\/v4\/?pcode=1823' \n            };\n            \n            iniHG();\n<\/script>\n<\/div>\n\n\n\n<div class=\"gb-element-d033ff64\">\n<p class=\"gb-text gb-text-a3ef39c9\"><strong>10% de descompte<\/strong> al restaurant La Sal.<\/p>\n<\/div>\n<\/div>\n<\/div>\n<\/section>\n\n\n\n<section class=\"gb-element-553c4718\">\n<div class=\"gb-element-8e7e0fbd\">\n<h2 class=\"gb-text gb-text-47cfedd0\">Preguntas frecuentes sobre la Superior Room<\/h2>\n\n\n<div id=\"rank-math-faq\" class=\"rank-math-block\">\n<div class=\"rank-math-list \">\n<div id=\"faq-question-1768934677365\" class=\"rank-math-list-item\">\n<h3 class=\"rank-math-question \">La Superior Room \u00e9s adequada per a estades de diversos dies?<\/h3>\n<div class=\"rank-math-answer \">\n\n<p>S\u00ed. Gr\u00e0cies a la seva distribuci\u00f3 equilibrada ia la comoditat que ofereixen els seus 18 m\u00b2, la Superior Room \u00e9s adequada tant per a escapades curtes com per a estades de diversos dies. <\/p>\n\n<\/div>\n<\/div>\n<div id=\"faq-question-1768934679070\" class=\"rank-math-list-item\">\n<h3 class=\"rank-math-question \">Quin tipus de viatger encaixa millor amb aquesta habitaci\u00f3?<\/h3>\n<div class=\"rank-math-answer \">\n\n<p>La Superior Room est\u00e0 pensada per a parelles i viatgers adults que busquen descans, disseny i una experi\u00e8ncia tranquil\u00b7la a Cadaqu\u00e9s.<\/p>\n\n<\/div>\n<\/div>\n<div id=\"faq-question-1768934679822\" class=\"rank-math-list-item\">\n<h3 class=\"rank-math-question \">Com \u00e9s la distribuci\u00f3 de lhabitaci\u00f3?<\/h3>\n<div class=\"rank-math-answer \">\n\n<p>L\u00b4habitaci\u00f3 compta amb una distribuci\u00f3 funcional i ordenada, dissenyada per aprofitar l\u00b4espai i crear una sensaci\u00f3 d\u00b4amplitud i confort.<\/p>\n\n<\/div>\n<\/div>\n<div id=\"faq-question-1768934680862\" class=\"rank-math-list-item\">\n<h3 class=\"rank-math-question \">Com accedir a l&#8217;habitaci\u00f3?<\/h3>\n<div class=\"rank-math-answer \">\n\n<p>L&#8217;acc\u00e9s \u00e9s completament digital. Despr\u00e9s de la reserva, rebreu les instruccions necess\u00e0ries per accedir a l&#8217;hotel ia l&#8217;habitaci\u00f3 de forma aut\u00f2noma. <\/p>\n\n<\/div>\n<\/div>\n<div id=\"faq-question-1769021460726\" class=\"rank-math-list-item\">\n<h3 class=\"rank-math-question \">Qu\u00e8 diferencia aquesta habitaci\u00f3 dins de l&#8217;hotel?<\/h3>\n<div class=\"rank-math-answer \">\n\n<p>La Superior Room destaca pel seu equilibri entre disseny, confort i ambient acollidor, sent una opci\u00f3 especialment valorada pels que busquen una habitaci\u00f3 amb encant i tranquil\u00b7litat.<\/p>\n\n<\/div>\n<\/div>\n<\/div>\n<\/div><\/div>\n<\/section>\n\n\n\n<section class=\"gb-element-577b9472\">\n<div class=\"gb-element-11c4ceec\">\n<div class=\"gb-element-d18bc750\">\n<div class=\"gb-element-6f9e9e50\">\n<h2 class=\"gb-text gb-text-00c40cb8\">Reserva el teu Superior Room i gaudeix de Cadaqu\u00e9s amb calma<\/h2>\n\n\n\n<p class=\"gb-text gb-text-61fa70f6\">La Superior Room \u00e9s una opci\u00f3 ideal per als que es volen allotjar en una habitaci\u00f3 amb encant a Cadaqu\u00e9s, on el descans, el disseny i la tranquil\u00b7litat van de la m\u00e0. <\/p>\n\n\n\n<p class=\"gb-text gb-text-ad888ffc\">Consulta disponibilitat i reserva directament per assegurar la teva estada i viure el poble al teu ritme.<\/p>\n\n\n\n<div class=\"gb-element-c943e986\">\n<p class=\"gb-text-9457a9bb\"><span class=\"gb-shape\"><svg xmlns=\"http:\/\/www.w3.org\/2000\/svg\" aria-hidden=\"true\" role=\"img\" height=\"1em\" width=\"1em\" viewBox=\"0 0 384 512\"><path fill=\"currentColor\" d=\"M172.268 501.67C26.97 291.031 0 269.413 0 192 0 85.961 85.961 0 192 0s192 85.961 192 192c0 77.413-26.97 99.031-172.268 309.67-9.535 13.774-29.93 13.773-39.464 0zM192 272c44.183 0 80-35.817 80-80s-35.817-80-80-80-80 35.817-80 80 35.817 80 80 80z\"><\/path><\/svg><\/span><span class=\"gb-text\"><strong><a href=\"https:\/\/maps.app.goo.gl\/xiPSAWAyDSJZJdTC6\" target=\"_blank\" rel=\"noreferrer noopener\">Calle Vigilant, 12 &#8211; 17488 Cadaqu\u00e9s<\/a><\/strong><\/span><\/p>\n\n\n\n<p class=\"gb-text-040878db\"><span class=\"gb-shape\"><svg xmlns=\"http:\/\/www.w3.org\/2000\/svg\" aria-hidden=\"true\" role=\"img\" height=\"1em\" width=\"1em\" viewBox=\"0 0 512 512\"><path fill=\"currentColor\" d=\"M440 6.5L24 246.4c-34.4 19.9-31.1 70.8 5.7 85.9L144 379.6V464c0 46.4 59.2 65.5 86.6 28.6l43.8-59.1 111.9 46.2c5.9 2.4 12.1 3.6 18.3 3.6 8.2 0 16.3-2.1 23.6-6.2 12.8-7.2 21.6-20 23.9-34.5l59.4-387.2c6.1-40.1-36.9-68.8-71.5-48.9zM192 464v-64.6l36.6 15.1L192 464zm212.6-28.7l-153.8-63.5L391 169.5c10.7-15.5-9.5-33.5-23.7-21.2L155.8 332.6 48 288 464 48l-59.4 387.3z\"><\/path><\/svg><\/span><span class=\"gb-text\"><strong><a href=\"mailto:hola@esblaucdq.com\">hola@esblaucdq.com<\/a><\/strong><\/span><\/p>\n\n\n\n<p class=\"gb-text-64d27bce\"><span class=\"gb-shape\"><svg xmlns=\"http:\/\/www.w3.org\/2000\/svg\" aria-hidden=\"true\" role=\"img\" height=\"1em\" width=\"1em\" viewBox=\"0 0 512 512\"><path fill=\"currentColor\" d=\"M493.4 24.6l-104-24c-11.3-2.6-22.9 3.3-27.5 13.9l-48 112c-4.2 9.8-1.4 21.3 6.9 28l60.6 49.6c-36 76.7-98.9 140.5-177.2 177.2l-49.6-60.6c-6.8-8.3-18.2-11.1-28-6.9l-112 48C3.9 366.5-2 378.1.6 389.4l24 104C27.1 504.2 36.7 512 48 512c256.1 0 464-207.5 464-464 0-11.2-7.7-20.9-18.6-23.4z\"><\/path><\/svg><\/span><span class=\"gb-text\"><strong>+34 621 660 981<\/strong><\/span><\/p>\n<\/div>\n<\/div>\n\n\n\n<div class=\"gb-element-0d2f571d\">\n<iframe src=\"https:\/\/www.google.com\/maps\/embed?pb=!1m14!1m8!1m3!1d184.46977638812626!2d3.276678!3d42.288845!3m2!1i1024!2i768!4f13.1!3m3!1m2!1s0x12ba6f6a90431f6f%3A0xad8c17c2cac6a151!2sCarrer%20Vigilant%2C%2012%2C%2017488%20Cadaqu%C3%A9s%2C%20Girona%2C%20Spagna!5e0!3m2!1sit!2sit!4v1768844303342!5m2!1sit!2sit\" width=\"100%\" height=\"100%\" style=\"border:0;\" allowfullscreen=\"\" loading=\"lazy\" referrerpolicy=\"no-referrer-when-downgrade\"><\/iframe>\n<\/div>\n<\/div>\n<\/div>\n<\/section>\n\n\n\n<section class=\"gb-element-6f76327f\">\n<div class=\"gb-element-c492a87b\">\n<h2 class=\"gb-text gb-text-c174bad4\">Tens cap dubte abans de reservar?<\/h2>\n\n\n\n<p class=\"gb-text gb-text-d39b8f84\">Si necessites m\u00e9s informaci\u00f3 o vols resoldre qualsevol detall abans de confirmar la teva estada, no dubtis a posar-te en contacte amb nosaltres. Estarem encantats d&#8217;ajudar-te perqu\u00e8 la teva experi\u00e8ncia a Cadaqu\u00e9s comenci amb tranquil\u00b7litat i confian\u00e7a. <\/p>\n\n\n\n<a class=\"gb-text gb-text-c8060458\" href=\"https:\/\/esblaucdq.com\/ca\/contacte\/\">Contactar ara <\/a>\n<\/div>\n<\/section>\n","protected":false},"excerpt":{"rendered":"<p>Superior Room Habitaci\u00f3 amb encant a Cadaqu\u00e9s La Superior Room est\u00e0 pensada per als que busquen descans, comoditat i una atmosfera cuidada a Cadaqu\u00e9s. Un espai acollidor i equilibrat, ideal per a parelles i viatgers adults que valoren la tranquil\u00b7litat, el disseny contemporani i la sensaci\u00f3 de sentir-se a gust des del primer moment. Una &#8230; <a title=\"Superior Room\" class=\"read-more\" href=\"https:\/\/esblaucdq.com\/ca\/habitacion-superior-room\/\" aria-label=\"M\u00e9s informaci\u00f3 sobre Superior Room\">Read more<\/a><\/p>\n","protected":false},"author":1,"featured_media":0,"parent":0,"menu_order":0,"comment_status":"closed","ping_status":"closed","template":"","meta":{"footnotes":""},"class_list":["post-1923","page","type-page","status-publish"],"_links":{"self":[{"href":"https:\/\/esblaucdq.com\/ca\/wp-json\/wp\/v2\/pages\/1923","targetHints":{"allow":["GET"]}}],"collection":[{"href":"https:\/\/esblaucdq.com\/ca\/wp-json\/wp\/v2\/pages"}],"about":[{"href":"https:\/\/esblaucdq.com\/ca\/wp-json\/wp\/v2\/types\/page"}],"author":[{"embeddable":true,"href":"https:\/\/esblaucdq.com\/ca\/wp-json\/wp\/v2\/users\/1"}],"replies":[{"embeddable":true,"href":"https:\/\/esblaucdq.com\/ca\/wp-json\/wp\/v2\/comments?post=1923"}],"version-history":[{"count":5,"href":"https:\/\/esblaucdq.com\/ca\/wp-json\/wp\/v2\/pages\/1923\/revisions"}],"predecessor-version":[{"id":2422,"href":"https:\/\/esblaucdq.com\/ca\/wp-json\/wp\/v2\/pages\/1923\/revisions\/2422"}],"wp:attachment":[{"href":"https:\/\/esblaucdq.com\/ca\/wp-json\/wp\/v2\/media?parent=1923"}],"curies":[{"name":"wp","href":"https:\/\/api.w.org\/{rel}","templated":true}]}}