{"id":1926,"date":"2026-01-22T16:35:32","date_gmt":"2026-01-22T15:35:32","guid":{"rendered":"https:\/\/esblaucdq.com\/avis-legal\/"},"modified":"2026-02-13T17:16:42","modified_gmt":"2026-02-13T16:16:42","slug":"avis-legal","status":"publish","type":"page","link":"https:\/\/esblaucdq.com\/ca\/avis-legal\/","title":{"rendered":"Av\u00eds Legal"},"content":{"rendered":"\n<section class=\"gb-element-577b9472\">\n<div class=\"gb-element-11c4ceec\">\n<h1 class=\"gb-text gb-text-b71995e9\">Av\u00eds Legal<\/h1>\n\n\n\n<p class=\"gb-text gb-text-61fa70f6\"><strong>DADES IDENTIFICATIVES DEL PRESTADOR DE SERVEIS DE LA SOCIETAT DE LA INFORMACI\u00d3<\/strong><br>De conformitat amb el que disposa l&#8217;article 10 de la Llei 34\/2002, d&#8217;11 de juliol, de Serveis de la Societat de la Informaci\u00f3 i Comer\u00e7 Electr\u00f2nic (LSSI), posem en el seu coneixement la informaci\u00f3 seg\u00fcent: esblaucdq.com \u00e9s un domini d&#8217;Internet la gesti\u00f3 i explotaci\u00f3 del qual la efectua la societat ESBLAU CDQ S.L.9, amb CIF al Registre Mercantil al TOM 49211, FOLI 95, FULLA B 611757, INSCRIPCI\u00d3 1, societat situada a&lt; 0 &gt;C\/Tenerife 25, Sant Cugat del Vall\u00e8s (CA) \u2013 08172.<br>Telf.: +34 621 660 981, correu electr\u00f2nic: admin@esblaucdq.com. ESBLAU CDQ S.L., disposa dels permisos i les llic\u00e8ncies necess\u00e0ries per a l&#8217;exercici de les activitats pr\u00f2pies d&#8217;una ag\u00e8ncia de viatges. La utilitzaci\u00f3 per l&#8217;usuari dels serveis continguts a la p\u00e0gina web esblaucdq.com implica l&#8217;acceptaci\u00f3 expressa i sense reserves de totes i cadascuna de les previsions que cont\u00e9 aquest Av\u00eds Legal.<\/p>\n\n\n\n<p class=\"gb-text gb-text-aff7a324\"><br><strong>ACCEPTACI\u00d3 EXPRESSA I SENSE RESERVES<\/strong><br>La utilitzaci\u00f3 del lloc web esblaucdq.com atribueix la condici\u00f3 d&#8217;usuari, i implica l&#8217;acceptaci\u00f3 total expressa i sense reserves de totes i cadascuna de les disposicions incloses en aquest Av\u00eds Legal, a la versi\u00f3 publicada a esblaucdq.com en el mateix moment en qu\u00e8 l&#8217;usuari accedeixi a la Web. esblaucdq.com es reserva el dret, en exclusiva, de modificar l&#8217;\u201cAV\u00cdS LEGAL\u201d totes les vegades que estime necessari i sense necessitat de preav\u00eds. Per tant, s&#8217;aconsella a l&#8217;usuari la lectura de les disposicions presents quan decideixi fer \u00fas del lloc web esblaucdq.com.  <\/p>\n\n\n\n<p class=\"gb-text gb-text-e005a65c\">INFORMACI\u00d3 GENERAL I \u00daS DEL LLOC WEB<br>Aquest Av\u00eds legal regula l\u00fas daquesta p\u00e0gina web esblaucdq.com i ESBLAU CDQ S.L. es reserva el dret de modificar, limitar o cancel\u00b7lar els termes i condicions aplicables al lloc web. esblaucdq.com es reserva el dret a denegar o retirar l&#8217;acc\u00e9s al Portal i\/o als Serveis, en qualsevol moment i sense necessitat de previ av\u00eds a aquells usuaris o clients que incompleixin aquest av\u00eds legal. Les condicions exposades al present AV\u00cdS LEGAL queden sotmeses a la legislaci\u00f3 espanyola. Seran competents per con\u00e8ixer de qualsevol litigi que es derivi de les presents condicions els tribunals de Reus (Tarragona), a excepci\u00f3 que, segons el que disposa el Reial Decret Legislatiu 1\/2007, de 16 de novembre, pel qual s&#8217;aprova el text ref\u00f3s de la Llei General per a la Defensa dels Consumidors i Usuaris, el client o usuari del lloc consumidor o usuari, cas en qu\u00e8 seran competents els tribunals del domicili del consumidor. Aquest lloc web est\u00e0 destinat \u00fanicament i exclusivament per a \u00fas personal dels usuaris. Se&#8217;n prohibeix la modificaci\u00f3, reproducci\u00f3, duplicat, c\u00f2pia, distribuci\u00f3, venda, revenda i qualsevol altra forma d&#8217;explotaci\u00f3 sigui amb fins comercials o no. L&#8217;usuari es compromet a no utilitzar aquest lloc web per a finalitats il\u00b7legals o prohibides. En particular, l&#8217;usuari del lloc web accepta que nom\u00e9s pot utilitzar el lloc web per a si i que els productes o serveis adquirits a trav\u00e9s del lloc web seran destinats a un \u00fas o consum propi o de les persones en nom de les que estiguin legalment autoritzats per actuar i contractar. L&#8217;usuari no podr\u00e0 revendre els productes o serveis adquirits a trav\u00e9s del lloc web a altres persones.        <\/p>\n\n\n\n<p class=\"gb-text gb-text-81c4b8ca\"><strong>REN\u00daNCIA I LIMITACI\u00d3 DE LA RESPONSABILITAT<\/strong><br>La informaci\u00f3 i els serveis inclosos o disponibles a trav\u00e9s de les p\u00e0gines web poden incloure incorreccions o errors tipogr\u00e0fics, esblaucdq.com quedar\u00e0 exonerat, en la mesura que legalment sigui possible, pels possibles danys i perjudicis que poguessin causar els errors anteriorment esmentats. Peri\u00f2dicament s&#8217;incorporen canvis a la informaci\u00f3 continguda. esblaucdq.com pot introduir en qualsevol moment millores i\/o canvis als serveis o continguts.  <\/p>\n\n\n\n<p class=\"gb-text gb-text-2302caf9\">PROPIETAT INTEL\u00b7LECTUAL I INDUSTRIAL I MARQUES REGISTRADES<br>Tots els continguts, codis web, fotografies, marques, logotips, dibuixos, dissenys i qualsevol tipus d&#8217;informaci\u00f3 d&#8217;\u00edndole similar que figuri a la web d&#8217;esblaucdqa.com estan protegits pels drets de propietat intel\u00b7lectual i industrial i estan expressament reservats per ESBLAU CDQ S.L. o, si escau, per a les persones f\u00edsiques o jur\u00eddiques que figurin com a autors o titulars dels esmentats drets. La violaci\u00f3 dels drets anteriors ser\u00e0 perseguida dacord amb el que disposa la legislaci\u00f3 vigent. Queda terminantment prohibit qualsevol \u00fas del contingut del lloc web esblaucdq.com, incloses la reproducci\u00f3, modificaci\u00f3, distribuci\u00f3, transmissi\u00f3, posterior publicaci\u00f3, exhibici\u00f3 o representaci\u00f3 total o parcial del mateix, per a usos diferents de la leg\u00edtima informaci\u00f3 o contractaci\u00f3 pels usuaris dels serveis oferts. Aix\u00ed mateix, queda terminantment prohibida qualsevol classe d&#8217;utilitzaci\u00f3 de les imatges contingudes al lloc web d&#8217;esblaucdq.com fora del lloc web esmentat sense l&#8217;expr\u00e9s consentiment d&#8217;esblaucdq.com o dels seus prove\u00efdors.   <\/p>\n\n\n\n<p class=\"gb-text gb-text-71f83aae\"><strong>\u00daS DE FOTOGRAFIES I IL\u00b7LUSTRACIONS<\/strong><br>esblaucdq.com fa tot el possible perqu\u00e8 les fotografies i il\u00b7lustracions que mostra al vostre lloc web es corresponguin amb la realitat i ofereixin una representaci\u00f3 visual dels serveis que comercialitza. La finalitat de la inclusi\u00f3 d&#8217;aquestes imatges \u00e9s poder oferir al client una impressi\u00f3 m\u00e9s detallada dels serveis contractats. Aix\u00f2 no obstant, aquestes fotografies no s&#8217;han de considerar com una declaraci\u00f3 exacta dels serveis sin\u00f3 com a par\u00e0metre merament orientatiu dels mateixos.  <\/p>\n\n\n\n<p class=\"gb-text gb-text-26f541a0\"><strong>INFORMACI\u00d3 SOBRE ELS ENLLA\u00c7OS EXTERNS<\/strong><br>En cas que al portal web esblaucdq.com es disposessin enlla\u00e7os o hipervincles cap a altres llocs d&#8217;internet, esblaucdq.com no exercir\u00e0 cap mena de control sobre aquests llocs i continguts. En cap cas esblaucdq.com assumir\u00e0 cap responsabilitat pels continguts dels enlla\u00e7os, ni garantir\u00e0 la seva disponibilitat t\u00e8cnica, qualitat, fiabilitat o exactitud. esblaucdq.com no assumeix cap tipus de responsabilitat derivada de l&#8217;\u00fas o la visita de l&#8217;usuari a llocs web de tercers. Qualsevol \u00fas d&#8217;un enlla\u00e7 o acc\u00e9s a una Web de tercers \u00e9s realitzat per voluntat i risc exclusiu de l&#8217;usuari, esblaucdq.com no recomana ni garanteix cap informaci\u00f3 obtinguda a trav\u00e9s d&#8217;un enlla\u00e7 ali\u00e8 a la seva pr\u00f2pia p\u00e0gina web, ni es responsabilitza de cap p\u00e8rdua, dany, reclamaci\u00f3 o perjudici derivada de l&#8217;\u00fas o mal \u00fas d&#8217;un enlla\u00e7, o de la informaci\u00f3 obtinguda a trav\u00e9s Aix\u00ed mateix, la inclusi\u00f3 daquests enlla\u00e7os externs no implicar\u00e0 cap tipus dassociaci\u00f3, fusi\u00f3 o participaci\u00f3 amb les entitats connectades.    <\/p>\n\n\n\n<p class=\"gb-text gb-text-18247ce9\"><strong>EXEMPCI\u00d3 DE RESPONSABILITAT PER CAIGUDES DEL SERVEI O MALAMENT FUNCIONAMENT DEL LLOC WEB<\/strong><br>esblaucdq.com no es fa responsable, en cap cas, dels danys i perjudicis de qualsevol naturalesa que puguin ocasionar, a t\u00edtol enunciatiu: possibles errors o omissions en els continguts; manca de disponibilitat temporal o total del portal web; p\u00e8rdues de negoci degudes a qualsevol defecte t\u00e8cnic de la p\u00e0gina web; o la transmissi\u00f3 de virus o programes maliciosos. esblaucdq.com no garanteix que els continguts allotjats al portal web estiguin lliures d&#8217;errors o defectes t\u00e8cnics, aix\u00ed com tampoc no es fa responsable de les expectatives que els usuaris puguin tenir per l&#8217;\u00fas del lloc web. <\/p>\n\n\n\n<p class=\"gb-text gb-text-e1eab8b3\"><strong>PREUS I IMPOSTOS:<\/strong> Si res no es diu en contra, els preus que es mostren a l&#8217;oferta visible al client s\u00f3n els preus finals per persona i estada (IVA incl\u00f2s) que l&#8217;usuari haur\u00e0 d&#8217;abonar a esblaucdq.com. No obstant aix\u00f2, les autoritats locals de certes comunitats aut\u00f2nomes poden gravar impostos tur\u00edstics addicionals que s&#8217;han de pagar al lloc on es faci el viatge. Les ofertes exposades a la p\u00e0gina web indicaran tots els conceptes inclosos a la reserva, per tant, qualsevol altre servei no detallat a l&#8217;oferta s&#8217;entendr\u00e0 com a no incl\u00f2s i no formar\u00e0 part del contracte. Llevat que els ofertes indiquin expressament el contrari, qualsevol servei \u201cextra\u201d o addicional oferit pels diferents prestadors o prove\u00efdors de serveis, no s&#8217;inclour\u00e0 al contracte i, si escau, anir\u00e0 a c\u00e0rrec exclusiv del client i ser\u00e0 de pagament directe pel viatger al prove\u00efdor. esblaucdq.com podr\u00e0 declinar tot tipus de responsabilitat contractual en cas d&#8217;existir errors tipogr\u00e0fics o num\u00e8rics a les ofertes que suposin un error manifest i evident que no pogu\u00e9s passar desapercebut per a l&#8217;usuari mitj\u00e0. En aquests casos, esblaucdq.com actuar\u00e0 amb la dilig\u00e8ncia i rapidesa deguda per resoldre el possible error.     <\/p>\n\n\n\n<p class=\"gb-text gb-text-031b6a97\"><strong>COMPRA ON-LINE SEGUR:<\/strong> La seguretat \u00e9s una prioritat per a esblaucdq.com, per la qual cosa fem el m\u00e0xim esfor\u00e7 per assegurar que els nostres processos de transaccions siguin segurs i que la vostra informaci\u00f3 personal estigui protegida.<\/p>\n\n\n\n<p class=\"gb-text gb-text-7c419eb1\"><strong>GESTI\u00d3 DE RECLAMACIONS:<\/strong> Per a la gesti\u00f3 de reclamacions relacionades amb l&#8217;\u00fas d&#8217;aquest lloc web i les contractacions efectuades a trav\u00e9s d&#8217;aquest, el client o usuari haur\u00e0 d&#8217;adre\u00e7ar-se al departament d&#8217;atenci\u00f3 al client remetent les vostres queixes\/reclamacions mitjan\u00e7ant l&#8217;apartat de contacte que trobareu a la p\u00e0gina web d&#8217;esblaucdq.com. D&#8217;altra banda, de conformitat amb el que disposa la Directiva 2013\/11\/UE del Parlament Europeu i del Consell, de 21 de maig de 2013, relativa a la resoluci\u00f3 alternativa de litigis en mat\u00e8ria de consum, us informem que la Comissi\u00f3 Europea facilita una plataforma de resoluci\u00f3 de litigis en l\u00ednia que es troba disponible al seg\u00fcent enlla\u00e7: https:\/\/ec.europa. Els consumidors podran sotmetre les reclamacions a trav\u00e9s de la plataforma de resoluci\u00f3 de litigis en l\u00ednia. Si qualsevol cl\u00e0usula inclosa en aquest AV\u00cdS LEGAL fos declarada totalment o parcialment nul\u00b7la o inefica\u00e7, aquesta afectaci\u00f3 no es far\u00e0 extensiva a les altres previsions que no es considerin nul\u00b7les.  <\/p>\n\n\n\n<p class=\"gb-text gb-text-a3d4f7ff\"><strong>SUGGERIMENTS<\/strong><br>A esblaucdq.com ens preocupem per la qualitat dels nostres serveis i la comoditat dels nostres clients, \u00e9s per aix\u00f2 que habilitem un apartat de contacte a la nostra p\u00e0gina web amb l&#8217;objectiu que el client pugui enviar-nos els seus suggeriments per millorar els nostres serveis. Tamb\u00e9 ens pots enviar les teves aportacions a hola@esblaucdq.com. Recorda que si tens una reserva i vols fer qualsevol gesti\u00f3, la forma m\u00e9s r\u00e0pida i \u00e0gil \u00e9s l&#8217;apartat de contacte. Si escrius a aquest email per a gestions de reserves, \u00e9s possible que tardes m\u00e9s temps a rebre resposta   <\/p>\n<\/div>\n<\/section>\n","protected":false},"excerpt":{"rendered":"<p>Av\u00eds Legal DADES IDENTIFICATIVES DEL PRESTADOR DE SERVEIS DE LA SOCIETAT DE LA INFORMACI\u00d3De conformitat amb el que disposa l&#8217;article 10 de la Llei 34\/2002, d&#8217;11 de juliol, de Serveis de la Societat de la Informaci\u00f3 i Comer\u00e7 Electr\u00f2nic (LSSI), posem en el seu coneixement la informaci\u00f3 seg\u00fcent: esblaucdq.com \u00e9s un domini d&#8217;Internet la gesti\u00f3 &#8230; <a title=\"Av\u00eds Legal\" class=\"read-more\" href=\"https:\/\/esblaucdq.com\/ca\/avis-legal\/\" aria-label=\"M\u00e9s informaci\u00f3 sobre Av\u00eds Legal\">Read more<\/a><\/p>\n","protected":false},"author":1,"featured_media":0,"parent":0,"menu_order":0,"comment_status":"closed","ping_status":"closed","template":"","meta":{"footnotes":""},"class_list":["post-1926","page","type-page","status-publish"],"_links":{"self":[{"href":"https:\/\/esblaucdq.com\/ca\/wp-json\/wp\/v2\/pages\/1926","targetHints":{"allow":["GET"]}}],"collection":[{"href":"https:\/\/esblaucdq.com\/ca\/wp-json\/wp\/v2\/pages"}],"about":[{"href":"https:\/\/esblaucdq.com\/ca\/wp-json\/wp\/v2\/types\/page"}],"author":[{"embeddable":true,"href":"https:\/\/esblaucdq.com\/ca\/wp-json\/wp\/v2\/users\/1"}],"replies":[{"embeddable":true,"href":"https:\/\/esblaucdq.com\/ca\/wp-json\/wp\/v2\/comments?post=1926"}],"version-history":[{"count":2,"href":"https:\/\/esblaucdq.com\/ca\/wp-json\/wp\/v2\/pages\/1926\/revisions"}],"predecessor-version":[{"id":1928,"href":"https:\/\/esblaucdq.com\/ca\/wp-json\/wp\/v2\/pages\/1926\/revisions\/1928"}],"wp:attachment":[{"href":"https:\/\/esblaucdq.com\/ca\/wp-json\/wp\/v2\/media?parent=1926"}],"curies":[{"name":"wp","href":"https:\/\/api.w.org\/{rel}","templated":true}]}}