{"id":1959,"date":"2026-01-22T15:33:49","date_gmt":"2026-01-22T14:33:49","guid":{"rendered":"https:\/\/esblaucdq.com\/habitacion-romantica-en-cadaques-standard-room\/"},"modified":"2026-03-17T18:46:55","modified_gmt":"2026-03-17T17:46:55","slug":"habitacion-romantica-en-cadaques-standard-room","status":"publish","type":"page","link":"https:\/\/esblaucdq.com\/ca\/habitacion-romantica-en-cadaques-standard-room\/","title":{"rendered":"Standard Room"},"content":{"rendered":"\n<section class=\"gb-element-32b8c4b6\">\n<div class=\"gb-element-7c94dd90\">\n<div class=\"gb-element-bf6b7bb5\">\n<p class=\"gb-text gb-text-7301b670\">Standard Room<\/p>\n\n\n\n<h1 class=\"gb-text gb-text-40be5fc1\">Habitaci\u00f3 rom\u00e0ntica a Cadaqu\u00e9s<\/h1>\n\n\n\n<p class=\"gb-text gb-text-10241348\">La Standard Room \u00e9s un refugi \u00edntim creat per a parelles que volen gaudir de Cadaqu\u00e9s amb calma, proximitat i calidesa. Una habitaci\u00f3 acollidora, pensada per als qui valoren els petits detalls, el silenci i la sensaci\u00f3 de sentir-se a gust des del primer moment. <\/p>\n<\/div>\n<\/div>\n<\/section>\n\n\n\n<section class=\"gb-element-a50f4693\" style=\"--inline-bg-image: url(https:\/\/esblaucdq.com\/wp-content\/uploads\/2026\/01\/azul--scaled.png)\">\n<div class=\"gb-element-4c6c58dc\">\n<div class=\"gb-element-16fa21bc\">\n<div class=\"gb-element-33341bfd\">\n<h2 class=\"gb-text gb-text-50dc27c1\">Una habitaci\u00f3 rom\u00e0ntica a Cadaqu\u00e9s per compartir moments<\/h2>\n\n\n\n<h3 class=\"gb-text gb-text-52376c6b\">Un espai pensat per <mark style=\"background-color:rgba(0, 0, 0, 0)\" class=\"has-inline-color has-accent-color\">gaudir en parella<\/mark><\/h3>\n\n\n\n<p class=\"gb-text gb-text-22be62c8\">L&#8217;experi\u00e8ncia d&#8217;allotjar-se a la Standard Room es defineix per la seva atmosfera c\u00e0lida i envoltant. <\/p>\n\n\n\n<p class=\"gb-text gb-text-ad6ca1c5\">Els seus 15 m\u00b2 han estat dissenyats per crear un entorn acollidor, on cada element suma confort i refor\u00e7a una sensaci\u00f3 de recolliment i tranquil\u00b7litat.<\/p>\n\n\n\n<p class=\"gb-text gb-text-e0337eef\">\u00c9s una habitaci\u00f3 perfecta per a escapades rom\u00e0ntiques, caps de setmana en parella o celebracions \u00edntimes on l&#8217;important \u00e9s compartir temps sense interrupcions.<\/p>\n<\/div>\n\n\n\n<div class=\"gb-element-947a8505\" style=\"--inline-bg-image: url(https:\/\/esblaucdq.com\/wp-content\/uploads\/2026\/01\/habitacion-standard-room.jpg)\"><\/div>\n<\/div>\n<\/div>\n<\/section>\n\n\n\n<section class=\"gb-element-a4480639\" style=\"--inline-bg-image: url(https:\/\/esblaucdq.com\/wp-content\/uploads\/2026\/01\/azul--scaled.png)\">\n<div class=\"gb-element-6e1c5c3a\">\n<div class=\"gb-element-113d1611\">\n<div class=\"gb-element-72ba179b\" style=\"--inline-bg-image: url(https:\/\/esblaucdq.com\/wp-content\/uploads\/2026\/01\/habitacion-suite-cadaques-06.jpg)\"><\/div>\n\n\n\n<div class=\"gb-element-47f5b564\">\n<h2 class=\"gb-text gb-text-73835583\">Disseny i atmosfera<\/h2>\n\n\n\n<h3 class=\"gb-text gb-text-b1b51fb2\">Detalls que conviden a <mark style=\"background-color:rgba(0, 0, 0, 0)\" class=\"has-inline-color has-accent-color\">desconnectar<\/mark><\/h3>\n\n\n\n<p class=\"gb-text gb-text-25fcc8af\">El disseny de la Standard Room combina l\u00ednies contempor\u00e0nies amb una est\u00e8tica c\u00e0lida i acollidora, inspirada en la llum i el car\u00e0cter de Cadaqu\u00e9s. <\/p>\n\n\n\n<p class=\"gb-text gb-text-0dd289f9\">La il\u00b7luminaci\u00f3 suau, els materials seleccionats i una paleta de colors equilibrada creen una atmosfera serena i agradable.<\/p>\n\n\n\n<p class=\"gb-text gb-text-29e6f5fa\">Cada detall est\u00e0 pensat per transmetre intimitat i calma, refor\u00e7ant la sensaci\u00f3 de refugi.<\/p>\n<\/div>\n<\/div>\n<\/div>\n<\/section>\n\n\n\n<section class=\"gb-element-167a77a4\">\n<div class=\"gb-element-bed356c0\">\n<div class=\"gb-element-ce114000\">\n<h2 class=\"gb-text gb-text-72d5a162\">Confort i experi\u00e8ncia digital<\/h2>\n\n\n\n<h3 class=\"gb-text gb-text-aabe7efb\">Simplicitat, <mark style=\"background-color:rgba(0, 0, 0, 0)\" class=\"has-inline-color has-accent-color\">comoditat<\/mark> i autonomia<\/h3>\n\n\n\n<p class=\"gb-text gb-text-1be5d47a\">La Standard Room ofereix les comoditats necess\u00e0ries per gaudir d\u00b4una estada c\u00f2moda i sense complicacions. <\/p>\n\n\n\n<p class=\"gb-text gb-text-6b0e86e3\">Tot est\u00e0 integrat de forma discreta a l&#8217;espai, prioritzant la funcionalitat i el benestar sense sobrecarregar l&#8217;ambient.<\/p>\n\n\n\n<p class=\"gb-text gb-text-5acf47bd\">L&#8217;experi\u00e8ncia digital de l&#8217;hotel permet gestionar la vostra estada amb total autonomia, sense horaris r\u00edgids ni recepci\u00f3 f\u00edsica. <\/p>\n\n\n\n<p class=\"gb-text gb-text-c9fa7f95\">Aquesta forma d&#8217;allotjament aporta llibertat, privadesa i una sensaci\u00f3 de tranquil\u00b7litat que acompanya durant tota l&#8217;estada.<\/p>\n<\/div>\n<\/div>\n<\/section>\n\n\n\n<section class=\"gb-element-7d4560e9\">\n<h2 class=\"gb-text gb-text-9d178d64\">Per qu\u00e8 escollir la Standard Room?<\/h2>\n\n\n\n<div class=\"gb-element-e84f0331\">\n<div class=\"gb-element-468c2f8d\" style=\"--inline-bg-image: url(https:\/\/esblaucdq.com\/wp-content\/uploads\/2026\/01\/habitacion-juniorsuite-cadaques-06.jpg)\"><\/div>\n\n\n\n<div class=\"gb-element-9649d28a\">\n<p class=\"gb-text-30751573\"><span class=\"gb-shape\"><svg viewBox=\"0 0 16 16\" class=\"bi bi-check2-square\" height=\"16\" width=\"16\" xmlns=\"http:\/\/www.w3.org\/2000\/svg\">   <path d=\"M3 14.5A1.5 1.5 0 0 1 1.5 13V3A1.5 1.5 0 0 1 3 1.5h8a.5.5 0 0 1 0 1H3a.5.5 0 0 0-.5.5v10a.5.5 0 0 0 .5.5h10a.5.5 0 0 0 .5-.5V8a.5.5 0 0 1 1 0v5a1.5 1.5 0 0 1-1.5 1.5H3z\"><\/path>   <path d=\"m8.354 10.354 7-7a.5.5 0 0 0-.708-.708L8 9.293 5.354 6.646a.5.5 0 1 0-.708.708l3 3a.5.5 0 0 0 .708 0z\"><\/path> <\/svg><\/span><span class=\"gb-text\"><strong>Habitaci\u00f3 rom\u00e0ntica de 15 m\u00b2 acollidors i ben distribu\u00efts<\/strong><br>Un espai \u00edntim que ofereix confort i una agradable sensaci\u00f3 de recolliment, ideal per descansar i compartir temps en parella.<\/span><\/p>\n\n\n\n<p class=\"gb-text-ba9cf32d\"><span class=\"gb-shape\"><svg viewBox=\"0 0 16 16\" class=\"bi bi-check2-square\" height=\"16\" width=\"16\" xmlns=\"http:\/\/www.w3.org\/2000\/svg\">   <path d=\"M3 14.5A1.5 1.5 0 0 1 1.5 13V3A1.5 1.5 0 0 1 3 1.5h8a.5.5 0 0 1 0 1H3a.5.5 0 0 0-.5.5v10a.5.5 0 0 0 .5.5h10a.5.5 0 0 0 .5-.5V8a.5.5 0 0 1 1 0v5a1.5 1.5 0 0 1-1.5 1.5H3z\"><\/path>   <path d=\"m8.354 10.354 7-7a.5.5 0 0 0-.708-.708L8 9.293 5.354 6.646a.5.5 0 1 0-.708.708l3 3a.5.5 0 0 0 .708 0z\"><\/path> <\/svg><\/span><span class=\"gb-text\"><strong>Perfecta per a escapades rom\u00e0ntiques<\/strong><br>Pensada per a parelles que busquen tranquil\u00b7litat, silenci i un ambient c\u00e0lid on desconnectar plegats.<\/span><\/p>\n\n\n\n<p class=\"gb-text-ff117220\"><span class=\"gb-shape\"><svg viewBox=\"0 0 16 16\" class=\"bi bi-check2-square\" height=\"16\" width=\"16\" xmlns=\"http:\/\/www.w3.org\/2000\/svg\">   <path d=\"M3 14.5A1.5 1.5 0 0 1 1.5 13V3A1.5 1.5 0 0 1 3 1.5h8a.5.5 0 0 1 0 1H3a.5.5 0 0 0-.5.5v10a.5.5 0 0 0 .5.5h10a.5.5 0 0 0 .5-.5V8a.5.5 0 0 1 1 0v5a1.5 1.5 0 0 1-1.5 1.5H3z\"><\/path>   <path d=\"m8.354 10.354 7-7a.5.5 0 0 0-.708-.708L8 9.293 5.354 6.646a.5.5 0 1 0-.708.708l3 3a.5.5 0 0 0 .708 0z\"><\/path> <\/svg><\/span><span class=\"gb-text\"><strong>Hotel boutique nom\u00e9s adults<\/strong><br>Un entorn ser\u00e8, sense nens ni sorolls, dissenyat per garantir descans i privadesa.<\/span><\/p>\n\n\n\n<p class=\"gb-text-6592243b\"><span class=\"gb-shape\"><svg viewBox=\"0 0 16 16\" class=\"bi bi-check2-square\" height=\"16\" width=\"16\" xmlns=\"http:\/\/www.w3.org\/2000\/svg\">   <path d=\"M3 14.5A1.5 1.5 0 0 1 1.5 13V3A1.5 1.5 0 0 1 3 1.5h8a.5.5 0 0 1 0 1H3a.5.5 0 0 0-.5.5v10a.5.5 0 0 0 .5.5h10a.5.5 0 0 0 .5-.5V8a.5.5 0 0 1 1 0v5a1.5 1.5 0 0 1-1.5 1.5H3z\"><\/path>   <path d=\"m8.354 10.354 7-7a.5.5 0 0 0-.708-.708L8 9.293 5.354 6.646a.5.5 0 1 0-.708.708l3 3a.5.5 0 0 0 .708 0z\"><\/path> <\/svg><\/span><span class=\"gb-text\"><strong>Ambient tranquil i silenci\u00f3s<\/strong><br>Una habitaci\u00f3 que convida al descans ia la desconnexi\u00f3, lluny de l&#8217;enrenou i les presses.<\/span><\/p>\n\n\n\n<p class=\"gb-text-9ebe0e7d\"><span class=\"gb-shape\"><svg viewBox=\"0 0 16 16\" class=\"bi bi-check2-square\" height=\"16\" width=\"16\" xmlns=\"http:\/\/www.w3.org\/2000\/svg\">   <path d=\"M3 14.5A1.5 1.5 0 0 1 1.5 13V3A1.5 1.5 0 0 1 3 1.5h8a.5.5 0 0 1 0 1H3a.5.5 0 0 0-.5.5v10a.5.5 0 0 0 .5.5h10a.5.5 0 0 0 .5-.5V8a.5.5 0 0 1 1 0v5a1.5 1.5 0 0 1-1.5 1.5H3z\"><\/path>   <path d=\"m8.354 10.354 7-7a.5.5 0 0 0-.708-.708L8 9.293 5.354 6.646a.5.5 0 1 0-.708.708l3 3a.5.5 0 0 0 .708 0z\"><\/path> <\/svg><\/span><span class=\"gb-text\"><strong>Ubicaci\u00f3 c\u00e8ntrica a Cadaqu\u00e9s<\/strong><br>Al nucli hist\u00f2ric, permet descobrir el poble a peu i tornar a un espai \u00edntim i acollidor al final del dia.<\/span><\/p>\n<\/div>\n<\/div>\n<\/section>\n\n\n\n<section class=\"gb-element-13914584\">\n<div class=\"gb-element-2ecc7401\">\n<div class=\"gb-element-2385b9f1\">\n<div class=\"gb-element-5de5c6ee\">\n<h2 class=\"gb-text gb-text-f70dd55a\">Reserva la teva estada i submergeix-te a la bellesa i l&#8217;encant de <strong>Cadaqu\u00e9s<\/strong><\/h2>\n<\/div>\n\n\n\n<div class=\"gb-element-ded87f2f\">\n<figure class=\"wp-block-image size-full is-resized\"><img loading=\"lazy\" decoding=\"async\" width=\"416\" height=\"344\" src=\"https:\/\/esblaucdq.com\/wp-content\/uploads\/2026\/01\/yellow-hearts.png\" alt=\"\" class=\"wp-image-1240\" style=\"width:120px\" srcset=\"https:\/\/esblaucdq.com\/wp-content\/uploads\/2026\/01\/yellow-hearts.png 416w, https:\/\/esblaucdq.com\/wp-content\/uploads\/2026\/01\/yellow-hearts-300x248.png 300w\" sizes=\"auto, (max-width: 416px) 100vw, 416px\" \/><\/figure>\n<\/div>\n<\/div>\n\n\n\n<div class=\"gb-element-c8185b16\">\n<div class=\"gb-element-10891cf6\">\n<script type=\"text\/javascript\" src=\"https:\/\/booking.hotelgest.com\/v4\/assets\/js\/main.js\"><\/script><style>div#hgContainer_1234{\n  width: 100%;\n}\n  \n  button.btn.trn.btn-success.col-hg-xs-12.button-hg {\n    background: #F9AC19!important;\n    text-transform: uppercase;\n    font-family: Montserrat, sans-serif;\n    font-weight: bold;\n  }\n  \n  .hgContainer .button-hg{\n    background: #F9AC19!important;\n  }\n  .hgContainer .container-hg {\n    width:auto;\n  }\n  section.bar-search {\n    background: #050228 !important;\n    \/*background-color: #050228 !important;*\/\n  }\n  \n  .hgContainer .form-control {\n  font-size: 16px;\nfont-family: Montserrat, sans-serif;\n}\n  \n.hgContainer .row-custom {\n  width: 100%;\n  margin: 0;\n  padding: 0;\n}\n<\/style><div id=\"hgContainer_1234\" style=\" width: 90%;margin: 0 auto;\" class=\"container-fluid hgContainer\"><\/div><script>var optionsHG = {\n                pcode: '1823', \/\/pon el c\u00f3digo de tu hotel\n                typo: 'calendar', \/\/required\n                lang: 'ca', \/\/required\n                index: 1234, \/\/required id container\n                min_occupancy:  1,\/\/required\n                max_occupancy: 6,\/\/required\n                target: '_blank' , \/* optional *\/\n                analitics: 'UA-26990615-2',\n                redirect_url: 'https:\/\/booking.hotelgest.com\/v4\/?pcode=1823' \n            };\n            \n            iniHG();\n<\/script>\n<\/div>\n\n\n\n<div class=\"gb-element-d033ff64\">\n<p class=\"gb-text gb-text-a3ef39c9\"><strong>10% de descompte<\/strong> al restaurant La Sal.<\/p>\n<\/div>\n<\/div>\n<\/div>\n<\/section>\n\n\n\n<section class=\"gb-element-553c4718\">\n<div class=\"gb-element-8e7e0fbd\">\n<h2 class=\"gb-text gb-text-47cfedd0\">Preguntes freq\u00fcents sobre la Standard Room<\/h2>\n\n\n<div id=\"rank-math-faq\" class=\"rank-math-block\">\n<div class=\"rank-math-list \">\n<div id=\"faq-question-1768934677365\" class=\"rank-math-list-item\">\n<h3 class=\"rank-math-question \">La Standard Room \u00e9s adequada per a estades curtes?<\/h3>\n<div class=\"rank-math-answer \">\n\n<p>S\u00ed. La Standard Room \u00e9s ideal per a escapades rom\u00e0ntiques i estades curtes en qu\u00e8 es busca un espai \u00edntim, funcional i acollidor. <\/p>\n\n<\/div>\n<\/div>\n<div id=\"faq-question-1768934679070\" class=\"rank-math-list-item\">\n<h3 class=\"rank-math-question \">Quin tipus de viatger encaixa millor amb aquesta habitaci\u00f3?<\/h3>\n<div class=\"rank-math-answer \">\n\n<p>Est\u00e0 pensada per a parelles i viatgers adults que busquen un allotjament rom\u00e0ntic, tranquil i ben ubicat a Cadaqu\u00e9s.<\/p>\n\n<\/div>\n<\/div>\n<div id=\"faq-question-1768934679822\" class=\"rank-math-list-item\">\n<h3 class=\"rank-math-question \">Com \u00e9s el nivell de privadesa de l&#8217;habitaci\u00f3?<\/h3>\n<div class=\"rank-math-answer \">\n\n<p>L&#8217;habitaci\u00f3 ofereix un alt nivell de privadesa gr\u00e0cies al seu disseny, el seu ambient silenci\u00f3s i al concepte nom\u00e9s adults de l&#8217;hotel.<\/p>\n\n<\/div>\n<\/div>\n<div id=\"faq-question-1768934680862\" class=\"rank-math-list-item\">\n<h3 class=\"rank-math-question \">Com accedir a l&#8217;habitaci\u00f3?<\/h3>\n<div class=\"rank-math-answer \">\n\n<p>L&#8217;acc\u00e9s \u00e9s completament digital. Despr\u00e9s de la reserva, rebreu les instruccions necess\u00e0ries per accedir a l&#8217;hotel ia l&#8217;habitaci\u00f3 de forma aut\u00f2noma, sense recepci\u00f3 f\u00edsica ni esperes. <\/p>\n\n<\/div>\n<\/div>\n<div id=\"faq-question-1769021460726\" class=\"rank-math-list-item\">\n<h3 class=\"rank-math-question \">En qu\u00e8 es diferencia aquesta habitaci\u00f3 dins de l&#8217;hotel?<\/h3>\n<div class=\"rank-math-answer \">\n\n<p>La Standard Room destaca pel seu car\u00e0cter \u00edntim i acollidor, i \u00e9s una opci\u00f3 especialment valorada per parelles que busquen una escapada rom\u00e0ntica i tranquil\u00b7la.<\/p>\n\n<\/div>\n<\/div>\n<\/div>\n<\/div><\/div>\n<\/section>\n\n\n\n<section class=\"gb-element-577b9472\">\n<div class=\"gb-element-11c4ceec\">\n<div class=\"gb-element-d18bc750\">\n<div class=\"gb-element-6f9e9e50\">\n<h2 class=\"gb-text gb-text-00c40cb8\">Reserva el teu Standard Room i viu Cadaqu\u00e9s amb calma<\/h2>\n\n\n\n<p class=\"gb-text gb-text-61fa70f6\">La Standard Room \u00e9s una invitaci\u00f3 a gaudir de Cadaqu\u00e9s des d\u00b4un espai \u00edntim i acollidor, pensat per al descans i la connexi\u00f3 en parella. <\/p>\n\n\n\n<p class=\"gb-text gb-text-ad888ffc\">Consulta disponibilitat i reserva directament per assegurar la teva estada i viure una experi\u00e8ncia rom\u00e0ntica, tranquil\u00b7la i aut\u00e8ntica al cor del poble.<\/p>\n\n\n\n<div class=\"gb-element-c943e986\">\n<p class=\"gb-text-9457a9bb\"><span class=\"gb-shape\"><svg xmlns=\"http:\/\/www.w3.org\/2000\/svg\" aria-hidden=\"true\" role=\"img\" height=\"1em\" width=\"1em\" viewBox=\"0 0 384 512\"><path fill=\"currentColor\" d=\"M172.268 501.67C26.97 291.031 0 269.413 0 192 0 85.961 85.961 0 192 0s192 85.961 192 192c0 77.413-26.97 99.031-172.268 309.67-9.535 13.774-29.93 13.773-39.464 0zM192 272c44.183 0 80-35.817 80-80s-35.817-80-80-80-80 35.817-80 80 35.817 80 80 80z\"><\/path><\/svg><\/span><span class=\"gb-text\"><strong><a href=\"https:\/\/maps.app.goo.gl\/xiPSAWAyDSJZJdTC6\" target=\"_blank\" rel=\"noreferrer noopener\">Calle Vigilant, 12 &#8211; 17488 Cadaqu\u00e9s<\/a><\/strong><\/span><\/p>\n\n\n\n<p class=\"gb-text-040878db\"><span class=\"gb-shape\"><svg xmlns=\"http:\/\/www.w3.org\/2000\/svg\" aria-hidden=\"true\" role=\"img\" height=\"1em\" width=\"1em\" viewBox=\"0 0 512 512\"><path fill=\"currentColor\" d=\"M440 6.5L24 246.4c-34.4 19.9-31.1 70.8 5.7 85.9L144 379.6V464c0 46.4 59.2 65.5 86.6 28.6l43.8-59.1 111.9 46.2c5.9 2.4 12.1 3.6 18.3 3.6 8.2 0 16.3-2.1 23.6-6.2 12.8-7.2 21.6-20 23.9-34.5l59.4-387.2c6.1-40.1-36.9-68.8-71.5-48.9zM192 464v-64.6l36.6 15.1L192 464zm212.6-28.7l-153.8-63.5L391 169.5c10.7-15.5-9.5-33.5-23.7-21.2L155.8 332.6 48 288 464 48l-59.4 387.3z\"><\/path><\/svg><\/span><span class=\"gb-text\"><strong><a href=\"mailto:hola@esblaucdq.com\">hola@esblaucdq.com<\/a><\/strong><\/span><\/p>\n\n\n\n<p class=\"gb-text-64d27bce\"><span class=\"gb-shape\"><svg xmlns=\"http:\/\/www.w3.org\/2000\/svg\" aria-hidden=\"true\" role=\"img\" height=\"1em\" width=\"1em\" viewBox=\"0 0 512 512\"><path fill=\"currentColor\" d=\"M493.4 24.6l-104-24c-11.3-2.6-22.9 3.3-27.5 13.9l-48 112c-4.2 9.8-1.4 21.3 6.9 28l60.6 49.6c-36 76.7-98.9 140.5-177.2 177.2l-49.6-60.6c-6.8-8.3-18.2-11.1-28-6.9l-112 48C3.9 366.5-2 378.1.6 389.4l24 104C27.1 504.2 36.7 512 48 512c256.1 0 464-207.5 464-464 0-11.2-7.7-20.9-18.6-23.4z\"><\/path><\/svg><\/span><span class=\"gb-text\"><strong>+34 621 660 981<\/strong><\/span><\/p>\n<\/div>\n<\/div>\n\n\n\n<div class=\"gb-element-0d2f571d\">\n<iframe src=\"https:\/\/www.google.com\/maps\/embed?pb=!1m14!1m8!1m3!1d184.46977638812626!2d3.276678!3d42.288845!3m2!1i1024!2i768!4f13.1!3m3!1m2!1s0x12ba6f6a90431f6f%3A0xad8c17c2cac6a151!2sCarrer%20Vigilant%2C%2012%2C%2017488%20Cadaqu%C3%A9s%2C%20Girona%2C%20Spagna!5e0!3m2!1sit!2sit!4v1768844303342!5m2!1sit!2sit\" width=\"100%\" height=\"100%\" style=\"border:0;\" allowfullscreen=\"\" loading=\"lazy\" referrerpolicy=\"no-referrer-when-downgrade\"><\/iframe>\n<\/div>\n<\/div>\n<\/div>\n<\/section>\n\n\n\n<section class=\"gb-element-6f76327f\">\n<div class=\"gb-element-c492a87b\">\n<h2 class=\"gb-text gb-text-c174bad4\">Tens cap dubte abans de reservar?<\/h2>\n\n\n\n<p class=\"gb-text gb-text-d39b8f84\">Si necessites m\u00e9s informaci\u00f3 o vols resoldre qualsevol detall abans de confirmar la teva estada, no dubtis a posar-te en contacte amb nosaltres. Estarem encantats d&#8217;ajudar-te perqu\u00e8 la teva experi\u00e8ncia a Cadaqu\u00e9s comenci amb tranquil\u00b7litat i confian\u00e7a. <\/p>\n\n\n\n<a class=\"gb-text gb-text-c8060458\" href=\"https:\/\/esblaucdq.com\/ca\/contacte\/\">Contactar ara <\/a>\n<\/div>\n<\/section>\n","protected":false},"excerpt":{"rendered":"<p>Standard Room Habitaci\u00f3 rom\u00e0ntica a Cadaqu\u00e9s La Standard Room \u00e9s un refugi \u00edntim creat per a parelles que volen gaudir de Cadaqu\u00e9s amb calma, proximitat i calidesa. Una habitaci\u00f3 acollidora, pensada per als qui valoren els petits detalls, el silenci i la sensaci\u00f3 de sentir-se a gust des del primer moment. Una habitaci\u00f3 rom\u00e0ntica a &#8230; <a title=\"Standard Room\" class=\"read-more\" href=\"https:\/\/esblaucdq.com\/ca\/habitacion-romantica-en-cadaques-standard-room\/\" aria-label=\"M\u00e9s informaci\u00f3 sobre Standard Room\">Read more<\/a><\/p>\n","protected":false},"author":1,"featured_media":0,"parent":0,"menu_order":0,"comment_status":"closed","ping_status":"closed","template":"","meta":{"footnotes":""},"class_list":["post-1959","page","type-page","status-publish"],"_links":{"self":[{"href":"https:\/\/esblaucdq.com\/ca\/wp-json\/wp\/v2\/pages\/1959","targetHints":{"allow":["GET"]}}],"collection":[{"href":"https:\/\/esblaucdq.com\/ca\/wp-json\/wp\/v2\/pages"}],"about":[{"href":"https:\/\/esblaucdq.com\/ca\/wp-json\/wp\/v2\/types\/page"}],"author":[{"embeddable":true,"href":"https:\/\/esblaucdq.com\/ca\/wp-json\/wp\/v2\/users\/1"}],"replies":[{"embeddable":true,"href":"https:\/\/esblaucdq.com\/ca\/wp-json\/wp\/v2\/comments?post=1959"}],"version-history":[{"count":3,"href":"https:\/\/esblaucdq.com\/ca\/wp-json\/wp\/v2\/pages\/1959\/revisions"}],"predecessor-version":[{"id":2421,"href":"https:\/\/esblaucdq.com\/ca\/wp-json\/wp\/v2\/pages\/1959\/revisions\/2421"}],"wp:attachment":[{"href":"https:\/\/esblaucdq.com\/ca\/wp-json\/wp\/v2\/media?parent=1959"}],"curies":[{"name":"wp","href":"https:\/\/api.w.org\/{rel}","templated":true}]}}