{"id":2070,"date":"2026-01-21T16:31:34","date_gmt":"2026-01-21T15:31:34","guid":{"rendered":"https:\/\/esblaucdq.com\/cadaques\/"},"modified":"2026-02-17T16:19:21","modified_gmt":"2026-02-17T15:19:21","slug":"cadaques","status":"publish","type":"page","link":"https:\/\/esblaucdq.com\/fr\/cadaques\/","title":{"rendered":"Cadaqu\u00e9s"},"content":{"rendered":"\n<section class=\"gb-element-32b8c4b6\">\n<div class=\"gb-element-7c94dd90\">\n<div class=\"gb-element-bf6b7bb5\">\n<h1 class=\"gb-text gb-text-40be5fc1\">Que voir \u00e0 Cadaqu\u00e9s :<\/h1>\n\n\n\n<h2 class=\"gb-text gb-text-29d9d075\">Un guide pour d\u00e9couvrir l&rsquo;un des villages les plus exceptionnels de la M\u00e9diterran\u00e9e<\/h2>\n\n\n\n<p class=\"gb-text gb-text-10241348\">Cadaqu\u00e9s est une destination \u00e0 d\u00e9couvrir lentement. Ce village blanc en bord de mer, entour\u00e9 de paysages sauvages et dot\u00e9 d&rsquo;une forte identit\u00e9 culturelle, invite \u00e0 fl\u00e2ner, observer et savourer sans se presser.  <\/p>\n\n\n\n<p class=\"gb-text gb-text-85a0a666\">Situ\u00e9e \u00e0 l&rsquo;extr\u00e9mit\u00e9 orientale de la p\u00e9ninsule, au c\u0153ur de l&rsquo;Empord\u00e0, Cadaqu\u00e9s allie tradition maritime, art, nature et une atmosph\u00e8re sereine qu&rsquo;on a du mal \u00e0 trouver ailleurs sur la Costa Brava.<\/p>\n\n\n\n<p class=\"gb-text gb-text-f82e1c35\">Dans ce guide, vous trouverez une s\u00e9lection soigneusement choisie de lieux \u00e0 visiter \u00e0 Cadaqu\u00e9s et dans ses environs, des id\u00e9es pour profiter de la mer et de la nature, des suggestions culturelles et des conseils pratiques pour organiser votre visite. <\/p>\n<\/div>\n<\/div>\n<\/section>\n\n\n\n<div class=\"gb-element-212c80f9\">\n<section class=\"gb-element-479baa59\">\n<div class=\"gb-element-86595902\" style=\"--inline-bg-image: url(https:\/\/sites.generatepress.com\/plumber\/wp-content\/uploads\/sites\/117\/2021\/11\/karan-bhatia-ib7jwp7m0iA-unsplash.jpg)\"><\/div>\n\n\n\n<div class=\"gb-element-5446baa3\">\n<h2 class=\"gb-text gb-text-c135e054\">Monuments et lieux embl\u00e9matiques<\/h2>\n\n\n\n<h3 class=\"gb-text gb-text-0c7610ee\">La <mark style=\"background-color:rgba(0, 0, 0, 0)\" class=\"has-inline-color has-accent-color\">vieille ville<\/mark> et son essence<\/h3>\n\n\n\n<p class=\"gb-text gb-text-0137ab78\">Le c\u0153ur de Cadaqu\u00e9s r\u00e9side dans sa vieille ville, un r\u00e9seau de ruelles pav\u00e9es qui s&rsquo;\u00e9l\u00e8vent doucement depuis la mer.<\/p>\n\n\n\n<p class=\"gb-text gb-text-98628453\">Fl\u00e2ner dans le centre historique est l&rsquo;une des meilleures fa\u00e7ons de d\u00e9couvrir la ville : fa\u00e7ades blanches, portes color\u00e9es, bougainvilliers et petites places qui pr\u00e9servent intact le caract\u00e8re maritime d&rsquo;origine.<\/p>\n\n\n\n<p class=\"gb-text gb-text-ea859e5f\">Au sommet du centre-ville se dresse l&rsquo;\u00e9glise Santa Mar\u00eda, l&rsquo;un des monuments les plus embl\u00e9matiques de Cadaqu\u00e9s.<\/p>\n\n\n\n<p class=\"gb-text gb-text-6e4b3b47\">Ses environs offrent certaines des plus belles vues sur la ville et la baie. <\/p>\n\n\n\n<p class=\"gb-text gb-text-d3527c6b\">Tout au long du parcours, galeries d&rsquo;art, ateliers et petites boutiques rappellent les liens \u00e9troits qui unissent Cadaqu\u00e9s au monde de l&rsquo;art, liens qui ont fa\u00e7onn\u00e9 son identit\u00e9 pendant des d\u00e9cennies. <\/p>\n<\/div>\n<\/section>\n<\/div>\n\n\n\n<div class=\"gb-element-bc00d460\">\n<section class=\"gb-element-5b2e8961\">\n<div class=\"gb-element-d172d307\">\n<h2 class=\"gb-text gb-text-6d76bc77\">Plages et criques de Cadaqu\u00e9s<\/h2>\n\n\n\n<h3 class=\"gb-text gb-text-7916c482\">Criques, mer et paysage<\/h3>\n\n\n\n<p class=\"gb-text gb-text-b6190e2b\">Cadaqu\u00e9s poss\u00e8de plusieurs plages urbaines facilement accessibles, id\u00e9ales pour combiner promenades en ville et baignade paisible. <\/p>\n\n\n\n<p class=\"gb-text gb-text-bba544c1\">La plage principale, situ\u00e9e \u00e0 c\u00f4t\u00e9 de la vieille ville, est la plus connue et la plus anim\u00e9e, tandis que d&rsquo;autres, comme Es Poal ou Es Llan\u00e9, offrent une atmosph\u00e8re plus isol\u00e9e et d\u00e9tendue.<\/p>\n\n\n\n<p class=\"gb-text gb-text-913ad3b2\">Aux alentours du village se cachent des criques aux eaux transparentes et aux paysages rocheux, accessibles \u00e0 pied ou en voiture.Aux alentours du village se cachent des criques aux eaux transparentes et aux paysages rocheux, accessibles \u00e0 pied ou en voiture.<\/p>\n\n\n\n<p class=\"gb-text gb-text-81a942f5\">Ce sont des espaces parfaits pour ceux qui recherchent un contact direct avec la nature et un environnement moins fr\u00e9quent\u00e9.<\/p>\n\n\n\n<p class=\"gb-text gb-text-3791a941\">L&rsquo;exp\u00e9rience varie selon la crique : des zones accessibles et confortables aux coins plus sauvages o\u00f9 l&rsquo;on peut profiter du silence et de la mer. <\/p>\n<\/div>\n\n\n\n<div class=\"gb-element-ec01a2bc\" style=\"--inline-bg-image: url(https:\/\/sites.generatepress.com\/plumber\/wp-content\/uploads\/sites\/117\/2021\/11\/karan-bhatia-ib7jwp7m0iA-unsplash.jpg)\"><\/div>\n<\/section>\n<\/div>\n\n\n\n<div class=\"gb-element-4fa7a6f3\">\n<section class=\"gb-element-8bcd0767\">\n<div class=\"gb-element-d59dfc46\" style=\"--inline-bg-image: url(https:\/\/sites.generatepress.com\/plumber\/wp-content\/uploads\/sites\/117\/2021\/11\/karan-bhatia-ib7jwp7m0iA-unsplash.jpg)\"><\/div>\n\n\n\n<div class=\"gb-element-45f0d43f\">\n<h2 class=\"gb-text gb-text-613f5e4d\">Activit\u00e9s et exp\u00e9riences \u00e0 Cadaqu\u00e9s<\/h2>\n\n\n\n<h3 class=\"gb-text gb-text-b0357bac\">Nature, <mark style=\"background-color:rgba(0, 0, 0, 0)\" class=\"has-inline-color has-accent-color\">art et loisirs<\/mark><\/h3>\n\n\n\n<p class=\"gb-text gb-text-8711424e\">Outre les promenades et les moments pass\u00e9s au bord de la mer, Cadaqu\u00e9s offre de nombreuses autres activit\u00e9s. <\/p>\n\n\n\n<p class=\"gb-text gb-text-39a55cf6\">Les environs invitent \u00e0 explorer \u00e0 pied d&rsquo;anciens sentiers qui relient le village aux criques voisines et aux points de vue naturels. <\/p>\n\n\n\n<p class=\"gb-text gb-text-15f8bcfa\">Ce sont des itin\u00e9raires accessibles qui permettent de d\u00e9couvrir le paysage tranquillement, sans pr\u00e9cipitation ni difficult\u00e9 technique.<\/p>\n\n\n\n<p class=\"gb-text gb-text-595d37e2\">Cadaqu\u00e9s est \u00e9galement une destination profond\u00e9ment li\u00e9e \u00e0 l&rsquo;art et \u00e0 la culture.<\/p>\n\n\n\n<p class=\"gb-text gb-text-23259662\">Mus\u00e9es, expositions temporaires et \u00e9v\u00e9nements culturels font partie int\u00e9grante de la vie de la ville tout au long de l&rsquo;ann\u00e9e. <\/p>\n<\/div>\n<\/section>\n<\/div>\n\n\n\n<div class=\"gb-element-01619499\">\n<section class=\"gb-element-987a07ee\">\n<div class=\"gb-element-e05ed853\">\n<h2 class=\"gb-text gb-text-55312cdc\">Gastronomie locale<\/h2>\n\n\n\n<h3 class=\"gb-text gb-text-cc087ae5\">Saveurs de l&rsquo;Empord\u00e0<\/h3>\n\n\n\n<p class=\"gb-text gb-text-2ca02697\">La gastronomie de Cadaqu\u00e9s est \u00e9troitement li\u00e9e \u00e0 la mer et aux produits de l&rsquo;Empord\u00e0. <\/p>\n\n\n\n<p class=\"gb-text gb-text-37f75682\">Dans leurs restaurants, vous pourrez d\u00e9guster des plats traditionnels de poisson et de fruits de mer, des plats de riz, des suquets et des propositions alliant cuisine locale et approche contemporaine.<\/p>\n\n\n\n<p class=\"gb-text gb-text-a170c520\">Au-del\u00e0 des restaurants, l&rsquo;exp\u00e9rience gastronomique est compl\u00e9t\u00e9e par des march\u00e9s, des petites boutiques et des bars o\u00f9 vous pourrez d\u00e9guster des produits locaux dans une ambiance d\u00e9contract\u00e9e. <\/p>\n\n\n\n<p class=\"gb-text gb-text-3386f0db\">Manger \u00e0 Cadaqu\u00e9s fait partie int\u00e9grante du voyage et constitue une autre fa\u00e7on de se connecter au territoire et \u00e0 sa culture.<\/p>\n<\/div>\n\n\n\n<div class=\"gb-element-130eed10\" style=\"--inline-bg-image: url(https:\/\/sites.generatepress.com\/plumber\/wp-content\/uploads\/sites\/117\/2021\/11\/karan-bhatia-ib7jwp7m0iA-unsplash.jpg)\"><\/div>\n<\/section>\n<\/div>\n\n\n\n<div class=\"gb-element-d28bc646\">\n<section class=\"gb-element-e2464305\">\n<div class=\"gb-element-1d7c7e8a\" style=\"--inline-bg-image: url(https:\/\/sites.generatepress.com\/plumber\/wp-content\/uploads\/sites\/117\/2021\/11\/karan-bhatia-ib7jwp7m0iA-unsplash.jpg)\"><\/div>\n\n\n\n<div class=\"gb-element-f8f679f8\">\n<h2 class=\"gb-text gb-text-0b1dd654\">Cadaqu\u00e9s et le parc naturel du Cap de Creus<\/h2>\n\n\n\n<h3 class=\"gb-text gb-text-a6bc83a4\">La nature sauvage \u00e0 quelques minutes seulement<\/h3>\n\n\n\n<p class=\"gb-text gb-text-f9bdd17c\">Cadaqu\u00e9s est l&rsquo;une des principales portes d&rsquo;entr\u00e9e du Parc Naturel du Cap de Creus, une zone prot\u00e9g\u00e9e d&rsquo;une grande valeur paysag\u00e8re. <\/p>\n\n\n\n<p class=\"gb-text gb-text-c0ad2e55\">Le contraste entre la mer, les formations rocheuses et la v\u00e9g\u00e9tation cr\u00e9e un environnement unique, id\u00e9al pour ceux qui appr\u00e9cient la nature \u00e0 l&rsquo;\u00e9tat pur.<\/p>\n\n\n\n<p class=\"gb-text gb-text-05e3ceea\">Depuis le village, il est facile d&rsquo;acc\u00e9der aux diff\u00e9rents points du parc, que ce soit \u00e0 pied, en voiture ou par le biais d&rsquo;excursions organis\u00e9es.<\/p>\n\n\n\n<p class=\"gb-text gb-text-7fc4228a\">Le Cap de Creus offre des sentiers de randonn\u00e9e, des points de vue et des criques immacul\u00e9es o\u00f9 vous pourrez contempler un paysage quasiment intact.<\/p>\n<\/div>\n<\/section>\n<\/div>\n\n\n\n<section class=\"gb-element-a50f4693\" style=\"--inline-bg-image: url(https:\/\/esblaucdq.com\/wp-content\/uploads\/2026\/01\/azul--scaled.png)\">\n<div class=\"gb-element-4c6c58dc\">\n<div class=\"gb-element-16fa21bc\">\n<div class=\"gb-element-33341bfd\">\n<h2 class=\"gb-text gb-text-50dc27c1\">O\u00f9 s\u00e9journer \u00e0 Cadaqu\u00e9s<\/h2>\n\n\n\n<p class=\"gb-text gb-text-22be62c8\">Choisir le bon endroit o\u00f9 s\u00e9journer est essentiel pour profiter pleinement de l&rsquo;exp\u00e9rience Cadaqu\u00e9s.<\/p>\n\n\n\n<p class=\"gb-text gb-text-ad6ca1c5\">La ville invite \u00e0 se d\u00e9placer \u00e0 pied, \u00e0 ralentir le rythme et \u00e0 se d\u00e9tendre apr\u00e8s une journ\u00e9e \u00e0 la plage, en pleine nature ou \u00e0 fl\u00e2ner dans la vieille ville. <\/p>\n\n\n\n<p class=\"gb-text gb-text-e7c92198\">C\u2019est pourquoi de nombreux voyageurs recherchent des h\u00e9bergements centraux, calmes et bien int\u00e9gr\u00e9s \u00e0 l\u2019environnement.<\/p>\n\n\n\n<p class=\"gb-text gb-text-f05873d0\">Dans ce contexte, l\u2019H\u00f4tel Boutique Es Blau propose un mode de s\u00e9jour en harmonie avec le caract\u00e8re du village.<\/p>\n\n\n\n<p class=\"gb-text gb-text-94e6ea21\">Situ\u00e9 dans le centre historique et con\u00e7u comme un h\u00f4tel r\u00e9serv\u00e9 aux adultes, il offre une exp\u00e9rience bas\u00e9e sur le calme, un design contemporain et un repos absolu.<\/p>\n<\/div>\n\n\n\n<div class=\"gb-element-94ee275b\">\n<img loading=\"lazy\" decoding=\"async\" width=\"1400\" height=\"933\" class=\"gb-media-ca30887e\" alt=\"\" title=\"habitacion-superior-room\" src=\"https:\/\/esblaucdq.com\/wp-content\/uploads\/2026\/01\/habitacion-superior-room.jpg\" srcset=\"https:\/\/esblaucdq.com\/wp-content\/uploads\/2026\/01\/habitacion-superior-room.jpg 1400w, https:\/\/esblaucdq.com\/wp-content\/uploads\/2026\/01\/habitacion-superior-room-300x200.jpg 300w, https:\/\/esblaucdq.com\/wp-content\/uploads\/2026\/01\/habitacion-superior-room-1024x682.jpg 1024w, https:\/\/esblaucdq.com\/wp-content\/uploads\/2026\/01\/habitacion-superior-room-768x512.jpg 768w\" sizes=\"auto, (max-width: 1400px) 100vw, 1400px\" \/>\n\n\n<div\n\tclass=\"alignwide alignwide wp-block-evb-slider\"\tid='evssSlider-1'\n\tdata-attributes='{&quot;slides&quot;:[{&quot;background&quot;:&quot;background: url(https:\\\/\\\/esblaucdq.com\\\/wp-content\\\/uploads\\\/2026\\\/01\\\/DSC01418.jpg) center center \\\/ cover no-repeat;;;;;;;;&quot;,&quot;content&quot;:&quot;&quot;,&quot;contentStyle&quot;:{&quot;color&quot;:&quot;&quot;,&quot;bg&quot;:&quot;background-color: #0000;&quot;}},{&quot;background&quot;:&quot;background: url(https:\\\/\\\/esblaucdq.com\\\/wp-content\\\/uploads\\\/2026\\\/01\\\/habitacion-juniorsuite-cadaques-05.jpg) center center \\\/ cover no-repeat;;;&quot;,&quot;content&quot;:&quot;&quot;,&quot;contentStyle&quot;:{&quot;color&quot;:&quot;&quot;,&quot;bg&quot;:&quot;background-color: #0000;&quot;}},{&quot;background&quot;:&quot;background: url(https:\\\/\\\/esblaucdq.com\\\/wp-content\\\/uploads\\\/2026\\\/01\\\/habitacion-esblau-suite.jpg) center center \\\/ cover no-repeat;;;&quot;,&quot;content&quot;:&quot;&quot;,&quot;contentStyle&quot;:{&quot;color&quot;:&quot;&quot;,&quot;bg&quot;:&quot;background-color: #0000;&quot;}},{&quot;background&quot;:&quot;background: url(https:\\\/\\\/esblaucdq.com\\\/wp-content\\\/uploads\\\/2026\\\/01\\\/habitacion-juniorsuite-cadaques-06.jpg) center center \\\/ cover no-repeat;;;;&quot;,&quot;content&quot;:&quot;&quot;,&quot;contentStyle&quot;:{&quot;color&quot;:&quot;&quot;,&quot;bg&quot;:&quot;background-color: #0000;&quot;}},{&quot;background&quot;:&quot;background: url(https:\\\/\\\/esblaucdq.com\\\/wp-content\\\/uploads\\\/2026\\\/01\\\/habitacion-standard-room.jpg) center center \\\/ cover no-repeat;;&quot;,&quot;content&quot;:&quot;&quot;}],&quot;layout&quot;:{&quot;width&quot;:{&quot;desktop&quot;:&quot;100%&quot;,&quot;tablet&quot;:&quot;&quot;,&quot;mobile&quot;:&quot;&quot;},&quot;height&quot;:{&quot;desktop&quot;:&quot;120px&quot;,&quot;tablet&quot;:&quot;&quot;,&quot;mobile&quot;:&quot;&quot;},&quot;align&quot;:{&quot;desktop&quot;:&quot;center&quot;,&quot;tablet&quot;:&quot;&quot;,&quot;mobile&quot;:&quot;&quot;}},&quot;options&quot;:{&quot;breakpoints&quot;:{&quot;0&quot;:{&quot;slidesPerView&quot;:1,&quot;spaceBetween&quot;:15},&quot;481&quot;:{&quot;slidesPerView&quot;:2,&quot;spaceBetween&quot;:20},&quot;961&quot;:{&quot;slidesPerView&quot;:3,&quot;spaceBetween&quot;:10}},&quot;dir&quot;:&quot;ltr&quot;,&quot;direction&quot;:&quot;horizontal&quot;,&quot;centeredSlides&quot;:false,&quot;initialSlide&quot;:0,&quot;grabCursor&quot;:false,&quot;slideToClickedSlide&quot;:false,&quot;effect&quot;:&quot;slide&quot;,&quot;fadeEffect&quot;:{&quot;crossFade&quot;:false},&quot;cubeEffect&quot;:{&quot;slideShadows&quot;:true,&quot;shadow&quot;:true,&quot;shadowOffset&quot;:20,&quot;shadowScale&quot;:0.94},&quot;flipEffect&quot;:{&quot;slideShadows&quot;:true,&quot;limitRotation&quot;:true},&quot;coverflowEffect&quot;:{&quot;slideShadows&quot;:true,&quot;depth&quot;:100,&quot;rotate&quot;:50,&quot;scale&quot;:1,&quot;stretch&quot;:0,&quot;modifier&quot;:1},&quot;cardsEffect&quot;:{&quot;slideShadows&quot;:true,&quot;rotate&quot;:true,&quot;perSlideOffset&quot;:8,&quot;perSlideRotate&quot;:2},&quot;creativeEffect&quot;:{&quot;prev&quot;:{&quot;translate&quot;:[0,0,0],&quot;rotate&quot;:[0,0,0],&quot;opacity&quot;:1,&quot;scale&quot;:1,&quot;shadow&quot;:true,&quot;origin&quot;:&quot;left bottom&quot;},&quot;next&quot;:{&quot;translate&quot;:[0,0,0],&quot;rotate&quot;:[0,0,0],&quot;opacity&quot;:1,&quot;scale&quot;:1,&quot;shadow&quot;:true,&quot;origin&quot;:&quot;left bottom&quot;},&quot;limitProgress&quot;:1,&quot;perspective&quot;:true,&quot;progressMultiplier&quot;:1,&quot;shadowPerProgress&quot;:false},&quot;speed&quot;:2000,&quot;timingFunction&quot;:&quot;cubic-bezier(0.25, 0.1, 0.25, 1.0)&quot;,&quot;loop&quot;:{&quot;mode&quot;:&quot;disabled&quot;,&quot;addBlankSlides&quot;:false,&quot;additionalSlides&quot;:0},&quot;autoplay&quot;:{&quot;enabled&quot;:true,&quot;delay&quot;:2000,&quot;pauseOnMouseEnter&quot;:false,&quot;disableOnInteraction&quot;:true,&quot;reverseDirection&quot;:false,&quot;stopOnLastSlide&quot;:false},&quot;navigation&quot;:{&quot;enabled&quot;:true,&quot;hideOnClick&quot;:false},&quot;pagination&quot;:{&quot;enabled&quot;:true,&quot;hideOnClick&quot;:false,&quot;type&quot;:&quot;bullets&quot;,&quot;clickable&quot;:true,&quot;dynamicBullets&quot;:false,&quot;dynamicMainBullets&quot;:1,&quot;progressbarOpposite&quot;:false},&quot;scrollbar&quot;:{&quot;enabled&quot;:false,&quot;draggable&quot;:false,&quot;hide&quot;:true,&quot;snapOnRelease&quot;:false},&quot;freeMode&quot;:{&quot;enabled&quot;:false,&quot;sticky&quot;:false,&quot;momentum&quot;:true,&quot;momentumRatio&quot;:1,&quot;minimumVelocity&quot;:0.02,&quot;momentumVelocityRatio&quot;:1,&quot;momentumBounce&quot;:true,&quot;momentumBounceRatio&quot;:1},&quot;keyboard&quot;:{&quot;enabled&quot;:false,&quot;onlyInViewport&quot;:true,&quot;pageUpDown&quot;:false},&quot;mousewheel&quot;:{&quot;enabled&quot;:false,&quot;forceToAxis&quot;:false,&quot;invert&quot;:false,&quot;releaseOnEdges&quot;:false,&quot;sensitivity&quot;:1,&quot;thresholdDelta&quot;:null,&quot;thresholdTime&quot;:null},&quot;parallax&quot;:false,&quot;accessibility&quot;:{&quot;enabled&quot;:true},&quot;zoom&quot;:{&quot;toggle&quot;:false,&quot;minRatio&quot;:1,&quot;maxRatio&quot;:3,&quot;limitToOriginalSize&quot;:false}},&quot;design&quot;:{&quot;slide&quot;:{&quot;padding&quot;:&quot;&quot;,&quot;border&quot;:[],&quot;radius&quot;:&quot;&quot;},&quot;content&quot;:{&quot;maxWidth&quot;:&quot;100%&quot;,&quot;textAlign&quot;:&quot;left&quot;,&quot;horizontalAlign&quot;:&quot;start&quot;,&quot;verticalAlign&quot;:&quot;start&quot;,&quot;padding&quot;:&quot;15px 15px 15px 15px&quot;},&quot;creative&quot;:{&quot;preset&quot;:&quot;default&quot;},&quot;navigation&quot;:{&quot;icon&quot;:&quot;chevron&quot;,&quot;iconSize&quot;:44,&quot;placement&quot;:&quot;inside&quot;,&quot;position&quot;:&quot;center&quot;,&quot;color&quot;:&quot;#f9ac19&quot;},&quot;pagination&quot;:{&quot;placement&quot;:&quot;inside&quot;,&quot;side&quot;:&quot;bottom&quot;,&quot;position&quot;:&quot;center&quot;,&quot;width&quot;:&quot;8px&quot;,&quot;height&quot;:&quot;8px&quot;,&quot;radius&quot;:&quot;50%&quot;,&quot;gap&quot;:&quot;8px&quot;,&quot;color&quot;:&quot;#333&quot;,&quot;background&quot;:&quot;#fff&quot;},&quot;scrollbar&quot;:{&quot;position&quot;:&quot;end&quot;,&quot;trackColor&quot;:&quot;#0000001a&quot;,&quot;thumbColor&quot;:&quot;#00000080&quot;}},&quot;align&quot;:&quot;wide&quot;}'\n>\n\t<div id='evssSlider-1-contents' style='display: none;'>\n\t\t\t\t\t<div id='slideContent-0'><\/div>\n\t\t\t\t\t<div id='slideContent-1'><\/div>\n\t\t\t\t\t<div id='slideContent-2'><\/div>\n\t\t\t\t\t<div id='slideContent-3'><\/div>\n\t\t\t\t\t<div id='slideContent-4'><\/div>\n\t\t\t<\/div>\n<\/div>\n\n<\/div>\n<\/div>\n<\/div>\n<\/section>\n\n\n\n<section class=\"gb-element-553c4718\">\n<div class=\"gb-element-8e7e0fbd\">\n<h2 class=\"gb-text gb-text-47cfedd0\">Questions fr\u00e9quemment pos\u00e9es sur l&rsquo;h\u00f4tel<\/h2>\n\n\n<div id=\"rank-math-faq\" class=\"rank-math-block\">\n<div class=\"rank-math-list \">\n<div id=\"faq-question-1768934677365\" class=\"rank-math-list-item\">\n<h3 class=\"rank-math-question \">\u00c0 combien de minutes se trouve la plage de l&rsquo;h\u00f4tel ?<\/h3>\n<div class=\"rank-math-answer \">\n\n<p>La plage se trouve \u00e0 environ deux minutes \u00e0 pied de l&rsquo;h\u00f4tel. On peut \u00e9galement s&rsquo;y rendre en voiture, mais il est fortement conseill\u00e9 de traverser le centre-ville \u00e0 pied. <\/p>\n\n<\/div>\n<\/div>\n<div id=\"faq-question-1768934679070\" class=\"rank-math-list-item\">\n<h3 class=\"rank-math-question \">Y a-t-il une pharmacie pr\u00e8s de l&rsquo;h\u00f4tel ?<\/h3>\n<div class=\"rank-math-answer \">\n\n<p>Oui. \u00c0 quelques minutes \u00e0 pied de l&rsquo;h\u00f4tel, vous trouverez une pharmacie situ\u00e9e dans le centre de Cadaqu\u00e9s. <\/p>\n\n<\/div>\n<\/div>\n<div id=\"faq-question-1768934679822\" class=\"rank-math-list-item\">\n<h3 class=\"rank-math-question \">Existe-t-il des bornes de recharge pour voitures \u00e9lectriques \u00e0 Cadaqu\u00e9s ?<\/h3>\n<div class=\"rank-math-answer \">\n\n<p>Oui. Il y a des bornes de recharge \u00e0 la fois sur le parking public \u00e0 l&rsquo;entr\u00e9e du village et \u00e0 la station-service Repsol sur l&rsquo;avenue Caritat Serinyana. <\/p>\n\n<\/div>\n<\/div>\n<div id=\"faq-question-1768934680862\" class=\"rank-math-list-item\">\n<h3 class=\"rank-math-question \">L&rsquo;h\u00f4tel propose-t-il des recommandations de restaurants ou des exp\u00e9riences \u00e0 faire dans la r\u00e9gion ?<\/h3>\n<div class=\"rank-math-answer \">\n\n<p>Oui. L&rsquo;h\u00f4tel propose des recommandations gastronomiques et collabore avec des restaurants et des activit\u00e9s locales afin que les clients puissent profiter pleinement de Cadaqu\u00e9s. <\/p>\n\n<\/div>\n<\/div>\n<\/div>\n<\/div><\/div>\n<\/section>\n\n\n\n<section class=\"gb-element-6f76327f\">\n<div class=\"gb-element-c492a87b\">\n<h2 class=\"gb-text gb-text-c174bad4\">Avez-vous des questions avant de r\u00e9server ?<\/h2>\n\n\n\n<p class=\"gb-text gb-text-d39b8f84\">Si vous souhaitez obtenir davantage d&rsquo;informations ou clarifier certains points avant de confirmer votre s\u00e9jour, n&rsquo;h\u00e9sitez pas \u00e0 nous contacter. Nous serons ravis de vous aider \u00e0 ce que votre exp\u00e9rience \u00e0 Cadaqu\u00e9s se d\u00e9roule en toute s\u00e9r\u00e9nit\u00e9. <\/p>\n\n\n\n<a class=\"gb-text gb-text-c8060458\" href=\"\/contacto\/\">Contactez maintenant <\/a>\n<\/div>\n<\/section>\n","protected":false},"excerpt":{"rendered":"<p>Que voir \u00e0 Cadaqu\u00e9s : Un guide pour d\u00e9couvrir l&rsquo;un des villages les plus exceptionnels de la M\u00e9diterran\u00e9e Cadaqu\u00e9s est une destination \u00e0 d\u00e9couvrir lentement. Ce village blanc en bord de mer, entour\u00e9 de paysages sauvages et dot\u00e9 d&rsquo;une forte identit\u00e9 culturelle, invite \u00e0 fl\u00e2ner, observer et savourer sans se presser. Situ\u00e9e \u00e0 l&rsquo;extr\u00e9mit\u00e9 orientale &#8230; <a title=\"Cadaqu\u00e9s\" class=\"read-more\" href=\"https:\/\/esblaucdq.com\/fr\/cadaques\/\" aria-label=\"En savoir plus sur Cadaqu\u00e9s\">Lire plus<\/a><\/p>\n","protected":false},"author":1,"featured_media":0,"parent":0,"menu_order":0,"comment_status":"closed","ping_status":"closed","template":"","meta":{"footnotes":""},"class_list":["post-2070","page","type-page","status-publish"],"_links":{"self":[{"href":"https:\/\/esblaucdq.com\/fr\/wp-json\/wp\/v2\/pages\/2070","targetHints":{"allow":["GET"]}}],"collection":[{"href":"https:\/\/esblaucdq.com\/fr\/wp-json\/wp\/v2\/pages"}],"about":[{"href":"https:\/\/esblaucdq.com\/fr\/wp-json\/wp\/v2\/types\/page"}],"author":[{"embeddable":true,"href":"https:\/\/esblaucdq.com\/fr\/wp-json\/wp\/v2\/users\/1"}],"replies":[{"embeddable":true,"href":"https:\/\/esblaucdq.com\/fr\/wp-json\/wp\/v2\/comments?post=2070"}],"version-history":[{"count":4,"href":"https:\/\/esblaucdq.com\/fr\/wp-json\/wp\/v2\/pages\/2070\/revisions"}],"predecessor-version":[{"id":2328,"href":"https:\/\/esblaucdq.com\/fr\/wp-json\/wp\/v2\/pages\/2070\/revisions\/2328"}],"wp:attachment":[{"href":"https:\/\/esblaucdq.com\/fr\/wp-json\/wp\/v2\/media?parent=2070"}],"curies":[{"name":"wp","href":"https:\/\/api.w.org\/{rel}","templated":true}]}}