{"id":2073,"date":"2026-01-21T19:42:11","date_gmt":"2026-01-21T18:42:11","guid":{"rendered":"https:\/\/esblaucdq.com\/esblau-suite-avec-piscine-privee-a-cadaques\/"},"modified":"2026-03-17T18:58:44","modified_gmt":"2026-03-17T17:58:44","slug":"esblau-suite-avec-piscine-privee-a-cadaques","status":"publish","type":"page","link":"https:\/\/esblaucdq.com\/fr\/esblau-suite-avec-piscine-privee-a-cadaques\/","title":{"rendered":"Esblau Suite"},"content":{"rendered":"\n<section class=\"gb-element-32b8c4b6\">\n<div class=\"gb-element-7c94dd90\">\n<div class=\"gb-element-bf6b7bb5\">\n<p class=\"gb-text gb-text-7301b670\">Esblau Suite<\/p>\n\n\n\n<h1 class=\"gb-text gb-text-40be5fc1\">Suite avec piscine priv\u00e9e \u00e0 Cadaqu\u00e9s<\/h1>\n\n\n\n<p class=\"gb-text gb-text-10241348\">La suite Esblau est l&rsquo;expression la plus exclusive de l&rsquo;exp\u00e9rience Es Blau. Un espace con\u00e7u pour d\u00e9couvrir Cadaqu\u00e9s dans le calme, l&rsquo;intimit\u00e9 et une libert\u00e9 totale, pens\u00e9 pour les couples et les voyageurs adultes en qu\u00eate d&rsquo;un s\u00e9jour hors du commun. <\/p>\n<\/div>\n<\/div>\n<\/section>\n\n\n\n<section class=\"gb-element-a50f4693\" style=\"--inline-bg-image: url(https:\/\/esblaucdq.com\/wp-content\/uploads\/2026\/01\/azul--scaled.png)\">\n<div class=\"gb-element-4c6c58dc\">\n<div class=\"gb-element-16fa21bc\">\n<div class=\"gb-element-33341bfd\">\n<h2 class=\"gb-text gb-text-50dc27c1\">Une suite avec piscine priv\u00e9e \u00e0 Cadaqu\u00e9s, con\u00e7ue pour un plaisir sans interruption.<\/h2>\n\n\n\n<h3 class=\"gb-text gb-text-52376c6b\">L&rsquo;exp\u00e9rience de s\u00e9journer \u00e0 la <mark style=\"background-color:rgba(0, 0, 0, 0)\" class=\"has-inline-color has-accent-color\">suite Esblau<\/mark><\/h3>\n\n\n\n<p class=\"gb-text gb-text-22be62c8\">S\u00e9journer dans la suite Esblau, c&rsquo;est profiter de Cadaqu\u00e9s depuis votre propre espace priv\u00e9, o\u00f9 intimit\u00e9 et tranquillit\u00e9 rythment votre s\u00e9jour.<\/p>\n\n\n\n<p class=\"gb-text gb-text-ad6ca1c5\">D\u00e8s le premier instant, on a l&rsquo;impression d&rsquo;\u00eatre arriv\u00e9 dans un lieu qui vous est r\u00e9serv\u00e9, loin des espaces communs bruyants et de toute distraction.<\/p>\n\n\n\n<p class=\"gb-text gb-text-e0337eef\">Cette suite est id\u00e9ale pour les couples qui souhaitent c\u00e9l\u00e9brer une occasion sp\u00e9ciale ou vivre une escapade o\u00f9 chaque instant est savour\u00e9 en toute tranquillit\u00e9.<\/p>\n<\/div>\n\n\n\n<div class=\"gb-element-947a8505\" style=\"--inline-bg-image: url(https:\/\/esblaucdq.com\/wp-content\/uploads\/2026\/01\/habitacion-suite-cadaques-06.jpg)\"><\/div>\n<\/div>\n<\/div>\n<\/section>\n\n\n\n<section class=\"gb-element-a4480639\" style=\"--inline-bg-image: url(https:\/\/esblaucdq.com\/wp-content\/uploads\/2026\/01\/azul--scaled.png)\">\n<div class=\"gb-element-6e1c5c3a\">\n<div class=\"gb-element-113d1611\">\n<div class=\"gb-element-72ba179b\" style=\"--inline-bg-image: url(https:\/\/esblaucdq.com\/wp-content\/uploads\/2026\/01\/PiscinaEsBlauSuite.jpg)\"><\/div>\n\n\n\n<div class=\"gb-element-47f5b564\">\n<h2 class=\"gb-text gb-text-73835583\">Terrasse et piscine priv\u00e9es rien que pour vous<\/h2>\n\n\n\n<h3 class=\"gb-text gb-text-b1b51fb2\">La valeur d&rsquo;un espace intime \u00e0 Cadaqu\u00e9s<\/h3>\n\n\n\n<p class=\"gb-text gb-text-25fcc8af\">La terrasse priv\u00e9e de la suite Esblau est l&rsquo;un de ses principaux atouts. <\/p>\n\n\n\n<p class=\"gb-text gb-text-0dd289f9\">Un espace ext\u00e9rieur de 12 m\u00b2 \u00e0 usage exclusif o\u00f9 la piscine priv\u00e9e devient le centre de l&rsquo;exp\u00e9rience, vous permettant de profiter de Cadaqu\u00e9s en toute intimit\u00e9 et sans contraintes horaires.<\/p>\n\n\n\n<p class=\"gb-text gb-text-29e6f5fa\">La piscine priv\u00e9e, ouverte de juin \u00e0 septembre, vous invite \u00e0 la d\u00e9tente \u00e0 tout moment de la journ\u00e9e : au r\u00e9veil, apr\u00e8s une journ\u00e9e \u00e0 la plage ou au retour d&rsquo;une promenade dans le village. <\/p>\n<\/div>\n<\/div>\n<\/div>\n<\/section>\n\n\n\n<section class=\"gb-element-167a77a4\">\n<div class=\"gb-element-bed356c0\">\n<div class=\"gb-element-ce114000\">\n<h2 class=\"gb-text gb-text-72d5a162\">Design, confort et paix int\u00e9rieure<\/h2>\n\n\n\n<h3 class=\"gb-text gb-text-aabe7efb\">Un espace con\u00e7u pour la d\u00e9tente<\/h3>\n\n\n\n<p class=\"gb-text gb-text-1be5d47a\">L&rsquo;int\u00e9rieur de la suite Esblau a \u00e9t\u00e9 con\u00e7u dans un esprit contemporain, lumineux et serein, inspir\u00e9 par la lumi\u00e8re et les tons de la M\u00e9diterran\u00e9e.<\/p>\n\n\n\n<p class=\"gb-text gb-text-6b0e86e3\">Avec une surface int\u00e9rieure de 24 m\u00b2, l&rsquo;espace offre espace et \u00e9quilibre sans perdre son caract\u00e8re intime.<\/p>\n\n\n\n<p class=\"gb-text gb-text-5acf47bd\">Chaque d\u00e9tail est pens\u00e9 pour cr\u00e9er une atmosph\u00e8re \u00e9quilibr\u00e9e et accueillante, propice au repos.<\/p>\n\n\n\n<p class=\"gb-text gb-text-c9fa7f95\">L&rsquo;agencement, les mat\u00e9riaux et le mobilier contribuent \u00e0 une atmosph\u00e8re d&rsquo;intimit\u00e9 et de bien-\u00eatre. L&rsquo;exp\u00e9rience num\u00e9rique propos\u00e9e par l&rsquo;h\u00f4tel permet aux clients de se d\u00e9placer librement, sans attente ni contraintes d&rsquo;horaires, renfor\u00e7ant ainsi leur sentiment de libert\u00e9 tout au long de leur s\u00e9jour. <\/p>\n<\/div>\n<\/div>\n<\/section>\n\n\n\n<section class=\"gb-element-7d4560e9\">\n<h2 class=\"gb-text gb-text-9d178d64\">Pourquoi choisir la suite Esblau ?<\/h2>\n\n\n\n<div class=\"gb-element-e84f0331\">\n<div class=\"gb-element-468c2f8d\" style=\"--inline-bg-image: url(https:\/\/esblaucdq.com\/wp-content\/uploads\/2026\/01\/habitacion-suite-cadaques-06.jpg)\"><\/div>\n\n\n\n<div class=\"gb-element-9649d28a\">\n<p class=\"gb-text-30751573\"><span class=\"gb-shape\"><svg viewBox=\"0 0 16 16\" class=\"bi bi-check2-square\" height=\"16\" width=\"16\" xmlns=\"http:\/\/www.w3.org\/2000\/svg\">   <path d=\"M3 14.5A1.5 1.5 0 0 1 1.5 13V3A1.5 1.5 0 0 1 3 1.5h8a.5.5 0 0 1 0 1H3a.5.5 0 0 0-.5.5v10a.5.5 0 0 0 .5.5h10a.5.5 0 0 0 .5-.5V8a.5.5 0 0 1 1 0v5a1.5 1.5 0 0 1-1.5 1.5H3z\"><\/path>   <path d=\"m8.354 10.354 7-7a.5.5 0 0 0-.708-.708L8 9.293 5.354 6.646a.5.5 0 1 0-.708.708l3 3a.5.5 0 0 0 .708 0z\"><\/path> <\/svg><\/span><span class=\"gb-text\"><strong>Suite avec piscine priv\u00e9e au c\u0153ur de Cadaqu\u00e9s<br><\/strong>Profitez d&rsquo;une piscine priv\u00e9e sur votre terrasse, un privil\u00e8ge rare dans le centre historique, sans sacrifier un emplacement central et pratique.<\/span><\/p>\n\n\n\n<p class=\"gb-text-ba9cf32d\"><span class=\"gb-shape\"><svg viewBox=\"0 0 16 16\" class=\"bi bi-check2-square\" height=\"16\" width=\"16\" xmlns=\"http:\/\/www.w3.org\/2000\/svg\">   <path d=\"M3 14.5A1.5 1.5 0 0 1 1.5 13V3A1.5 1.5 0 0 1 3 1.5h8a.5.5 0 0 1 0 1H3a.5.5 0 0 0-.5.5v10a.5.5 0 0 0 .5.5h10a.5.5 0 0 0 .5-.5V8a.5.5 0 0 1 1 0v5a1.5 1.5 0 0 1-1.5 1.5H3z\"><\/path>   <path d=\"m8.354 10.354 7-7a.5.5 0 0 0-.708-.708L8 9.293 5.354 6.646a.5.5 0 1 0-.708.708l3 3a.5.5 0 0 0 .708 0z\"><\/path> <\/svg><\/span><span class=\"gb-text\"><strong>Exclusivit\u00e9 et intimit\u00e9 totale<br><\/strong>Un espace con\u00e7u pour garantir une intimit\u00e9 absolue, sans bruit ni espaces partag\u00e9s, id\u00e9al pour les couples en qu\u00eate de tranquillit\u00e9 v\u00e9ritable.<\/span><\/p>\n\n\n\n<p class=\"gb-text-ff117220\"><span class=\"gb-shape\"><svg viewBox=\"0 0 16 16\" class=\"bi bi-check2-square\" height=\"16\" width=\"16\" xmlns=\"http:\/\/www.w3.org\/2000\/svg\">   <path d=\"M3 14.5A1.5 1.5 0 0 1 1.5 13V3A1.5 1.5 0 0 1 3 1.5h8a.5.5 0 0 1 0 1H3a.5.5 0 0 0-.5.5v10a.5.5 0 0 0 .5.5h10a.5.5 0 0 0 .5-.5V8a.5.5 0 0 1 1 0v5a1.5 1.5 0 0 1-1.5 1.5H3z\"><\/path>   <path d=\"m8.354 10.354 7-7a.5.5 0 0 0-.708-.708L8 9.293 5.354 6.646a.5.5 0 1 0-.708.708l3 3a.5.5 0 0 0 .708 0z\"><\/path> <\/svg><\/span><span class=\"gb-text\"><strong>H\u00f4tel boutique r\u00e9serv\u00e9 aux adultes<br><\/strong>Un environnement serein, sans enfants ni groupes, con\u00e7u pour le repos, le silence et une exp\u00e9rience soigneusement orchestr\u00e9e du d\u00e9but \u00e0 la fin.<\/span><\/p>\n\n\n\n<p class=\"gb-text-6592243b\"><span class=\"gb-shape\"><svg viewBox=\"0 0 16 16\" class=\"bi bi-check2-square\" height=\"16\" width=\"16\" xmlns=\"http:\/\/www.w3.org\/2000\/svg\">   <path d=\"M3 14.5A1.5 1.5 0 0 1 1.5 13V3A1.5 1.5 0 0 1 3 1.5h8a.5.5 0 0 1 0 1H3a.5.5 0 0 0-.5.5v10a.5.5 0 0 0 .5.5h10a.5.5 0 0 0 .5-.5V8a.5.5 0 0 1 1 0v5a1.5 1.5 0 0 1-1.5 1.5H3z\"><\/path>   <path d=\"m8.354 10.354 7-7a.5.5 0 0 0-.708-.708L8 9.293 5.354 6.646a.5.5 0 1 0-.708.708l3 3a.5.5 0 0 0 .708 0z\"><\/path> <\/svg><\/span><span class=\"gb-text\"><strong>Design contemporain et ambiance d\u00e9contract\u00e9e<br><\/strong>Une suite o\u00f9 design et fonctionnalit\u00e9 s&rsquo;unissent pour cr\u00e9er une atmosph\u00e8re chaleureuse, \u00e9quilibr\u00e9e et confortable.<\/span><\/p>\n\n\n\n<p class=\"gb-text-c035d3bf\"><span class=\"gb-shape\"><svg viewBox=\"0 0 16 16\" class=\"bi bi-check2-square\" height=\"16\" width=\"16\" xmlns=\"http:\/\/www.w3.org\/2000\/svg\">   <path d=\"M3 14.5A1.5 1.5 0 0 1 1.5 13V3A1.5 1.5 0 0 1 3 1.5h8a.5.5 0 0 1 0 1H3a.5.5 0 0 0-.5.5v10a.5.5 0 0 0 .5.5h10a.5.5 0 0 0 .5-.5V8a.5.5 0 0 1 1 0v5a1.5 1.5 0 0 1-1.5 1.5H3z\"><\/path>   <path d=\"m8.354 10.354 7-7a.5.5 0 0 0-.708-.708L8 9.293 5.354 6.646a.5.5 0 1 0-.708.708l3 3a.5.5 0 0 0 .708 0z\"><\/path> <\/svg><\/span><span class=\"gb-text\"><strong>Une exp\u00e9rience num\u00e9rique sans tracas<br><\/strong>Acc\u00e8s en libre-service, gestion facile et libert\u00e9 totale quant aux horaires pour profiter de votre s\u00e9jour \u00e0 votre rythme.<\/span><\/p>\n<\/div>\n<\/div>\n<\/section>\n\n\n\n<section class=\"gb-element-13914584\">\n<div class=\"gb-element-2ecc7401\">\n<div class=\"gb-element-2385b9f1\">\n<div class=\"gb-element-5de5c6ee\">\n<h2 class=\"gb-text gb-text-f70dd55a\">R\u00e9servez votre s\u00e9jour et plongez-vous dans la beaut\u00e9 et le charme de <strong>Cadaqu\u00e9s <\/strong><\/h2>\n<\/div>\n\n\n\n<div class=\"gb-element-ded87f2f\">\n<figure class=\"wp-block-image size-full is-resized\"><img loading=\"lazy\" decoding=\"async\" width=\"416\" height=\"344\" src=\"https:\/\/esblaucdq.com\/wp-content\/uploads\/2026\/01\/yellow-hearts.png\" alt=\"\" class=\"wp-image-1240\" style=\"width:120px\" srcset=\"https:\/\/esblaucdq.com\/wp-content\/uploads\/2026\/01\/yellow-hearts.png 416w, https:\/\/esblaucdq.com\/wp-content\/uploads\/2026\/01\/yellow-hearts-300x248.png 300w\" sizes=\"auto, (max-width: 416px) 100vw, 416px\" \/><\/figure>\n<\/div>\n<\/div>\n\n\n\n<div class=\"gb-element-c8185b16\">\n<div class=\"gb-element-10891cf6\">\n<script type=\"text\/javascript\" src=\"https:\/\/booking.hotelgest.com\/v4\/assets\/js\/main.js\"><\/script>\n<style>\n  div#hgContainer_1234{\n  width: 100%;\n}\n  \n  button.btn.trn.btn-success.col-hg-xs-12.button-hg {\n    background: #F9AC19!important;\n    text-transform: uppercase;\n    font-family: Montserrat, sans-serif !important;;\n    font-weight: bold;\n  }\n  \n  .hgContainer .button-hg{\n    background: #F9AC19!important;\n  }\n  .hgContainer .container-hg {\n    width:auto;\n  }\n  section.bar-search {\n    background: #050228 !important;\n    \/*background-color: #050228 !important;*\/\n  }\n  \n  .hgContainer .form-control {\n  font-size: 16px;\nfont-family: Montserrat, sans-serif !important;;\n}\n  \n.hgContainer .row-custom {\n  width: 100%;\n  margin: 0;\n  padding: 0;\n}\n<\/style>\n        <div id=\"hgContainer_1234\" style=\" width: 90%;margin: 0 auto;\" class=\"container-fluid hgContainer\"><\/div>\n        <script>\n            var optionsHG = {\n                pcode: '1823', \/\/pon el c\u00f3digo de tu hotel\n                typo: 'calendar', \/\/required\n                lang: 'fr', \/\/required\n                index: 1234, \/\/required id container\n                min_occupancy:  1,\/\/required\n                max_occupancy: 6,\/\/required\n                target: '_blank' , \/* optional *\/\n                analitics: 'UA-26990615-2',\n                redirect_url: 'https:\/\/booking.hotelgest.com\/v4\/?pcode=1823' \n            };\n            \n            iniHG();\n<\/script>\n<\/div>\n\n\n\n<div class=\"gb-element-d033ff64\">\n<p class=\"gb-text gb-text-a3ef39c9\">10% de r\u00e9duction au restaurant \u00ab La Sal \u00bb.<\/p>\n<\/div>\n<\/div>\n<\/div>\n<\/section>\n\n\n\n<section class=\"gb-element-553c4718\">\n<div class=\"gb-element-8e7e0fbd\">\n<h2 class=\"gb-text gb-text-47cfedd0\">Questions fr\u00e9quentes concernant la suite Esblau<\/h2>\n\n\n<div id=\"rank-math-faq\" class=\"rank-math-block\">\n<div class=\"rank-math-list \">\n<div id=\"faq-question-1768934677365\" class=\"rank-math-list-item\">\n<h3 class=\"rank-math-question \">La piscine priv\u00e9e est-elle accessible toute l&rsquo;ann\u00e9e ?<\/h3>\n<div class=\"rank-math-answer \">\n\n<p>La piscine priv\u00e9e de la suite Esblau est accessible durant la saison estivale. En dehors de cette p\u00e9riode, la terrasse demeure un espace exclusif pour profiter du plein air en toute intimit\u00e9. <\/p>\n\n<\/div>\n<\/div>\n<div id=\"faq-question-1768934679070\" class=\"rank-math-list-item\">\n<h3 class=\"rank-math-question \">La terrasse est-elle totalement priv\u00e9e ?<\/h3>\n<div class=\"rank-math-answer \">\n\n<p>Oui. La terrasse est r\u00e9serv\u00e9e exclusivement aux clients de la suite Esblau, leur garantissant intimit\u00e9, tranquillit\u00e9 et une exp\u00e9rience sans interruption. <\/p>\n\n<\/div>\n<\/div>\n<div id=\"faq-question-1768934679822\" class=\"rank-math-list-item\">\n<h3 class=\"rank-math-question \">Pour quel type de s\u00e9jour cette suite est-elle con\u00e7ue ?<\/h3>\n<div class=\"rank-math-answer \">\n\n<p>La suite Esblau est id\u00e9ale pour les couples, les c\u00e9l\u00e9brations sp\u00e9ciales, les anniversaires ou les escapades romantiques o\u00f9 l&rsquo;on recherche intimit\u00e9, confort et une exp\u00e9rience unique.<\/p>\n\n<\/div>\n<\/div>\n<div id=\"faq-question-1768934680862\" class=\"rank-math-list-item\">\n<h3 class=\"rank-math-question \">En quoi est-elle diff\u00e9rente des autres suites de l&rsquo;h\u00f4tel ?<\/h3>\n<div class=\"rank-math-answer \">\n\n<p>La suite Esblau est la seule chambre de l&rsquo;h\u00f4tel \u00e0 disposer d&rsquo;une piscine priv\u00e9e sur la terrasse, ce qui en fait l&rsquo;option la plus exclusive de l&rsquo;Es Blau.<\/p>\n\n<\/div>\n<\/div>\n<div id=\"faq-question-1769021460726\" class=\"rank-math-list-item\">\n<h3 class=\"rank-math-question \">Comment fonctionne l&rsquo;acc\u00e8s \u00e0 la suite ?<\/h3>\n<div class=\"rank-math-answer \">\n\n<p>L&rsquo;acc\u00e8s est enti\u00e8rement num\u00e9rique. Apr\u00e8s votre r\u00e9servation, vous recevrez les instructions pour acc\u00e9der \u00e0 l&rsquo;h\u00f4tel et \u00e0 votre suite en toute autonomie, sans passer par la r\u00e9ception ni attendre. <\/p>\n\n<\/div>\n<\/div>\n<div id=\"faq-question-1769021461448\" class=\"rank-math-list-item\">\n<h3 class=\"rank-math-question \">Quelles sont les conditions d&rsquo;annulation pour la suite Esblau ?<\/h3>\n<div class=\"rank-math-answer \">\n\n<p>L&rsquo;Esblau Suite propose une politique d&rsquo;annulation flexible, vous permettant d&rsquo;annuler votre r\u00e9servation gratuitement jusqu&rsquo;\u00e0 24 heures avant votre arriv\u00e9e. Vous b\u00e9n\u00e9ficiez ainsi d&rsquo;une grande tranquillit\u00e9 d&rsquo;esprit et d&rsquo;une flexibilit\u00e9 optimale pour l&rsquo;organisation de votre s\u00e9jour.<br \/>L&rsquo;acc\u00e8s est enti\u00e8rement num\u00e9rique. Apr\u00e8s votre r\u00e9servation, vous recevrez les instructions pour acc\u00e9der \u00e0 l&rsquo;h\u00f4tel et \u00e0 votre suite en toute autonomie, sans passer par la r\u00e9ception ni attendre. <\/p>\n\n<\/div>\n<\/div>\n<\/div>\n<\/div><\/div>\n<\/section>\n\n\n\n<section class=\"gb-element-577b9472\">\n<div class=\"gb-element-11c4ceec\">\n<div class=\"gb-element-d18bc750\">\n<div class=\"gb-element-6f9e9e50\">\n<h2 class=\"gb-text gb-text-00c40cb8\">R\u00e9servez la suite Esblau et d\u00e9couvrez Cadaqu\u00e9s depuis votre propre refuge priv\u00e9.<\/h2>\n\n\n\n<p class=\"gb-text gb-text-61fa70f6\">La suite Esblau est une suite unique \u00e0 Cadaqu\u00e9s, con\u00e7ue pour ceux qui appr\u00e9cient l&rsquo;intimit\u00e9, l&rsquo;exclusivit\u00e9 et une fa\u00e7on diff\u00e9rente de s\u00e9journer. <\/p>\n\n\n\n<p class=\"gb-text gb-text-ad888ffc\">V\u00e9rifiez les disponibilit\u00e9s et r\u00e9servez directement pour garantir votre s\u00e9jour dans ce lieu unique, con\u00e7u pour profiter du temps, du calme et du charme du village \u00e0 votre propre rythme.<\/p>\n\n\n\n<div class=\"gb-element-acfdd1b3\">\n<p class=\"gb-text-1443ebfe\"><span class=\"gb-shape\"><svg aria-hidden=\"true\" role=\"img\" height=\"1em\" width=\"1em\" viewBox=\"0 0 384 512\" xmlns=\"http:\/\/www.w3.org\/2000\/svg\"><path fill=\"currentColor\" d=\"M172.268 501.67C26.97 291.031 0 269.413 0 192 0 85.961 85.961 0 192 0s192 85.961 192 192c0 77.413-26.97 99.031-172.268 309.67-9.535 13.774-29.93 13.773-39.464 0zM192 272c44.183 0 80-35.817 80-80s-35.817-80-80-80-80 35.817-80 80 35.817 80 80 80z\"><\/path><\/svg><\/span><span class=\"gb-text\"><strong><a href=\"https:\/\/maps.app.goo.gl\/xiPSAWAyDSJZJdTC6\" target=\"_blank\" rel=\"noreferrer noopener\">Calle Vigilant, 12 &#8211; 17488 Cadaqu\u00e9s<\/a><\/strong><\/span><\/p>\n\n\n\n<p class=\"gb-text-4f9d6449\"><span class=\"gb-shape\"><svg aria-hidden=\"true\" role=\"img\" height=\"1em\" width=\"1em\" viewBox=\"0 0 512 512\" xmlns=\"http:\/\/www.w3.org\/2000\/svg\"><path fill=\"currentColor\" d=\"M440 6.5L24 246.4c-34.4 19.9-31.1 70.8 5.7 85.9L144 379.6V464c0 46.4 59.2 65.5 86.6 28.6l43.8-59.1 111.9 46.2c5.9 2.4 12.1 3.6 18.3 3.6 8.2 0 16.3-2.1 23.6-6.2 12.8-7.2 21.6-20 23.9-34.5l59.4-387.2c6.1-40.1-36.9-68.8-71.5-48.9zM192 464v-64.6l36.6 15.1L192 464zm212.6-28.7l-153.8-63.5L391 169.5c10.7-15.5-9.5-33.5-23.7-21.2L155.8 332.6 48 288 464 48l-59.4 387.3z\"><\/path><\/svg><\/span><span class=\"gb-text\"><strong><a href=\"mailto:hola@esblaucdq.com\">hola@esblaucdq.com<\/a><\/strong><\/span><\/p>\n\n\n\n<p class=\"gb-text-8e2f2b88\"><span class=\"gb-shape\"><svg aria-hidden=\"true\" role=\"img\" height=\"1em\" width=\"1em\" viewBox=\"0 0 512 512\" xmlns=\"http:\/\/www.w3.org\/2000\/svg\"><path fill=\"currentColor\" d=\"M493.4 24.6l-104-24c-11.3-2.6-22.9 3.3-27.5 13.9l-48 112c-4.2 9.8-1.4 21.3 6.9 28l60.6 49.6c-36 76.7-98.9 140.5-177.2 177.2l-49.6-60.6c-6.8-8.3-18.2-11.1-28-6.9l-112 48C3.9 366.5-2 378.1.6 389.4l24 104C27.1 504.2 36.7 512 48 512c256.1 0 464-207.5 464-464 0-11.2-7.7-20.9-18.6-23.4z\"><\/path><\/svg><\/span><span class=\"gb-text\"><strong>+34 621 660 981<\/strong><\/span><\/p>\n<\/div>\n<\/div>\n\n\n\n<div class=\"gb-element-0d2f571d\">\n<iframe src=\"https:\/\/www.google.com\/maps\/embed?pb=!1m14!1m8!1m3!1d184.46977638812626!2d3.276678!3d42.288845!3m2!1i1024!2i768!4f13.1!3m3!1m2!1s0x12ba6f6a90431f6f%3A0xad8c17c2cac6a151!2sCarrer%20Vigilant%2C%2012%2C%2017488%20Cadaqu%C3%A9s%2C%20Girona%2C%20Spagna!5e0!3m2!1sit!2sit!4v1768844303342!5m2!1sit!2sit\" width=\"100%\" height=\"100%\" style=\"border:0;\" allowfullscreen=\"\" loading=\"lazy\" referrerpolicy=\"no-referrer-when-downgrade\"><\/iframe>\n<\/div>\n<\/div>\n<\/div>\n<\/section>\n\n\n\n<section class=\"gb-element-6f76327f\">\n<div class=\"gb-element-c492a87b\">\n<h2 class=\"gb-text gb-text-c174bad4\">Avez-vous des questions avant de r\u00e9server ?<\/h2>\n\n\n\n<p class=\"gb-text gb-text-d39b8f84\">Si vous souhaitez obtenir davantage d&rsquo;informations ou clarifier certains points avant de confirmer votre s\u00e9jour, n&rsquo;h\u00e9sitez pas \u00e0 nous contacter. Nous serons ravis de vous aider \u00e0 ce que votre exp\u00e9rience \u00e0 Cadaqu\u00e9s se d\u00e9roule en toute s\u00e9r\u00e9nit\u00e9. <\/p>\n\n\n\n<a class=\"gb-text gb-text-c8060458\" href=\"https:\/\/esblaucdq.com\/fr\/contact\/\">Contactez maintenant <\/a>\n<\/div>\n<\/section>\n","protected":false},"excerpt":{"rendered":"<p>Esblau Suite Suite avec piscine priv\u00e9e \u00e0 Cadaqu\u00e9s La suite Esblau est l&rsquo;expression la plus exclusive de l&rsquo;exp\u00e9rience Es Blau. Un espace con\u00e7u pour d\u00e9couvrir Cadaqu\u00e9s dans le calme, l&rsquo;intimit\u00e9 et une libert\u00e9 totale, pens\u00e9 pour les couples et les voyageurs adultes en qu\u00eate d&rsquo;un s\u00e9jour hors du commun. Une suite avec piscine priv\u00e9e \u00e0 &#8230; <a title=\"Esblau Suite\" class=\"read-more\" href=\"https:\/\/esblaucdq.com\/fr\/esblau-suite-avec-piscine-privee-a-cadaques\/\" aria-label=\"En savoir plus sur Esblau Suite\">Lire plus<\/a><\/p>\n","protected":false},"author":1,"featured_media":0,"parent":0,"menu_order":0,"comment_status":"closed","ping_status":"closed","template":"","meta":{"footnotes":""},"class_list":["post-2073","page","type-page","status-publish"],"_links":{"self":[{"href":"https:\/\/esblaucdq.com\/fr\/wp-json\/wp\/v2\/pages\/2073","targetHints":{"allow":["GET"]}}],"collection":[{"href":"https:\/\/esblaucdq.com\/fr\/wp-json\/wp\/v2\/pages"}],"about":[{"href":"https:\/\/esblaucdq.com\/fr\/wp-json\/wp\/v2\/types\/page"}],"author":[{"embeddable":true,"href":"https:\/\/esblaucdq.com\/fr\/wp-json\/wp\/v2\/users\/1"}],"replies":[{"embeddable":true,"href":"https:\/\/esblaucdq.com\/fr\/wp-json\/wp\/v2\/comments?post=2073"}],"version-history":[{"count":7,"href":"https:\/\/esblaucdq.com\/fr\/wp-json\/wp\/v2\/pages\/2073\/revisions"}],"predecessor-version":[{"id":2435,"href":"https:\/\/esblaucdq.com\/fr\/wp-json\/wp\/v2\/pages\/2073\/revisions\/2435"}],"wp:attachment":[{"href":"https:\/\/esblaucdq.com\/fr\/wp-json\/wp\/v2\/media?parent=2073"}],"curies":[{"name":"wp","href":"https:\/\/api.w.org\/{rel}","templated":true}]}}