{"id":2079,"date":"2026-01-21T20:05:38","date_gmt":"2026-01-21T19:05:38","guid":{"rendered":"https:\/\/esblaucdq.com\/hotel-de-suites-junior-avec-terrasse-a-cadaques\/"},"modified":"2026-03-17T18:59:21","modified_gmt":"2026-03-17T17:59:21","slug":"hotel-de-suites-junior-avec-terrasse-a-cadaques","status":"publish","type":"page","link":"https:\/\/esblaucdq.com\/fr\/hotel-de-suites-junior-avec-terrasse-a-cadaques\/","title":{"rendered":"Junior Suite"},"content":{"rendered":"\n<section class=\"gb-element-32b8c4b6\">\n<div class=\"gb-element-7c94dd90\">\n<div class=\"gb-element-bf6b7bb5\">\n<p class=\"gb-text gb-text-8423117b\">Suite Junior<\/p>\n\n\n\n<h1 class=\"gb-text gb-text-40be5fc1\">H\u00f4tel avec terrasse \u00e0 Cadaqu\u00e9s<\/h1>\n\n\n\n<p class=\"gb-text gb-text-10241348\">La Suite Junior est con\u00e7ue pour ceux qui souhaitent profiter de Cadaqu\u00e9s en toute tranquillit\u00e9 et intimit\u00e9. Cette chambre est id\u00e9ale pour les couples et les voyageurs adultes qui appr\u00e9cient le confort, le design contemporain et la commodit\u00e9 d&rsquo;un petit espace ext\u00e9rieur privatif, sans pour autant renoncer au calme d&rsquo;un h\u00f4tel-boutique r\u00e9serv\u00e9 aux adultes. <\/p>\n<\/div>\n<\/div>\n<\/section>\n\n\n\n<section class=\"gb-element-a50f4693\" style=\"--inline-bg-image: url(https:\/\/esblaucdq.com\/wp-content\/uploads\/2026\/01\/azul--scaled.png)\">\n<div class=\"gb-element-4c6c58dc\">\n<div class=\"gb-element-16fa21bc\">\n<div class=\"gb-element-33341bfd\">\n<h2 class=\"gb-text gb-text-50dc27c1\">Une suite junior dans un h\u00f4tel avec terrasse \u00e0 Cadaqu\u00e9s<\/h2>\n\n\n\n<h3 class=\"gb-text gb-text-52376c6b\">Une chambre con\u00e7ue pour \u00eatre appr\u00e9ci\u00e9e \u00e0 un rythme tranquille<\/h3>\n\n\n\n<p class=\"gb-text gb-text-22be62c8\">La suite Junior a \u00e9t\u00e9 con\u00e7ue pour offrir une exp\u00e9rience confortable et relaxante, o\u00f9 chaque d\u00e9tail contribue au repos. <\/p>\n\n\n\n<p class=\"gb-text gb-text-ad6ca1c5\">Son int\u00e9rieur de 18 m\u00b2 est agenc\u00e9 de mani\u00e8re fonctionnelle et \u00e9quilibr\u00e9e, cr\u00e9ant un environnement agr\u00e9able qui permet de se d\u00e9placer confortablement et de profiter de l&rsquo;espace sans se sentir \u00e0 l&rsquo;\u00e9troit.<\/p>\n\n\n\n<p class=\"gb-text gb-text-e0337eef\">C&rsquo;est une option id\u00e9ale pour les couples en qu\u00eate de calme, que ce soit pour un week-end, une escapade romantique ou plusieurs jours de d\u00e9connexion.<\/p>\n<\/div>\n\n\n\n<div class=\"gb-element-947a8505\" style=\"--inline-bg-image: url(https:\/\/esblaucdq.com\/wp-content\/uploads\/2026\/01\/habitacion-junior-suite.jpg)\"><\/div>\n<\/div>\n<\/div>\n<\/section>\n\n\n\n<section class=\"gb-element-a4480639\" style=\"--inline-bg-image: url(https:\/\/esblaucdq.com\/wp-content\/uploads\/2026\/01\/azul--scaled.png)\">\n<div class=\"gb-element-6e1c5c3a\">\n<div class=\"gb-element-113d1611\">\n<div class=\"gb-element-17bb71c8\" style=\"--inline-bg-image: url(https:\/\/esblaucdq.com\/wp-content\/uploads\/2026\/01\/habitacion-junior-suite.jpg)\"><\/div>\n\n\n\n<div class=\"gb-element-47f5b564\">\n<h2 class=\"gb-text gb-text-73835583\">Terrasse priv\u00e9e de 3 m\u00b2<\/h2>\n\n\n\n<h3 class=\"gb-text gb-text-b1b51fb2\">Votre espace ext\u00e9rieur au c\u0153ur de Cadaqu\u00e9s<\/h3>\n\n\n\n<p class=\"gb-text gb-text-25fcc8af\">La terrasse priv\u00e9e de la suite junior est un atout suppl\u00e9mentaire et fait toute la diff\u00e9rence. <\/p>\n\n\n\n<p class=\"gb-text gb-text-0dd289f9\">Ses 3 m\u00b2 cr\u00e9ent un espace ext\u00e9rieur intime et accueillant, id\u00e9al pour commencer la journ\u00e9e en toute tranquillit\u00e9, savourer un caf\u00e9 en terrasse ou se d\u00e9tendre apr\u00e8s une journ\u00e9e pass\u00e9e \u00e0 explorer la ville.<\/p>\n\n\n\n<p class=\"gb-text gb-text-29e6f5fa\">Ce petit refuge ext\u00e9rieur vous permet de vous impr\u00e9gner de l&rsquo;atmosph\u00e8re de Cadaqu\u00e9s sans quitter votre chambre, tout en pr\u00e9servant l&rsquo;intimit\u00e9 et la tranquillit\u00e9 qui caract\u00e9risent l&rsquo;h\u00f4tel.<\/p>\n<\/div>\n<\/div>\n<\/div>\n<\/section>\n\n\n\n<section class=\"gb-element-167a77a4\">\n<div class=\"gb-element-bed356c0\">\n<div class=\"gb-element-ce114000\">\n<h2 class=\"gb-text gb-text-72d5a162\">Conception, confort et \u00e9quipements<\/h2>\n\n\n\n<h3 class=\"gb-text gb-text-aabe7efb\">Un int\u00e9rieur fonctionnel avec une \u00e2me de boutique<\/h3>\n\n\n\n<p class=\"gb-text gb-text-1be5d47a\">Le design de la suite junior allie lignes contemporaines, lumi\u00e8re naturelle et mat\u00e9riaux s\u00e9lectionn\u00e9s pour cr\u00e9er une atmosph\u00e8re de s\u00e9r\u00e9nit\u00e9 et d&rsquo;\u00e9quilibre. <\/p>\n\n\n\n<p class=\"gb-text gb-text-6b0e86e3\">L&rsquo;agencement privil\u00e9gie la fonctionnalit\u00e9 et le confort, cr\u00e9ant un environnement accueillant qui invite \u00e0 la d\u00e9tente d\u00e8s le premier instant.<\/p>\n\n\n\n<p class=\"gb-text gb-text-5acf47bd\">Chaque \u00e9l\u00e9ment est con\u00e7u pour faciliter un s\u00e9jour confortable et sans complications.<\/p>\n\n\n\n<p class=\"gb-text gb-text-c9fa7f95\">L&rsquo;exp\u00e9rience num\u00e9rique de l&rsquo;h\u00f4tel permet aux clients de g\u00e9rer leur s\u00e9jour en toute autonomie, sans horaires fixes ni attente, renfor\u00e7ant ainsi le sentiment de libert\u00e9, d&rsquo;intimit\u00e9 et de confort tout au long de leur s\u00e9jour.<\/p>\n<\/div>\n<\/div>\n<\/section>\n\n\n\n<section class=\"gb-element-7d4560e9\">\n<h2 class=\"gb-text gb-text-9d178d64\">Pourquoi choisir la suite junior ?<\/h2>\n\n\n\n<div class=\"gb-element-e84f0331\">\n<div class=\"gb-element-468c2f8d\" style=\"--inline-bg-image: url(https:\/\/esblaucdq.com\/wp-content\/uploads\/2026\/01\/habitacion-suite-cadaques-06.jpg)\"><\/div>\n\n\n\n<div class=\"gb-element-9649d28a\">\n<p class=\"gb-text-30751573\"><span class=\"gb-shape\"><svg viewBox=\"0 0 16 16\" class=\"bi bi-check2-square\" height=\"16\" width=\"16\" xmlns=\"http:\/\/www.w3.org\/2000\/svg\">   <path d=\"M3 14.5A1.5 1.5 0 0 1 1.5 13V3A1.5 1.5 0 0 1 3 1.5h8a.5.5 0 0 1 0 1H3a.5.5 0 0 0-.5.5v10a.5.5 0 0 0 .5.5h10a.5.5 0 0 0 .5-.5V8a.5.5 0 0 1 1 0v5a1.5 1.5 0 0 1-1.5 1.5H3z\"><\/path>   <path d=\"m8.354 10.354 7-7a.5.5 0 0 0-.708-.708L8 9.293 5.354 6.646a.5.5 0 1 0-.708.708l3 3a.5.5 0 0 0 .708 0z\"><\/path> <\/svg><\/span><span class=\"gb-text\"><strong>Chambre de 18 m\u00b2 avec terrasse privative de 3 m\u00b2<br><\/strong>Un espace \u00e9quilibr\u00e9 qui allie le confort int\u00e9rieur \u00e0 un petit espace ext\u00e9rieur privatif, id\u00e9al pour profiter du grand air en toute intimit\u00e9.<\/span><\/p>\n\n\n\n<p class=\"gb-text-ba9cf32d\"><span class=\"gb-shape\"><svg viewBox=\"0 0 16 16\" class=\"bi bi-check2-square\" height=\"16\" width=\"16\" xmlns=\"http:\/\/www.w3.org\/2000\/svg\">   <path d=\"M3 14.5A1.5 1.5 0 0 1 1.5 13V3A1.5 1.5 0 0 1 3 1.5h8a.5.5 0 0 1 0 1H3a.5.5 0 0 0-.5.5v10a.5.5 0 0 0 .5.5h10a.5.5 0 0 0 .5-.5V8a.5.5 0 0 1 1 0v5a1.5 1.5 0 0 1-1.5 1.5H3z\"><\/path>   <path d=\"m8.354 10.354 7-7a.5.5 0 0 0-.708-.708L8 9.293 5.354 6.646a.5.5 0 1 0-.708.708l3 3a.5.5 0 0 0 .708 0z\"><\/path> <\/svg><\/span><span class=\"gb-text\"><strong>Id\u00e9al pour une escapade en amoureux<br><\/strong>Con\u00e7u pour les couples en qu\u00eate de tranquillit\u00e9, de d\u00e9tente et d&rsquo;un cadre soigneusement am\u00e9nag\u00e9 pour partager des moments privil\u00e9gi\u00e9s.<\/span><\/p>\n\n\n\n<p class=\"gb-text-ff117220\"><span class=\"gb-shape\"><svg viewBox=\"0 0 16 16\" class=\"bi bi-check2-square\" height=\"16\" width=\"16\" xmlns=\"http:\/\/www.w3.org\/2000\/svg\">   <path d=\"M3 14.5A1.5 1.5 0 0 1 1.5 13V3A1.5 1.5 0 0 1 3 1.5h8a.5.5 0 0 1 0 1H3a.5.5 0 0 0-.5.5v10a.5.5 0 0 0 .5.5h10a.5.5 0 0 0 .5-.5V8a.5.5 0 0 1 1 0v5a1.5 1.5 0 0 1-1.5 1.5H3z\"><\/path>   <path d=\"m8.354 10.354 7-7a.5.5 0 0 0-.708-.708L8 9.293 5.354 6.646a.5.5 0 1 0-.708.708l3 3a.5.5 0 0 0 .708 0z\"><\/path> <\/svg><\/span><span class=\"gb-text\"><strong>H\u00f4tel boutique r\u00e9serv\u00e9 aux adultes<br><\/strong>Un environnement serein, sans enfants ni bruit, con\u00e7u pour garantir le calme et une exp\u00e9rience relaxante.<\/span><\/p>\n\n\n\n<p class=\"gb-text-6592243b\"><span class=\"gb-shape\"><svg viewBox=\"0 0 16 16\" class=\"bi bi-check2-square\" height=\"16\" width=\"16\" xmlns=\"http:\/\/www.w3.org\/2000\/svg\">   <path d=\"M3 14.5A1.5 1.5 0 0 1 1.5 13V3A1.5 1.5 0 0 1 3 1.5h8a.5.5 0 0 1 0 1H3a.5.5 0 0 0-.5.5v10a.5.5 0 0 0 .5.5h10a.5.5 0 0 0 .5-.5V8a.5.5 0 0 1 1 0v5a1.5 1.5 0 0 1-1.5 1.5H3z\"><\/path>   <path d=\"m8.354 10.354 7-7a.5.5 0 0 0-.708-.708L8 9.293 5.354 6.646a.5.5 0 1 0-.708.708l3 3a.5.5 0 0 0 .708 0z\"><\/path> <\/svg><\/span><span class=\"gb-text\"><strong>Emplacement central et calme \u00e0 Cadaqu\u00e9s<br><\/strong>Situ\u00e9 dans le centre historique, il vous permet de d\u00e9couvrir la ville \u00e0 pied et de retrouver le calme en fin de journ\u00e9e.<\/span><\/p>\n\n\n\n<p class=\"gb-text-c035d3bf\"><span class=\"gb-shape\"><svg viewBox=\"0 0 16 16\" class=\"bi bi-check2-square\" height=\"16\" width=\"16\" xmlns=\"http:\/\/www.w3.org\/2000\/svg\">   <path d=\"M3 14.5A1.5 1.5 0 0 1 1.5 13V3A1.5 1.5 0 0 1 3 1.5h8a.5.5 0 0 1 0 1H3a.5.5 0 0 0-.5.5v10a.5.5 0 0 0 .5.5h10a.5.5 0 0 0 .5-.5V8a.5.5 0 0 1 1 0v5a1.5 1.5 0 0 1-1.5 1.5H3z\"><\/path>   <path d=\"m8.354 10.354 7-7a.5.5 0 0 0-.708-.708L8 9.293 5.354 6.646a.5.5 0 1 0-.708.708l3 3a.5.5 0 0 0 .708 0z\"><\/path> <\/svg><\/span><span class=\"gb-text\"><strong>Une exp\u00e9rience num\u00e9rique sans contraintes horaires<br><\/strong>Acc\u00e8s autonome et gestion simplifi\u00e9e du s\u00e9jour pour profiter en toute libert\u00e9 et confort.<\/span><\/p>\n<\/div>\n<\/div>\n<\/section>\n\n\n\n<section class=\"gb-element-13914584\">\n<div class=\"gb-element-2ecc7401\">\n<div class=\"gb-element-2385b9f1\">\n<div class=\"gb-element-5de5c6ee\">\n<h2 class=\"gb-text gb-text-f70dd55a\">R\u00e9servez votre s\u00e9jour et plongez-vous dans la beaut\u00e9 et le charme de <strong>Cadaqu\u00e9s <\/strong><\/h2>\n<\/div>\n\n\n\n<div class=\"gb-element-ded87f2f\">\n<figure class=\"wp-block-image size-full is-resized\"><img loading=\"lazy\" decoding=\"async\" width=\"416\" height=\"344\" src=\"https:\/\/esblaucdq.com\/wp-content\/uploads\/2026\/01\/yellow-hearts.png\" alt=\"\" class=\"wp-image-1240\" style=\"width:120px\" srcset=\"https:\/\/esblaucdq.com\/wp-content\/uploads\/2026\/01\/yellow-hearts.png 416w, https:\/\/esblaucdq.com\/wp-content\/uploads\/2026\/01\/yellow-hearts-300x248.png 300w\" sizes=\"auto, (max-width: 416px) 100vw, 416px\" \/><\/figure>\n<\/div>\n<\/div>\n\n\n\n<div class=\"gb-element-c8185b16\">\n<div class=\"gb-element-10891cf6\">\n<script type=\"text\/javascript\" src=\"https:\/\/booking.hotelgest.com\/v4\/assets\/js\/main.js\"><\/script>\n<style>\n  div#hgContainer_1234{\n  width: 100%;\n}\n  \n  button.btn.trn.btn-success.col-hg-xs-12.button-hg {\n    background: #F9AC19!important;\n    text-transform: uppercase;\n    font-family: Montserrat, sans-serif !important;;\n    font-weight: bold;\n  }\n  \n  .hgContainer .button-hg{\n    background: #F9AC19!important;\n  }\n  .hgContainer .container-hg {\n    width:auto;\n  }\n  section.bar-search {\n    background: #050228 !important;\n    \/*background-color: #050228 !important;*\/\n  }\n  \n  .hgContainer .form-control {\n  font-size: 16px;\nfont-family: Montserrat, sans-serif !important;;\n}\n  \n.hgContainer .row-custom {\n  width: 100%;\n  margin: 0;\n  padding: 0;\n}\n<\/style>\n        <div id=\"hgContainer_1234\" style=\" width: 90%;margin: 0 auto;\" class=\"container-fluid hgContainer\"><\/div>\n        <script>\n            var optionsHG = {\n                pcode: '1823', \/\/pon el c\u00f3digo de tu hotel\n                typo: 'calendar', \/\/required\n                lang: 'fr', \/\/required\n                index: 1234, \/\/required id container\n                min_occupancy:  1,\/\/required\n                max_occupancy: 6,\/\/required\n                target: '_blank' , \/* optional *\/\n                analitics: 'UA-26990615-2',\n                redirect_url: 'https:\/\/booking.hotelgest.com\/v4\/?pcode=1823' \n            };\n            \n            iniHG();\n<\/script>\n<\/div>\n\n\n\n<div class=\"gb-element-d033ff64\">\n<p class=\"gb-text gb-text-a3ef39c9\">10% de r\u00e9duction au restaurant \u00ab La Sal \u00bb.<\/p>\n<\/div>\n<\/div>\n<\/div>\n<\/section>\n\n\n\n<section class=\"gb-element-553c4718\">\n<div class=\"gb-element-8e7e0fbd\">\n<h2 class=\"gb-text gb-text-47cfedd0\">Questions fr\u00e9quentes concernant la suite junior<\/h2>\n\n\n<div id=\"rank-math-faq\" class=\"rank-math-block\">\n<div class=\"rank-math-list \">\n<div id=\"faq-question-1768934677365\" class=\"rank-math-list-item\">\n<h3 class=\"rank-math-question \">La terrasse est-elle \u00e0 usage priv\u00e9 ?<\/h3>\n<div class=\"rank-math-answer \">\n\n<p>Oui. La terrasse de la Junior Suite est r\u00e9serv\u00e9e \u00e0 l&rsquo;usage exclusif des occupants de la chambre, garantissant intimit\u00e9 et tranquillit\u00e9 tout au long de leur s\u00e9jour. <\/p>\n\n<\/div>\n<\/div>\n<div id=\"faq-question-1768934679070\" class=\"rank-math-list-item\">\n<h3 class=\"rank-math-question \">Cette chambre convient-elle pour des s\u00e9jours de plusieurs jours ?<\/h3>\n<div class=\"rank-math-answer \">\n\n<p>Oui. Gr\u00e2ce \u00e0 son agencement \u00e9quilibr\u00e9 et \u00e0 la sensation d&rsquo;espace offerte par ses 18 m\u00b2, la Junior Suite est confortable aussi bien pour les courts s\u00e9jours que pour les s\u00e9jours de plusieurs jours. <\/p>\n\n<\/div>\n<\/div>\n<div id=\"faq-question-1768934679822\" class=\"rank-math-list-item\">\n<h3 class=\"rank-math-question \">Quel type de voyageur est le mieux adapt\u00e9 \u00e0 cette chambre ?<\/h3>\n<div class=\"rank-math-answer \">\n\n<p>La Suite Junior est con\u00e7ue pour les couples et les voyageurs adultes en qu\u00eate de tranquillit\u00e9, de design et d&rsquo;un espace intime pour se d\u00e9tendre apr\u00e8s avoir profit\u00e9 de Cadaqu\u00e9s.<\/p>\n\n<\/div>\n<\/div>\n<div id=\"faq-question-1768934680862\" class=\"rank-math-list-item\">\n<h3 class=\"rank-math-question \">Comment acc\u00e9der \u00e0 la chambre ?<\/h3>\n<div class=\"rank-math-answer \">\n\n<p>L&rsquo;acc\u00e8s est enti\u00e8rement num\u00e9rique. Apr\u00e8s votre r\u00e9servation, vous recevrez les instructions n\u00e9cessaires pour acc\u00e9der \u00e0 l&rsquo;h\u00f4tel et \u00e0 votre chambre en toute autonomie, sans passer par la r\u00e9ception ni attendre. <\/p>\n\n<\/div>\n<\/div>\n<div id=\"faq-question-1769021460726\" class=\"rank-math-list-item\">\n<h3 class=\"rank-math-question \">En quoi est-ce diff\u00e9rent des autres chambres d&rsquo;h\u00f4tel ?<\/h3>\n<div class=\"rank-math-answer \">\n\n<p>La Suite Junior se distingue par un \u00e9quilibre tr\u00e8s appr\u00e9ciable entre espace int\u00e9rieur, terrasse priv\u00e9e et ambiance boutique, ce qui en fait une option id\u00e9ale pour ceux qui recherchent confort et tranquillit\u00e9.<\/p>\n\n<\/div>\n<\/div>\n<\/div>\n<\/div><\/div>\n<\/section>\n\n\n\n<section class=\"gb-element-577b9472\">\n<div class=\"gb-element-11c4ceec\">\n<div class=\"gb-element-d18bc750\">\n<div class=\"gb-element-6f9e9e50\">\n<h2 class=\"gb-text gb-text-00c40cb8\">R\u00e9servez votre suite junior et profitez de Cadaqu\u00e9s \u00e0 votre guise.<\/h2>\n\n\n\n<p class=\"gb-text gb-text-61fa70f6\">La Suite Junior est un havre de paix con\u00e7u pour ceux qui souhaitent d\u00e9couvrir Cadaqu\u00e9s dans la tranquillit\u00e9, l&rsquo;intimit\u00e9 et le confort. <\/p>\n\n\n\n<p class=\"gb-text gb-text-ad888ffc\">V\u00e9rifiez les disponibilit\u00e9s et r\u00e9servez directement pour garantir votre s\u00e9jour dans une chambre avec terrasse priv\u00e9e, con\u00e7ue pour profiter du repos, du calme et du charme du village \u00e0 votre propre rythme.<\/p>\n\n\n\n<div class=\"gb-element-890c9a8a\">\n<p class=\"gb-text-215cc32a\"><span class=\"gb-shape\"><svg aria-hidden=\"true\" role=\"img\" height=\"1em\" width=\"1em\" viewBox=\"0 0 384 512\" xmlns=\"http:\/\/www.w3.org\/2000\/svg\"><path fill=\"currentColor\" d=\"M172.268 501.67C26.97 291.031 0 269.413 0 192 0 85.961 85.961 0 192 0s192 85.961 192 192c0 77.413-26.97 99.031-172.268 309.67-9.535 13.774-29.93 13.773-39.464 0zM192 272c44.183 0 80-35.817 80-80s-35.817-80-80-80-80 35.817-80 80 35.817 80 80 80z\"><\/path><\/svg><\/span><span class=\"gb-text\"><strong><a href=\"https:\/\/maps.app.goo.gl\/xiPSAWAyDSJZJdTC6\" target=\"_blank\" rel=\"noreferrer noopener\">Calle Vigilant, 12 &#8211; 17488 Cadaqu\u00e9s<\/a><\/strong><\/span><\/p>\n\n\n\n<p class=\"gb-text-d286f679\"><span class=\"gb-shape\"><svg aria-hidden=\"true\" role=\"img\" height=\"1em\" width=\"1em\" viewBox=\"0 0 512 512\" xmlns=\"http:\/\/www.w3.org\/2000\/svg\"><path fill=\"currentColor\" d=\"M440 6.5L24 246.4c-34.4 19.9-31.1 70.8 5.7 85.9L144 379.6V464c0 46.4 59.2 65.5 86.6 28.6l43.8-59.1 111.9 46.2c5.9 2.4 12.1 3.6 18.3 3.6 8.2 0 16.3-2.1 23.6-6.2 12.8-7.2 21.6-20 23.9-34.5l59.4-387.2c6.1-40.1-36.9-68.8-71.5-48.9zM192 464v-64.6l36.6 15.1L192 464zm212.6-28.7l-153.8-63.5L391 169.5c10.7-15.5-9.5-33.5-23.7-21.2L155.8 332.6 48 288 464 48l-59.4 387.3z\"><\/path><\/svg><\/span><span class=\"gb-text\"><strong><a href=\"mailto:hola@esblaucdq.com\">hola@esblaucdq.com<\/a><\/strong><\/span><\/p>\n\n\n\n<p class=\"gb-text-f2e23fb8\"><span class=\"gb-shape\"><svg aria-hidden=\"true\" role=\"img\" height=\"1em\" width=\"1em\" viewBox=\"0 0 512 512\" xmlns=\"http:\/\/www.w3.org\/2000\/svg\"><path fill=\"currentColor\" d=\"M493.4 24.6l-104-24c-11.3-2.6-22.9 3.3-27.5 13.9l-48 112c-4.2 9.8-1.4 21.3 6.9 28l60.6 49.6c-36 76.7-98.9 140.5-177.2 177.2l-49.6-60.6c-6.8-8.3-18.2-11.1-28-6.9l-112 48C3.9 366.5-2 378.1.6 389.4l24 104C27.1 504.2 36.7 512 48 512c256.1 0 464-207.5 464-464 0-11.2-7.7-20.9-18.6-23.4z\"><\/path><\/svg><\/span><span class=\"gb-text\"><strong>+34 621 660 981<\/strong><\/span><\/p>\n<\/div>\n<\/div>\n\n\n\n<div class=\"gb-element-0d2f571d\">\n<iframe src=\"https:\/\/www.google.com\/maps\/embed?pb=!1m14!1m8!1m3!1d184.46977638812626!2d3.276678!3d42.288845!3m2!1i1024!2i768!4f13.1!3m3!1m2!1s0x12ba6f6a90431f6f%3A0xad8c17c2cac6a151!2sCarrer%20Vigilant%2C%2012%2C%2017488%20Cadaqu%C3%A9s%2C%20Girona%2C%20Spagna!5e0!3m2!1sit!2sit!4v1768844303342!5m2!1sit!2sit\" width=\"100%\" height=\"100%\" style=\"border:0;\" allowfullscreen=\"\" loading=\"lazy\" referrerpolicy=\"no-referrer-when-downgrade\"><\/iframe>\n<\/div>\n<\/div>\n<\/div>\n<\/section>\n\n\n\n<section class=\"gb-element-6f76327f\">\n<div class=\"gb-element-c492a87b\">\n<h2 class=\"gb-text gb-text-c174bad4\">Avez-vous des questions avant de r\u00e9server ?<\/h2>\n\n\n\n<p class=\"gb-text gb-text-d39b8f84\">Si vous souhaitez obtenir davantage d&rsquo;informations ou clarifier certains points avant de confirmer votre s\u00e9jour, n&rsquo;h\u00e9sitez pas \u00e0 nous contacter. Nous serons ravis de vous aider \u00e0 ce que votre exp\u00e9rience \u00e0 Cadaqu\u00e9s se d\u00e9roule en toute s\u00e9r\u00e9nit\u00e9. <\/p>\n\n\n\n<a class=\"gb-text gb-text-c8060458\" href=\"https:\/\/esblaucdq.com\/fr\/contact\/\">Contactez maintenant <\/a>\n<\/div>\n<\/section>\n","protected":false},"excerpt":{"rendered":"<p>Suite Junior H\u00f4tel avec terrasse \u00e0 Cadaqu\u00e9s La Suite Junior est con\u00e7ue pour ceux qui souhaitent profiter de Cadaqu\u00e9s en toute tranquillit\u00e9 et intimit\u00e9. Cette chambre est id\u00e9ale pour les couples et les voyageurs adultes qui appr\u00e9cient le confort, le design contemporain et la commodit\u00e9 d&rsquo;un petit espace ext\u00e9rieur privatif, sans pour autant renoncer au &#8230; <a title=\"Junior Suite\" class=\"read-more\" href=\"https:\/\/esblaucdq.com\/fr\/hotel-de-suites-junior-avec-terrasse-a-cadaques\/\" aria-label=\"En savoir plus sur Junior Suite\">Lire plus<\/a><\/p>\n","protected":false},"author":1,"featured_media":0,"parent":0,"menu_order":0,"comment_status":"closed","ping_status":"closed","template":"","meta":{"footnotes":""},"class_list":["post-2079","page","type-page","status-publish"],"_links":{"self":[{"href":"https:\/\/esblaucdq.com\/fr\/wp-json\/wp\/v2\/pages\/2079","targetHints":{"allow":["GET"]}}],"collection":[{"href":"https:\/\/esblaucdq.com\/fr\/wp-json\/wp\/v2\/pages"}],"about":[{"href":"https:\/\/esblaucdq.com\/fr\/wp-json\/wp\/v2\/types\/page"}],"author":[{"embeddable":true,"href":"https:\/\/esblaucdq.com\/fr\/wp-json\/wp\/v2\/users\/1"}],"replies":[{"embeddable":true,"href":"https:\/\/esblaucdq.com\/fr\/wp-json\/wp\/v2\/comments?post=2079"}],"version-history":[{"count":6,"href":"https:\/\/esblaucdq.com\/fr\/wp-json\/wp\/v2\/pages\/2079\/revisions"}],"predecessor-version":[{"id":2436,"href":"https:\/\/esblaucdq.com\/fr\/wp-json\/wp\/v2\/pages\/2079\/revisions\/2436"}],"wp:attachment":[{"href":"https:\/\/esblaucdq.com\/fr\/wp-json\/wp\/v2\/media?parent=2079"}],"curies":[{"name":"wp","href":"https:\/\/api.w.org\/{rel}","templated":true}]}}