{"id":2086,"date":"2026-01-22T15:33:49","date_gmt":"2026-01-22T14:33:49","guid":{"rendered":"https:\/\/esblaucdq.com\/habitacion-romantica-en-cadaques-standard-room\/"},"modified":"2026-03-17T18:56:36","modified_gmt":"2026-03-17T17:56:36","slug":"habitacion-romantica-en-cadaques-standard-room","status":"publish","type":"page","link":"https:\/\/esblaucdq.com\/fr\/habitacion-romantica-en-cadaques-standard-room\/","title":{"rendered":"Chambre Standard"},"content":{"rendered":"\n<section class=\"gb-element-32b8c4b6\">\n<div class=\"gb-element-7c94dd90\">\n<div class=\"gb-element-bf6b7bb5\">\n<p class=\"gb-text gb-text-7301b670\">Chambre Standard<\/p>\n\n\n\n<h1 class=\"gb-text gb-text-40be5fc1\">Chambre romantique \u00e0 Cadaqu\u00e9s<\/h1>\n\n\n\n<p class=\"gb-text gb-text-10241348\">La Chambre Standard est un refuge intime con\u00e7u pour les couples souhaitant profiter de Cadaqu\u00e9s dans le calme et la chaleur. Une chambre accueillante, pens\u00e9e pour ceux qui appr\u00e9cient les petites attentions, la tranquillit\u00e9 et le confort d\u00e8s leur arriv\u00e9e. <\/p>\n<\/div>\n<\/div>\n<\/section>\n\n\n\n<section class=\"gb-element-a50f4693\" style=\"--inline-bg-image: url(https:\/\/esblaucdq.com\/wp-content\/uploads\/2026\/01\/azul--scaled.png)\">\n<div class=\"gb-element-4c6c58dc\">\n<div class=\"gb-element-16fa21bc\">\n<div class=\"gb-element-33341bfd\">\n<h2 class=\"gb-text gb-text-50dc27c1\">Une chambre romantique \u00e0 Cadaqu\u00e9s pour partager des moments<\/h2>\n\n\n\n<h3 class=\"gb-text gb-text-52376c6b\">Un espace con\u00e7u pour le <mark style=\"background-color:rgba(0, 0, 0, 0)\" class=\"has-inline-color has-accent-color\">plaisir des couples.<\/mark><\/h3>\n\n\n\n<p class=\"gb-text gb-text-22be62c8\">L&rsquo;exp\u00e9rience d&rsquo;un s\u00e9jour en chambre Standard se caract\u00e9rise par son atmosph\u00e8re chaleureuse et enveloppante. <\/p>\n\n\n\n<p class=\"gb-text gb-text-ad6ca1c5\">Ses 15 m\u00b2 ont \u00e9t\u00e9 con\u00e7us pour cr\u00e9er un environnement accueillant, o\u00f9 chaque \u00e9l\u00e9ment contribue au confort et renforce un sentiment de tranquillit\u00e9 et de paix.<\/p>\n\n\n\n<p class=\"gb-text gb-text-e0337eef\">C&rsquo;est une chambre id\u00e9ale pour les escapades romantiques, les week-ends en couple ou les c\u00e9l\u00e9brations intimes o\u00f9 l&rsquo;important est de partager un moment sans interruption.<\/p>\n<\/div>\n\n\n\n<div class=\"gb-element-947a8505\" style=\"--inline-bg-image: url(https:\/\/esblaucdq.com\/wp-content\/uploads\/2026\/01\/habitacion-standard-room.jpg)\"><\/div>\n<\/div>\n<\/div>\n<\/section>\n\n\n\n<section class=\"gb-element-a4480639\" style=\"--inline-bg-image: url(https:\/\/esblaucdq.com\/wp-content\/uploads\/2026\/01\/azul--scaled.png)\">\n<div class=\"gb-element-6e1c5c3a\">\n<div class=\"gb-element-113d1611\">\n<div class=\"gb-element-72ba179b\" style=\"--inline-bg-image: url(https:\/\/esblaucdq.com\/wp-content\/uploads\/2026\/01\/habitacion-suite-cadaques-06.jpg)\"><\/div>\n\n\n\n<div class=\"gb-element-47f5b564\">\n<h2 class=\"gb-text gb-text-73835583\">Conception et ambiance<\/h2>\n\n\n\n<h3 class=\"gb-text gb-text-b1b51fb2\">Des d\u00e9tails qui vous invitent \u00e0 vous d\u00e9connecter<\/h3>\n\n\n\n<p class=\"gb-text gb-text-25fcc8af\">Le design de la Chambre Standard allie des lignes contemporaines \u00e0 une esth\u00e9tique chaleureuse et accueillante, inspir\u00e9e par la lumi\u00e8re et le caract\u00e8re de Cadaqu\u00e9s. <\/p>\n\n\n\n<p class=\"gb-text gb-text-0dd289f9\">Un \u00e9clairage doux, des mat\u00e9riaux soigneusement s\u00e9lectionn\u00e9s et une palette de couleurs \u00e9quilibr\u00e9e cr\u00e9ent une atmosph\u00e8re sereine et agr\u00e9able.<\/p>\n\n\n\n<p class=\"gb-text gb-text-29e6f5fa\">Chaque d\u00e9tail est con\u00e7u pour transmettre intimit\u00e9 et calme, renfor\u00e7ant ainsi le sentiment de refuge.<\/p>\n<\/div>\n<\/div>\n<\/div>\n<\/section>\n\n\n\n<section class=\"gb-element-167a77a4\">\n<div class=\"gb-element-bed356c0\">\n<div class=\"gb-element-ce114000\">\n<h2 class=\"gb-text gb-text-72d5a162\">Confort et exp\u00e9rience num\u00e9rique<\/h2>\n\n\n\n<h3 class=\"gb-text gb-text-aabe7efb\">Simplicit\u00e9, <mark style=\"background-color:rgba(0, 0, 0, 0)\" class=\"has-inline-color has-accent-color\">confort<\/mark> et autonomie<\/h3>\n\n\n\n<p class=\"gb-text gb-text-1be5d47a\">La chambre standard offre les commodit\u00e9s n\u00e9cessaires pour un s\u00e9jour confortable et sans complications. <\/p>\n\n\n\n<p class=\"gb-text gb-text-6b0e86e3\">Tout est discr\u00e8tement int\u00e9gr\u00e9 \u00e0 l&rsquo;espace, privil\u00e9giant la fonctionnalit\u00e9 et le bien-\u00eatre sans surcharger l&rsquo;environnement.<\/p>\n\n\n\n<p class=\"gb-text gb-text-5acf47bd\">L&rsquo;exp\u00e9rience num\u00e9rique de l&rsquo;h\u00f4tel permet aux clients de g\u00e9rer leur s\u00e9jour en toute autonomie, sans horaires rigides ni r\u00e9ception physique. <\/p>\n\n\n\n<p class=\"gb-text gb-text-c9fa7f95\">Ce type d&rsquo;h\u00e9bergement offre libert\u00e9, intimit\u00e9 et une sensation de tranquillit\u00e9 qui vous accompagne tout au long de votre s\u00e9jour.<\/p>\n<\/div>\n<\/div>\n<\/section>\n\n\n\n<section class=\"gb-element-7d4560e9\">\n<h2 class=\"gb-text gb-text-9d178d64\">Pourquoi choisir la chambre standard ?<\/h2>\n\n\n\n<div class=\"gb-element-e84f0331\">\n<div class=\"gb-element-468c2f8d\" style=\"--inline-bg-image: url(https:\/\/esblaucdq.com\/wp-content\/uploads\/2026\/01\/habitacion-juniorsuite-cadaques-06.jpg)\"><\/div>\n\n\n\n<div class=\"gb-element-9649d28a\">\n<p class=\"gb-text-30751573\"><span class=\"gb-shape\"><svg viewBox=\"0 0 16 16\" class=\"bi bi-check2-square\" height=\"16\" width=\"16\" xmlns=\"http:\/\/www.w3.org\/2000\/svg\">   <path d=\"M3 14.5A1.5 1.5 0 0 1 1.5 13V3A1.5 1.5 0 0 1 3 1.5h8a.5.5 0 0 1 0 1H3a.5.5 0 0 0-.5.5v10a.5.5 0 0 0 .5.5h10a.5.5 0 0 0 .5-.5V8a.5.5 0 0 1 1 0v5a1.5 1.5 0 0 1-1.5 1.5H3z\"><\/path>   <path d=\"m8.354 10.354 7-7a.5.5 0 0 0-.708-.708L8 9.293 5.354 6.646a.5.5 0 1 0-.708.708l3 3a.5.5 0 0 0 .708 0z\"><\/path> <\/svg><\/span><span class=\"gb-text\"><strong>Chambre romantique de 15 m\u00b2, cosy et bien agenc\u00e9e<br><\/strong>Un espace intime offrant confort et une agr\u00e9able sensation d&rsquo;intimit\u00e9, id\u00e9al pour se d\u00e9tendre et passer du temps avec votre partenaire.<\/span><\/p>\n\n\n\n<p class=\"gb-text-ba9cf32d\"><span class=\"gb-shape\"><svg viewBox=\"0 0 16 16\" class=\"bi bi-check2-square\" height=\"16\" width=\"16\" xmlns=\"http:\/\/www.w3.org\/2000\/svg\">   <path d=\"M3 14.5A1.5 1.5 0 0 1 1.5 13V3A1.5 1.5 0 0 1 3 1.5h8a.5.5 0 0 1 0 1H3a.5.5 0 0 0-.5.5v10a.5.5 0 0 0 .5.5h10a.5.5 0 0 0 .5-.5V8a.5.5 0 0 1 1 0v5a1.5 1.5 0 0 1-1.5 1.5H3z\"><\/path>   <path d=\"m8.354 10.354 7-7a.5.5 0 0 0-.708-.708L8 9.293 5.354 6.646a.5.5 0 1 0-.708.708l3 3a.5.5 0 0 0 .708 0z\"><\/path> <\/svg><\/span><span class=\"gb-text\"><strong>Id\u00e9al pour une escapade romantique<\/strong><br>Con\u00e7u pour les couples en qu\u00eate de tranquillit\u00e9, de silence et d&rsquo;une atmosph\u00e8re chaleureuse o\u00f9 ils peuvent se d\u00e9connecter ensemble.<\/span><\/p>\n\n\n\n<p class=\"gb-text-ff117220\"><span class=\"gb-shape\"><svg viewBox=\"0 0 16 16\" class=\"bi bi-check2-square\" height=\"16\" width=\"16\" xmlns=\"http:\/\/www.w3.org\/2000\/svg\">   <path d=\"M3 14.5A1.5 1.5 0 0 1 1.5 13V3A1.5 1.5 0 0 1 3 1.5h8a.5.5 0 0 1 0 1H3a.5.5 0 0 0-.5.5v10a.5.5 0 0 0 .5.5h10a.5.5 0 0 0 .5-.5V8a.5.5 0 0 1 1 0v5a1.5 1.5 0 0 1-1.5 1.5H3z\"><\/path>   <path d=\"m8.354 10.354 7-7a.5.5 0 0 0-.708-.708L8 9.293 5.354 6.646a.5.5 0 1 0-.708.708l3 3a.5.5 0 0 0 .708 0z\"><\/path> <\/svg><\/span><span class=\"gb-text\"><strong>H\u00f4tel boutique r\u00e9serv\u00e9 aux adultes<br><\/strong>Un environnement serein, \u00e0 l&rsquo;abri des enfants et du bruit, con\u00e7u pour garantir repos et intimit\u00e9.<\/span><\/p>\n\n\n\n<p class=\"gb-text-6592243b\"><span class=\"gb-shape\"><svg viewBox=\"0 0 16 16\" class=\"bi bi-check2-square\" height=\"16\" width=\"16\" xmlns=\"http:\/\/www.w3.org\/2000\/svg\">   <path d=\"M3 14.5A1.5 1.5 0 0 1 1.5 13V3A1.5 1.5 0 0 1 3 1.5h8a.5.5 0 0 1 0 1H3a.5.5 0 0 0-.5.5v10a.5.5 0 0 0 .5.5h10a.5.5 0 0 0 .5-.5V8a.5.5 0 0 1 1 0v5a1.5 1.5 0 0 1-1.5 1.5H3z\"><\/path>   <path d=\"m8.354 10.354 7-7a.5.5 0 0 0-.708-.708L8 9.293 5.354 6.646a.5.5 0 1 0-.708.708l3 3a.5.5 0 0 0 .708 0z\"><\/path> <\/svg><\/span><span class=\"gb-text\"><strong>Une atmosph\u00e8re paisible et calme<br><\/strong>Une chambre qui invite au repos et \u00e0 la d\u00e9connexion, loin du tumulte du quotidien.<\/span><\/p>\n\n\n\n<p class=\"gb-text-9ebe0e7d\"><span class=\"gb-shape\"><svg viewBox=\"0 0 16 16\" class=\"bi bi-check2-square\" height=\"16\" width=\"16\" xmlns=\"http:\/\/www.w3.org\/2000\/svg\">   <path d=\"M3 14.5A1.5 1.5 0 0 1 1.5 13V3A1.5 1.5 0 0 1 3 1.5h8a.5.5 0 0 1 0 1H3a.5.5 0 0 0-.5.5v10a.5.5 0 0 0 .5.5h10a.5.5 0 0 0 .5-.5V8a.5.5 0 0 1 1 0v5a1.5 1.5 0 0 1-1.5 1.5H3z\"><\/path>   <path d=\"m8.354 10.354 7-7a.5.5 0 0 0-.708-.708L8 9.293 5.354 6.646a.5.5 0 1 0-.708.708l3 3a.5.5 0 0 0 .708 0z\"><\/path> <\/svg><\/span><span class=\"gb-text\"><strong>Id\u00e9alement situ\u00e9 au c\u0153ur de Cadaqu\u00e9s,<br><\/strong>dans le centre historique, il vous permet de d\u00e9couvrir la ville \u00e0 pied et de retrouver en fin de journ\u00e9e un espace intime et chaleureux.<\/span><\/p>\n<\/div>\n<\/div>\n<\/section>\n\n\n\n<section class=\"gb-element-13914584\">\n<div class=\"gb-element-2ecc7401\">\n<div class=\"gb-element-2385b9f1\">\n<div class=\"gb-element-5de5c6ee\">\n<h2 class=\"gb-text gb-text-f70dd55a\">R\u00e9servez votre s\u00e9jour et plongez-vous dans la beaut\u00e9 et le charme de <strong>Cadaqu\u00e9s <\/strong><\/h2>\n<\/div>\n\n\n\n<div class=\"gb-element-ded87f2f\">\n<figure class=\"wp-block-image size-full is-resized\"><img loading=\"lazy\" decoding=\"async\" width=\"416\" height=\"344\" src=\"https:\/\/esblaucdq.com\/wp-content\/uploads\/2026\/01\/yellow-hearts.png\" alt=\"\" class=\"wp-image-1240\" style=\"width:120px\" srcset=\"https:\/\/esblaucdq.com\/wp-content\/uploads\/2026\/01\/yellow-hearts.png 416w, https:\/\/esblaucdq.com\/wp-content\/uploads\/2026\/01\/yellow-hearts-300x248.png 300w\" sizes=\"auto, (max-width: 416px) 100vw, 416px\" \/><\/figure>\n<\/div>\n<\/div>\n\n\n\n<div class=\"gb-element-c8185b16\">\n<div class=\"gb-element-10891cf6\">\n<script type=\"text\/javascript\" src=\"https:\/\/booking.hotelgest.com\/v4\/assets\/js\/main.js\"><\/script>\n<style>\n  div#hgContainer_1234{\n  width: 100%;\n}\n  \n  button.btn.trn.btn-success.col-hg-xs-12.button-hg {\n    background: #F9AC19!important;\n    text-transform: uppercase;\n    font-family: Montserrat, sans-serif !important;;\n    font-weight: bold;\n  }\n  \n  .hgContainer .button-hg{\n    background: #F9AC19!important;\n  }\n  .hgContainer .container-hg {\n    width:auto;\n  }\n  section.bar-search {\n    background: #050228 !important;\n    \/*background-color: #050228 !important;*\/\n  }\n  \n  .hgContainer .form-control {\n  font-size: 16px;\nfont-family: Montserrat, sans-serif !important;;\n}\n  \n.hgContainer .row-custom {\n  width: 100%;\n  margin: 0;\n  padding: 0;\n}\n<\/style>\n        <div id=\"hgContainer_1234\" style=\" width: 90%;margin: 0 auto;\" class=\"container-fluid hgContainer\"><\/div>\n        <script>\n            var optionsHG = {\n                pcode: '1823', \/\/pon el c\u00f3digo de tu hotel\n                typo: 'calendar', \/\/required\n                lang: 'fr', \/\/required\n                index: 1234, \/\/required id container\n                min_occupancy:  1,\/\/required\n                max_occupancy: 6,\/\/required\n                target: '_blank' , \/* optional *\/\n                analitics: 'UA-26990615-2',\n                redirect_url: 'https:\/\/booking.hotelgest.com\/v4\/?pcode=1823' \n            };\n            \n            iniHG();\n<\/script>\n<\/div>\n\n\n\n<div class=\"gb-element-d033ff64\">\n<p class=\"gb-text gb-text-a3ef39c9\">10% de r\u00e9duction au restaurant \u00ab La Sal \u00bb.<\/p>\n<\/div>\n<\/div>\n<\/div>\n<\/section>\n\n\n\n<section class=\"gb-element-553c4718\">\n<div class=\"gb-element-8e7e0fbd\">\n<h2 class=\"gb-text gb-text-47cfedd0\">Questions fr\u00e9quentes concernant la chambre standard<\/h2>\n\n\n<div id=\"rank-math-faq\" class=\"rank-math-block\">\n<div class=\"rank-math-list \">\n<div id=\"faq-question-1768934677365\" class=\"rank-math-list-item\">\n<h3 class=\"rank-math-question \">La chambre standard convient-elle aux courts s\u00e9jours ?<\/h3>\n<div class=\"rank-math-answer \">\n\n<p>Oui. La chambre Standard est id\u00e9ale pour les escapades romantiques et les courts s\u00e9jours o\u00f9 vous recherchez un espace intime, fonctionnel et accueillant. <\/p>\n\n<\/div>\n<\/div>\n<div id=\"faq-question-1768934679070\" class=\"rank-math-list-item\">\n<h3 class=\"rank-math-question \">Quel type de voyageur est le mieux adapt\u00e9 \u00e0 cette chambre ?<\/h3>\n<div class=\"rank-math-answer \">\n\n<p>Il est con\u00e7u pour les couples et les voyageurs adultes \u00e0 la recherche d&rsquo;un h\u00e9bergement romantique, calme et bien situ\u00e9 \u00e0 Cadaqu\u00e9s.<\/p>\n\n<\/div>\n<\/div>\n<div id=\"faq-question-1768934679822\" class=\"rank-math-list-item\">\n<h3 class=\"rank-math-question \">La chambre est-elle priv\u00e9e ?<\/h3>\n<div class=\"rank-math-answer \">\n\n<p>La chambre offre un haut niveau d&rsquo;intimit\u00e9 gr\u00e2ce \u00e0 son design, son atmosph\u00e8re calme et le concept de l&rsquo;h\u00f4tel r\u00e9serv\u00e9 aux adultes.<\/p>\n\n<\/div>\n<\/div>\n<div id=\"faq-question-1768934680862\" class=\"rank-math-list-item\">\n<h3 class=\"rank-math-question \">Comment acc\u00e9der \u00e0 la chambre ?<\/h3>\n<div class=\"rank-math-answer \">\n\n<p>L&rsquo;acc\u00e8s est enti\u00e8rement num\u00e9rique. Apr\u00e8s votre r\u00e9servation, vous recevrez les instructions n\u00e9cessaires pour acc\u00e9der \u00e0 l&rsquo;h\u00f4tel et \u00e0 votre chambre en toute autonomie, sans passer par la r\u00e9ception ni attendre. <\/p>\n\n<\/div>\n<\/div>\n<div id=\"faq-question-1769021460726\" class=\"rank-math-list-item\">\n<h3 class=\"rank-math-question \">En quoi cette chambre est-elle diff\u00e9rente des autres chambres de l&rsquo;h\u00f4tel ?<\/h3>\n<div class=\"rank-math-answer \">\n\n<p>La Chambre Standard se distingue par son caract\u00e8re intime et accueillant, ce qui en fait une option particuli\u00e8rement appr\u00e9ci\u00e9e des couples en qu\u00eate d&rsquo;une escapade romantique et paisible.<\/p>\n\n<\/div>\n<\/div>\n<\/div>\n<\/div><\/div>\n<\/section>\n\n\n\n<section class=\"gb-element-577b9472\">\n<div class=\"gb-element-11c4ceec\">\n<div class=\"gb-element-d18bc750\">\n<div class=\"gb-element-6f9e9e50\">\n<h2 class=\"gb-text gb-text-00c40cb8\">R\u00e9servez votre chambre standard et d\u00e9couvrez Cadaqu\u00e9s \u00e0 votre rythme.<\/h2>\n\n\n\n<p class=\"gb-text gb-text-61fa70f6\">La Chambre Standard est une invitation \u00e0 profiter de Cadaqu\u00e9s dans un espace intime et accueillant, con\u00e7u pour le repos et les moments de partage en couple. <\/p>\n\n\n\n<p class=\"gb-text gb-text-ad888ffc\">V\u00e9rifiez les disponibilit\u00e9s et r\u00e9servez directement pour garantir votre s\u00e9jour et profiter d&rsquo;une exp\u00e9rience romantique, paisible et authentique au c\u0153ur du village.<\/p>\n\n\n\n<div class=\"gb-element-c779a8b6\">\n<p class=\"gb-text-18b091d2\"><span class=\"gb-shape\"><svg aria-hidden=\"true\" role=\"img\" height=\"1em\" width=\"1em\" viewBox=\"0 0 384 512\" xmlns=\"http:\/\/www.w3.org\/2000\/svg\"><path fill=\"currentColor\" d=\"M172.268 501.67C26.97 291.031 0 269.413 0 192 0 85.961 85.961 0 192 0s192 85.961 192 192c0 77.413-26.97 99.031-172.268 309.67-9.535 13.774-29.93 13.773-39.464 0zM192 272c44.183 0 80-35.817 80-80s-35.817-80-80-80-80 35.817-80 80 35.817 80 80 80z\"><\/path><\/svg><\/span><span class=\"gb-text\"><strong><a href=\"https:\/\/maps.app.goo.gl\/xiPSAWAyDSJZJdTC6\" target=\"_blank\" rel=\"noreferrer noopener\">Calle Vigilant, 12 &#8211; 17488 Cadaqu\u00e9s<\/a><\/strong><\/span><\/p>\n\n\n\n<p class=\"gb-text-2fa4cfc3\"><span class=\"gb-shape\"><svg aria-hidden=\"true\" role=\"img\" height=\"1em\" width=\"1em\" viewBox=\"0 0 512 512\" xmlns=\"http:\/\/www.w3.org\/2000\/svg\"><path fill=\"currentColor\" d=\"M440 6.5L24 246.4c-34.4 19.9-31.1 70.8 5.7 85.9L144 379.6V464c0 46.4 59.2 65.5 86.6 28.6l43.8-59.1 111.9 46.2c5.9 2.4 12.1 3.6 18.3 3.6 8.2 0 16.3-2.1 23.6-6.2 12.8-7.2 21.6-20 23.9-34.5l59.4-387.2c6.1-40.1-36.9-68.8-71.5-48.9zM192 464v-64.6l36.6 15.1L192 464zm212.6-28.7l-153.8-63.5L391 169.5c10.7-15.5-9.5-33.5-23.7-21.2L155.8 332.6 48 288 464 48l-59.4 387.3z\"><\/path><\/svg><\/span><span class=\"gb-text\"><strong><a href=\"mailto:hola@esblaucdq.com\">hola@esblaucdq.com<\/a><\/strong><\/span><\/p>\n\n\n\n<p class=\"gb-text-5a35bf56\"><span class=\"gb-shape\"><svg aria-hidden=\"true\" role=\"img\" height=\"1em\" width=\"1em\" viewBox=\"0 0 512 512\" xmlns=\"http:\/\/www.w3.org\/2000\/svg\"><path fill=\"currentColor\" d=\"M493.4 24.6l-104-24c-11.3-2.6-22.9 3.3-27.5 13.9l-48 112c-4.2 9.8-1.4 21.3 6.9 28l60.6 49.6c-36 76.7-98.9 140.5-177.2 177.2l-49.6-60.6c-6.8-8.3-18.2-11.1-28-6.9l-112 48C3.9 366.5-2 378.1.6 389.4l24 104C27.1 504.2 36.7 512 48 512c256.1 0 464-207.5 464-464 0-11.2-7.7-20.9-18.6-23.4z\"><\/path><\/svg><\/span><span class=\"gb-text\"><strong>+34 621 660 981<\/strong><\/span><\/p>\n<\/div>\n<\/div>\n\n\n\n<div class=\"gb-element-0d2f571d\">\n<iframe src=\"https:\/\/www.google.com\/maps\/embed?pb=!1m14!1m8!1m3!1d184.46977638812626!2d3.276678!3d42.288845!3m2!1i1024!2i768!4f13.1!3m3!1m2!1s0x12ba6f6a90431f6f%3A0xad8c17c2cac6a151!2sCarrer%20Vigilant%2C%2012%2C%2017488%20Cadaqu%C3%A9s%2C%20Girona%2C%20Spagna!5e0!3m2!1sit!2sit!4v1768844303342!5m2!1sit!2sit\" width=\"100%\" height=\"100%\" style=\"border:0;\" allowfullscreen=\"\" loading=\"lazy\" referrerpolicy=\"no-referrer-when-downgrade\"><\/iframe>\n<\/div>\n<\/div>\n<\/div>\n<\/section>\n\n\n\n<section class=\"gb-element-6f76327f\">\n<div class=\"gb-element-c492a87b\">\n<h2 class=\"gb-text gb-text-c174bad4\">Avez-vous des questions avant de r\u00e9server ?<\/h2>\n\n\n\n<p class=\"gb-text gb-text-d39b8f84\">Si vous souhaitez obtenir davantage d&rsquo;informations ou clarifier certains points avant de confirmer votre s\u00e9jour, n&rsquo;h\u00e9sitez pas \u00e0 nous contacter. Nous serons ravis de vous aider \u00e0 ce que votre exp\u00e9rience \u00e0 Cadaqu\u00e9s se d\u00e9roule en toute s\u00e9r\u00e9nit\u00e9. <\/p>\n\n\n\n<a class=\"gb-text gb-text-c8060458\" href=\"https:\/\/esblaucdq.com\/fr\/contact\/\">Contactez maintenant <\/a>\n<\/div>\n<\/section>\n","protected":false},"excerpt":{"rendered":"<p>Chambre Standard Chambre romantique \u00e0 Cadaqu\u00e9s La Chambre Standard est un refuge intime con\u00e7u pour les couples souhaitant profiter de Cadaqu\u00e9s dans le calme et la chaleur. Une chambre accueillante, pens\u00e9e pour ceux qui appr\u00e9cient les petites attentions, la tranquillit\u00e9 et le confort d\u00e8s leur arriv\u00e9e. Une chambre romantique \u00e0 Cadaqu\u00e9s pour partager des moments &#8230; <a title=\"Chambre Standard\" class=\"read-more\" href=\"https:\/\/esblaucdq.com\/fr\/habitacion-romantica-en-cadaques-standard-room\/\" aria-label=\"En savoir plus sur Chambre Standard\">Lire plus<\/a><\/p>\n","protected":false},"author":1,"featured_media":0,"parent":0,"menu_order":0,"comment_status":"closed","ping_status":"closed","template":"","meta":{"footnotes":""},"class_list":["post-2086","page","type-page","status-publish"],"_links":{"self":[{"href":"https:\/\/esblaucdq.com\/fr\/wp-json\/wp\/v2\/pages\/2086","targetHints":{"allow":["GET"]}}],"collection":[{"href":"https:\/\/esblaucdq.com\/fr\/wp-json\/wp\/v2\/pages"}],"about":[{"href":"https:\/\/esblaucdq.com\/fr\/wp-json\/wp\/v2\/types\/page"}],"author":[{"embeddable":true,"href":"https:\/\/esblaucdq.com\/fr\/wp-json\/wp\/v2\/users\/1"}],"replies":[{"embeddable":true,"href":"https:\/\/esblaucdq.com\/fr\/wp-json\/wp\/v2\/comments?post=2086"}],"version-history":[{"count":7,"href":"https:\/\/esblaucdq.com\/fr\/wp-json\/wp\/v2\/pages\/2086\/revisions"}],"predecessor-version":[{"id":2430,"href":"https:\/\/esblaucdq.com\/fr\/wp-json\/wp\/v2\/pages\/2086\/revisions\/2430"}],"wp:attachment":[{"href":"https:\/\/esblaucdq.com\/fr\/wp-json\/wp\/v2\/media?parent=2086"}],"curies":[{"name":"wp","href":"https:\/\/api.w.org\/{rel}","templated":true}]}}