{"id":2123,"date":"2026-01-20T18:22:24","date_gmt":"2026-01-20T17:22:24","guid":{"rendered":"https:\/\/esblaucdq.com\/contact\/"},"modified":"2026-03-10T10:16:41","modified_gmt":"2026-03-10T09:16:41","slug":"contact","status":"publish","type":"page","link":"https:\/\/esblaucdq.com\/fr\/contact\/","title":{"rendered":"Contact"},"content":{"rendered":"\n<div class=\"gb-element-f89779bd\">\n<div class=\"gb-element-f52c920e\">\n<h1 class=\"gb-text gb-text-8423117b\">Contact et localisation \u00e0 Cadaqu\u00e9s<\/h1>\n\n\n\n<div class=\"gb-element-1d03b122\">\n<div class=\"gb-element-e7a81962\">\n<h2 class=\"gb-text gb-text-04db5f02\">INFORMATIONS SUR<\/h2>\n\n\n\n<h3 class=\"gb-text gb-text-03a91bba\">CONTACT<\/h3>\n\n\n\n<p class=\"gb-text gb-text-56dd62cb\">L&rsquo;H\u00f4tel Boutique Es Blau est situ\u00e9 dans le centre historique de Cadaqu\u00e9s, dans un quartier calme et bien desservi, id\u00e9al pour se d\u00e9placer \u00e0 pied et profiter facilement de la ville.<\/p>\n\n\n\n<div class=\"gb-element-c943e986\">\n<p class=\"gb-text-9457a9bb\"><span class=\"gb-shape\"><svg aria-hidden=\"true\" role=\"img\" height=\"1em\" width=\"1em\" viewBox=\"0 0 384 512\" xmlns=\"http:\/\/www.w3.org\/2000\/svg\"><path fill=\"currentColor\" d=\"M172.268 501.67C26.97 291.031 0 269.413 0 192 0 85.961 85.961 0 192 0s192 85.961 192 192c0 77.413-26.97 99.031-172.268 309.67-9.535 13.774-29.93 13.773-39.464 0zM192 272c44.183 0 80-35.817 80-80s-35.817-80-80-80-80 35.817-80 80 35.817 80 80 80z\"><\/path><\/svg><\/span><span class=\"gb-text\"><strong><a href=\"https:\/\/maps.app.goo.gl\/xiPSAWAyDSJZJdTC6\" target=\"_blank\" rel=\"noreferrer noopener\">Calle Vigilant, 12 &#8211; 17488 Cadaqu\u00e9s<\/a><\/strong><\/span><\/p>\n\n\n\n<p class=\"gb-text-040878db\"><span class=\"gb-shape\"><svg aria-hidden=\"true\" role=\"img\" height=\"1em\" width=\"1em\" viewBox=\"0 0 512 512\" xmlns=\"http:\/\/www.w3.org\/2000\/svg\"><path fill=\"currentColor\" d=\"M440 6.5L24 246.4c-34.4 19.9-31.1 70.8 5.7 85.9L144 379.6V464c0 46.4 59.2 65.5 86.6 28.6l43.8-59.1 111.9 46.2c5.9 2.4 12.1 3.6 18.3 3.6 8.2 0 16.3-2.1 23.6-6.2 12.8-7.2 21.6-20 23.9-34.5l59.4-387.2c6.1-40.1-36.9-68.8-71.5-48.9zM192 464v-64.6l36.6 15.1L192 464zm212.6-28.7l-153.8-63.5L391 169.5c10.7-15.5-9.5-33.5-23.7-21.2L155.8 332.6 48 288 464 48l-59.4 387.3z\"><\/path><\/svg><\/span><span class=\"gb-text\"><strong><a href=\"mailto:hola@esblaucdq.com\">hola@esblaucdq.com<\/a><\/strong><\/span><\/p>\n\n\n\n<p class=\"gb-text-64d27bce\"><span class=\"gb-shape\"><svg aria-hidden=\"true\" role=\"img\" height=\"1em\" width=\"1em\" viewBox=\"0 0 512 512\" xmlns=\"http:\/\/www.w3.org\/2000\/svg\"><path fill=\"currentColor\" d=\"M493.4 24.6l-104-24c-11.3-2.6-22.9 3.3-27.5 13.9l-48 112c-4.2 9.8-1.4 21.3 6.9 28l60.6 49.6c-36 76.7-98.9 140.5-177.2 177.2l-49.6-60.6c-6.8-8.3-18.2-11.1-28-6.9l-112 48C3.9 366.5-2 378.1.6 389.4l24 104C27.1 504.2 36.7 512 48 512c256.1 0 464-207.5 464-464 0-11.2-7.7-20.9-18.6-23.4z\"><\/path><\/svg><\/span><span class=\"gb-text\"><strong>+34 621 660 981<\/strong><\/span><\/p>\n<\/div>\n<\/div>\n\n\n\n<div class=\"gb-element-0e8cd33f\">\n<iframe src=\"https:\/\/www.google.com\/maps\/embed?pb=!1m14!1m8!1m3!1d184.46977638812626!2d3.276678!3d42.288845!3m2!1i1024!2i768!4f13.1!3m3!1m2!1s0x12ba6f6a90431f6f%3A0xad8c17c2cac6a151!2sCarrer%20Vigilant%2C%2012%2C%2017488%20Cadaqu%C3%A9s%2C%20Girona%2C%20Spagna!5e0!3m2!1sit!2sit!4v1768844303342!5m2!1sit!2sit\" width=\"100%\" height=\"100%\" style=\"border:0;\" allowfullscreen=\"\" loading=\"lazy\" referrerpolicy=\"no-referrer-when-downgrade\"><\/iframe>\n<\/div>\n<\/div>\n<\/div>\n<\/div>\n\n\n\n<section class=\"gb-element-a50f4693\" style=\"u002du002dinline-bg-image: url(https:\/\/esblaucdq.com\/wp-content\/uploads\/2026\/01\/azulu002du002dscaled.png)\" id=\"form-contacto\">\n<div class=\"gb-element-4c6c58dc\">\n<div class=\"gb-element-16fa21bc\">\n<div class=\"gb-element-33341bfd\">\n<h2 class=\"gb-text gb-text-52376c6b\">Planifiez votre <mark style=\"background-color:rgba(0, 0, 0, 0)\" class=\"has-inline-color has-accent-color\">voyage<\/mark> et demandez des informations.<\/h2>\n\n\n\n<p class=\"gb-text gb-text-22be62c8\">Si vous pr\u00e9f\u00e9rez nous \u00e9crire, vous pouvez utiliser le formulaire de contact disponible sur cette page. Nous vous r\u00e9pondrons rapidement et clairement afin de r\u00e9pondre \u00e0 toutes vos questions avant votre arriv\u00e9e ou lors de votre r\u00e9servation. <\/p>\n<\/div>\n\n\n\n<div class=\"gb-element-94ee275b\">\n<iframe\n    src=\"https:\/\/updates.ecoseo.net\/widget\/form\/tlL85m6ZgTCetpFLpD9h\"\n    style=\"width:100%;height:100%;border:none;border-radius:3px\"\n    id=\"inline-tlL85m6ZgTCetpFLpD9h\" \n    data-layout=\"{'id':'INLINE'}\"\n    data-trigger-type=\"alwaysShow\"\n    data-trigger-value=\"\"\n    data-activation-type=\"alwaysActivated\"\n    data-activation-value=\"\"\n    data-deactivation-type=\"neverDeactivate\"\n    data-deactivation-value=\"\"\n    data-form-name=\"Form Contacto FR\"\n    data-height=\"500\"\n    data-layout-iframe-id=\"inline-tlL85m6ZgTCetpFLpD9h\"\n    data-form-id=\"tlL85m6ZgTCetpFLpD9h\"\n    title=\"Form Contacto FR\"\n        >\n<\/iframe>\n<script src=\"https:\/\/updates.ecoseo.net\/js\/form_embed.js\"><\/script>\n<\/div>\n<\/div>\n<\/div>\n<\/section>\n\n\n\n<section class=\"gb-element-553c4718\">\n<div class=\"gb-element-8e7e0fbd\">\n<h2 class=\"gb-text gb-text-47cfedd0\">Questions fr\u00e9quentes concernant le contact<\/h2>\n\n\n<div id=\"rank-math-faq\" class=\"rank-math-block\">\n<div class=\"rank-math-list \">\n<div id=\"faq-question-1768934677365\" class=\"rank-math-list-item\">\n<h3 class=\"rank-math-question \">Puis-je d\u00e9poser mes bagages avant l&rsquo;enregistrement ?<\/h3>\n<div class=\"rank-math-answer \">\n\n<p>Il est possible de laisser vos bagages avant l&rsquo;enregistrement, sous r\u00e9serve de disponibilit\u00e9. Nous vous recommandons de contacter l&rsquo;h\u00f4tel \u00e0 l&rsquo;avance pour confirmation. <\/p>\n\n<\/div>\n<\/div>\n<div id=\"faq-question-1768934679070\" class=\"rank-math-list-item\">\n<h3 class=\"rank-math-question \">Est-il possible d&rsquo;arriver plus t\u00f4t ou de partir plus tard ?<\/h3>\n<div class=\"rank-math-answer \">\n\n<p>Ces options sont propos\u00e9es sous r\u00e9serve de disponibilit\u00e9. Si vous souhaitez une certaine flexibilit\u00e9 dans vos horaires, vous pouvez vous renseigner directement aupr\u00e8s de l&rsquo;h\u00f4tel avant votre arriv\u00e9e. <\/p>\n\n<\/div>\n<\/div>\n<div id=\"faq-question-1768934679822\" class=\"rank-math-list-item\">\n<h3 class=\"rank-math-question \">Comment puis-je contacter l&rsquo;h\u00f4tel si j&rsquo;ai besoin d&rsquo;aide ?<\/h3>\n<div class=\"rank-math-answer \">\n\n<p>Vous pouvez contacter l&rsquo;h\u00f4tel par t\u00e9l\u00e9phone ou par courriel. L&rsquo;assistance t\u00e9l\u00e9phonique est disponible 24 h\/24 pour r\u00e9pondre \u00e0 toutes vos questions ou r\u00e9soudre tout probl\u00e8me durant votre s\u00e9jour. <\/p>\n\n<\/div>\n<\/div>\n<div id=\"faq-question-1768934680862\" class=\"rank-math-list-item\">\n<h3 class=\"rank-math-question \">O\u00f9 puis-je trouver mon code d&rsquo;acc\u00e8s ?<\/h3>\n<div class=\"rank-math-answer \">\n\n<p>Le code d&rsquo;acc\u00e8s se trouve dans le lien que vous recevrez apr\u00e8s avoir effectu\u00e9 votre enregistrement en ligne. Il s&rsquo;agit d&rsquo;un code PIN personnel valable pour l&rsquo;entr\u00e9e principale et votre chambre. <\/p>\n\n<\/div>\n<\/div>\n<div id=\"faq-question-1769153264537\" class=\"rank-math-list-item\">\n<h3 class=\"rank-math-question \">Comment puis-je modifier ou annuler une r\u00e9servation effectu\u00e9e via Booking ?<\/h3>\n<div class=\"rank-math-answer \">\n\n<p>Les r\u00e9servations effectu\u00e9es via Booking.com doivent \u00eatre g\u00e9r\u00e9es directement sur leur plateforme. L&rsquo;h\u00f4tel ne peut pas effectuer de modifications manuelles. <\/p>\n\n<\/div>\n<\/div>\n<div id=\"faq-question-1769153689978\" class=\"rank-math-list-item\">\n<h3 class=\"rank-math-question \">L&rsquo;h\u00f4tel dispose-t-il d&rsquo;un espace pour ranger les v\u00e9los ?<\/h3>\n<div class=\"rank-math-answer \">\n\n<p>L&rsquo;h\u00f4tel ne dispose actuellement d&rsquo;aucun espace d\u00e9di\u00e9 au stationnement des v\u00e9los.<\/p>\n\n<\/div>\n<\/div>\n<\/div>\n<\/div><\/div>\n<\/section>\n\n\n\n<section class=\"gb-element-577b9472\">\n<div class=\"gb-element-11c4ceec\">\n<h2 class=\"gb-text gb-text-00c40cb8\">Avez-vous des questions avant de r\u00e9server ?<\/h2>\n\n\n\n<p class=\"gb-text gb-text-61fa70f6\">Si vous souhaitez obtenir davantage d&rsquo;informations ou clarifier certains points avant de confirmer votre s\u00e9jour, n&rsquo;h\u00e9sitez pas \u00e0 nous contacter. Nous serons ravis de vous aider \u00e0 ce que votre exp\u00e9rience \u00e0 Cadaqu\u00e9s se d\u00e9roule en toute s\u00e9r\u00e9nit\u00e9. <\/p>\n\n\n\n<a class=\"gb-text gb-text-c8060458\" href=\"#form-contacto\">Contactez maintenant <\/a>\n<\/div>\n<\/section>\n","protected":false},"excerpt":{"rendered":"<p>Contact et localisation \u00e0 Cadaqu\u00e9s INFORMATIONS SUR CONTACT L&rsquo;H\u00f4tel Boutique Es Blau est situ\u00e9 dans le centre historique de Cadaqu\u00e9s, dans un quartier calme et bien desservi, id\u00e9al pour se d\u00e9placer \u00e0 pied et profiter facilement de la ville. Calle Vigilant, 12 &#8211; 17488 Cadaqu\u00e9s hola@esblaucdq.com +34 621 660 981 Planifiez votre voyage et demandez &#8230; <a title=\"Contact\" class=\"read-more\" href=\"https:\/\/esblaucdq.com\/fr\/contact\/\" aria-label=\"En savoir plus sur Contact\">Lire plus<\/a><\/p>\n","protected":false},"author":1,"featured_media":0,"parent":0,"menu_order":0,"comment_status":"closed","ping_status":"closed","template":"","meta":{"footnotes":""},"class_list":["post-2123","page","type-page","status-publish"],"_links":{"self":[{"href":"https:\/\/esblaucdq.com\/fr\/wp-json\/wp\/v2\/pages\/2123","targetHints":{"allow":["GET"]}}],"collection":[{"href":"https:\/\/esblaucdq.com\/fr\/wp-json\/wp\/v2\/pages"}],"about":[{"href":"https:\/\/esblaucdq.com\/fr\/wp-json\/wp\/v2\/types\/page"}],"author":[{"embeddable":true,"href":"https:\/\/esblaucdq.com\/fr\/wp-json\/wp\/v2\/users\/1"}],"replies":[{"embeddable":true,"href":"https:\/\/esblaucdq.com\/fr\/wp-json\/wp\/v2\/comments?post=2123"}],"version-history":[{"count":6,"href":"https:\/\/esblaucdq.com\/fr\/wp-json\/wp\/v2\/pages\/2123\/revisions"}],"predecessor-version":[{"id":2408,"href":"https:\/\/esblaucdq.com\/fr\/wp-json\/wp\/v2\/pages\/2123\/revisions\/2408"}],"wp:attachment":[{"href":"https:\/\/esblaucdq.com\/fr\/wp-json\/wp\/v2\/media?parent=2123"}],"curies":[{"name":"wp","href":"https:\/\/api.w.org\/{rel}","templated":true}]}}