{"id":2133,"date":"2026-01-21T17:33:38","date_gmt":"2026-01-21T16:33:38","guid":{"rendered":"https:\/\/esblaucdq.com\/chambres-a-cadaques\/"},"modified":"2026-03-17T18:57:26","modified_gmt":"2026-03-17T17:57:26","slug":"chambres-a-cadaques","status":"publish","type":"page","link":"https:\/\/esblaucdq.com\/fr\/chambres-a-cadaques\/","title":{"rendered":"Chambres"},"content":{"rendered":"\n<section class=\"gb-element-32b8c4b6\">\n<div class=\"gb-element-7c94dd90\">\n<div class=\"gb-element-bf6b7bb5\">\n<h1 class=\"gb-text gb-text-8423117b\">Chambres \u00e0 Cadaqu\u00e9s con\u00e7ues pour un s\u00e9jour paisible<\/h1>\n\n\n\n<p class=\"gb-text gb-text-10241348\">Les chambres de l&rsquo;H\u00f4tel Boutique Es Blau ont \u00e9t\u00e9 con\u00e7ues comme des espaces de repos, d&rsquo;intimit\u00e9 et d&rsquo;\u00e9quilibre. <\/p>\n\n\n\n<p class=\"gb-text gb-text-e472f84b\">Chacune propose une exp\u00e9rience de s\u00e9jour diff\u00e9rente, tout en conservant la m\u00eame essence : tranquillit\u00e9, design contemporain et une exp\u00e9rience con\u00e7ue exclusivement pour les adultes.<\/p>\n\n\n\n<p class=\"gb-text gb-text-47a84c00\">Toutes les chambres partagent une esth\u00e9tique soigneusement travaill\u00e9e, fonctionnelle et lumineuse, inspir\u00e9e par la lumi\u00e8re et le caract\u00e8re de Cadaqu\u00e9s. <\/p>\n\n\n\n<p class=\"gb-text gb-text-4a1919c1\">Sans bruit, sans pr\u00e9cipitation et sans \u00e9l\u00e9ments superflus, les chambres vous invitent \u00e0 vous d\u00e9connecter et \u00e0 choisir l&rsquo;espace qui correspond le mieux \u00e0 votre fa\u00e7on de voyager.<\/p>\n<\/div>\n<\/div>\n<\/section>\n\n\n\n<section class=\"gb-element-13914584\">\n<div class=\"gb-element-2ecc7401\">\n<div class=\"gb-element-2385b9f1\">\n<div class=\"gb-element-5de5c6ee\">\n<h2 class=\"gb-text gb-text-f70dd55a\">R\u00e9servez votre s\u00e9jour et plongez-vous dans la beaut\u00e9 et le charme de <strong>Cadaqu\u00e9s <\/strong><\/h2>\n<\/div>\n\n\n\n<div class=\"gb-element-ded87f2f\">\n<figure class=\"wp-block-image size-full is-resized\"><img loading=\"lazy\" decoding=\"async\" width=\"416\" height=\"344\" src=\"https:\/\/esblaucdq.com\/wp-content\/uploads\/2026\/01\/yellow-hearts.png\" alt=\"\" class=\"wp-image-1240\" style=\"width:120px\" srcset=\"https:\/\/esblaucdq.com\/wp-content\/uploads\/2026\/01\/yellow-hearts.png 416w, https:\/\/esblaucdq.com\/wp-content\/uploads\/2026\/01\/yellow-hearts-300x248.png 300w\" sizes=\"auto, (max-width: 416px) 100vw, 416px\" \/><\/figure>\n<\/div>\n<\/div>\n\n\n\n<div class=\"gb-element-c8185b16\">\n<div class=\"gb-element-10891cf6\">\n<script type=\"text\/javascript\" src=\"https:\/\/booking.hotelgest.com\/v4\/assets\/js\/main.js\"><\/script>\n<style>\n  div#hgContainer_1234{\n  width: 100%;\n}\n  \n  button.btn.trn.btn-success.col-hg-xs-12.button-hg {\n    background: #F9AC19!important;\n    text-transform: uppercase;\n    font-family: Montserrat, sans-serif !important;;\n    font-weight: bold;\n  }\n  \n  .hgContainer .button-hg{\n    background: #F9AC19!important;\n  }\n  .hgContainer .container-hg {\n    width:auto;\n  }\n  section.bar-search {\n    background: #050228 !important;\n    \/*background-color: #050228 !important;*\/\n  }\n  \n  .hgContainer .form-control {\n  font-size: 16px;\nfont-family: Montserrat, sans-serif !important;;\n}\n  \n.hgContainer .row-custom {\n  width: 100%;\n  margin: 0;\n  padding: 0;\n}\n<\/style>\n        <div id=\"hgContainer_1234\" style=\" width: 90%;margin: 0 auto;\" class=\"container-fluid hgContainer\"><\/div>\n        <script>\n            var optionsHG = {\n                pcode: '1823', \/\/pon el c\u00f3digo de tu hotel\n                typo: 'calendar', \/\/required\n                lang: 'fr', \/\/required\n                index: 1234, \/\/required id container\n                min_occupancy:  1,\/\/required\n                max_occupancy: 6,\/\/required\n                target: '_blank' , \/* optional *\/\n                analitics: 'UA-26990615-2',\n                redirect_url: 'https:\/\/booking.hotelgest.com\/v4\/?pcode=1823' \n            };\n            \n            iniHG();\n<\/script>\n<\/div>\n\n\n\n<div class=\"gb-element-d033ff64\">\n<p class=\"gb-text gb-text-a3ef39c9\">10% de r\u00e9duction au restaurant \u00ab La Sal \u00bb.<\/p>\n<\/div>\n<\/div>\n<\/div>\n<\/section>\n\n\n\n<section class=\"gb-element-079b511d\">\n<div class=\"gb-element-afad9bd5\">\n<h2 class=\"gb-text gb-text-c2b466ab\">Nos chambres<\/h2>\n\n\n\n<div class=\"gb-element-20f724e1\"><\/div>\n\n\n\n<!-- EsBlau Rooms Section -->\n<section class=\"esblau-rooms\" id=\"esblau-rooms\">\n  <div class=\"esblau-rooms__wrap\">\n\n    <!-- Columna izquierda: listado -->\n    <nav class=\"esblau-rooms__list\" aria-label=\"Habitaciones\">\n      <a class=\"esblau-room-card is-active\" href=\"#\" data-target=\"habitacion-basica\">\n        <h3 class=\"esblau-room-card__title\">De base<\/h3>\n        <p class=\"esblau-room-card__excerpt\">\n Cette chambre confortable de 12 m2 est con\u00e7ue pour ceux qui recherchent un espace fonctionnel et confortable.\n        <\/p>\n      <\/a>\n\n      <a class=\"esblau-room-card\" href=\"#\" data-target=\"habitacion-standard-room\">\n        <h3 class=\"esblau-room-card__title\">Chambre Standard<\/h3>\n        <p class=\"esblau-room-card__excerpt\">\n Une option accueillante et fonctionnelle, id\u00e9ale pour les couples en qu\u00eate de confort et de d\u00e9tente au c\u0153ur de Cadaqu\u00e9s.\n        <\/p>\n      <\/a>\n\n      <a class=\"esblau-room-card\" href=\"#\" data-target=\"habitacion-superior-room\">\n        <h3 class=\"esblau-room-card__title\">Chambre Superior<\/h3>\n        <p class=\"esblau-room-card__excerpt\">\n Avec un espace et un design accrus, la Chambre Sup\u00e9rieure offre une exp\u00e9rience plus spacieuse sans rien perdre de l&rsquo;atmosph\u00e8re intime et paisible de l&rsquo;h\u00f4tel.\n        <\/p>\n      <\/a>\n\n      <a class=\"esblau-room-card\" href=\"#\" data-target=\"habitacion-junior-suite\">\n        <h3 class=\"esblau-room-card__title\">Junior Suite<\/h3>\n        <p class=\"esblau-room-card__excerpt\">\n La suite Junior offre plus d&rsquo;intimit\u00e9 et de confort gr\u00e2ce \u00e0 son espace plus vaste et \u00e0 sa terrasse priv\u00e9e.\n        <\/p>\n      <\/a>\n\n      <a class=\"esblau-room-card\" href=\"#\" data-target=\"habitacion-esblau-suite\">\n        <h3 class=\"esblau-room-card__title\">EsBlau Suite<\/h3>\n        <p class=\"esblau-room-card__excerpt\">\n L&rsquo;option la plus exclusive de l&rsquo;h\u00f4tel, con\u00e7ue pour ceux qui souhaitent un s\u00e9jour exceptionnel \u00e0 Cadaqu\u00e9s.\n        <\/p>\n      <\/a>\n    <\/nav>\n\n    <!-- Columna derecha: paneles -->\n    <div class=\"esblau-rooms__panels\">\n\n      <article class=\"esblau-room-panel is-active\" id=\"habitacion-basica\" style=\"--bg: url('\/wp-content\/uploads\/2026\/01\/habitacion-basica.jpeg')\" aria-label=\"Habitaci\u00f3n b\u00e1sica\">\n        <div class=\"esblau-room-panel__overlay\"><\/div>\n        <div class=\"esblau-room-panel__content\">\n          <h2 class=\"esblau-room-panel__title\">Chambre de base<\/h2>\n          <p class=\"esblau-room-panel__text\">\n Cette chambre accueillante de 12 m2 est con\u00e7ue pour ceux qui recherchent un espace fonctionnel et confortable, id\u00e9al pour se reposer apr\u00e8s une journ\u00e9e pass\u00e9e \u00e0 explorer Cadaqu\u00e9s. Elle dispose d&rsquo;une salle de bain priv\u00e9e, d&rsquo;une petite armoire avec \u00e9tag\u00e8res, d&rsquo;une cafeti\u00e8re, d&rsquo;une t\u00e9l\u00e9vision, de draps et de serviettes, le tout con\u00e7u pour vous offrir le confort dans un environnement minimaliste et pratique. \n          <\/p>\n          <a class=\"esblau-room-panel__cta\" href=\"https:\/\/esblaucdq.com\/fr\/chambre-basique\/\">Voir plus d&rsquo;informations<\/a>\n        <\/div>\n      <\/article>\n\n      <article class=\"esblau-room-panel\" id=\"habitacion-standard-room\" style=\"--bg: url('\/wp-content\/uploads\/2026\/01\/habitacion-standard-room.jpg')\" aria-label=\"Standard Room\">\n        <div class=\"esblau-room-panel__overlay\"><\/div>\n        <div class=\"esblau-room-panel__content\">\n          <h2 class=\"esblau-room-panel__title\">Chambre Standard<\/h2>\n          <p class=\"esblau-room-panel__text\">\n Son agencement simple mais soign\u00e9 cr\u00e9e une atmosph\u00e8re apaisante, id\u00e9ale pour se d\u00e9tendre apr\u00e8s une journ\u00e9e de marche, de plage ou de d\u00e9couverte de la ville. Cette chambre est con\u00e7ue pour ceux qui privil\u00e9gient l&#8217;emplacement, la tranquillit\u00e9 et un espace bien entretenu, sans avoir besoin de superflu. \n          <\/p>\n          <a class=\"esblau-room-panel__cta\" href=\"https:\/\/esblaucdq.com\/fr\/habitacion-romantica-en-cadaques-standard-room\/\">D\u00e9couvrez tous les d\u00e9tails de cette pi\u00e8ce<\/a>\n        <\/div>\n      <\/article>\n\n      <article class=\"esblau-room-panel\" id=\"habitacion-superior-room\" style=\"--bg: url('\/wp-content\/uploads\/2026\/01\/habitacion-superior-room.jpg')\" aria-label=\"Superior Room\">\n        <div class=\"esblau-room-panel__overlay\"><\/div>\n        <div class=\"esblau-room-panel__content\">\n          <h2 class=\"esblau-room-panel__title\">Chambre Superior<\/h2>\n          <p class=\"esblau-room-panel__text\">\n Id\u00e9al pour les couples en qu\u00eate de confort et de d\u00e9tente absolue, cet h\u00e9bergement offre un \u00e9quilibre parfait entre style, confort et tranquillit\u00e9, pour des s\u00e9jours o\u00f9 le repos est primordial. \n          <\/p>\n          <a class=\"esblau-room-panel__cta\" href=\"https:\/\/esblaucdq.com\/fr\/chambre-superieure\/\">Consultez plus d&rsquo;informations et les disponibilit\u00e9s<\/a>\n        <\/div>\n      <\/article>\n\n      <article class=\"esblau-room-panel\" id=\"habitacion-junior-suite\" style=\"--bg: url('\/wp-content\/uploads\/2026\/01\/habitacion-junior-suite.jpg')\" aria-label=\"Junior Suite\">\n        <div class=\"esblau-room-panel__overlay\"><\/div>\n        <div class=\"esblau-room-panel__content\">\n          <h2 class=\"esblau-room-panel__title\">Junior Suite<\/h2>\n          <p class=\"esblau-room-panel__text\">\n Id\u00e9al pour une escapade romantique ou un s\u00e9jour o\u00f9 profiter du grand air en toute tranquillit\u00e9, sans quitter sa chambre. Un choix pens\u00e9 pour ceux qui recherchent une ambiance plus exclusive et un espace de d\u00e9tente \u00e0 toute heure. \n          <\/p>\n          <a class=\"esblau-room-panel__cta\" href=\"https:\/\/esblaucdq.com\/fr\/hotel-de-suites-junior-avec-terrasse-a-cadaques\/\">D\u00e9couvrez tous les d\u00e9tails de cette pi\u00e8ce<\/a>\n        <\/div>\n      <\/article>\n\n      <article class=\"esblau-room-panel\" id=\"habitacion-esblau-suite\" style=\"--bg: url('\/wp-content\/uploads\/2026\/01\/habitacion-esblau-suite.jpg')\" aria-label=\"EsBlau Suite\">\n        <div class=\"esblau-room-panel__overlay\"><\/div>\n        <div class=\"esblau-room-panel__content\">\n          <h2 class=\"esblau-room-panel__title\">EsBlau Suite<\/h2>\n          <p class=\"esblau-room-panel__text\">\n Son espace g\u00e9n\u00e9reux et sa terrasse priv\u00e9e font de cette suite un lieu con\u00e7u pour un plaisir sans interruption. Id\u00e9ale pour les c\u00e9l\u00e9brations, les escapades uniques ou tout simplement pour vivre l&rsquo;h\u00f4tel d&rsquo;une mani\u00e8re plus intime et originale. \n          <\/p>\n          <a class=\"esblau-room-panel__cta\" href=\"https:\/\/esblaucdq.com\/fr\/esblau-suite-avec-piscine-privee-a-cadaques\/\">Voir plus d&rsquo;informations<\/a>\n        <\/div>\n      <\/article>\n\n    <\/div>\n  <\/div>\n<\/section>\n<\/div>\n<\/section>\n\n\n\n<div class=\"gb-element-c9236973\">\n<div class=\"gb-element-38c98869\">\n<div class=\"gb-element-9961c397\">\n<h2 class=\"gb-text gb-text-a2a0e3ee\">Services<\/h2>\n<\/div>\n\n\n\n<div class=\"gb-element-36b3e328\">\n<div class=\"gb-element-9ee77c3c\">\n<p class=\"gb-text-ead5d0e9\"><span class=\"gb-shape\">       <\/span><span class=\"gb-text\">Serviettes<\/span><\/p>\n\n\n\n<p class=\"gb-text-9ef9a2f8\"><span class=\"gb-shape\">       <\/span><span class=\"gb-text\">TV<\/span><\/p>\n\n\n\n<p class=\"gb-text-8e717516\"><span class=\"gb-shape\">       <\/span><span class=\"gb-text\">Coffre-fort<\/span><\/p>\n\n\n\n<p class=\"gb-text-84575769\"><span class=\"gb-shape\">       <\/span><span class=\"gb-text\">Balcon\/Terrasse<\/span><\/p>\n\n\n\n<p class=\"gb-text-f0566235\"><span class=\"gb-shape\">       <\/span><span class=\"gb-text\">Salle de bain avec douche<\/span><\/p>\n<\/div>\n\n\n\n<div class=\"gb-element-b03ecb84\">\n<p class=\"gb-text-8d45c337\"><span class=\"gb-shape\">       <\/span><span class=\"gb-text\">S\u00e8che-cheveux<\/span><\/p>\n\n\n\n<p class=\"gb-text-73ef6d9d\"><span class=\"gb-shape\">       <\/span><span class=\"gb-text\">Fer \u00e0 cheveux<\/span><\/p>\n\n\n\n<p class=\"gb-text-9b7ddf7c\"><span class=\"gb-shape\">       <\/span><span class=\"gb-text\">Machine \u00e0 caf\u00e9<\/span><\/p>\n\n\n\n<p class=\"gb-text-6178dfee\"><span class=\"gb-shape\">       <\/span><span class=\"gb-text\">Connexion Wi-Fi gratuite<\/span><\/p>\n\n\n\n<p class=\"gb-text-d128d673\"><span class=\"gb-shape\">       <\/span><span class=\"gb-text\">Air conditionn\u00e9<\/span><\/p>\n<\/div>\n<\/div>\n\n\n\n<div class=\"gb-element-c4ea3928\">\n<p class=\"gb-text gb-text-5cc5598b\">Les photographies des chambres sont indicatives pour chaque cat\u00e9gorie. La couleur ou les d\u00e9tails peuvent changer. <\/p>\n<\/div>\n<\/div>\n<\/div>\n\n\n\n<section class=\"gb-element-553c4718\">\n<div class=\"gb-element-8e7e0fbd\">\n<h2 class=\"gb-text gb-text-47cfedd0\">Questions fr\u00e9quentes sur les chambres<\/h2>\n\n\n<div id=\"rank-math-faq\" class=\"rank-math-block\">\n<div class=\"rank-math-list \">\n<div id=\"faq-question-1768934677365\" class=\"rank-math-list-item\">\n<h3 class=\"rank-math-question \">Quelles vues offrent les chambres ?<\/h3>\n<div class=\"rank-math-answer \">\n\n<p>La plupart des chambres offrent une vue sur la vieille ville de Cadaqu\u00e9s et ses rues pav\u00e9es. Seule la terrasse de la suite Esblau offre une vue partielle sur la mer. <\/p>\n\n<\/div>\n<\/div>\n<div id=\"faq-question-1768934679070\" class=\"rank-math-list-item\">\n<h3 class=\"rank-math-question \">Les chambres disposent-elles d&rsquo;un minibar ?<\/h3>\n<div class=\"rank-math-answer \">\n\n<p>Oui. Toutes les chambres sont \u00e9quip\u00e9es d&rsquo;un minibar mis \u00e0 la disposition des clients. <\/p>\n\n<\/div>\n<\/div>\n<div id=\"faq-question-1768934679822\" class=\"rank-math-list-item\">\n<h3 class=\"rank-math-question \">Y a-t-il du Wi-Fi dans les chambres ?<\/h3>\n<div class=\"rank-math-answer \">\n\n<p>Oui. L&rsquo;h\u00f4tel propose une connexion Wi-Fi gratuite dans toutes les chambres. <\/p>\n\n<\/div>\n<\/div>\n<\/div>\n<\/div><\/div>\n<\/section>\n\n\n\n<section class=\"gb-element-6f76327f\">\n<div class=\"gb-element-c492a87b\">\n<h2 class=\"gb-text gb-text-c174bad4\">Avez-vous des questions avant de r\u00e9server ?<\/h2>\n\n\n\n<p class=\"gb-text gb-text-d39b8f84\">Si vous souhaitez obtenir davantage d&rsquo;informations ou clarifier certains points avant de confirmer votre s\u00e9jour, n&rsquo;h\u00e9sitez pas \u00e0 nous contacter. Nous serons ravis de vous aider \u00e0 ce que votre exp\u00e9rience \u00e0 Cadaqu\u00e9s se d\u00e9roule en toute s\u00e9r\u00e9nit\u00e9. <\/p>\n\n\n\n<a class=\"gb-text gb-text-c8060458\" href=\"https:\/\/esblaucdq.com\/fr\/contact\/\">Contactez maintenant <\/a>\n<\/div>\n<\/section>\n","protected":false},"excerpt":{"rendered":"<p>Chambres \u00e0 Cadaqu\u00e9s con\u00e7ues pour un s\u00e9jour paisible Les chambres de l&rsquo;H\u00f4tel Boutique Es Blau ont \u00e9t\u00e9 con\u00e7ues comme des espaces de repos, d&rsquo;intimit\u00e9 et d&rsquo;\u00e9quilibre. Chacune propose une exp\u00e9rience de s\u00e9jour diff\u00e9rente, tout en conservant la m\u00eame essence : tranquillit\u00e9, design contemporain et une exp\u00e9rience con\u00e7ue exclusivement pour les adultes. Toutes les chambres partagent &#8230; <a title=\"Chambres\" class=\"read-more\" href=\"https:\/\/esblaucdq.com\/fr\/chambres-a-cadaques\/\" aria-label=\"En savoir plus sur Chambres\">Lire plus<\/a><\/p>\n","protected":false},"author":1,"featured_media":0,"parent":0,"menu_order":0,"comment_status":"closed","ping_status":"closed","template":"","meta":{"footnotes":""},"class_list":["post-2133","page","type-page","status-publish"],"_links":{"self":[{"href":"https:\/\/esblaucdq.com\/fr\/wp-json\/wp\/v2\/pages\/2133","targetHints":{"allow":["GET"]}}],"collection":[{"href":"https:\/\/esblaucdq.com\/fr\/wp-json\/wp\/v2\/pages"}],"about":[{"href":"https:\/\/esblaucdq.com\/fr\/wp-json\/wp\/v2\/types\/page"}],"author":[{"embeddable":true,"href":"https:\/\/esblaucdq.com\/fr\/wp-json\/wp\/v2\/users\/1"}],"replies":[{"embeddable":true,"href":"https:\/\/esblaucdq.com\/fr\/wp-json\/wp\/v2\/comments?post=2133"}],"version-history":[{"count":5,"href":"https:\/\/esblaucdq.com\/fr\/wp-json\/wp\/v2\/pages\/2133\/revisions"}],"predecessor-version":[{"id":2432,"href":"https:\/\/esblaucdq.com\/fr\/wp-json\/wp\/v2\/pages\/2133\/revisions\/2432"}],"wp:attachment":[{"href":"https:\/\/esblaucdq.com\/fr\/wp-json\/wp\/v2\/media?parent=2133"}],"curies":[{"name":"wp","href":"https:\/\/api.w.org\/{rel}","templated":true}]}}