{"id":2248,"date":"2026-01-22T16:35:32","date_gmt":"2026-01-22T15:35:32","guid":{"rendered":"https:\/\/esblaucdq.com\/mentions-legales\/"},"modified":"2026-02-17T14:29:08","modified_gmt":"2026-02-17T13:29:08","slug":"mentions-legales","status":"publish","type":"page","link":"https:\/\/esblaucdq.com\/fr\/mentions-legales\/","title":{"rendered":"Mentions l\u00e9gales"},"content":{"rendered":"\n<section class=\"gb-element-577b9472\">\n<div class=\"gb-element-11c4ceec\">\n<h1 class=\"gb-text gb-text-b71995e9\">Mentions l\u00e9gales<\/h1>\n\n\n\n<p class=\"gb-text gb-text-61fa70f6\"><strong>DONN\u00c9ES D&rsquo;IDENTIFICATION DU FOURNISSEUR DE SERVICES DE LA SOCI\u00c9T\u00c9 DE L&rsquo;INFORMATION<\/strong><br>T\u00e9l. : +34 621 660 981, courriel : admin@esblaucdq.com. ESBLAU CDQ S.L. d\u00e9tient tous les permis et licences n\u00e9cessaires \u00e0 l\u2019exercice de l\u2019activit\u00e9 d\u2019agence de voyages. L\u2019utilisation des services propos\u00e9s sur le site web esblaucdq.com implique l\u2019acceptation expresse et sans r\u00e9serve de l\u2019int\u00e9gralit\u00e9 des dispositions des pr\u00e9sentes mentions l\u00e9gales.<\/p>\n\n\n\n<p class=\"gb-text gb-text-aff7a324\"><br><strong>ACCEPTATION EXPRESSE ET SANS R\u00c9SERVE<\/strong>  <\/p>\n\n\n\n<p class=\"gb-text gb-text-e005a65c\">INFORMATIONS G\u00c9N\u00c9RALES ET UTILISATION DU SITE WEB<br>Les pr\u00e9sentes mentions l\u00e9gales r\u00e9gissent l&rsquo;utilisation du site web esblaucdq.com. ESBLAU CDQ S.L. se r\u00e9serve le droit de modifier, limiter ou annuler les conditions d&rsquo;utilisation du site. esblaucdq.com se r\u00e9serve le droit de refuser ou de retirer l&rsquo;acc\u00e8s au portail et\/ou aux services \u00e0 tout moment et sans pr\u00e9avis aux utilisateurs ou clients qui enfreignent les pr\u00e9sentes mentions l\u00e9gales. Les conditions \u00e9nonc\u00e9es dans les pr\u00e9sentes mentions l\u00e9gales sont r\u00e9gies par le droit espagnol. Les tribunaux de Reus (Tarragone) sont comp\u00e9tents pour tout litige relatif aux pr\u00e9sentes conditions, Sauf lorsque, conform\u00e9ment au d\u00e9cret royal l\u00e9gislatif 1\/2007 du 16 novembre portant approbation du texte consolid\u00e9 de la loi g\u00e9n\u00e9rale pour la d\u00e9fense des consommateurs et des utilisateurs, le client ou l&rsquo;utilisateur du site web et\/ou des services qui y sont propos\u00e9s a la qualit\u00e9 de consommateur ou d&rsquo;utilisateur, auquel cas les tribunaux du domicile du consommateur sont comp\u00e9tents. Ce site web est exclusivement destin\u00e9 \u00e0 un usage personnel.Toute modification, reproduction, duplication, copie, distribution, vente, revente et toute autre forme d&rsquo;exploitation, \u00e0 des fins commerciales ou non commerciales, est interdite. L&rsquo;utilisateur s&rsquo;engage \u00e0 ne pas utiliser ce site web \u00e0 des fins ill\u00e9gales ou interdites. En particulier, l&rsquo;utilisateur accepte de n&rsquo;utiliser le site web qu&rsquo;\u00e0 des fins strictement personnelles et que les produits ou services acquis par son interm\u00e9diaire soient destin\u00e9s \u00e0 son propre usage ou \u00e0 celui des personnes pour lesquelles il est l\u00e9galement autoris\u00e9 \u00e0 agir et \u00e0 contracter. L&rsquo;utilisateur ne peut revendre \u00e0 des tiers les produits ou services acquis par l&rsquo;interm\u00e9diaire du site web.        <\/p>\n\n\n\n<p class=\"gb-text gb-text-81c4b8ca\"><strong>AVERTISSEMENT ET LIMITATION DE RESPONSABILIT\u00c9<\/strong>  <\/p>\n\n\n\n<p class=\"gb-text gb-text-2302caf9\"><strong>PROPRI\u00c9T\u00c9 INTELLECTUELLE ET INDUSTRIELLE ET MARQUES D\u00c9POS\u00c9ES<\/strong>   <\/p>\n\n\n\n<p class=\"gb-text gb-text-71f83aae\"><strong>UTILISATION DES PHOTOGRAPHIES ET ILLUSTRATIONS<\/strong>  <\/p>\n\n\n\n<p class=\"gb-text gb-text-26f541a0\"><strong>INFORMATIONS CONCERNANT LES LIENS EXTERNES<\/strong>    <\/p>\n\n\n\n<p class=\"gb-text gb-text-18247ce9\"><strong>AVERTISSEMENT CONCERNANT LES INTERRUPTIONS DE SERVICE OU LES D\u00c9FAUTS DU SITE WEB<\/strong> <\/p>\n\n\n\n<p class=\"gb-text gb-text-e1eab8b3\"><strong>PRIX ET TAXES<\/strong> : Sauf indication contraire, les prix indiqu\u00e9s dans l&rsquo;offre visible par le client sont les prix d\u00e9finitifs par personne et par s\u00e9jour (TVA incluse) que l&rsquo;utilisateur devra r\u00e9gler \u00e0 esblaucdq.com. Toutefois, les autorit\u00e9s locales de certaines Communaut\u00e9s autonomes peuvent pr\u00e9lever des taxes de s\u00e9jour suppl\u00e9mentaires qui doivent \u00eatre pay\u00e9es sur le lieu o\u00f9 a lieu le voyage. Les offres affich\u00e9es sur le site indiqueront tous les concepts inclus dans la r\u00e9servation, par cons\u00e9quent, tout autre service non d\u00e9taill\u00e9 dans l&rsquo;offre sera compris comme non inclus et ne fera pas partie du contrat. Sauf indication expresse contraire dans les offres, toute prestation \u00ab extra \u00bb ou compl\u00e9mentaire propos\u00e9e par les diff\u00e9rents prestataires ou prestataires ne sera pas incluse dans le contrat et, le cas \u00e9ch\u00e9ant, sera \u00e0 la charge exclusive du client et sera pay\u00e9e directement par le voyageur. au fournisseur. esblaucdq.com pourra d\u00e9cliner tout type de responsabilit\u00e9 contractuelle en cas d&rsquo;erreurs typographiques ou num\u00e9riques dans ses offres qui repr\u00e9sentent une erreur manifeste et \u00e9vidente qui ne pourrait passer inaper\u00e7ue aupr\u00e8s de l&rsquo;utilisateur moyen. Dans ces cas, esblaucdq.com agira avec diligence et rapidit\u00e9 pour r\u00e9soudre l\u2019\u00e9ventuelle erreur.     <\/p>\n\n\n\n<p class=\"gb-text gb-text-031b6a97\"><strong>ACHATS EN LIGNE S\u00c9CURIS\u00c9S : <\/strong>La s\u00e9curit\u00e9 est une priorit\u00e9 pour esblaucdq.com. Nous mettons donc tout en \u0153uvre pour garantir la s\u00e9curit\u00e9 de nos processus de transaction et la protection de vos informations personnelles.<\/p>\n\n\n\n<p class=\"gb-text gb-text-7c419eb1\"><strong>GESTION DES PLAINTES<\/strong> : Pour g\u00e9rer les plaintes li\u00e9es \u00e0 l&rsquo;utilisation de ce site Web et aux contrats conclus par son interm\u00e9diaire, le client ou l&rsquo;utilisateur doit contacter le service client en envoyant ses plaintes\/r\u00e9clamations via la section contact que vous trouverez sur esblaucdq.com. site Internet ou par courriel admin@esblaucdq.com. En revanche, conform\u00e9ment aux dispositions de la Directive 2013\/11\/UE du Parlement europ\u00e9en et du Conseil, du 21 mai 2013, relative \u00e0 la r\u00e9solution alternative des litiges de consommation, nous vous informons que la Commission europ\u00e9enne pr\u00e9voit un plateforme de r\u00e8glement des litiges en ligne disponible au lien suivant : https:\/\/ec.europa.eu\/consumers\/odr\/. Les consommateurs pourront soumettre leurs r\u00e9clamations via la plateforme de r\u00e8glement des litiges en ligne. Si une clause incluse dans le pr\u00e9sent AVIS JURIDIQUE est d\u00e9clar\u00e9e totalement ou partiellement nulle ou inefficace, ladite affectation ne sera pas \u00e9tendue aux autres dispositions qui ne sont pas consid\u00e9r\u00e9es comme nulles.  <\/p>\n\n\n\n<p class=\"gb-text gb-text-a3d4f7ff\"><strong>SUGGESTIONS<\/strong>   <\/p>\n<\/div>\n<\/section>\n","protected":false},"excerpt":{"rendered":"<p>Mentions l\u00e9gales DONN\u00c9ES D&rsquo;IDENTIFICATION DU FOURNISSEUR DE SERVICES DE LA SOCI\u00c9T\u00c9 DE L&rsquo;INFORMATIONT\u00e9l. : +34 621 660 981, courriel : admin@esblaucdq.com. ESBLAU CDQ S.L. d\u00e9tient tous les permis et licences n\u00e9cessaires \u00e0 l\u2019exercice de l\u2019activit\u00e9 d\u2019agence de voyages. L\u2019utilisation des services propos\u00e9s sur le site web esblaucdq.com implique l\u2019acceptation expresse et sans r\u00e9serve de l\u2019int\u00e9gralit\u00e9 &#8230; <a title=\"Mentions l\u00e9gales\" class=\"read-more\" href=\"https:\/\/esblaucdq.com\/fr\/mentions-legales\/\" aria-label=\"En savoir plus sur Mentions l\u00e9gales\">Lire plus<\/a><\/p>\n","protected":false},"author":1,"featured_media":0,"parent":0,"menu_order":0,"comment_status":"closed","ping_status":"closed","template":"","meta":{"footnotes":""},"class_list":["post-2248","page","type-page","status-publish"],"_links":{"self":[{"href":"https:\/\/esblaucdq.com\/fr\/wp-json\/wp\/v2\/pages\/2248","targetHints":{"allow":["GET"]}}],"collection":[{"href":"https:\/\/esblaucdq.com\/fr\/wp-json\/wp\/v2\/pages"}],"about":[{"href":"https:\/\/esblaucdq.com\/fr\/wp-json\/wp\/v2\/types\/page"}],"author":[{"embeddable":true,"href":"https:\/\/esblaucdq.com\/fr\/wp-json\/wp\/v2\/users\/1"}],"replies":[{"embeddable":true,"href":"https:\/\/esblaucdq.com\/fr\/wp-json\/wp\/v2\/comments?post=2248"}],"version-history":[{"count":2,"href":"https:\/\/esblaucdq.com\/fr\/wp-json\/wp\/v2\/pages\/2248\/revisions"}],"predecessor-version":[{"id":2250,"href":"https:\/\/esblaucdq.com\/fr\/wp-json\/wp\/v2\/pages\/2248\/revisions\/2250"}],"wp:attachment":[{"href":"https:\/\/esblaucdq.com\/fr\/wp-json\/wp\/v2\/media?parent=2248"}],"curies":[{"name":"wp","href":"https:\/\/api.w.org\/{rel}","templated":true}]}}