{"id":1971,"date":"2026-01-22T16:35:32","date_gmt":"2026-01-22T15:35:32","guid":{"rendered":"https:\/\/esblaucdq.com\/avviso-legale\/"},"modified":"2026-02-17T17:29:33","modified_gmt":"2026-02-17T16:29:33","slug":"avviso-legale","status":"publish","type":"page","link":"https:\/\/esblaucdq.com\/it\/avviso-legale\/","title":{"rendered":"Avviso legale"},"content":{"rendered":"\n<section class=\"gb-element-577b9472\">\n<div class=\"gb-element-11c4ceec\">\n<h1 class=\"gb-text gb-text-b71995e9\">Avviso legale<\/h1>\n\n\n\n<p class=\"gb-text gb-text-61fa70f6\"><strong>DATI IDENTIFICATIVI DEL FORNITORE DI SERVIZI DELLA SOCIET\u00c0 DELL&#8217;INFORMAZIONE<\/strong><br>In conformit\u00e0 con quanto disposto dall&#8217;articolo 10 della Legge 34\/2002, dell&#8217;11 luglio, sui Servizi della Societ\u00e0 dell&#8217;Informazione e del Commercio Elettronico (LSSI), vi informiamo di quanto segue: esblaucdq.com \u00e8 un dominio Internet la cui gestione e operativit\u00e0 \u00e8 affidata alla societ\u00e0 ESBLAU CDQ S.L., con CIF\/NIF &nbsp;, iscritta al Registro delle Imprese al VOLUME 49211, FOGLIO 95, FOGLIO B 611757, NUMERO 1, con sede legale in &nbsp;C\/Tenerife 25, Sant Cugat del Vall\u00e8s (CA) \u2013 08172.<br>Tel.: +34 621 660 981, email: admin@esblaucdq.com. ESBLAU CDQ S.L. detiene tutti i permessi e le licenze necessari per operare come agenzia di viaggi. L&#8217;utilizzo dei servizi del sito web esblaucdq.com implica l&#8217;accettazione espressa e senza riserve di tutte le disposizioni contenute nel presente &#8220;Avviso Legale&#8221;.<\/p>\n\n\n\n<p class=\"gb-text gb-text-aff7a324\"><br><strong>ACCETTAZIONE ESPRESSA E SENZA RISERVE<\/strong><br>L&#8217;utilizzo del sito web esblaucdq.com conferisce la condizione di utente e implica l&#8217;accettazione piena, espressa e senza riserve di tutte le disposizioni contenute nel presente Avviso Legale, nella versione pubblicata su esblaucdq.com al momento dell&#8217;accesso dell&#8217;utente al sito web. esblaucdq.com si riserva il diritto esclusivo di modificare il presente &#8220;AVVISO LEGALE&#8221; ogniqualvolta lo ritenga necessario e senza preavviso. Pertanto, si consiglia agli utenti di leggere attentamente le presenti disposizioni prima di utilizzare il sito web esblaucdq.com.  <\/p>\n\n\n\n<p class=\"gb-text gb-text-e005a65c\"><strong>INFORMAZIONI GENERALI E UTILIZZO DEL SITO WEB<\/strong><br>Il presente Avviso Legale regola l&#8217;utilizzo del sito web esblaucdq.com e ESBLAU CDQ S.L. si riserva il diritto di modificare, limitare o annullare i termini e le condizioni applicabili al sito web. esblaucdq.com si riserva il diritto di negare o revocare l&#8217;accesso al Portale e\/o ai Servizi in qualsiasi momento e senza preavviso agli utenti o clienti che violano il presente Avviso Legale. Le condizioni stabilite nel presente Avviso Legale sono soggette alla legge spagnola. I tribunali spagnoli saranno competenti per qualsiasi controversia derivante dai presenti termini qualsiasi controversia derivante dai presenti termini e condizioni sar\u00e0 soggetta alla giurisdizione dei tribunali di Reus (Tarragona), salvo che, ai sensi del Regio Decreto Legislativo 1\/2007 del 16 novembre, che approva il testo consolidato della Legge Generale per la Difesa dei Consumatori e degli Utenti, il cliente o utente del sito web e\/o dei servizi ivi offerti sia considerato un consumatore, nel qual caso saranno competenti i tribunali del domicilio del consumatore. Il presente sito web \u00e8 destinato esclusivamente all&#8217;uso personale dei suoi utenti. Ne \u00e8 vietata la modifica, la riproduzione, la duplicazione, la copia, la distribuzione, la vendita, la rivendita e qualsiasi altra forma di sfruttamento, commerciale o meno. L&#8217;utente si impegna a non utilizzare questo sito web per scopi illegali o proibiti. In particolare, l&#8217;utente del sito web accetta di utilizzare il sito web solo per uso personale e che tutti i prodotti o servizi acquistati tramite il sito web saranno destinati al proprio uso o consumo, o all&#8217;uso o consumo di persone per conto delle quali \u00e8 legalmente autorizzato ad agire e stipulare contratti. L&#8217;utente non pu\u00f2 rivendere i prodotti o servizi acquistati tramite il sito web ad altre persone.<\/p>\n\n\n\n<p class=\"gb-text gb-text-81c4b8ca\"><strong>ESCLUSIONE DI RESPONSABILIT\u00c0 E LIMITAZIONE DI RESPONSABILIT\u00c0<\/strong><br>Le informazioni e i servizi inclusi o disponibili tramite il sito web potrebbero contenere inesattezze o errori tipografici. Nella misura consentita dalla legge, esblaucdq.com sar\u00e0 esonerato da qualsiasi responsabilit\u00e0 per eventuali danni derivanti da tali errori. Le informazioni qui contenute vengono periodicamente modificate. esblaucdq.com pu\u00f2 apportare miglioramenti e\/o modifiche ai servizi o ai contenuti in qualsiasi momento.<\/p>\n\n\n\n<p class=\"gb-text gb-text-2302caf9\"><strong>PROPRIET\u00c0 INTELLETTUALE E INDUSTRIALE E MARCHI COMMERCIALI<\/strong><br>Tutti i contenuti, il codice web, le fotografie, i marchi, i loghi, i disegni, i progetti e qualsiasi informazione simile presente sul sito web esblaucdqa.com sono protetti dai diritti di propriet\u00e0 intellettuale e industriale e sono espressamente riservati a ESBLAU CDQ S.L. o, ove applicabile, alle persone fisiche o giuridiche indicate come autori o titolari di tali diritti. La violazione dei suddetti diritti sar\u00e0 perseguita ai sensi della normativa vigente. \u00c8 severamente vietato qualsiasi utilizzo dei contenuti del sito web esblaucdq.com, inclusa la riproduzione, modifica, distribuzione, trasmissione, successiva pubblicazione, visualizzazione o rappresentazione, in tutto o in parte, per scopi diversi dalla legittima informazione o dalla contrattazione dei servizi offerti dagli utenti. Inoltre, \u00e8 severamente vietato qualsiasi utilizzo delle immagini contenute nel sito web esblaucdq.com al di fuori di tale sito web senza l&#8217;espresso consenso di esblaucdq.com o dei suoi fornitori.<\/p>\n\n\n\n<p class=\"gb-text gb-text-71f83aae\"><strong>USO DI FOTOGRAFIE E ILLUSTRAZIONI<\/strong><br>esblaucdq.com si impegna a garantire che le fotografie e le illustrazioni visualizzate sul proprio sito web riflettano fedelmente la realt\u00e0 e forniscano una rappresentazione visiva dei servizi offerti. Lo scopo dell&#8217;inclusione di queste immagini \u00e8 quello di fornire al cliente una comprensione pi\u00f9 dettagliata dei servizi da lui richiesti. Tuttavia, queste fotografie non devono essere considerate una descrizione esatta dei servizi, bens\u00ec solo delle linee guida generali.  <\/p>\n\n\n\n<p class=\"gb-text gb-text-26f541a0\"><strong>INFORMAZIONI SUI LINK ESTERNI<\/strong><br>Qualora il sito web esblaucdq.com contenga link o collegamenti ipertestuali ad altri siti Internet, esblaucdq.com non eserciter\u00e0 alcun controllo su tali siti e sul loro contenuto. In nessun caso esblaucdq.com si assumer\u00e0 alcuna responsabilit\u00e0 per il contenuto dei link, n\u00e9 ne garantir\u00e0 la disponibilit\u00e0 tecnica, la qualit\u00e0, l&#8217;affidabilit\u00e0 o l&#8217;accuratezza. esblaucdq.com non si assume alcuna responsabilit\u00e0 derivante dall&#8217;utilizzo o dalla visita di siti web di terze parti da parte dell&#8217;utente. Qualsiasi utilizzo di un link o accesso a un sito web di terze parti avviene a esclusiva discrezione e rischio dell&#8217;utente. esblaucdq.com non raccomanda n\u00e9 garantisce alcuna informazione ottenuta tramite un link esterno al proprio sito web, n\u00e9 \u00e8 responsabile per eventuali perdite, danni, reclami o lesioni derivanti dall&#8217;uso o dall&#8217;abuso di un link o dalle informazioni ottenute tramite esso. Inoltre, l&#8217;inclusione di questi link esterni non implica alcun tipo di associazione, fusione o partnership con le entit\u00e0 collegate.<\/p>\n\n\n\n<p class=\"gb-text gb-text-18247ce9\"><strong>ESCLUSIONE DI RESPONSABILIT\u00c0 PER INTERRUZIONI DEL SERVIZIO O MALFUNZIONAMENTI DEL SITO WEB<\/strong><br>esblaucdq.com non \u00e8 responsabile, in nessun caso, per danni di qualsiasi tipo che possano verificarsi, inclusi, a titolo esemplificativo ma non esaustivo: possibili errori od omissioni nei contenuti; indisponibilit\u00e0 temporanea o totale del sito web; perdite commerciali dovute a difetti tecnici del sito web; o trasmissione di virus o malware. esblaucdq.com non garantisce che i contenuti ospitati sul sito web siano privi di errori o difetti tecnici, n\u00e9 \u00e8 responsabile per eventuali aspettative che gli utenti potrebbero avere riguardo all&#8217;utilizzo del sito web. <\/p>\n\n\n\n<p class=\"gb-text gb-text-e1eab8b3\"><strong>PREZZI E TASSE:<\/strong> Salvo diversa indicazione, i prezzi indicati nell&#8217;offerta visibile al cliente sono i prezzi finali per persona e soggiorno (IVA inclusa) che il cliente dovr\u00e0 pagare a esblaucdq.com. Tuttavia, gli enti locali di alcune Comunit\u00e0 Autonome possono imporre tasse di soggiorno aggiuntive che dovranno essere pagate nel luogo in cui si svolger\u00e0 il viaggio. L&#8217;offerta \u00e8 visualizzata sul sito indicando tutti i concetti e i servizi inclusi nella prenotazione, pertanto qualsiasi altro servizio non dettagliato nell&#8217;offerta non \u00e8 incluso e non fa parte del contratto. Salvo diversa indicazione nell&#8217;offerta, qualsiasi servizio &#8220;extra&#8221; o aggiuntivo offerto da diversi fornitori o fornitori di servizi non sar\u00e0 fornito nemmeno nel contratto e, se applicabile, \u00e8 di esclusiva responsabilit\u00e0 del cliente e sar\u00e0 pagato direttamente dal viaggiatore al fornitore. esblaucdq.com declina qualsiasi tipo di responsabilit\u00e0 contrattuale in caso di errori tipografici o numerici nella sua offerta che costituiscano chiaramente un errore manifesto ed evidente che non pu\u00f2 essere ignorato in tutti i media. In questo caso, esblaucdq.com operer\u00e0 con la massima diligenza e rapidit\u00e0 per risolvere eventuali errori.     <\/p>\n\n\n\n<p class=\"gb-text gb-text-031b6a97\"><strong>ACQUISTI ONLINE SICURI: <\/strong>La sicurezza \u00e8 una priorit\u00e0 per esblaucdq.com, pertanto ci impegniamo al massimo per garantire che i nostri processi di transazione siano sicuri e che le tue informazioni personali siano protette.<\/p>\n\n\n\n<p class=\"gb-text gb-text-7c419eb1\"><strong>GESTIONE DEI RECLAMI:<\/strong> Per gestire i reclami relativi all&#8217;utilizzo di questo sito web e al contratto stipulato per la sua elaborazione, il cliente o il cliente deve contattare il servizio clienti inviando il proprio reclamo\/reclamo tramite la sezione contatti del sito web o l&#8217;indirizzo e-mail admin@esblaucdq.com. Inoltre, in conformit\u00e0 con le disposizioni della Direttiva 2013\/11\/UE del Parlamento europeo e del Consiglio, del 21 maggio 2013, relativa alla risoluzione alternativa delle controversie dei consumatori, si informa che la Commissione europea mette a disposizione una piattaforma di risoluzione delle controversie online disponibile al seguente link: https:\/\/ec.europa.eu\/consumers\/odr\/. Il consumatore pu\u00f2 presentare i propri reclami contro la piattaforma di risoluzione delle controversie online. Qualora una qualsiasi clausola contenuta nel presente AVVISO LEGALE venga dichiarata totalmente o parzialmente nulla o inefficace, tale pregiudizio non sar\u00e0 esteso alle altre disposizioni che non siano considerate nulle.  <\/p>\n\n\n\n<p class=\"gb-text gb-text-a3d4f7ff\"><strong>SUGGERIMENTI<\/strong><br>Su esblaucdq.com, la qualit\u00e0 dei nostri servizi e il comfort dei nostri clienti sono di fondamentale importanza. Per questo motivo, abbiamo aggiunto una sezione contatti al nostro sito web, cos\u00ec potrete inviarci i vostri suggerimenti per migliorare i nostri servizi. Potete anche inviare il vostro feedback a hola@esblaucdq.com. Ricordate che se avete una prenotazione e dovete gestirla, il modo pi\u00f9 rapido e semplice \u00e8 tramite la sezione contatti. Se ci inviate un&#8217;e-mail per gestire la vostra prenotazione, la risposta potrebbe richiedere pi\u00f9 tempo.   <\/p>\n<\/div>\n<\/section>\n","protected":false},"excerpt":{"rendered":"<p>Avviso legale DATI IDENTIFICATIVI DEL FORNITORE DI SERVIZI DELLA SOCIET\u00c0 DELL&#8217;INFORMAZIONEIn conformit\u00e0 con quanto disposto dall&#8217;articolo 10 della Legge 34\/2002, dell&#8217;11 luglio, sui Servizi della Societ\u00e0 dell&#8217;Informazione e del Commercio Elettronico (LSSI), vi informiamo di quanto segue: esblaucdq.com \u00e8 un dominio Internet la cui gestione e operativit\u00e0 \u00e8 affidata alla societ\u00e0 ESBLAU CDQ S.L., con &#8230; <a title=\"Avviso legale\" class=\"read-more\" href=\"https:\/\/esblaucdq.com\/it\/avviso-legale\/\" aria-label=\"Per saperne di pi\u00f9 su Avviso legale\">Leggi tutto<\/a><\/p>\n","protected":false},"author":1,"featured_media":0,"parent":0,"menu_order":0,"comment_status":"closed","ping_status":"closed","template":"","meta":{"footnotes":""},"class_list":["post-1971","page","type-page","status-publish"],"_links":{"self":[{"href":"https:\/\/esblaucdq.com\/it\/wp-json\/wp\/v2\/pages\/1971","targetHints":{"allow":["GET"]}}],"collection":[{"href":"https:\/\/esblaucdq.com\/it\/wp-json\/wp\/v2\/pages"}],"about":[{"href":"https:\/\/esblaucdq.com\/it\/wp-json\/wp\/v2\/types\/page"}],"author":[{"embeddable":true,"href":"https:\/\/esblaucdq.com\/it\/wp-json\/wp\/v2\/users\/1"}],"replies":[{"embeddable":true,"href":"https:\/\/esblaucdq.com\/it\/wp-json\/wp\/v2\/comments?post=1971"}],"version-history":[{"count":3,"href":"https:\/\/esblaucdq.com\/it\/wp-json\/wp\/v2\/pages\/1971\/revisions"}],"predecessor-version":[{"id":2362,"href":"https:\/\/esblaucdq.com\/it\/wp-json\/wp\/v2\/pages\/1971\/revisions\/2362"}],"wp:attachment":[{"href":"https:\/\/esblaucdq.com\/it\/wp-json\/wp\/v2\/media?parent=1971"}],"curies":[{"name":"wp","href":"https:\/\/api.w.org\/{rel}","templated":true}]}}