{"id":2029,"date":"2026-01-21T20:13:46","date_gmt":"2026-01-21T19:13:46","guid":{"rendered":"https:\/\/esblaucdq.com\/camera-superior\/"},"modified":"2026-03-17T19:00:48","modified_gmt":"2026-03-17T18:00:48","slug":"camera-superior","status":"publish","type":"page","link":"https:\/\/esblaucdq.com\/it\/camera-superior\/","title":{"rendered":"Camera Superior"},"content":{"rendered":"\n<section class=\"gb-element-32b8c4b6\">\n<div class=\"gb-element-7c94dd90\">\n<div class=\"gb-element-bf6b7bb5\">\n<p class=\"gb-text gb-text-37e5db61\">Camera Superior<\/p>\n\n\n\n<h1 class=\"gb-text gb-text-40be5fc1\">Camera di charme a Cadaqu\u00e9s<\/h1>\n\n\n\n<p class=\"gb-text gb-text-10241348\">La Camera Superior \u00e8 pensata per chi cerca riposo, comfort e un&#8217;atmosfera raffinata a Cadaqu\u00e9s. Uno spazio accogliente e ben bilanciato, ideale per coppie e viaggiatori adulti che apprezzano la tranquillit\u00e0, il design contemporaneo e la sensazione di sentirsi a proprio agio fin dal momento dell&#8217;arrivo. <\/p>\n<\/div>\n<\/div>\n<\/section>\n\n\n\n<section class=\"gb-element-a50f4693\" style=\"--inline-bg-image: url(https:\/\/esblaucdq.com\/wp-content\/uploads\/2026\/01\/azul--scaled.png)\">\n<div class=\"gb-element-4c6c58dc\">\n<div class=\"gb-element-16fa21bc\">\n<div class=\"gb-element-33341bfd\">\n<h2 class=\"gb-text gb-text-50dc27c1\">Una camera di charme a Cadaqu\u00e9s pensata per il relax<\/h2>\n\n\n\n<h3 class=\"gb-text gb-text-52376c6b\">Uno spazio ben distribuito <mark style=\"background-color:rgba(0, 0, 0, 0)\" class=\"has-inline-color has-accent-color\">da godere in tutta tranquillit\u00e0.<\/mark><\/h3>\n\n\n\n<p class=\"gb-text gb-text-22be62c8\">L&#8217;esperienza di soggiorno nella Superior Room \u00e8 caratterizzata dall&#8217;equilibrio tra comfort e semplicit\u00e0. <\/p>\n\n\n\n<p class=\"gb-text gb-text-ad6ca1c5\">I suoi 18 m\u00b2 sono stati progettati per creare uno spazio luminoso e funzionale, in cui ogni elemento svolge una funzione chiara e contribuisce a una sensazione generale di benessere.<\/p>\n\n\n\n<p class=\"gb-text gb-text-e0337eef\">\u00c8 una camera ideale per tranquille fughe in coppia, weekend di relax o soggiorni di pi\u00f9 giorni in cui il riposo \u00e8 una priorit\u00e0. <\/p>\n<\/div>\n\n\n\n<div class=\"gb-element-947a8505\" style=\"--inline-bg-image: url(https:\/\/esblaucdq.com\/wp-content\/uploads\/2026\/01\/habitacion-superior-room.jpg)\"><\/div>\n<\/div>\n<\/div>\n<\/section>\n\n\n\n<section class=\"gb-element-a4480639\" style=\"--inline-bg-image: url(https:\/\/esblaucdq.com\/wp-content\/uploads\/2026\/01\/azul--scaled.png)\">\n<div class=\"gb-element-6e1c5c3a\">\n<div class=\"gb-element-113d1611\">\n<div class=\"gb-element-a42cc32b\">\n<img loading=\"lazy\" decoding=\"async\" width=\"1400\" height=\"933\" class=\"gb-media-5f3adbf7\" alt=\"habitaci\u00f3n con encanto en Cadaqu\u00e9s\" title=\"DSCF0153-Modifica\" src=\"https:\/\/esblaucdq.com\/wp-content\/uploads\/2026\/01\/DSCF0153-Modifica.jpg\" srcset=\"https:\/\/esblaucdq.com\/wp-content\/uploads\/2026\/01\/DSCF0153-Modifica.jpg 1400w, https:\/\/esblaucdq.com\/wp-content\/uploads\/2026\/01\/DSCF0153-Modifica-300x200.jpg 300w, https:\/\/esblaucdq.com\/wp-content\/uploads\/2026\/01\/DSCF0153-Modifica-1024x682.jpg 1024w, https:\/\/esblaucdq.com\/wp-content\/uploads\/2026\/01\/DSCF0153-Modifica-768x512.jpg 768w\" sizes=\"auto, (max-width: 1400px) 100vw, 1400px\" \/>\n<\/div>\n\n\n\n<div class=\"gb-element-47f5b564\">\n<h2 class=\"gb-text gb-text-73835583\">Design e comodit\u00e0<\/h2>\n\n\n\n<h3 class=\"gb-text gb-text-b1b51fb2\">Un interno con fascino e personalit\u00e0<\/h3>\n\n\n\n<p class=\"gb-text gb-text-25fcc8af\">Il design della Camera Superior coniuga linee contemporanee con un&#8217;estetica calda ed equilibrata, ispirata alla luce e al carattere mediterraneo di Cadaqu\u00e9s.<\/p>\n\n\n\n<p class=\"gb-text gb-text-0dd289f9\"> L&#8217;afflusso di luce naturale e una palette di colori tenui contribuiscono a creare un&#8217;atmosfera accogliente, ordinata e piacevole.<\/p>\n\n\n\n<p class=\"gb-text gb-text-29e6f5fa\">I materiali e le finiture sono stati selezionati per trasmettere calma e armonia, rafforzando la sensazione di trovarsi in uno spazio curato e progettato con cura. <\/p>\n<\/div>\n<\/div>\n<\/div>\n<\/section>\n\n\n\n<section class=\"gb-element-167a77a4\">\n<div class=\"gb-element-bed356c0\">\n<div class=\"gb-element-ce114000\">\n<h2 class=\"gb-text gb-text-72d5a162\">Attrezzatura digitale ed esperienza<\/h2>\n\n\n\n<h3 class=\"gb-text gb-text-aabe7efb\">Comfort moderno senza complicazioni<\/h3>\n\n\n\n<p class=\"gb-text gb-text-1be5d47a\">La camera Superior offre i comfort necessari per un soggiorno tranquillo e confortevole, integrati con discrezione nello spazio per non compromettere la sensazione di tranquillit\u00e0.<\/p>\n\n\n\n<p class=\"gb-text gb-text-6b0e86e3\">Tutto \u00e8 pensato per favorire il riposo e il benessere dell&#8217;ospite.<\/p>\n\n\n\n<p class=\"gb-text gb-text-5acf47bd\">L&#8217;esperienza digitale dell&#8217;hotel consente agli ospiti di accedere e gestire il proprio soggiorno in autonomia, senza orari rigidi o una reception fisica. <\/p>\n\n\n\n<p class=\"gb-text gb-text-c9fa7f95\">Questo tipo di sistemazione garantisce libert\u00e0, privacy e un rapporto pi\u00f9 diretto con il proprio ritmo di viaggio.<\/p>\n<\/div>\n<\/div>\n<\/section>\n\n\n\n<section class=\"gb-element-7d4560e9\">\n<h2 class=\"gb-text gb-text-9d178d64\">Perch\u00e9 scegliere la camera Superior?<\/h2>\n\n\n\n<div class=\"gb-element-e84f0331\">\n<div class=\"gb-element-468c2f8d\" style=\"--inline-bg-image: url(https:\/\/esblaucdq.com\/wp-content\/uploads\/2026\/01\/IMG_5122.jpg)\"><\/div>\n\n\n\n<div class=\"gb-element-9649d28a\">\n<p class=\"gb-text-30751573\"><span class=\"gb-shape\"><svg viewBox=\"0 0 16 16\" class=\"bi bi-check2-square\" height=\"16\" width=\"16\" xmlns=\"http:\/\/www.w3.org\/2000\/svg\">   <path d=\"M3 14.5A1.5 1.5 0 0 1 1.5 13V3A1.5 1.5 0 0 1 3 1.5h8a.5.5 0 0 1 0 1H3a.5.5 0 0 0-.5.5v10a.5.5 0 0 0 .5.5h10a.5.5 0 0 0 .5-.5V8a.5.5 0 0 1 1 0v5a1.5 1.5 0 0 1-1.5 1.5H3z\"><\/path>   <path d=\"m8.354 10.354 7-7a.5.5 0 0 0-.708-.708L8 9.293 5.354 6.646a.5.5 0 1 0-.708.708l3 3a.5.5 0 0 0 .708 0z\"><\/path> <\/svg><\/span><span class=\"gb-text\"><strong>Graziosa camera di 18 m\u00b2 con un&#8217;ottima disposizione<\/strong><br>Uno spazio ben sfruttato che offre comfort, ordine e una piacevole sensazione di spaziosit\u00e0.<\/span><\/p>\n\n\n\n<p class=\"gb-text-ba9cf32d\"><span class=\"gb-shape\"><svg viewBox=\"0 0 16 16\" class=\"bi bi-check2-square\" height=\"16\" width=\"16\" xmlns=\"http:\/\/www.w3.org\/2000\/svg\">   <path d=\"M3 14.5A1.5 1.5 0 0 1 1.5 13V3A1.5 1.5 0 0 1 3 1.5h8a.5.5 0 0 1 0 1H3a.5.5 0 0 0-.5.5v10a.5.5 0 0 0 .5.5h10a.5.5 0 0 0 .5-.5V8a.5.5 0 0 1 1 0v5a1.5 1.5 0 0 1-1.5 1.5H3z\"><\/path>   <path d=\"m8.354 10.354 7-7a.5.5 0 0 0-.708-.708L8 9.293 5.354 6.646a.5.5 0 1 0-.708.708l3 3a.5.5 0 0 0 .708 0z\"><\/path> <\/svg><\/span><span class=\"gb-text\"><strong>Design curato e atmosfera accogliente<\/strong><br>Un&#8217;estetica contemporanea e accogliente che trasmette calma e benessere fin dal primo momento.<\/span><\/p>\n\n\n\n<p class=\"gb-text-ff117220\"><span class=\"gb-shape\"><svg viewBox=\"0 0 16 16\" class=\"bi bi-check2-square\" height=\"16\" width=\"16\" xmlns=\"http:\/\/www.w3.org\/2000\/svg\">   <path d=\"M3 14.5A1.5 1.5 0 0 1 1.5 13V3A1.5 1.5 0 0 1 3 1.5h8a.5.5 0 0 1 0 1H3a.5.5 0 0 0-.5.5v10a.5.5 0 0 0 .5.5h10a.5.5 0 0 0 .5-.5V8a.5.5 0 0 1 1 0v5a1.5 1.5 0 0 1-1.5 1.5H3z\"><\/path>   <path d=\"m8.354 10.354 7-7a.5.5 0 0 0-.708-.708L8 9.293 5.354 6.646a.5.5 0 1 0-.708.708l3 3a.5.5 0 0 0 .708 0z\"><\/path> <\/svg><\/span><span class=\"gb-text\"><strong>Ideale per coppie e viaggiatori adulti<\/strong><br>Progettato per chi cerca tranquillit\u00e0, silenzio e un soggiorno senza interruzioni.<\/span><\/p>\n\n\n\n<p class=\"gb-text-6592243b\"><span class=\"gb-shape\"><svg viewBox=\"0 0 16 16\" class=\"bi bi-check2-square\" height=\"16\" width=\"16\" xmlns=\"http:\/\/www.w3.org\/2000\/svg\">   <path d=\"M3 14.5A1.5 1.5 0 0 1 1.5 13V3A1.5 1.5 0 0 1 3 1.5h8a.5.5 0 0 1 0 1H3a.5.5 0 0 0-.5.5v10a.5.5 0 0 0 .5.5h10a.5.5 0 0 0 .5-.5V8a.5.5 0 0 1 1 0v5a1.5 1.5 0 0 1-1.5 1.5H3z\"><\/path>   <path d=\"m8.354 10.354 7-7a.5.5 0 0 0-.708-.708L8 9.293 5.354 6.646a.5.5 0 1 0-.708.708l3 3a.5.5 0 0 0 .708 0z\"><\/path> <\/svg><\/span><span class=\"gb-text\"><strong>Boutique hotel riservato agli adulti<\/strong><br>Un ambiente sereno, progettato per garantire riposo e un&#8217;esperienza rilassante.<\/span><\/p>\n\n\n\n<p class=\"gb-text-c035d3bf\"><span class=\"gb-shape\"><svg viewBox=\"0 0 16 16\" class=\"bi bi-check2-square\" height=\"16\" width=\"16\" xmlns=\"http:\/\/www.w3.org\/2000\/svg\">   <path d=\"M3 14.5A1.5 1.5 0 0 1 1.5 13V3A1.5 1.5 0 0 1 3 1.5h8a.5.5 0 0 1 0 1H3a.5.5 0 0 0-.5.5v10a.5.5 0 0 0 .5.5h10a.5.5 0 0 0 .5-.5V8a.5.5 0 0 1 1 0v5a1.5 1.5 0 0 1-1.5 1.5H3z\"><\/path>   <path d=\"m8.354 10.354 7-7a.5.5 0 0 0-.708-.708L8 9.293 5.354 6.646a.5.5 0 1 0-.708.708l3 3a.5.5 0 0 0 .708 0z\"><\/path> <\/svg><\/span><span class=\"gb-text\"><strong>Posizione centrale e tranquilla a Cadaqu\u00e9s<\/strong><br>Nel centro storico, permette di scoprire la citt\u00e0 a piedi e di ritrovare la tranquillit\u00e0 a fine giornata.<\/span><\/p>\n<\/div>\n<\/div>\n<\/section>\n\n\n\n<section class=\"gb-element-13914584\">\n<div class=\"gb-element-2ecc7401\">\n<div class=\"gb-element-2385b9f1\">\n<div class=\"gb-element-5de5c6ee\">\n<h2 class=\"gb-text gb-text-f70dd55a\">Prenota il tuo soggiorno e immergiti nella bellezza e nell&#8217;incanto di <strong>Cadaqu\u00e9s<\/strong><\/h2>\n<\/div>\n\n\n\n<div class=\"gb-element-ded87f2f\">\n<figure class=\"wp-block-image size-full is-resized\"><img loading=\"lazy\" decoding=\"async\" width=\"416\" height=\"344\" src=\"https:\/\/esblaucdq.com\/wp-content\/uploads\/2026\/01\/yellow-hearts.png\" alt=\"\" class=\"wp-image-1240\" style=\"width:120px\" srcset=\"https:\/\/esblaucdq.com\/wp-content\/uploads\/2026\/01\/yellow-hearts.png 416w, https:\/\/esblaucdq.com\/wp-content\/uploads\/2026\/01\/yellow-hearts-300x248.png 300w\" sizes=\"auto, (max-width: 416px) 100vw, 416px\" \/><\/figure>\n<\/div>\n<\/div>\n\n\n\n<div class=\"gb-element-c8185b16\">\n<div class=\"gb-element-10891cf6\">\n<script type=\"text\/javascript\" src=\"https:\/\/booking.hotelgest.com\/v4\/assets\/js\/main.js\"><\/script>\n<style>\n  div#hgContainer_1234{\n  width: 100%;\n}\n  \n  button.btn.trn.btn-success.col-hg-xs-12.button-hg {\n    background: #F9AC19!important;\n    text-transform: uppercase;\n    font-family: Montserrat, sans-serif;\n    font-weight: bold;\n  }\n  \n  .hgContainer .button-hg{\n    background: #F9AC19!important;\n  }\n  .hgContainer .container-hg {\n    width:auto;\n  }\n  section.bar-search {\n    background: #050228 !important;\n    \/*background-color: #050228 !important;*\/\n  }\n  \n  .hgContainer .form-control {\n  font-size: 16px;\nfont-family: Montserrat, sans-serif;\n}\n  \n.hgContainer .row-custom {\n  width: 100%;\n  margin: 0;\n  padding: 0;\n}\n<\/style>\n        <div id=\"hgContainer_1234\" style=\" width: 90%;margin: 0 auto;\" class=\"container-fluid hgContainer\"><\/div>\n        <script>\n            var optionsHG = {\n                pcode: '1823', \/\/pon el c\u00f3digo de tu hotel\n                typo: 'calendar', \/\/required\n                lang: 'it', \/\/required\n                index: 1234, \/\/required id container\n                min_occupancy:  1,\/\/required\n                max_occupancy: 6,\/\/required\n                target: '_blank' , \/* optional *\/\n                analitics: 'UA-26990615-2',\n                redirect_url: 'https:\/\/booking.hotelgest.com\/v4\/?pcode=1823' \n            };\n            \n            iniHG();\n<\/script>\n<\/div>\n\n\n\n<div class=\"gb-element-d033ff64\">\n<p class=\"gb-text gb-text-a3ef39c9\"><strong>Sconto del 10% presso<\/strong> il ristorante &#8220;La Sal&#8221;.<\/p>\n<\/div>\n<\/div>\n<\/div>\n<\/section>\n\n\n\n<section class=\"gb-element-553c4718\">\n<div class=\"gb-element-8e7e0fbd\">\n<h2 class=\"gb-text gb-text-47cfedd0\">Domande frequenti sulla camera Superior<\/h2>\n\n\n<div id=\"rank-math-faq\" class=\"rank-math-block\">\n<div class=\"rank-math-list \">\n<div id=\"faq-question-1768934677365\" class=\"rank-math-list-item\">\n<h3 class=\"rank-math-question \">La camera Superior \u00e8 adatta per soggiorni di pi\u00f9 giorni?<\/h3>\n<div class=\"rank-math-answer \">\n\n<p>S\u00ec. Grazie alla sua disposizione equilibrata e al comfort offerto dai suoi 18 m\u00b2, la Camera Superior \u00e8 adatta sia per brevi soggiorni che per soggiorni di pi\u00f9 giorni. <\/p>\n\n<\/div>\n<\/div>\n<div id=\"faq-question-1768934679070\" class=\"rank-math-list-item\">\n<h3 class=\"rank-math-question \">Quale tipo di viaggiatore \u00e8 pi\u00f9 adatto a questa stanza?<\/h3>\n<div class=\"rank-math-answer \">\n\n<p>La camera Superior \u00e8 pensata per coppie e viaggiatori adulti in cerca di riposo, design e un&#8217;esperienza tranquilla a Cadaqu\u00e9s.<\/p>\n\n<\/div>\n<\/div>\n<div id=\"faq-question-1768934679822\" class=\"rank-math-list-item\">\n<h3 class=\"rank-math-question \">Qual \u00e8 la disposizione della stanza?<\/h3>\n<div class=\"rank-math-answer \">\n\n<p>La stanza ha una disposizione funzionale e ordinata, studiata per sfruttare al meglio lo spazio e creare una sensazione di ampiezza e comfort.<\/p>\n\n<\/div>\n<\/div>\n<div id=\"faq-question-1768934680862\" class=\"rank-math-list-item\">\n<h3 class=\"rank-math-question \">Come posso accedere alla stanza?<\/h3>\n<div class=\"rank-math-answer \">\n\n<p>L&#8217;accesso \u00e8 interamente digitale. Dopo la prenotazione, riceverai le istruzioni necessarie per accedere in autonomia all&#8217;hotel e alla tua camera. <\/p>\n\n<\/div>\n<\/div>\n<div id=\"faq-question-1769021460726\" class=\"rank-math-list-item\">\n<h3 class=\"rank-math-question \">Cosa rende questa stanza diversa all&#8217;interno dell&#8217;hotel?<\/h3>\n<div class=\"rank-math-answer \">\n\n<p>La Camera Superior si distingue per l&#8217;equilibrio tra design, comfort e atmosfera accogliente, rendendola una scelta particolarmente apprezzata da chi cerca una camera affascinante e tranquilla.<\/p>\n\n<\/div>\n<\/div>\n<\/div>\n<\/div><\/div>\n<\/section>\n\n\n\n<section class=\"gb-element-577b9472\">\n<div class=\"gb-element-11c4ceec\">\n<div class=\"gb-element-d18bc750\">\n<div class=\"gb-element-6f9e9e50\">\n<h2 class=\"gb-text gb-text-00c40cb8\">Prenota la tua camera Superior e goditi Cadaqu\u00e9s a tuo piacimento<\/h2>\n\n\n\n<p class=\"gb-text gb-text-61fa70f6\">La Camera Superior \u00e8 la soluzione ideale per chi desidera soggiornare in una camera di charme a Cadaqu\u00e9s, dove riposo, design e tranquillit\u00e0 vanno di pari passo. <\/p>\n\n\n\n<p class=\"gb-text gb-text-ad888ffc\">Verifica la disponibilit\u00e0 e prenota direttamente per assicurarti il \u200b\u200bsoggiorno e vivere il villaggio al tuo ritmo.<\/p>\n\n\n\n<div class=\"gb-element-adc3155c\">\n<p class=\"gb-text-4c988713\"><span class=\"gb-shape\"><svg aria-hidden=\"true\" role=\"img\" height=\"1em\" width=\"1em\" viewBox=\"0 0 384 512\" xmlns=\"http:\/\/www.w3.org\/2000\/svg\"><path fill=\"currentColor\" d=\"M172.268 501.67C26.97 291.031 0 269.413 0 192 0 85.961 85.961 0 192 0s192 85.961 192 192c0 77.413-26.97 99.031-172.268 309.67-9.535 13.774-29.93 13.773-39.464 0zM192 272c44.183 0 80-35.817 80-80s-35.817-80-80-80-80 35.817-80 80 35.817 80 80 80z\"><\/path><\/svg><\/span><span class=\"gb-text\"><strong><a href=\"https:\/\/maps.app.goo.gl\/xiPSAWAyDSJZJdTC6\" target=\"_blank\" rel=\"noreferrer noopener\">Calle Vigilant, 12 &#8211; 17488 Cadaqu\u00e9s<\/a><\/strong><\/span><\/p>\n\n\n\n<p class=\"gb-text-ec93607e\"><span class=\"gb-shape\"><svg aria-hidden=\"true\" role=\"img\" height=\"1em\" width=\"1em\" viewBox=\"0 0 512 512\" xmlns=\"http:\/\/www.w3.org\/2000\/svg\"><path fill=\"currentColor\" d=\"M440 6.5L24 246.4c-34.4 19.9-31.1 70.8 5.7 85.9L144 379.6V464c0 46.4 59.2 65.5 86.6 28.6l43.8-59.1 111.9 46.2c5.9 2.4 12.1 3.6 18.3 3.6 8.2 0 16.3-2.1 23.6-6.2 12.8-7.2 21.6-20 23.9-34.5l59.4-387.2c6.1-40.1-36.9-68.8-71.5-48.9zM192 464v-64.6l36.6 15.1L192 464zm212.6-28.7l-153.8-63.5L391 169.5c10.7-15.5-9.5-33.5-23.7-21.2L155.8 332.6 48 288 464 48l-59.4 387.3z\"><\/path><\/svg><\/span><span class=\"gb-text\"><strong><a href=\"mailto:hola@esblaucdq.com\">hola@esblaucdq.com<\/a><\/strong><\/span><\/p>\n\n\n\n<p class=\"gb-text-d1ae83ad\"><span class=\"gb-shape\"><svg aria-hidden=\"true\" role=\"img\" height=\"1em\" width=\"1em\" viewBox=\"0 0 512 512\" xmlns=\"http:\/\/www.w3.org\/2000\/svg\"><path fill=\"currentColor\" d=\"M493.4 24.6l-104-24c-11.3-2.6-22.9 3.3-27.5 13.9l-48 112c-4.2 9.8-1.4 21.3 6.9 28l60.6 49.6c-36 76.7-98.9 140.5-177.2 177.2l-49.6-60.6c-6.8-8.3-18.2-11.1-28-6.9l-112 48C3.9 366.5-2 378.1.6 389.4l24 104C27.1 504.2 36.7 512 48 512c256.1 0 464-207.5 464-464 0-11.2-7.7-20.9-18.6-23.4z\"><\/path><\/svg><\/span><span class=\"gb-text\"><strong>+34 621 660 981<\/strong><\/span><\/p>\n<\/div>\n<\/div>\n\n\n\n<div class=\"gb-element-0d2f571d\">\n<iframe src=\"https:\/\/www.google.com\/maps\/embed?pb=!1m14!1m8!1m3!1d184.46977638812626!2d3.276678!3d42.288845!3m2!1i1024!2i768!4f13.1!3m3!1m2!1s0x12ba6f6a90431f6f%3A0xad8c17c2cac6a151!2sCarrer%20Vigilant%2C%2012%2C%2017488%20Cadaqu%C3%A9s%2C%20Girona%2C%20Spagna!5e0!3m2!1sit!2sit!4v1768844303342!5m2!1sit!2sit\" width=\"100%\" height=\"100%\" style=\"border:0;\" allowfullscreen=\"\" loading=\"lazy\" referrerpolicy=\"no-referrer-when-downgrade\"><\/iframe>\n<\/div>\n<\/div>\n<\/div>\n<\/section>\n\n\n\n<section class=\"gb-element-6f76327f\">\n<div class=\"gb-element-c492a87b\">\n<h2 class=\"gb-text gb-text-c174bad4\">Hai domande prima di prenotare?<\/h2>\n\n\n\n<p class=\"gb-text gb-text-d39b8f84\">Se hai bisogno di maggiori informazioni o desideri chiarire qualsiasi dettaglio prima di confermare il tuo soggiorno, non esitare a contattarci. Saremo lieti di aiutarti a far s\u00ec che la tua esperienza a Cadaqu\u00e9s inizi con tranquillit\u00e0 e sicurezza. <\/p>\n\n\n\n<a class=\"gb-text gb-text-c8060458\" href=\"https:\/\/esblaucdq.com\/it\/contatto\/\">Contatta ora <\/a>\n<\/div>\n<\/section>\n","protected":false},"excerpt":{"rendered":"<p>Camera Superior Camera di charme a Cadaqu\u00e9s La Camera Superior \u00e8 pensata per chi cerca riposo, comfort e un&#8217;atmosfera raffinata a Cadaqu\u00e9s. Uno spazio accogliente e ben bilanciato, ideale per coppie e viaggiatori adulti che apprezzano la tranquillit\u00e0, il design contemporaneo e la sensazione di sentirsi a proprio agio fin dal momento dell&#8217;arrivo. Una camera &#8230; <a title=\"Camera Superior\" class=\"read-more\" href=\"https:\/\/esblaucdq.com\/it\/camera-superior\/\" aria-label=\"Per saperne di pi\u00f9 su Camera Superior\">Leggi tutto<\/a><\/p>\n","protected":false},"author":1,"featured_media":0,"parent":0,"menu_order":0,"comment_status":"closed","ping_status":"closed","template":"","meta":{"footnotes":""},"class_list":["post-2029","page","type-page","status-publish"],"_links":{"self":[{"href":"https:\/\/esblaucdq.com\/it\/wp-json\/wp\/v2\/pages\/2029","targetHints":{"allow":["GET"]}}],"collection":[{"href":"https:\/\/esblaucdq.com\/it\/wp-json\/wp\/v2\/pages"}],"about":[{"href":"https:\/\/esblaucdq.com\/it\/wp-json\/wp\/v2\/types\/page"}],"author":[{"embeddable":true,"href":"https:\/\/esblaucdq.com\/it\/wp-json\/wp\/v2\/users\/1"}],"replies":[{"embeddable":true,"href":"https:\/\/esblaucdq.com\/it\/wp-json\/wp\/v2\/comments?post=2029"}],"version-history":[{"count":6,"href":"https:\/\/esblaucdq.com\/it\/wp-json\/wp\/v2\/pages\/2029\/revisions"}],"predecessor-version":[{"id":2438,"href":"https:\/\/esblaucdq.com\/it\/wp-json\/wp\/v2\/pages\/2029\/revisions\/2438"}],"wp:attachment":[{"href":"https:\/\/esblaucdq.com\/it\/wp-json\/wp\/v2\/media?parent=2029"}],"curies":[{"name":"wp","href":"https:\/\/api.w.org\/{rel}","templated":true}]}}