{"id":2033,"date":"2026-01-21T20:05:38","date_gmt":"2026-01-21T19:05:38","guid":{"rendered":"https:\/\/esblaucdq.com\/hotel-junior-suite-con-terrazza-a-cadaques\/"},"modified":"2026-03-17T19:03:21","modified_gmt":"2026-03-17T18:03:21","slug":"hotel-junior-suite-con-terrazza-a-cadaques","status":"publish","type":"page","link":"https:\/\/esblaucdq.com\/it\/hotel-junior-suite-con-terrazza-a-cadaques\/","title":{"rendered":"Junior Suite"},"content":{"rendered":"\n<section class=\"gb-element-32b8c4b6\">\n<div class=\"gb-element-7c94dd90\">\n<div class=\"gb-element-bf6b7bb5\">\n<p class=\"gb-text gb-text-8423117b\">Junior Suite<\/p>\n\n\n\n<h1 class=\"gb-text gb-text-40be5fc1\">Hotel con terrazza a Cadaqu\u00e9s<\/h1>\n\n\n\n<p class=\"gb-text gb-text-10241348\">La Junior Suite \u00e8 pensata per chi desidera godersi Cadaqu\u00e9s in pace, privacy e tranquillit\u00e0. Questa camera \u00e8 ideale per coppie e viaggiatori adulti che apprezzano il comfort, il design contemporaneo e la comodit\u00e0 di avere un piccolo spazio esterno privato, senza rinunciare alla pace e alla tranquillit\u00e0 di un boutique hotel per soli adulti. <\/p>\n<\/div>\n<\/div>\n<\/section>\n\n\n\n<section class=\"gb-element-a50f4693\" style=\"--inline-bg-image: url(https:\/\/esblaucdq.com\/wp-content\/uploads\/2026\/01\/azul--scaled.png)\">\n<div class=\"gb-element-4c6c58dc\">\n<div class=\"gb-element-16fa21bc\">\n<div class=\"gb-element-33341bfd\">\n<h2 class=\"gb-text gb-text-50dc27c1\">Una Junior Suite in un hotel con terrazza a Cadaqu\u00e9s<\/h2>\n\n\n\n<h3 class=\"gb-text gb-text-52376c6b\">Una stanza pensata per essere vissuta con calma<\/h3>\n\n\n\n<p class=\"gb-text gb-text-22be62c8\">La Junior Suite \u00e8 stata progettata per offrire un&#8217;esperienza confortevole e rilassante, dove ogni dettaglio contribuisce al riposo. <\/p>\n\n\n\n<p class=\"gb-text gb-text-ad6ca1c5\">I suoi 18 m\u00b2 di spazio interno sono distribuiti in modo funzionale ed equilibrato, creando un ambiente piacevole che consente di muoversi comodamente e di godersi lo spazio senza sentirsi saturi.<\/p>\n\n\n\n<p class=\"gb-text gb-text-e0337eef\">\u00c8 la soluzione ideale per le coppie in cerca di un soggiorno tranquillo, che si tratti di un weekend, di una fuga romantica o di qualche giorno di relax.<\/p>\n<\/div>\n\n\n\n<div class=\"gb-element-947a8505\" style=\"--inline-bg-image: url(https:\/\/esblaucdq.com\/wp-content\/uploads\/2026\/01\/habitacion-junior-suite.jpg)\"><\/div>\n<\/div>\n<\/div>\n<\/section>\n\n\n\n<section class=\"gb-element-a4480639\" style=\"--inline-bg-image: url(https:\/\/esblaucdq.com\/wp-content\/uploads\/2026\/01\/azul--scaled.png)\">\n<div class=\"gb-element-6e1c5c3a\">\n<div class=\"gb-element-113d1611\">\n<div class=\"gb-element-17bb71c8\" style=\"--inline-bg-image: url(https:\/\/esblaucdq.com\/wp-content\/uploads\/2026\/01\/habitacion-junior-suite.jpg)\"><\/div>\n\n\n\n<div class=\"gb-element-47f5b564\">\n<h2 class=\"gb-text gb-text-73835583\">Terrazza privata di 3 m\u00b2<\/h2>\n\n\n\n<h3 class=\"gb-text gb-text-b1b51fb2\">Il tuo spazio all&#8217;aperto nel cuore di Cadaqu\u00e9s<\/h3>\n\n\n\n<p class=\"gb-text gb-text-25fcc8af\">La terrazza privata della Junior Suite aggiunge valore e fa la differenza. <\/p>\n\n\n\n<p class=\"gb-text gb-text-0dd289f9\">I suoi 3 m\u00b2 creano uno spazio esterno intimo e accogliente, perfetto per iniziare la giornata con calma, sorseggiare un caff\u00e8 all&#8217;aperto o rilassarsi dopo una giornata trascorsa a esplorare la citt\u00e0.<\/p>\n\n\n\n<p class=\"gb-text gb-text-29e6f5fa\">Questo piccolo rifugio all&#8217;aperto vi permetter\u00e0 di immergervi nell&#8217;atmosfera di Cadaqu\u00e9s senza uscire dalla vostra camera, mantenendo sempre la privacy e la tranquillit\u00e0 che caratterizzano il carattere dell&#8217;hotel.<\/p>\n<\/div>\n<\/div>\n<\/div>\n<\/section>\n\n\n\n<section class=\"gb-element-167a77a4\">\n<div class=\"gb-element-bed356c0\">\n<div class=\"gb-element-ce114000\">\n<h2 class=\"gb-text gb-text-72d5a162\">Design, comfort e dotazioni<\/h2>\n\n\n\n<h3 class=\"gb-text gb-text-aabe7efb\">Interni funzionali con un&#8217;anima boutique<\/h3>\n\n\n\n<p class=\"gb-text gb-text-1be5d47a\">Il design della Junior Suite coniuga linee contemporanee, luce naturale e materiali selezionati per trasmettere serenit\u00e0 ed equilibrio. <\/p>\n\n\n\n<p class=\"gb-text gb-text-6b0e86e3\">La disposizione privilegia funzionalit\u00e0 e comfort, creando un ambiente accogliente che invita al relax fin dal primo momento.<\/p>\n\n\n\n<p class=\"gb-text gb-text-5acf47bd\">Ogni elemento \u00e8 studiato per rendere il soggiorno confortevole e senza complicazioni.<\/p>\n\n\n\n<p class=\"gb-text gb-text-c9fa7f95\">L&#8217;esperienza digitale dell&#8217;hotel consente agli ospiti di gestire il proprio soggiorno in completa autonomia, senza orari n\u00e9 attese, rafforzando la sensazione di libert\u00e0, privacy e comfort durante tutta la permanenza.<\/p>\n<\/div>\n<\/div>\n<\/section>\n\n\n\n<section class=\"gb-element-7d4560e9\">\n<h2 class=\"gb-text gb-text-9d178d64\">Perch\u00e9 scegliere la Junior Suite?<\/h2>\n\n\n\n<div class=\"gb-element-e84f0331\">\n<div class=\"gb-element-468c2f8d\" style=\"--inline-bg-image: url(https:\/\/esblaucdq.com\/wp-content\/uploads\/2026\/01\/habitacion-suite-cadaques-06.jpg)\"><\/div>\n\n\n\n<div class=\"gb-element-9649d28a\">\n<p class=\"gb-text-30751573\"><span class=\"gb-shape\"><svg viewBox=\"0 0 16 16\" class=\"bi bi-check2-square\" height=\"16\" width=\"16\" xmlns=\"http:\/\/www.w3.org\/2000\/svg\">   <path d=\"M3 14.5A1.5 1.5 0 0 1 1.5 13V3A1.5 1.5 0 0 1 3 1.5h8a.5.5 0 0 1 0 1H3a.5.5 0 0 0-.5.5v10a.5.5 0 0 0 .5.5h10a.5.5 0 0 0 .5-.5V8a.5.5 0 0 1 1 0v5a1.5 1.5 0 0 1-1.5 1.5H3z\"><\/path>   <path d=\"m8.354 10.354 7-7a.5.5 0 0 0-.708-.708L8 9.293 5.354 6.646a.5.5 0 1 0-.708.708l3 3a.5.5 0 0 0 .708 0z\"><\/path> <\/svg><\/span><span class=\"gb-text\"><strong>Camera di 18 m\u00b2 con terrazza privata di 3 m\u00b2<\/strong><br>Uno spazio equilibrato che unisce il comfort degli interni a un piccolo spazio esterno privato, ideale per godersi l&#8217;aria fresca in tutta privacy.<\/span><\/p>\n\n\n\n<p class=\"gb-text-ba9cf32d\"><span class=\"gb-shape\"><svg viewBox=\"0 0 16 16\" class=\"bi bi-check2-square\" height=\"16\" width=\"16\" xmlns=\"http:\/\/www.w3.org\/2000\/svg\">   <path d=\"M3 14.5A1.5 1.5 0 0 1 1.5 13V3A1.5 1.5 0 0 1 3 1.5h8a.5.5 0 0 1 0 1H3a.5.5 0 0 0-.5.5v10a.5.5 0 0 0 .5.5h10a.5.5 0 0 0 .5-.5V8a.5.5 0 0 1 1 0v5a1.5 1.5 0 0 1-1.5 1.5H3z\"><\/path>   <path d=\"m8.354 10.354 7-7a.5.5 0 0 0-.708-.708L8 9.293 5.354 6.646a.5.5 0 1 0-.708.708l3 3a.5.5 0 0 0 .708 0z\"><\/path> <\/svg><\/span><span class=\"gb-text\"><strong>Perfetto per fughe di coppia<\/strong><br>Progettato per le coppie che cercano tranquillit\u00e0, relax e un ambiente curato nei minimi dettagli dove condividere momenti di qualit\u00e0.<\/span><\/p>\n\n\n\n<p class=\"gb-text-ff117220\"><span class=\"gb-shape\"><svg viewBox=\"0 0 16 16\" class=\"bi bi-check2-square\" height=\"16\" width=\"16\" xmlns=\"http:\/\/www.w3.org\/2000\/svg\">   <path d=\"M3 14.5A1.5 1.5 0 0 1 1.5 13V3A1.5 1.5 0 0 1 3 1.5h8a.5.5 0 0 1 0 1H3a.5.5 0 0 0-.5.5v10a.5.5 0 0 0 .5.5h10a.5.5 0 0 0 .5-.5V8a.5.5 0 0 1 1 0v5a1.5 1.5 0 0 1-1.5 1.5H3z\"><\/path>   <path d=\"m8.354 10.354 7-7a.5.5 0 0 0-.708-.708L8 9.293 5.354 6.646a.5.5 0 1 0-.708.708l3 3a.5.5 0 0 0 .708 0z\"><\/path> <\/svg><\/span><span class=\"gb-text\"><strong>Boutique hotel riservato agli adulti<\/strong><br>Un ambiente sereno, lontano da bambini e rumori, progettato per garantire silenzio e un&#8217;esperienza rilassante.<\/span><\/p>\n\n\n\n<p class=\"gb-text-6592243b\"><span class=\"gb-shape\"><svg viewBox=\"0 0 16 16\" class=\"bi bi-check2-square\" height=\"16\" width=\"16\" xmlns=\"http:\/\/www.w3.org\/2000\/svg\">   <path d=\"M3 14.5A1.5 1.5 0 0 1 1.5 13V3A1.5 1.5 0 0 1 3 1.5h8a.5.5 0 0 1 0 1H3a.5.5 0 0 0-.5.5v10a.5.5 0 0 0 .5.5h10a.5.5 0 0 0 .5-.5V8a.5.5 0 0 1 1 0v5a1.5 1.5 0 0 1-1.5 1.5H3z\"><\/path>   <path d=\"m8.354 10.354 7-7a.5.5 0 0 0-.708-.708L8 9.293 5.354 6.646a.5.5 0 1 0-.708.708l3 3a.5.5 0 0 0 .708 0z\"><\/path> <\/svg><\/span><span class=\"gb-text\"><strong>Posizione centrale e tranquilla a Cadaqu\u00e9s<\/strong><br>Situato nel centro storico, permette di scoprire la citt\u00e0 a piedi e di ritrovare la tranquillit\u00e0 a fine giornata.<\/span><\/p>\n\n\n\n<p class=\"gb-text-c035d3bf\"><span class=\"gb-shape\"><svg viewBox=\"0 0 16 16\" class=\"bi bi-check2-square\" height=\"16\" width=\"16\" xmlns=\"http:\/\/www.w3.org\/2000\/svg\">   <path d=\"M3 14.5A1.5 1.5 0 0 1 1.5 13V3A1.5 1.5 0 0 1 3 1.5h8a.5.5 0 0 1 0 1H3a.5.5 0 0 0-.5.5v10a.5.5 0 0 0 .5.5h10a.5.5 0 0 0 .5-.5V8a.5.5 0 0 1 1 0v5a1.5 1.5 0 0 1-1.5 1.5H3z\"><\/path>   <path d=\"m8.354 10.354 7-7a.5.5 0 0 0-.708-.708L8 9.293 5.354 6.646a.5.5 0 1 0-.708.708l3 3a.5.5 0 0 0 .708 0z\"><\/path> <\/svg><\/span><span class=\"gb-text\"><strong>Esperienza digitale senza orari<\/strong><br>Accesso autonomo e gestione semplificata del soggiorno per vivere il soggiorno in totale libert\u00e0 e comfort.<\/span><\/p>\n<\/div>\n<\/div>\n<\/section>\n\n\n\n<section class=\"gb-element-13914584\">\n<div class=\"gb-element-2ecc7401\">\n<div class=\"gb-element-2385b9f1\">\n<div class=\"gb-element-5de5c6ee\">\n<h2 class=\"gb-text gb-text-f70dd55a\">Prenota il tuo soggiorno e immergiti nella bellezza e nell&#8217;incanto di <strong>Cadaqu\u00e9s<\/strong><\/h2>\n<\/div>\n\n\n\n<div class=\"gb-element-ded87f2f\">\n<figure class=\"wp-block-image size-full is-resized\"><img loading=\"lazy\" decoding=\"async\" width=\"416\" height=\"344\" src=\"https:\/\/esblaucdq.com\/wp-content\/uploads\/2026\/01\/yellow-hearts.png\" alt=\"\" class=\"wp-image-1240\" style=\"width:120px\" srcset=\"https:\/\/esblaucdq.com\/wp-content\/uploads\/2026\/01\/yellow-hearts.png 416w, https:\/\/esblaucdq.com\/wp-content\/uploads\/2026\/01\/yellow-hearts-300x248.png 300w\" sizes=\"auto, (max-width: 416px) 100vw, 416px\" \/><\/figure>\n<\/div>\n<\/div>\n\n\n\n<div class=\"gb-element-c8185b16\">\n<div class=\"gb-element-10891cf6\">\n<script type=\"text\/javascript\" src=\"https:\/\/booking.hotelgest.com\/v4\/assets\/js\/main.js\"><\/script>\n<style>\n  div#hgContainer_1234{\n  width: 100%;\n}\n  \n  button.btn.trn.btn-success.col-hg-xs-12.button-hg {\n    background: #F9AC19!important;\n    text-transform: uppercase;\n    font-family: Montserrat, sans-serif;\n    font-weight: bold;\n  }\n  \n  .hgContainer .button-hg{\n    background: #F9AC19!important;\n  }\n  .hgContainer .container-hg {\n    width:auto;\n  }\n  section.bar-search {\n    background: #050228 !important;\n    \/*background-color: #050228 !important;*\/\n  }\n  \n  .hgContainer .form-control {\n  font-size: 16px;\nfont-family: Montserrat, sans-serif;\n}\n  \n.hgContainer .row-custom {\n  width: 100%;\n  margin: 0;\n  padding: 0;\n}\n<\/style>\n        <div id=\"hgContainer_1234\" style=\" width: 90%;margin: 0 auto;\" class=\"container-fluid hgContainer\"><\/div>\n        <script>\n            var optionsHG = {\n                pcode: '1823', \/\/pon el c\u00f3digo de tu hotel\n                typo: 'calendar', \/\/required\n                lang: 'it', \/\/required\n                index: 1234, \/\/required id container\n                min_occupancy:  1,\/\/required\n                max_occupancy: 6,\/\/required\n                target: '_blank' , \/* optional *\/\n                analitics: 'UA-26990615-2',\n                redirect_url: 'https:\/\/booking.hotelgest.com\/v4\/?pcode=1823' \n            };\n            \n            iniHG();\n<\/script>\n<\/div>\n\n\n\n<div class=\"gb-element-d033ff64\">\n<p class=\"gb-text gb-text-a3ef39c9\"><strong>Sconto del 10% presso<\/strong> il ristorante &#8220;La Sal&#8221;.<\/p>\n<\/div>\n<\/div>\n<\/div>\n<\/section>\n\n\n\n<section class=\"gb-element-553c4718\">\n<div class=\"gb-element-8e7e0fbd\">\n<h2 class=\"gb-text gb-text-47cfedd0\">Domande frequenti sulla Junior Suite<\/h2>\n\n\n<div id=\"rank-math-faq\" class=\"rank-math-block\">\n<div class=\"rank-math-list \">\n<div id=\"faq-question-1768934677365\" class=\"rank-math-list-item\">\n<h3 class=\"rank-math-question \">La terrazza \u00e8 ad uso privato?<\/h3>\n<div class=\"rank-math-answer \">\n\n<p>S\u00ec. La terrazza della Junior Suite \u00e8 ad uso esclusivo degli ospiti della camera, garantendo privacy e tranquillit\u00e0 per tutta la durata del soggiorno. <\/p>\n\n<\/div>\n<\/div>\n<div id=\"faq-question-1768934679070\" class=\"rank-math-list-item\">\n<h3 class=\"rank-math-question \">Questa camera \u00e8 adatta per soggiorni di pi\u00f9 giorni?<\/h3>\n<div class=\"rank-math-answer \">\n\n<p>S\u00ec. Grazie alla sua disposizione equilibrata e alla sensazione di spaziosit\u00e0 offerta dai suoi 18 m\u00b2, la Junior Suite \u00e8 comoda sia per brevi soggiorni che per soggiorni di pi\u00f9 giorni. <\/p>\n\n<\/div>\n<\/div>\n<div id=\"faq-question-1768934679822\" class=\"rank-math-list-item\">\n<h3 class=\"rank-math-question \">Quale tipo di viaggiatore \u00e8 pi\u00f9 adatto a questa stanza?<\/h3>\n<div class=\"rank-math-answer \">\n\n<p>La Junior Suite \u00e8 pensata per coppie e viaggiatori adulti che cercano tranquillit\u00e0, design e uno spazio intimo in cui rilassarsi dopo aver trascorso del tempo a Cadaqu\u00e9s.<\/p>\n\n<\/div>\n<\/div>\n<div id=\"faq-question-1768934680862\" class=\"rank-math-list-item\">\n<h3 class=\"rank-math-question \">Come posso accedere alla stanza?<\/h3>\n<div class=\"rank-math-answer \">\n\n<p>L&#8217;accesso \u00e8 completamente digitale. Dopo la prenotazione, riceverai le istruzioni necessarie per accedere all&#8217;hotel e alla tua camera in autonomia, senza reception fisica o attese. <\/p>\n\n<\/div>\n<\/div>\n<div id=\"faq-question-1769021460726\" class=\"rank-math-list-item\">\n<h3 class=\"rank-math-question \">In cosa si differenzia dalle altre camere d&#8217;albergo?<\/h3>\n<div class=\"rank-math-answer \">\n\n<p>La Junior Suite si distingue per il prezioso equilibrio tra spazio interno, terrazza privata e atmosfera boutique, che la rende la scelta ideale per chi cerca comfort e tranquillit\u00e0.<\/p>\n\n<\/div>\n<\/div>\n<\/div>\n<\/div><\/div>\n<\/section>\n\n\n\n<section class=\"gb-element-577b9472\">\n<div class=\"gb-element-11c4ceec\">\n<div class=\"gb-element-d18bc750\">\n<div class=\"gb-element-6f9e9e50\">\n<h2 class=\"gb-text gb-text-00c40cb8\">Prenota la tua Junior Suite e goditi Cadaqu\u00e9s a tuo piacimento<\/h2>\n\n\n\n<p class=\"gb-text gb-text-61fa70f6\">La Junior Suite \u00e8 un rifugio pensato per chi desidera vivere Cadaqu\u00e9s all&#8217;insegna della tranquillit\u00e0, della privacy e del comfort. <\/p>\n\n\n\n<p class=\"gb-text gb-text-ad888ffc\">Verifica la disponibilit\u00e0 e prenota direttamente per assicurarti il \u200b\u200btuo soggiorno in una camera con terrazza privata, pensata per goderti il \u200b\u200briposo, il silenzio e il fascino del villaggio al tuo ritmo.<\/p>\n\n\n\n<div class=\"gb-element-ab716936\">\n<p class=\"gb-text-364beb51\"><span class=\"gb-shape\"><svg aria-hidden=\"true\" role=\"img\" height=\"1em\" width=\"1em\" viewBox=\"0 0 384 512\" xmlns=\"http:\/\/www.w3.org\/2000\/svg\"><path fill=\"currentColor\" d=\"M172.268 501.67C26.97 291.031 0 269.413 0 192 0 85.961 85.961 0 192 0s192 85.961 192 192c0 77.413-26.97 99.031-172.268 309.67-9.535 13.774-29.93 13.773-39.464 0zM192 272c44.183 0 80-35.817 80-80s-35.817-80-80-80-80 35.817-80 80 35.817 80 80 80z\"><\/path><\/svg><\/span><span class=\"gb-text\"><strong><a href=\"https:\/\/maps.app.goo.gl\/xiPSAWAyDSJZJdTC6\" target=\"_blank\" rel=\"noreferrer noopener\">Calle Vigilant, 12 &#8211; 17488 Cadaqu\u00e9s<\/a><\/strong><\/span><\/p>\n\n\n\n<p class=\"gb-text-175d0319\"><span class=\"gb-shape\"><svg aria-hidden=\"true\" role=\"img\" height=\"1em\" width=\"1em\" viewBox=\"0 0 512 512\" xmlns=\"http:\/\/www.w3.org\/2000\/svg\"><path fill=\"currentColor\" d=\"M440 6.5L24 246.4c-34.4 19.9-31.1 70.8 5.7 85.9L144 379.6V464c0 46.4 59.2 65.5 86.6 28.6l43.8-59.1 111.9 46.2c5.9 2.4 12.1 3.6 18.3 3.6 8.2 0 16.3-2.1 23.6-6.2 12.8-7.2 21.6-20 23.9-34.5l59.4-387.2c6.1-40.1-36.9-68.8-71.5-48.9zM192 464v-64.6l36.6 15.1L192 464zm212.6-28.7l-153.8-63.5L391 169.5c10.7-15.5-9.5-33.5-23.7-21.2L155.8 332.6 48 288 464 48l-59.4 387.3z\"><\/path><\/svg><\/span><span class=\"gb-text\"><strong><a href=\"mailto:hola@esblaucdq.com\">hola@esblaucdq.com<\/a><\/strong><\/span><\/p>\n\n\n\n<p class=\"gb-text-f59d863b\"><span class=\"gb-shape\"><svg aria-hidden=\"true\" role=\"img\" height=\"1em\" width=\"1em\" viewBox=\"0 0 512 512\" xmlns=\"http:\/\/www.w3.org\/2000\/svg\"><path fill=\"currentColor\" d=\"M493.4 24.6l-104-24c-11.3-2.6-22.9 3.3-27.5 13.9l-48 112c-4.2 9.8-1.4 21.3 6.9 28l60.6 49.6c-36 76.7-98.9 140.5-177.2 177.2l-49.6-60.6c-6.8-8.3-18.2-11.1-28-6.9l-112 48C3.9 366.5-2 378.1.6 389.4l24 104C27.1 504.2 36.7 512 48 512c256.1 0 464-207.5 464-464 0-11.2-7.7-20.9-18.6-23.4z\"><\/path><\/svg><\/span><span class=\"gb-text\"><strong>+34 621 660 981<\/strong><\/span><\/p>\n<\/div>\n<\/div>\n\n\n\n<div class=\"gb-element-0d2f571d\">\n<iframe src=\"https:\/\/www.google.com\/maps\/embed?pb=!1m14!1m8!1m3!1d184.46977638812626!2d3.276678!3d42.288845!3m2!1i1024!2i768!4f13.1!3m3!1m2!1s0x12ba6f6a90431f6f%3A0xad8c17c2cac6a151!2sCarrer%20Vigilant%2C%2012%2C%2017488%20Cadaqu%C3%A9s%2C%20Girona%2C%20Spagna!5e0!3m2!1sit!2sit!4v1768844303342!5m2!1sit!2sit\" width=\"100%\" height=\"100%\" style=\"border:0;\" allowfullscreen=\"\" loading=\"lazy\" referrerpolicy=\"no-referrer-when-downgrade\"><\/iframe>\n<\/div>\n<\/div>\n<\/div>\n<\/section>\n\n\n\n<section class=\"gb-element-6f76327f\">\n<div class=\"gb-element-c492a87b\">\n<h2 class=\"gb-text gb-text-c174bad4\">Hai domande prima di prenotare?<\/h2>\n\n\n\n<p class=\"gb-text gb-text-d39b8f84\">Se hai bisogno di maggiori informazioni o desideri chiarire qualsiasi dettaglio prima di confermare il tuo soggiorno, non esitare a contattarci. Saremo lieti di aiutarti a far s\u00ec che la tua esperienza a Cadaqu\u00e9s inizi con tranquillit\u00e0 e sicurezza. <\/p>\n\n\n\n<a class=\"gb-text gb-text-c8060458\" href=\"https:\/\/esblaucdq.com\/it\/contatto\/\">Contatta ora <\/a>\n<\/div>\n<\/section>\n","protected":false},"excerpt":{"rendered":"<p>Junior Suite Hotel con terrazza a Cadaqu\u00e9s La Junior Suite \u00e8 pensata per chi desidera godersi Cadaqu\u00e9s in pace, privacy e tranquillit\u00e0. Questa camera \u00e8 ideale per coppie e viaggiatori adulti che apprezzano il comfort, il design contemporaneo e la comodit\u00e0 di avere un piccolo spazio esterno privato, senza rinunciare alla pace e alla tranquillit\u00e0 &#8230; <a title=\"Junior Suite\" class=\"read-more\" href=\"https:\/\/esblaucdq.com\/it\/hotel-junior-suite-con-terrazza-a-cadaques\/\" aria-label=\"Per saperne di pi\u00f9 su Junior Suite\">Leggi tutto<\/a><\/p>\n","protected":false},"author":1,"featured_media":0,"parent":0,"menu_order":0,"comment_status":"closed","ping_status":"closed","template":"","meta":{"footnotes":""},"class_list":["post-2033","page","type-page","status-publish"],"_links":{"self":[{"href":"https:\/\/esblaucdq.com\/it\/wp-json\/wp\/v2\/pages\/2033","targetHints":{"allow":["GET"]}}],"collection":[{"href":"https:\/\/esblaucdq.com\/it\/wp-json\/wp\/v2\/pages"}],"about":[{"href":"https:\/\/esblaucdq.com\/it\/wp-json\/wp\/v2\/types\/page"}],"author":[{"embeddable":true,"href":"https:\/\/esblaucdq.com\/it\/wp-json\/wp\/v2\/users\/1"}],"replies":[{"embeddable":true,"href":"https:\/\/esblaucdq.com\/it\/wp-json\/wp\/v2\/comments?post=2033"}],"version-history":[{"count":5,"href":"https:\/\/esblaucdq.com\/it\/wp-json\/wp\/v2\/pages\/2033\/revisions"}],"predecessor-version":[{"id":2442,"href":"https:\/\/esblaucdq.com\/it\/wp-json\/wp\/v2\/pages\/2033\/revisions\/2442"}],"wp:attachment":[{"href":"https:\/\/esblaucdq.com\/it\/wp-json\/wp\/v2\/media?parent=2033"}],"curies":[{"name":"wp","href":"https:\/\/api.w.org\/{rel}","templated":true}]}}