{"id":2040,"date":"2026-01-20T18:22:24","date_gmt":"2026-01-20T17:22:24","guid":{"rendered":"https:\/\/esblaucdq.com\/contatto\/"},"modified":"2026-02-17T18:31:30","modified_gmt":"2026-02-17T17:31:30","slug":"contatto","status":"publish","type":"page","link":"https:\/\/esblaucdq.com\/it\/contatto\/","title":{"rendered":"Contatti"},"content":{"rendered":"\n<div class=\"gb-element-f89779bd\">\n<div class=\"gb-element-f52c920e\">\n<h1 class=\"gb-text gb-text-8423117b\">Contatto e ubicazione a Cadaqu\u00e9s<\/h1>\n\n\n\n<div class=\"gb-element-1d03b122\">\n<div class=\"gb-element-e7a81962\">\n<h2 class=\"gb-text gb-text-04db5f02\">INFORMAZIONI DI<\/h2>\n\n\n\n<h3 class=\"gb-text gb-text-03a91bba\">CONTATTO<\/h3>\n\n\n\n<p class=\"gb-text gb-text-56dd62cb\">L&#8217;Hotel Boutique Es Blau si trova nel centro storico di Cadaqu\u00e9s, in una posizione tranquilla e ben collegata, ideale per spostarsi a piedi e godersi la citt\u00e0 con facilit\u00e0.<\/p>\n\n\n\n<div class=\"gb-element-c943e986\">\n<p class=\"gb-text-9457a9bb\"><span class=\"gb-shape\"><svg aria-hidden=\"true\" role=\"img\" height=\"1em\" width=\"1em\" viewBox=\"0 0 384 512\" xmlns=\"http:\/\/www.w3.org\/2000\/svg\"><path fill=\"currentColor\" d=\"M172.268 501.67C26.97 291.031 0 269.413 0 192 0 85.961 85.961 0 192 0s192 85.961 192 192c0 77.413-26.97 99.031-172.268 309.67-9.535 13.774-29.93 13.773-39.464 0zM192 272c44.183 0 80-35.817 80-80s-35.817-80-80-80-80 35.817-80 80 35.817 80 80 80z\"><\/path><\/svg><\/span><span class=\"gb-text\"><strong><a href=\"https:\/\/maps.app.goo.gl\/xiPSAWAyDSJZJdTC6\" target=\"_blank\" rel=\"noreferrer noopener\">Calle Vigilant, 12 &#8211; 17488 Cadaqu\u00e9s<\/a><\/strong><\/span><\/p>\n\n\n\n<p class=\"gb-text-040878db\"><span class=\"gb-shape\"><svg aria-hidden=\"true\" role=\"img\" height=\"1em\" width=\"1em\" viewBox=\"0 0 512 512\" xmlns=\"http:\/\/www.w3.org\/2000\/svg\"><path fill=\"currentColor\" d=\"M440 6.5L24 246.4c-34.4 19.9-31.1 70.8 5.7 85.9L144 379.6V464c0 46.4 59.2 65.5 86.6 28.6l43.8-59.1 111.9 46.2c5.9 2.4 12.1 3.6 18.3 3.6 8.2 0 16.3-2.1 23.6-6.2 12.8-7.2 21.6-20 23.9-34.5l59.4-387.2c6.1-40.1-36.9-68.8-71.5-48.9zM192 464v-64.6l36.6 15.1L192 464zm212.6-28.7l-153.8-63.5L391 169.5c10.7-15.5-9.5-33.5-23.7-21.2L155.8 332.6 48 288 464 48l-59.4 387.3z\"><\/path><\/svg><\/span><span class=\"gb-text\"><strong><a href=\"mailto:hola@esblaucdq.com\">hola@esblaucdq.com<\/a><\/strong><\/span><\/p>\n\n\n\n<p class=\"gb-text-64d27bce\"><span class=\"gb-shape\"><svg aria-hidden=\"true\" role=\"img\" height=\"1em\" width=\"1em\" viewBox=\"0 0 512 512\" xmlns=\"http:\/\/www.w3.org\/2000\/svg\"><path fill=\"currentColor\" d=\"M493.4 24.6l-104-24c-11.3-2.6-22.9 3.3-27.5 13.9l-48 112c-4.2 9.8-1.4 21.3 6.9 28l60.6 49.6c-36 76.7-98.9 140.5-177.2 177.2l-49.6-60.6c-6.8-8.3-18.2-11.1-28-6.9l-112 48C3.9 366.5-2 378.1.6 389.4l24 104C27.1 504.2 36.7 512 48 512c256.1 0 464-207.5 464-464 0-11.2-7.7-20.9-18.6-23.4z\"><\/path><\/svg><\/span><span class=\"gb-text\"><strong>+34 621 660 981<\/strong><\/span><\/p>\n<\/div>\n<\/div>\n\n\n\n<div class=\"gb-element-d35db7b9\">\n<iframe src=\"https:\/\/www.google.com\/maps\/embed?pb=!1m14!1m8!1m3!1d184.46977638812626!2d3.276678!3d42.288845!3m2!1i1024!2i768!4f13.1!3m3!1m2!1s0x12ba6f6a90431f6f%3A0xad8c17c2cac6a151!2sCarrer%20Vigilant%2C%2012%2C%2017488%20Cadaqu%C3%A9s%2C%20Girona%2C%20Spagna!5e0!3m2!1sit!2sit!4v1768844303342!5m2!1sit!2sit\" width=\"100%\" height=\"100%\" style=\"border:0;\" allowfullscreen=\"\" loading=\"lazy\" referrerpolicy=\"no-referrer-when-downgrade\"><\/iframe>\n<\/div>\n<\/div>\n<\/div>\n<\/div>\n\n\n\n<section class=\"gb-element-a50f4693\" style=\"u002du002dinline-bg-image: url(https:\/\/esblaucdq.com\/wp-content\/uploads\/2026\/01\/azulu002du002dscaled.png)\" id=\"form-contacto\">\n<div class=\"gb-element-4c6c58dc\">\n<div class=\"gb-element-16fa21bc\">\n<div class=\"gb-element-33341bfd\">\n<h2 class=\"gb-text gb-text-52376c6b\">Organizza il tuo <mark style=\"background-color:rgba(0, 0, 0, 0)\" class=\"has-inline-color has-accent-color\">viaggio<\/mark> e richiedi informazioni.<\/h2>\n\n\n\n<p class=\"gb-text gb-text-22be62c8\">Se preferisci scriverci, puoi utilizzare il modulo di contatto disponibile in questa pagina. Ti risponderemo in modo chiaro e rapido per aiutarti a risolvere qualsiasi domanda prima del tuo arrivo o durante la prenotazione. <\/p>\n<\/div>\n\n\n\n<div class=\"gb-element-94ee275b\">\n<iframe\n    src=\"https:\/\/updates.ecoseo.net\/widget\/form\/7MlLA2IEuOwcVZYzCCSD\"\n    style=\"width:100%;height:100%;border:none;border-radius:3px\"\n    id=\"inline-7MlLA2IEuOwcVZYzCCSD\" \n    data-layout=\"{'id':'INLINE'}\"\n    data-trigger-type=\"alwaysShow\"\n    data-trigger-value=\"\"\n    data-activation-type=\"alwaysActivated\"\n    data-activation-value=\"\"\n    data-deactivation-type=\"neverDeactivate\"\n    data-deactivation-value=\"\"\n    data-form-name=\"Form Contacto IT\"\n    data-height=\"907\"\n    data-layout-iframe-id=\"inline-7MlLA2IEuOwcVZYzCCSD\"\n    data-form-id=\"7MlLA2IEuOwcVZYzCCSD\"\n    title=\"Form Contacto IT\"\n        >\n<\/iframe>\n<script src=\"https:\/\/updates.ecoseo.net\/js\/form_embed.js\"><\/script>\n<\/div>\n<\/div>\n<\/div>\n<\/section>\n\n\n\n<section class=\"gb-element-553c4718\">\n<div class=\"gb-element-8e7e0fbd\">\n<h2 class=\"gb-text gb-text-47cfedd0\">Domande frequenti sui contatti<\/h2>\n\n\n<div id=\"rank-math-faq\" class=\"rank-math-block\">\n<div class=\"rank-math-list \">\n<div id=\"faq-question-1768934677365\" class=\"rank-math-list-item\">\n<h3 class=\"rank-math-question \">Posso depositare i bagagli prima del check-in?<\/h3>\n<div class=\"rank-math-answer \">\n\n<p>\u00c8 possibile lasciare i bagagli prima del check-in, in base alla disponibilit\u00e0. Si consiglia di contattare l&#8217;hotel in anticipo per conferma. <\/p>\n\n<\/div>\n<\/div>\n<div id=\"faq-question-1768934679070\" class=\"rank-math-list-item\">\n<h3 class=\"rank-math-question \">\u00c8 possibile effettuare il check-in anticipato o il check-out posticipato?<\/h3>\n<div class=\"rank-math-answer \">\n\n<p>Queste opzioni sono soggette a disponibilit\u00e0. Se desiderate maggiore flessibilit\u00e0, potete contattare direttamente l&#8217;hotel prima del vostro arrivo. <\/p>\n\n<\/div>\n<\/div>\n<div id=\"faq-question-1768934679822\" class=\"rank-math-list-item\">\n<h3 class=\"rank-math-question \">Come posso contattare l&#8217;hotel se ho bisogno di aiuto?<\/h3>\n<div class=\"rank-math-answer \">\n\n<p>Potete contattare l&#8217;hotel telefonicamente o via e-mail. Il servizio di assistenza telefonica \u00e8 disponibile 24 ore su 24 per risolvere qualsiasi problema o domanda durante il vostro soggiorno. <\/p>\n\n<\/div>\n<\/div>\n<div id=\"faq-question-1768934680862\" class=\"rank-math-list-item\">\n<h3 class=\"rank-math-question \">Dove posso trovare il mio codice di accesso?<\/h3>\n<div class=\"rank-math-answer \">\n\n<p>Il codice di accesso \u00e8 contenuto nel link che riceverete dopo aver completato il check-in online. Si tratta di un PIN personale valido per l&#8217;ingresso principale e per la vostra camera. <\/p>\n\n<\/div>\n<\/div>\n<div id=\"faq-question-1769153264537\" class=\"rank-math-list-item\">\n<h3 class=\"rank-math-question \">Come posso modificare o annullare una prenotazione effettuata tramite Booking?<\/h3>\n<div class=\"rank-math-answer \">\n\n<p>Le prenotazioni effettuate tramite Booking.com devono essere gestite direttamente tramite la piattaforma. L&#8217;hotel non pu\u00f2 apportare modifiche manuali. <\/p>\n\n<\/div>\n<\/div>\n<div id=\"faq-question-1769153689978\" class=\"rank-math-list-item\">\n<h3 class=\"rank-math-question \">L&#8217;hotel dispone di uno spazio per riporre le biciclette?<\/h3>\n<div class=\"rank-math-answer \">\n\n<p>Attualmente l&#8217;hotel non dispone di un&#8217;area adibita al deposito delle biciclette.<\/p>\n\n<\/div>\n<\/div>\n<\/div>\n<\/div><\/div>\n<\/section>\n\n\n\n<section class=\"gb-element-577b9472\">\n<div class=\"gb-element-11c4ceec\">\n<h2 class=\"gb-text gb-text-00c40cb8\">Hai domande prima di prenotare?<\/h2>\n\n\n\n<p class=\"gb-text gb-text-61fa70f6\">Se hai bisogno di maggiori informazioni o desideri chiarire qualsiasi dettaglio prima di confermare il tuo soggiorno, non esitare a contattarci. Saremo lieti di aiutarti a far s\u00ec che la tua esperienza a Cadaqu\u00e9s inizi con tranquillit\u00e0 e sicurezza. <\/p>\n\n\n\n<a class=\"gb-text gb-text-c8060458\" href=\"#form-contacto\">Contatta ora <\/a>\n<\/div>\n<\/section>\n","protected":false},"excerpt":{"rendered":"<p>Contatto e ubicazione a Cadaqu\u00e9s INFORMAZIONI DI CONTATTO L&#8217;Hotel Boutique Es Blau si trova nel centro storico di Cadaqu\u00e9s, in una posizione tranquilla e ben collegata, ideale per spostarsi a piedi e godersi la citt\u00e0 con facilit\u00e0. Calle Vigilant, 12 &#8211; 17488 Cadaqu\u00e9s hola@esblaucdq.com +34 621 660 981 Organizza il tuo viaggio e richiedi informazioni. &#8230; <a title=\"Contatti\" class=\"read-more\" href=\"https:\/\/esblaucdq.com\/it\/contatto\/\" aria-label=\"Per saperne di pi\u00f9 su Contatti\">Leggi tutto<\/a><\/p>\n","protected":false},"author":1,"featured_media":0,"parent":0,"menu_order":0,"comment_status":"closed","ping_status":"closed","template":"","meta":{"footnotes":""},"class_list":["post-2040","page","type-page","status-publish"],"_links":{"self":[{"href":"https:\/\/esblaucdq.com\/it\/wp-json\/wp\/v2\/pages\/2040","targetHints":{"allow":["GET"]}}],"collection":[{"href":"https:\/\/esblaucdq.com\/it\/wp-json\/wp\/v2\/pages"}],"about":[{"href":"https:\/\/esblaucdq.com\/it\/wp-json\/wp\/v2\/types\/page"}],"author":[{"embeddable":true,"href":"https:\/\/esblaucdq.com\/it\/wp-json\/wp\/v2\/users\/1"}],"replies":[{"embeddable":true,"href":"https:\/\/esblaucdq.com\/it\/wp-json\/wp\/v2\/comments?post=2040"}],"version-history":[{"count":5,"href":"https:\/\/esblaucdq.com\/it\/wp-json\/wp\/v2\/pages\/2040\/revisions"}],"predecessor-version":[{"id":2401,"href":"https:\/\/esblaucdq.com\/it\/wp-json\/wp\/v2\/pages\/2040\/revisions\/2401"}],"wp:attachment":[{"href":"https:\/\/esblaucdq.com\/it\/wp-json\/wp\/v2\/media?parent=2040"}],"curies":[{"name":"wp","href":"https:\/\/api.w.org\/{rel}","templated":true}]}}