{"id":2051,"date":"2026-01-21T17:33:38","date_gmt":"2026-01-21T16:33:38","guid":{"rendered":"https:\/\/esblaucdq.com\/camere-a-cadaques\/"},"modified":"2026-03-17T19:01:14","modified_gmt":"2026-03-17T18:01:14","slug":"camere-a-cadaques","status":"publish","type":"page","link":"https:\/\/esblaucdq.com\/it\/camere-a-cadaques\/","title":{"rendered":"Camere"},"content":{"rendered":"\n<section class=\"gb-element-32b8c4b6\">\n<div class=\"gb-element-7c94dd90\">\n<div class=\"gb-element-bf6b7bb5\">\n<h1 class=\"gb-text gb-text-8423117b\">Camere a Cadaqu\u00e9s pensate per un soggiorno tranquillo<\/h1>\n\n\n\n<p class=\"gb-text gb-text-10241348\">Le camere dell&#8217;Hotel Boutique Es Blau sono state progettate come spazi di riposo, privacy ed equilibrio. <\/p>\n\n\n\n<p class=\"gb-text gb-text-e472f84b\">Ognuna di esse offre un modo diverso di vivere il soggiorno, mantenendo sempre la stessa essenza: tranquillit\u00e0, design contemporaneo e un&#8217;esperienza pensata esclusivamente per gli adulti.<\/p>\n\n\n\n<p class=\"gb-text gb-text-47a84c00\">Tutte le camere condividono un&#8217;estetica attentamente curata, funzionale e luminosa, ispirata alla luce e al carattere di Cadaqu\u00e9s. <\/p>\n\n\n\n<p class=\"gb-text gb-text-4a1919c1\">Senza rumore, senza fretta e senza elementi superflui, le camere invitano a staccare la spina e a scegliere lo spazio pi\u00f9 adatto al proprio modo di viaggiare.<\/p>\n<\/div>\n<\/div>\n<\/section>\n\n\n\n<section class=\"gb-element-13914584\">\n<div class=\"gb-element-2ecc7401\">\n<div class=\"gb-element-2385b9f1\">\n<div class=\"gb-element-5de5c6ee\">\n<h2 class=\"gb-text gb-text-f70dd55a\">Prenota il tuo soggiorno e immergiti nella bellezza e nell&#8217;incanto di <strong>Cadaqu\u00e9s<\/strong><\/h2>\n<\/div>\n\n\n\n<div class=\"gb-element-ded87f2f\">\n<figure class=\"wp-block-image size-full is-resized\"><img loading=\"lazy\" decoding=\"async\" width=\"416\" height=\"344\" src=\"https:\/\/esblaucdq.com\/wp-content\/uploads\/2026\/01\/yellow-hearts.png\" alt=\"\" class=\"wp-image-1240\" style=\"width:120px\" srcset=\"https:\/\/esblaucdq.com\/wp-content\/uploads\/2026\/01\/yellow-hearts.png 416w, https:\/\/esblaucdq.com\/wp-content\/uploads\/2026\/01\/yellow-hearts-300x248.png 300w\" sizes=\"auto, (max-width: 416px) 100vw, 416px\" \/><\/figure>\n<\/div>\n<\/div>\n\n\n\n<div class=\"gb-element-c8185b16\">\n<div class=\"gb-element-10891cf6\">\n<script type=\"text\/javascript\" src=\"https:\/\/booking.hotelgest.com\/v4\/assets\/js\/main.js\"><\/script>\n<style>\n  div#hgContainer_1234{\n  width: 100%;\n}\n  \n  button.btn.trn.btn-success.col-hg-xs-12.button-hg {\n    background: #F9AC19!important;\n    text-transform: uppercase;\n    font-family: Montserrat, sans-serif;\n    font-weight: bold;\n  }\n  \n  .hgContainer .button-hg{\n    background: #F9AC19!important;\n  }\n  .hgContainer .container-hg {\n    width:auto;\n  }\n  section.bar-search {\n    background: #050228 !important;\n    \/*background-color: #050228 !important;*\/\n  }\n  \n  .hgContainer .form-control {\n  font-size: 16px;\nfont-family: Montserrat, sans-serif;\n}\n  \n.hgContainer .row-custom {\n  width: 100%;\n  margin: 0;\n  padding: 0;\n}\n<\/style>\n        <div id=\"hgContainer_1234\" style=\" width: 90%;margin: 0 auto;\" class=\"container-fluid hgContainer\"><\/div>\n        <script>\n            var optionsHG = {\n                pcode: '1823', \/\/pon el c\u00f3digo de tu hotel\n                typo: 'calendar', \/\/required\n                lang: 'it', \/\/required\n                index: 1234, \/\/required id container\n                min_occupancy:  1,\/\/required\n                max_occupancy: 6,\/\/required\n                target: '_blank' , \/* optional *\/\n                analitics: 'UA-26990615-2',\n                redirect_url: 'https:\/\/booking.hotelgest.com\/v4\/?pcode=1823' \n            };\n            \n            iniHG();\n<\/script>\n<\/div>\n\n\n\n<div class=\"gb-element-d033ff64\">\n<p class=\"gb-text gb-text-a3ef39c9\"><strong>Sconto del 10% presso<\/strong> il ristorante &#8220;La Sal&#8221;.<\/p>\n<\/div>\n<\/div>\n<\/div>\n<\/section>\n\n\n\n<section class=\"gb-element-079b511d\">\n<div class=\"gb-element-afad9bd5\">\n<h2 class=\"gb-text gb-text-c2b466ab\">Le nostre stanze<\/h2>\n\n\n\n<div class=\"gb-element-20f724e1\"><\/div>\n\n\n\n<!-- EsBlau Rooms Section -->\n<section class=\"esblau-rooms\" id=\"esblau-rooms\">\n  <div class=\"esblau-rooms__wrap\">\n\n    <!-- Columna izquierda: listado -->\n    <nav class=\"esblau-rooms__list\" aria-label=\"Habitaciones\">\n      <a class=\"esblau-room-card is-active\" href=\"#\" data-target=\"habitacion-basica\">\n        <h3 class=\"esblau-room-card__title\">Di base<\/h3>\n        <p class=\"esblau-room-card__excerpt\">\n Questa accogliente camera di 12 m2 \u00e8 pensata per chi cerca uno spazio funzionale e confortevole.\n        <\/p>\n      <\/a>\n\n      <a class=\"esblau-room-card\" href=\"#\" data-target=\"habitacion-standard-room\">\n        <h3 class=\"esblau-room-card__title\">Camera Standard<\/h3>\n        <p class=\"esblau-room-card__excerpt\">\n Un&#8217;opzione accogliente e funzionale, ideale per le coppie in cerca di comfort e relax nel cuore di Cadaqu\u00e9s.\n        <\/p>\n      <\/a>\n\n      <a class=\"esblau-room-card\" href=\"#\" data-target=\"habitacion-superior-room\">\n        <h3 class=\"esblau-room-card__title\">Camera Superior<\/h3>\n        <p class=\"esblau-room-card__excerpt\">\n Grazie a spaziosit\u00e0 e design pi\u00f9 ampi, la camera Superior offre un&#8217;esperienza pi\u00f9 spaziosa senza rinunciare all&#8217;atmosfera intima e tranquilla dell&#8217;hotel.\n        <\/p>\n      <\/a>\n\n      <a class=\"esblau-room-card\" href=\"#\" data-target=\"habitacion-junior-suite\">\n        <h3 class=\"esblau-room-card__title\">Junior Suite<\/h3>\n        <p class=\"esblau-room-card__excerpt\">\n La Junior Suite offre maggiore privacy e comfort grazie al suo spazio pi\u00f9 ampio e alla terrazza privata.\n        <\/p>\n      <\/a>\n\n      <a class=\"esblau-room-card\" href=\"#\" data-target=\"habitacion-esblau-suite\">\n        <h3 class=\"esblau-room-card__title\">EsBlau Suite<\/h3>\n        <p class=\"esblau-room-card__excerpt\">\n L&#8217;opzione pi\u00f9 esclusiva dell&#8217;hotel, pensata per chi desidera un soggiorno speciale a Cadaqu\u00e9s.\n        <\/p>\n      <\/a>\n    <\/nav>\n\n    <!-- Columna derecha: paneles -->\n    <div class=\"esblau-rooms__panels\">\n\n      <article class=\"esblau-room-panel is-active\" id=\"habitacion-basica\" style=\"--bg: url('\/wp-content\/uploads\/2026\/01\/habitacion-basica.jpeg')\" aria-label=\"Habitaci\u00f3n b\u00e1sica\">\n        <div class=\"esblau-room-panel__overlay\"><\/div>\n        <div class=\"esblau-room-panel__content\">\n          <h2 class=\"esblau-room-panel__title\">Camera base<\/h2>\n          <p class=\"esblau-room-panel__text\">\n Questa accogliente camera di 12 m2 \u00e8 pensata per chi cerca uno spazio funzionale e confortevole, ideale per riposare dopo una giornata alla scoperta di Cadaqu\u00e9s. Dispone di un bagno privato, di un piccolo armadio con scaffali, di una macchina per il caff\u00e8, di una TV, di lenzuola e asciugamani, il tutto pensato per offrire comfort in un ambiente minimalista e pratico. \n          <\/p>\n          <a class=\"esblau-room-panel__cta\" href=\"\/basica\">Visualizza ulteriori informazioni<\/a>\n        <\/div>\n      <\/article>\n\n      <article class=\"esblau-room-panel\" id=\"habitacion-standard-room\" style=\"--bg: url('\/wp-content\/uploads\/2026\/01\/habitacion-standard-room.jpg')\" aria-label=\"Standard Room\">\n        <div class=\"esblau-room-panel__overlay\"><\/div>\n        <div class=\"esblau-room-panel__content\">\n          <h2 class=\"esblau-room-panel__title\">Camera Standard<\/h2>\n          <p class=\"esblau-room-panel__text\">\n La sua disposizione semplice ma ben progettata crea un&#8217;atmosfera rilassata, perfetta per rilassarsi dopo una giornata di passeggiate, in spiaggia o esplorando la citt\u00e0. Questa camera \u00e8 pensata per chi apprezza la posizione, la tranquillit\u00e0 e uno spazio ben curato, senza la necessit\u00e0 di servizi extra. \n          <\/p>\n          <a class=\"esblau-room-panel__cta\" href=\"\/habitacion-standard-room\">Scopri tutti i dettagli di questa camera<\/a>\n        <\/div>\n      <\/article>\n\n      <article class=\"esblau-room-panel\" id=\"habitacion-superior-room\" style=\"--bg: url('\/wp-content\/uploads\/2026\/01\/habitacion-superior-room.jpg')\" aria-label=\"Superior Room\">\n        <div class=\"esblau-room-panel__overlay\"><\/div>\n        <div class=\"esblau-room-panel__content\">\n          <h2 class=\"esblau-room-panel__title\">Camera Superior<\/h2>\n          <p class=\"esblau-room-panel__text\">\n Ideale per le coppie che cercano maggiore comfort e un ambiente ancora pi\u00f9 rilassato durante il loro soggiorno. Un&#8217;opzione equilibrata che unisce stile, comfort e tranquillit\u00e0, pensata per soggiorni in cui il riposo \u00e8 il vero obiettivo. \n          <\/p>\n          <a class=\"esblau-room-panel__cta\" href=\"https:\/\/esblaucdq.com\/it\/camera-superior\/\">Vedi maggiori informazioni e disponibilit\u00e0<\/a>\n        <\/div>\n      <\/article>\n\n      <article class=\"esblau-room-panel\" id=\"habitacion-junior-suite\" style=\"--bg: url('\/wp-content\/uploads\/2026\/01\/habitacion-junior-suite.jpg')\" aria-label=\"Junior Suite\">\n        <div class=\"esblau-room-panel__overlay\"><\/div>\n        <div class=\"esblau-room-panel__content\">\n          <h2 class=\"esblau-room-panel__title\">Junior Suite<\/h2>\n          <p class=\"esblau-room-panel__text\">\n \u00c8 perfetto per fughe romantiche o soggiorni in cui godersi l&#8217;aria aperta in tutta tranquillit\u00e0, senza uscire dalla propria camera. Una scelta pensata per chi cerca un&#8217;atmosfera pi\u00f9 esclusiva e uno spazio dove rilassarsi in qualsiasi momento della giornata. \n          <\/p>\n          <a class=\"esblau-room-panel__cta\" href=\"\/habitacion-junior-suite\">Scopri tutti i dettagli di questa camera<\/a>\n        <\/div>\n      <\/article>\n\n      <article class=\"esblau-room-panel\" id=\"habitacion-esblau-suite\" style=\"--bg: url('\/wp-content\/uploads\/2026\/01\/habitacion-esblau-suite.jpg')\" aria-label=\"EsBlau Suite\">\n        <div class=\"esblau-room-panel__overlay\"><\/div>\n        <div class=\"esblau-room-panel__content\">\n          <h2 class=\"esblau-room-panel__title\">EsBlau Suite<\/h2>\n          <p class=\"esblau-room-panel__text\">\n La sua spaziosit\u00e0 e la terrazza privata rendono questa suite uno spazio pensato per un piacere ininterrotto. Ideale per festeggiamenti, fughe esclusive o semplicemente per vivere l&#8217;hotel in modo pi\u00f9 intimo e distintivo. \n          <\/p>\n          <a class=\"esblau-room-panel__cta\" href=\"\/habitacion-esblau-suite\">Ver m\u00e1s informaci\u00f3n<\/a>\n        <\/div>\n      <\/article>\n\n    <\/div>\n  <\/div>\n<\/section>\n<\/div>\n<\/section>\n\n\n\n<div class=\"gb-element-c9236973\">\n<div class=\"gb-element-38c98869\">\n<div class=\"gb-element-9961c397\">\n<h2 class=\"gb-text gb-text-a2a0e3ee\">Servizi<\/h2>\n<\/div>\n\n\n\n<div class=\"gb-element-36b3e328\">\n<div class=\"gb-element-9ee77c3c\">\n<p class=\"gb-text-ead5d0e9\"><span class=\"gb-shape\">       <\/span><span class=\"gb-text\">Asciugamani<\/span><\/p>\n\n\n\n<p class=\"gb-text-9ef9a2f8\"><span class=\"gb-shape\">       <\/span><span class=\"gb-text\">TV<\/span><\/p>\n\n\n\n<p class=\"gb-text-8e717516\"><span class=\"gb-shape\">       <\/span><span class=\"gb-text\">Cassetta di sicurezza<\/span><\/p>\n\n\n\n<p class=\"gb-text-84575769\"><span class=\"gb-shape\">       <\/span><span class=\"gb-text\">Balcone\/Terrazza<\/span><\/p>\n\n\n\n<p class=\"gb-text-f0566235\"><span class=\"gb-shape\">       <\/span><span class=\"gb-text\">Bagno con doccia<\/span><\/p>\n<\/div>\n\n\n\n<div class=\"gb-element-b03ecb84\">\n<p class=\"gb-text-8d45c337\"><span class=\"gb-shape\">       <\/span><span class=\"gb-text\">Asciugacapelli<\/span><\/p>\n\n\n\n<p class=\"gb-text-73ef6d9d\"><span class=\"gb-shape\">       <\/span><span class=\"gb-text\">Ferro per capelli<\/span><\/p>\n\n\n\n<p class=\"gb-text-9b7ddf7c\"><span class=\"gb-shape\">       <\/span><span class=\"gb-text\">Macchina del caff\u00e8<\/span><\/p>\n\n\n\n<p class=\"gb-text-6178dfee\"><span class=\"gb-shape\">       <\/span><span class=\"gb-text\">Connessione WIFI gratuita<\/span><\/p>\n\n\n\n<p class=\"gb-text-d128d673\"><span class=\"gb-shape\">       <\/span><span class=\"gb-text\">Aria condizionata<\/span><\/p>\n<\/div>\n<\/div>\n\n\n\n<div class=\"gb-element-c4ea3928\">\n<p class=\"gb-text gb-text-5cc5598b\">Le fotografie delle camere sono indicative per ciascuna categoria. Possono cambiare il colore o alcuni dettagli. <\/p>\n<\/div>\n<\/div>\n<\/div>\n\n\n\n<section class=\"gb-element-553c4718\">\n<div class=\"gb-element-8e7e0fbd\">\n<h2 class=\"gb-text gb-text-47cfedd0\">Domande frequenti sulle camere<\/h2>\n\n\n<div id=\"rank-math-faq\" class=\"rank-math-block\">\n<div class=\"rank-math-list \">\n<div id=\"faq-question-1768934677365\" class=\"rank-math-list-item\">\n<h3 class=\"rank-math-question \">Che vista hanno le camere?<\/h3>\n<div class=\"rank-math-answer \">\n\n<p>La maggior parte delle camere offre una vista sul centro storico di Cadaqu\u00e9s e sulle sue strade acciottolate. Solo la terrazza della Suite Esblau offre una vista parziale sul mare. <\/p>\n\n<\/div>\n<\/div>\n<div id=\"faq-question-1768934679070\" class=\"rank-math-list-item\">\n<h3 class=\"rank-math-question \">Le camere sono dotate di minibar?<\/h3>\n<div class=\"rank-math-answer \">\n\n<p>S\u00ec. Tutte le camere dispongono di minibar a disposizione degli ospiti. <\/p>\n\n<\/div>\n<\/div>\n<div id=\"faq-question-1768934679822\" class=\"rank-math-list-item\">\n<h3 class=\"rank-math-question \">C&#8217;\u00e8 il WiFi nelle camere?<\/h3>\n<div class=\"rank-math-answer \">\n\n<p>S\u00ec. L&#8217;hotel offre la connessione Wi-Fi gratuita in tutte le camere. <\/p>\n\n<\/div>\n<\/div>\n<\/div>\n<\/div><\/div>\n<\/section>\n\n\n\n<section class=\"gb-element-6f76327f\">\n<div class=\"gb-element-c492a87b\">\n<h2 class=\"gb-text gb-text-c174bad4\">Hai domande prima di prenotare?<\/h2>\n\n\n\n<p class=\"gb-text gb-text-d39b8f84\">Se hai bisogno di maggiori informazioni o desideri chiarire qualsiasi dettaglio prima di confermare il tuo soggiorno, non esitare a contattarci. Saremo lieti di aiutarti a far s\u00ec che la tua esperienza a Cadaqu\u00e9s inizi con tranquillit\u00e0 e sicurezza. <\/p>\n\n\n\n<a class=\"gb-text gb-text-c8060458\" href=\"https:\/\/esblaucdq.com\/it\/contatto\/\">Contatta ora <\/a>\n<\/div>\n<\/section>\n","protected":false},"excerpt":{"rendered":"<p>Camere a Cadaqu\u00e9s pensate per un soggiorno tranquillo Le camere dell&#8217;Hotel Boutique Es Blau sono state progettate come spazi di riposo, privacy ed equilibrio. Ognuna di esse offre un modo diverso di vivere il soggiorno, mantenendo sempre la stessa essenza: tranquillit\u00e0, design contemporaneo e un&#8217;esperienza pensata esclusivamente per gli adulti. Tutte le camere condividono un&#8217;estetica &#8230; <a title=\"Camere\" class=\"read-more\" href=\"https:\/\/esblaucdq.com\/it\/camere-a-cadaques\/\" aria-label=\"Per saperne di pi\u00f9 su Camere\">Leggi tutto<\/a><\/p>\n","protected":false},"author":1,"featured_media":0,"parent":0,"menu_order":0,"comment_status":"closed","ping_status":"closed","template":"","meta":{"footnotes":""},"class_list":["post-2051","page","type-page","status-publish"],"_links":{"self":[{"href":"https:\/\/esblaucdq.com\/it\/wp-json\/wp\/v2\/pages\/2051","targetHints":{"allow":["GET"]}}],"collection":[{"href":"https:\/\/esblaucdq.com\/it\/wp-json\/wp\/v2\/pages"}],"about":[{"href":"https:\/\/esblaucdq.com\/it\/wp-json\/wp\/v2\/types\/page"}],"author":[{"embeddable":true,"href":"https:\/\/esblaucdq.com\/it\/wp-json\/wp\/v2\/users\/1"}],"replies":[{"embeddable":true,"href":"https:\/\/esblaucdq.com\/it\/wp-json\/wp\/v2\/comments?post=2051"}],"version-history":[{"count":4,"href":"https:\/\/esblaucdq.com\/it\/wp-json\/wp\/v2\/pages\/2051\/revisions"}],"predecessor-version":[{"id":2439,"href":"https:\/\/esblaucdq.com\/it\/wp-json\/wp\/v2\/pages\/2051\/revisions\/2439"}],"wp:attachment":[{"href":"https:\/\/esblaucdq.com\/it\/wp-json\/wp\/v2\/media?parent=2051"}],"curies":[{"name":"wp","href":"https:\/\/api.w.org\/{rel}","templated":true}]}}